{"id":7333,"date":"2014-09-11T16:08:56","date_gmt":"2014-09-11T14:08:56","guid":{"rendered":"http:\/\/www.prismatibro.se\/?page_id=7333"},"modified":"2023-11-07T09:52:37","modified_gmt":"2023-11-07T08:52:37","slug":"ref-el","status":"publish","type":"page","link":"https:\/\/www.prismatibro.se\/en\/ref-el\/","title":{"rendered":"Prisma Light &#8211; References"},"content":{"rendered":"<div class=\"fusion-fullwidth fullwidth-box fusion-builder-row-1 fusion-flex-container hundred-percent-fullwidth non-hundred-percent-height-scrolling\" style=\"--awb-border-radius-top-left:0px;--awb-border-radius-top-right:0px;--awb-border-radius-bottom-right:0px;--awb-border-radius-bottom-left:0px;--awb-overflow:visible;--awb-flex-wrap:wrap;\" ><div class=\"fusion-builder-row fusion-row fusion-flex-align-items-flex-start fusion-flex-content-wrap\" style=\"width:104% !important;max-width:104% !important;margin-left: calc(-4% \/ 2 );margin-right: calc(-4% \/ 2 );\"><div class=\"fusion-layout-column fusion_builder_column fusion-builder-column-0 fusion_builder_column_1_1 1_1 fusion-flex-column fusion-flex-align-self-flex-start fusion-column-no-min-height\" style=\"--awb-bg-size:cover;--awb-width-large:100%;--awb-margin-top-large:0px;--awb-spacing-right-large:1.92%;--awb-margin-bottom-large:0px;--awb-spacing-left-large:1.92%;--awb-width-medium:100%;--awb-spacing-right-medium:1.92%;--awb-spacing-left-medium:1.92%;--awb-width-small:100%;--awb-spacing-right-small:1.92%;--awb-spacing-left-small:1.92%;\"><div class=\"fusion-column-wrapper fusion-flex-justify-content-flex-start fusion-content-layout-column\"><div class=\"fusion-text fusion-text-1\"><h1>References<\/h1>\n<p>Click on the image for more information.<\/p>\n<\/div><div class=\"fusion-recent-works fusion-portfolio-element fusion-portfolio fusion-portfolio-1 fusion-portfolio-grid fusion-portfolio-paging-pagination fusion-portfolio-two fusion-portfolio-no_text fusion-portfolio-rollover\" data-id=\"-rw-1\" data-columns=\"two\"><div><ul class=\"fusion-filters\" role=\"menu\" aria-label=\"Portfolio Filters\"><li role=\"presentation\" class=\"fusion-filter fusion-filter-all fusion-active\"><a href=\"#\" data-filter=\"*\" role=\"menuitem\">All<\/a><\/li><li role=\"presentation\" class=\"fusion-filter fusion-hidden\"><a href=\"#\" data-filter=\".el-r-denmark\" role=\"menuitem\">Denmark<\/a><\/li><li role=\"presentation\" class=\"fusion-filter fusion-hidden\"><a href=\"#\" data-filter=\".el-r-sweden\" role=\"menuitem\">Sweden<\/a><\/li><\/ul><\/div><style type=\"text\/css\">.fusion-portfolio-1 .fusion-portfolio-wrapper .fusion-col-spacing{padding:6px;}<\/style><div class=\"fusion-portfolio-wrapper\" id=\"fusion-portfolio-1\" data-picturesize=\"fixed\" data-pages=\"1\" style=\"margin:-6px;\"><article id=\"portfolio-1-post-49970\" class=\"fusion-portfolio-post el-r-sweden fusion-col-spacing post-49970\"><div class=\"fusion-portfolio-content-wrapper\" style=\"border:none;\"><span class=\"entry-title rich-snippet-hidden\">Prisma Light Ella: Grubbag\u00e5rden Sk\u00f6vde<\/span><span class=\"updated rich-snippet-hidden\">2023-02-06T12:06:57+01:00<\/span><div  class=\"fusion-image-wrapper fusion-image-size-fixed\" aria-haspopup=\"true\">\n\t\t\t\t<img decoding=\"async\" width=\"393\" height=\"295\" src=\"data:image\/svg+xml,%3Csvg%20xmlns%3D%27http%3A%2F%2Fwww.w3.org%2F2000%2Fsvg%27%20width%3D%27393%27%20height%3D%27295%27%20viewBox%3D%270%200%20393%20295%27%3E%3Crect%20width%3D%27393%27%20height%3D%27295%27%20fill-opacity%3D%220%22%2F%3E%3C%2Fsvg%3E\" data-orig-src=\"https:\/\/www.prismatibro.se\/wp-content\/uploads\/2019\/12\/EL-Referens-Grubbagarden-Skovde_800x600_191209-01.jpg\" class=\"lazyload attachment-portfolio-two size-portfolio-two wp-post-image\" alt=\"Grubbag\u00e5rden Sk\u00f6vde\" \/><div class=\"fusion-rollover\">\n\t<div class=\"fusion-rollover-content\">\n\n\t\t\t\t\t\t\t\t\t\t\t\t\t\t<a class=\"fusion-rollover-link\" href=\"https:\/\/www.prismatibro.se\/en\/portfolio\/grubbagarden-skovde\/?portfolioCats=554%2C555\" target=\"_blank\">Prisma Light Ella: Grubbag\u00e5rden Sk\u00f6vde<\/a>\n\t\t\t\n\t\t\t\t\t\t\t\t\n\t\t\n\t\t\t\t\t\t\t\t\t\t\t\t<h4 class=\"fusion-rollover-title\">\n\t\t\t\t\t<a class=\"fusion-rollover-title-link\" href=\"https:\/\/www.prismatibro.se\/en\/portfolio\/grubbagarden-skovde\/?portfolioCats=554%2C555\" target=\"_blank\">\n\t\t\t\t\t\tPrisma Light Ella: Grubbag\u00e5rden Sk\u00f6vde\t\t\t\t\t<\/a>\n\t\t\t\t<\/h4>\n\t\t\t\n\t\t\t\t\t\t\t\t\n\t\t\n\t\t\t\t\t\t<a class=\"fusion-link-wrapper\" href=\"https:\/\/www.prismatibro.se\/en\/portfolio\/grubbagarden-skovde\/?portfolioCats=554%2C555\" target=\"_blank\" aria-label=\"Prisma Light Ella: Grubbag\u00e5rden Sk\u00f6vde\"><\/a>\n\t<\/div>\n<\/div>\n<\/div>\n<\/div><\/article><article id=\"portfolio-1-post-49968\" class=\"fusion-portfolio-post el-r-sweden fusion-col-spacing post-49968\"><div class=\"fusion-portfolio-content-wrapper\" style=\"border:none;\"><span class=\"entry-title rich-snippet-hidden\">Prisma Light Ella mounted by Dala horse<\/span><span class=\"updated rich-snippet-hidden\">2023-02-17T14:52:49+01:00<\/span><div  class=\"fusion-image-wrapper fusion-image-size-fixed\" aria-haspopup=\"true\">\n\t\t\t\t<img decoding=\"async\" width=\"460\" height=\"295\" src=\"data:image\/svg+xml,%3Csvg%20xmlns%3D%27http%3A%2F%2Fwww.w3.org%2F2000%2Fsvg%27%20width%3D%27460%27%20height%3D%27295%27%20viewBox%3D%270%200%20460%20295%27%3E%3Crect%20width%3D%27460%27%20height%3D%27295%27%20fill-opacity%3D%220%22%2F%3E%3C%2Fsvg%3E\" data-orig-src=\"https:\/\/www.prismatibro.se\/wp-content\/uploads\/2021\/09\/EL-Ella-Avesta-Dalahast01_800x600-210928-01-460x295.jpg\" class=\"lazyload attachment-portfolio-two size-portfolio-two wp-post-image\" alt=\"Prisma Light\" \/><div class=\"fusion-rollover\">\n\t<div class=\"fusion-rollover-content\">\n\n\t\t\t\t\t\t\t\t\t\t\t\t\t\t<a class=\"fusion-rollover-link\" href=\"https:\/\/www.prismatibro.se\/en\/portfolio\/prisma-light-ella-mounted-by-dala-horse\/?portfolioCats=554%2C555\" target=\"_blank\">Prisma Light Ella mounted by Dala horse<\/a>\n\t\t\t\n\t\t\t\t\t\t\t\t\n\t\t\n\t\t\t\t\t\t\t\t\t\t\t\t<h4 class=\"fusion-rollover-title\">\n\t\t\t\t\t<a class=\"fusion-rollover-title-link\" href=\"https:\/\/www.prismatibro.se\/en\/portfolio\/prisma-light-ella-mounted-by-dala-horse\/?portfolioCats=554%2C555\" target=\"_blank\">\n\t\t\t\t\t\tPrisma Light Ella mounted by Dala horse\t\t\t\t\t<\/a>\n\t\t\t\t<\/h4>\n\t\t\t\n\t\t\t\t\t\t\t\t\n\t\t\n\t\t\t\t\t\t<a class=\"fusion-link-wrapper\" href=\"https:\/\/www.prismatibro.se\/en\/portfolio\/prisma-light-ella-mounted-by-dala-horse\/?portfolioCats=554%2C555\" target=\"_blank\" aria-label=\"Prisma Light Ella mounted by Dala horse\"><\/a>\n\t<\/div>\n<\/div>\n<\/div>\n<\/div><\/article><article id=\"portfolio-1-post-49967\" class=\"fusion-portfolio-post el-r-sweden fusion-col-spacing post-49967\"><div class=\"fusion-portfolio-content-wrapper\" style=\"border:none;\"><span class=\"entry-title rich-snippet-hidden\">Prisma Light Elton 1-XL mounted at ACM in Mariestad<\/span><span class=\"updated rich-snippet-hidden\">2023-02-16T07:58:35+01:00<\/span><div  class=\"fusion-image-wrapper fusion-image-size-fixed\" aria-haspopup=\"true\">\n\t\t\t\t<img decoding=\"async\" width=\"460\" height=\"295\" src=\"data:image\/svg+xml,%3Csvg%20xmlns%3D%27http%3A%2F%2Fwww.w3.org%2F2000%2Fsvg%27%20width%3D%27460%27%20height%3D%27295%27%20viewBox%3D%270%200%20460%20295%27%3E%3Crect%20width%3D%27460%27%20height%3D%27295%27%20fill-opacity%3D%220%22%2F%3E%3C%2Fsvg%3E\" data-orig-src=\"https:\/\/www.prismatibro.se\/wp-content\/uploads\/2021\/10\/EL-Elton-ACM-Mariestad_800x600-211030-01-460x295.jpg\" class=\"lazyload attachment-portfolio-two size-portfolio-two wp-post-image\" alt=\"Prisma Light\" \/><div class=\"fusion-rollover\">\n\t<div class=\"fusion-rollover-content\">\n\n\t\t\t\t\t\t\t\t\t\t\t\t\t\t<a class=\"fusion-rollover-link\" href=\"https:\/\/www.prismatibro.se\/en\/portfolio\/prisma-light-elton-1-xl-mounted-at-acm-in-mariestad\/?portfolioCats=554%2C555\" target=\"_blank\">Prisma Light Elton 1-XL mounted at ACM in Mariestad<\/a>\n\t\t\t\n\t\t\t\t\t\t\t\t\n\t\t\n\t\t\t\t\t\t\t\t\t\t\t\t<h4 class=\"fusion-rollover-title\">\n\t\t\t\t\t<a class=\"fusion-rollover-title-link\" href=\"https:\/\/www.prismatibro.se\/en\/portfolio\/prisma-light-elton-1-xl-mounted-at-acm-in-mariestad\/?portfolioCats=554%2C555\" target=\"_blank\">\n\t\t\t\t\t\tPrisma Light Elton 1-XL mounted at ACM in Mariestad\t\t\t\t\t<\/a>\n\t\t\t\t<\/h4>\n\t\t\t\n\t\t\t\t\t\t\t\t\n\t\t\n\t\t\t\t\t\t<a class=\"fusion-link-wrapper\" href=\"https:\/\/www.prismatibro.se\/en\/portfolio\/prisma-light-elton-1-xl-mounted-at-acm-in-mariestad\/?portfolioCats=554%2C555\" target=\"_blank\" aria-label=\"Prisma Light Elton 1-XL mounted at ACM in Mariestad\"><\/a>\n\t<\/div>\n<\/div>\n<\/div>\n<\/div><\/article><article id=\"portfolio-1-post-49966\" class=\"fusion-portfolio-post el-r-sweden fusion-col-spacing post-49966\"><div class=\"fusion-portfolio-content-wrapper\" style=\"border:none;\"><span class=\"entry-title rich-snippet-hidden\">Prisma Light Elton by lighted trail<\/span><span class=\"updated rich-snippet-hidden\">2023-02-17T14:49:23+01:00<\/span><div  class=\"fusion-image-wrapper fusion-image-size-fixed\" aria-haspopup=\"true\">\n\t\t\t\t<img decoding=\"async\" width=\"460\" height=\"295\" src=\"data:image\/svg+xml,%3Csvg%20xmlns%3D%27http%3A%2F%2Fwww.w3.org%2F2000%2Fsvg%27%20width%3D%27460%27%20height%3D%27295%27%20viewBox%3D%270%200%20460%20295%27%3E%3Crect%20width%3D%27460%27%20height%3D%27295%27%20fill-opacity%3D%220%22%2F%3E%3C%2Fsvg%3E\" data-orig-src=\"https:\/\/www.prismatibro.se\/wp-content\/uploads\/2020\/12\/EL-Elton_800x600-201207-01-460x295.jpg\" class=\"lazyload attachment-portfolio-two size-portfolio-two wp-post-image\" alt=\"Prisma Light\" \/><div class=\"fusion-rollover\">\n\t<div class=\"fusion-rollover-content\">\n\n\t\t\t\t\t\t\t\t\t\t\t\t\t\t<a class=\"fusion-rollover-link\" href=\"https:\/\/www.prismatibro.se\/en\/portfolio\/prisma-light-elton-by-lighted-trail\/?portfolioCats=554%2C555\" target=\"_blank\">Prisma Light Elton by lighted trail<\/a>\n\t\t\t\n\t\t\t\t\t\t\t\t\n\t\t\n\t\t\t\t\t\t\t\t\t\t\t\t<h4 class=\"fusion-rollover-title\">\n\t\t\t\t\t<a class=\"fusion-rollover-title-link\" href=\"https:\/\/www.prismatibro.se\/en\/portfolio\/prisma-light-elton-by-lighted-trail\/?portfolioCats=554%2C555\" target=\"_blank\">\n\t\t\t\t\t\tPrisma Light Elton by lighted trail\t\t\t\t\t<\/a>\n\t\t\t\t<\/h4>\n\t\t\t\n\t\t\t\t\t\t\t\t\n\t\t\n\t\t\t\t\t\t<a class=\"fusion-link-wrapper\" href=\"https:\/\/www.prismatibro.se\/en\/portfolio\/prisma-light-elton-by-lighted-trail\/?portfolioCats=554%2C555\" target=\"_blank\" aria-label=\"Prisma Light Elton by lighted trail\"><\/a>\n\t<\/div>\n<\/div>\n<\/div>\n<\/div><\/article><article id=\"portfolio-1-post-49965\" class=\"fusion-portfolio-post el-r-sweden fusion-col-spacing post-49965\"><div class=\"fusion-portfolio-content-wrapper\" style=\"border:none;\"><span class=\"entry-title rich-snippet-hidden\">Prisma Light: Baggebo Primary School in Tibro<\/span><span class=\"updated rich-snippet-hidden\">2023-02-17T12:09:02+01:00<\/span><div  class=\"fusion-image-wrapper fusion-image-size-fixed\" aria-haspopup=\"true\">\n\t\t\t\t<img decoding=\"async\" width=\"460\" height=\"295\" src=\"data:image\/svg+xml,%3Csvg%20xmlns%3D%27http%3A%2F%2Fwww.w3.org%2F2000%2Fsvg%27%20width%3D%27460%27%20height%3D%27295%27%20viewBox%3D%270%200%20460%20295%27%3E%3Crect%20width%3D%27460%27%20height%3D%27295%27%20fill-opacity%3D%220%22%2F%3E%3C%2Fsvg%3E\" data-orig-src=\"https:\/\/www.prismatibro.se\/wp-content\/uploads\/2020\/08\/EL-Baggebo-01_800x600-200819-01-460x295.jpg\" class=\"lazyload attachment-portfolio-two size-portfolio-two wp-post-image\" alt=\"Baggebo\" \/><div class=\"fusion-rollover\">\n\t<div class=\"fusion-rollover-content\">\n\n\t\t\t\t\t\t\t\t\t\t\t\t\t\t<a class=\"fusion-rollover-link\" href=\"https:\/\/www.prismatibro.se\/en\/portfolio\/prisma-light-baggebo-primary-school-in-tibro\/?portfolioCats=554%2C555\" target=\"_blank\">Prisma Light: Baggebo Primary School in Tibro<\/a>\n\t\t\t\n\t\t\t\t\t\t\t\t\n\t\t\n\t\t\t\t\t\t\t\t\t\t\t\t<h4 class=\"fusion-rollover-title\">\n\t\t\t\t\t<a class=\"fusion-rollover-title-link\" href=\"https:\/\/www.prismatibro.se\/en\/portfolio\/prisma-light-baggebo-primary-school-in-tibro\/?portfolioCats=554%2C555\" target=\"_blank\">\n\t\t\t\t\t\tPrisma Light: Baggebo Primary School in Tibro\t\t\t\t\t<\/a>\n\t\t\t\t<\/h4>\n\t\t\t\n\t\t\t\t\t\t\t\t\n\t\t\n\t\t\t\t\t\t<a class=\"fusion-link-wrapper\" href=\"https:\/\/www.prismatibro.se\/en\/portfolio\/prisma-light-baggebo-primary-school-in-tibro\/?portfolioCats=554%2C555\" target=\"_blank\" aria-label=\"Prisma Light: Baggebo Primary School in Tibro\"><\/a>\n\t<\/div>\n<\/div>\n<\/div>\n<\/div><\/article><article id=\"portfolio-1-post-7335\" class=\"fusion-portfolio-post el-r-denmark fusion-col-spacing post-7335\"><div class=\"fusion-portfolio-content-wrapper\" style=\"border:none;\"><span class=\"entry-title rich-snippet-hidden\">Prisma Light Eliott: Preislers Plads, Viborg<\/span><span class=\"updated rich-snippet-hidden\">2023-02-17T12:11:09+01:00<\/span><div  class=\"fusion-image-wrapper fusion-image-size-fixed\" aria-haspopup=\"true\">\n\t\t\t\t<img decoding=\"async\" width=\"460\" height=\"295\" src=\"data:image\/svg+xml,%3Csvg%20xmlns%3D%27http%3A%2F%2Fwww.w3.org%2F2000%2Fsvg%27%20width%3D%27460%27%20height%3D%27295%27%20viewBox%3D%270%200%20460%20295%27%3E%3Crect%20width%3D%27460%27%20height%3D%27295%27%20fill-opacity%3D%220%22%2F%3E%3C%2Fsvg%3E\" data-orig-src=\"https:\/\/www.prismatibro.se\/wp-content\/uploads\/2014\/06\/Prisma-Light_Tibro_Prisma-Eliott-Viborg-Parkering-01_1308-460x295.jpg\" class=\"lazyload attachment-portfolio-two size-portfolio-two wp-post-image\" alt=\"PrismaTibro, Sweden Prisma Eliott Referens\" \/><div class=\"fusion-rollover\">\n\t<div class=\"fusion-rollover-content\">\n\n\t\t\t\t\t\t\t\t\t\t\t\t\t\t<a class=\"fusion-rollover-link\" href=\"https:\/\/www.prismatibro.se\/en\/portfolio\/preislers-plads-viborg-2\/?portfolioCats=554%2C555\">Prisma Light Eliott: Preislers Plads, Viborg<\/a>\n\t\t\t\n\t\t\t\t\t\t\t\t\n\t\t\n\t\t\t\t\t\t\t\t\t\t\t\t<h4 class=\"fusion-rollover-title\">\n\t\t\t\t\t<a class=\"fusion-rollover-title-link\" href=\"https:\/\/www.prismatibro.se\/en\/portfolio\/preislers-plads-viborg-2\/?portfolioCats=554%2C555\">\n\t\t\t\t\t\tPrisma Light Eliott: Preislers Plads, Viborg\t\t\t\t\t<\/a>\n\t\t\t\t<\/h4>\n\t\t\t\n\t\t\t\t\t\t\t\t\n\t\t\n\t\t\t\t\t\t<a class=\"fusion-link-wrapper\" href=\"https:\/\/www.prismatibro.se\/en\/portfolio\/preislers-plads-viborg-2\/?portfolioCats=554%2C555\" aria-label=\"Prisma Light Eliott: Preislers Plads, Viborg\"><\/a>\n\t<\/div>\n<\/div>\n<\/div>\n<\/div><\/article><\/div><\/div><\/div><\/div><\/div><\/div>\n","protected":false},"excerpt":{"rendered":"<p>Prisma Light &#8211; References. We like to share images and videos from Your part of the world as well. Welcome.<\/p>\n","protected":false},"author":18,"featured_media":41807,"parent":0,"menu_order":0,"comment_status":"closed","ping_status":"closed","template":"","meta":{"footnotes":""},"class_list":["post-7333","page","type-page","status-publish","has-post-thumbnail","hentry"],"yoast_head":"<!-- This site is optimized with the Yoast SEO plugin v27.4 - https:\/\/yoast.com\/product\/yoast-seo-wordpress\/ -->\n<title>Prisma Light - References | PrismaTibro<\/title>\n<meta name=\"description\" content=\"Prisma Light - References. We like to share images and videos from Your part of the world as well. Welcome.\" \/>\n<meta name=\"robots\" content=\"index, follow, max-snippet:-1, max-image-preview:large, max-video-preview:-1\" \/>\n<link rel=\"canonical\" href=\"https:\/\/www.prismatibro.se\/en\/ref-el\/\" \/>\n<meta property=\"og:locale\" content=\"en_US\" \/>\n<meta property=\"og:type\" content=\"article\" \/>\n<meta property=\"og:title\" content=\"Prisma Light - References | PrismaTibro\" \/>\n<meta property=\"og:description\" content=\"Prisma Light - References. We like to share images and videos from Your part of the world as well. Welcome.\" \/>\n<meta property=\"og:url\" content=\"https:\/\/www.prismatibro.se\/en\/ref-el\/\" \/>\n<meta property=\"og:site_name\" content=\"PrismaTibro\" \/>\n<meta property=\"article:modified_time\" content=\"2023-11-07T08:52:37+00:00\" \/>\n<meta property=\"og:image\" content=\"https:\/\/www.prismatibro.se\/wp-content\/uploads\/2022\/10\/EL-Referens-Profil-utvald_221011-01.png\" \/>\n\t<meta property=\"og:image:width\" content=\"800\" \/>\n\t<meta property=\"og:image:height\" content=\"504\" \/>\n\t<meta property=\"og:image:type\" content=\"image\/png\" \/>\n<meta name=\"twitter:card\" content=\"summary_large_image\" \/>\n<meta name=\"twitter:label1\" content=\"Est. reading time\" \/>\n\t<meta name=\"twitter:data1\" content=\"1 minute\" \/>\n<script type=\"application\/ld+json\" class=\"yoast-schema-graph\">{\"@context\":\"https:\\\/\\\/schema.org\",\"@graph\":[{\"@type\":\"WebPage\",\"@id\":\"https:\\\/\\\/www.prismatibro.se\\\/en\\\/ref-el\\\/\",\"url\":\"https:\\\/\\\/www.prismatibro.se\\\/en\\\/ref-el\\\/\",\"name\":\"Prisma Light - References | PrismaTibro\",\"isPartOf\":{\"@id\":\"https:\\\/\\\/www.prismatibro.se\\\/en\\\/#website\"},\"primaryImageOfPage\":{\"@id\":\"https:\\\/\\\/www.prismatibro.se\\\/en\\\/ref-el\\\/#primaryimage\"},\"image\":{\"@id\":\"https:\\\/\\\/www.prismatibro.se\\\/en\\\/ref-el\\\/#primaryimage\"},\"thumbnailUrl\":\"https:\\\/\\\/www.prismatibro.se\\\/wp-content\\\/uploads\\\/2022\\\/10\\\/EL-Referens-Profil-utvald_221011-01.png\",\"datePublished\":\"2014-09-11T14:08:56+00:00\",\"dateModified\":\"2023-11-07T08:52:37+00:00\",\"description\":\"Prisma Light - References. We like to share images and videos from Your part of the world as well. Welcome.\",\"breadcrumb\":{\"@id\":\"https:\\\/\\\/www.prismatibro.se\\\/en\\\/ref-el\\\/#breadcrumb\"},\"inLanguage\":\"en-US\",\"potentialAction\":[{\"@type\":\"ReadAction\",\"target\":[\"https:\\\/\\\/www.prismatibro.se\\\/en\\\/ref-el\\\/\"]}]},{\"@type\":\"ImageObject\",\"inLanguage\":\"en-US\",\"@id\":\"https:\\\/\\\/www.prismatibro.se\\\/en\\\/ref-el\\\/#primaryimage\",\"url\":\"https:\\\/\\\/www.prismatibro.se\\\/wp-content\\\/uploads\\\/2022\\\/10\\\/EL-Referens-Profil-utvald_221011-01.png\",\"contentUrl\":\"https:\\\/\\\/www.prismatibro.se\\\/wp-content\\\/uploads\\\/2022\\\/10\\\/EL-Referens-Profil-utvald_221011-01.png\",\"width\":800,\"height\":504,\"caption\":\"Prisma Light Referens\"},{\"@type\":\"BreadcrumbList\",\"@id\":\"https:\\\/\\\/www.prismatibro.se\\\/en\\\/ref-el\\\/#breadcrumb\",\"itemListElement\":[{\"@type\":\"ListItem\",\"position\":1,\"name\":\"Hem\",\"item\":\"https:\\\/\\\/www.prismatibro.se\\\/en\\\/\"},{\"@type\":\"ListItem\",\"position\":2,\"name\":\"Prisma Light &#8211; References\"}]},{\"@type\":\"WebSite\",\"@id\":\"https:\\\/\\\/www.prismatibro.se\\\/en\\\/#website\",\"url\":\"https:\\\/\\\/www.prismatibro.se\\\/en\\\/\",\"name\":\"PrismaTibro Sweden\",\"description\":\"Pedestrian Signal, \u00d6verg\u00e5ngssignal, D\u00f6rr\u00f6ppnare, Deflection Indikator, LED gatubelysning\",\"publisher\":{\"@id\":\"https:\\\/\\\/www.prismatibro.se\\\/en\\\/#organization\"},\"potentialAction\":[{\"@type\":\"SearchAction\",\"target\":{\"@type\":\"EntryPoint\",\"urlTemplate\":\"https:\\\/\\\/www.prismatibro.se\\\/en\\\/?s={search_term_string}\"},\"query-input\":{\"@type\":\"PropertyValueSpecification\",\"valueRequired\":true,\"valueName\":\"search_term_string\"}}],\"inLanguage\":\"en-US\"},{\"@type\":\"Organization\",\"@id\":\"https:\\\/\\\/www.prismatibro.se\\\/en\\\/#organization\",\"name\":\"PrismaTibro\",\"url\":\"https:\\\/\\\/www.prismatibro.se\\\/en\\\/\",\"logo\":{\"@type\":\"ImageObject\",\"inLanguage\":\"en-US\",\"@id\":\"https:\\\/\\\/www.prismatibro.se\\\/en\\\/#\\\/schema\\\/logo\\\/image\\\/\",\"url\":\"https:\\\/\\\/www.prismatibro.se\\\/wp-content\\\/uploads\\\/2017\\\/08\\\/PrismaTibro_logo_207x52_170807-01@2x.png\",\"contentUrl\":\"https:\\\/\\\/www.prismatibro.se\\\/wp-content\\\/uploads\\\/2017\\\/08\\\/PrismaTibro_logo_207x52_170807-01@2x.png\",\"width\":414,\"height\":104,\"caption\":\"PrismaTibro\"},\"image\":{\"@id\":\"https:\\\/\\\/www.prismatibro.se\\\/en\\\/#\\\/schema\\\/logo\\\/image\\\/\"},\"sameAs\":[\"https:\\\/\\\/www.linkedin.com\\\/company\\\/prismatibro\"]}]}<\/script>\n<!-- \/ Yoast SEO plugin. -->","yoast_head_json":{"title":"Prisma Light - References | PrismaTibro","description":"Prisma Light - References. We like to share images and videos from Your part of the world as well. Welcome.","robots":{"index":"index","follow":"follow","max-snippet":"max-snippet:-1","max-image-preview":"max-image-preview:large","max-video-preview":"max-video-preview:-1"},"canonical":"https:\/\/www.prismatibro.se\/en\/ref-el\/","og_locale":"en_US","og_type":"article","og_title":"Prisma Light - References | PrismaTibro","og_description":"Prisma Light - References. We like to share images and videos from Your part of the world as well. Welcome.","og_url":"https:\/\/www.prismatibro.se\/en\/ref-el\/","og_site_name":"PrismaTibro","article_modified_time":"2023-11-07T08:52:37+00:00","og_image":[{"width":800,"height":504,"url":"https:\/\/www.prismatibro.se\/wp-content\/uploads\/2022\/10\/EL-Referens-Profil-utvald_221011-01.png","type":"image\/png"}],"twitter_card":"summary_large_image","twitter_misc":{"Est. reading time":"1 minute"},"schema":{"@context":"https:\/\/schema.org","@graph":[{"@type":"WebPage","@id":"https:\/\/www.prismatibro.se\/en\/ref-el\/","url":"https:\/\/www.prismatibro.se\/en\/ref-el\/","name":"Prisma Light - References | PrismaTibro","isPartOf":{"@id":"https:\/\/www.prismatibro.se\/en\/#website"},"primaryImageOfPage":{"@id":"https:\/\/www.prismatibro.se\/en\/ref-el\/#primaryimage"},"image":{"@id":"https:\/\/www.prismatibro.se\/en\/ref-el\/#primaryimage"},"thumbnailUrl":"https:\/\/www.prismatibro.se\/wp-content\/uploads\/2022\/10\/EL-Referens-Profil-utvald_221011-01.png","datePublished":"2014-09-11T14:08:56+00:00","dateModified":"2023-11-07T08:52:37+00:00","description":"Prisma Light - References. We like to share images and videos from Your part of the world as well. Welcome.","breadcrumb":{"@id":"https:\/\/www.prismatibro.se\/en\/ref-el\/#breadcrumb"},"inLanguage":"en-US","potentialAction":[{"@type":"ReadAction","target":["https:\/\/www.prismatibro.se\/en\/ref-el\/"]}]},{"@type":"ImageObject","inLanguage":"en-US","@id":"https:\/\/www.prismatibro.se\/en\/ref-el\/#primaryimage","url":"https:\/\/www.prismatibro.se\/wp-content\/uploads\/2022\/10\/EL-Referens-Profil-utvald_221011-01.png","contentUrl":"https:\/\/www.prismatibro.se\/wp-content\/uploads\/2022\/10\/EL-Referens-Profil-utvald_221011-01.png","width":800,"height":504,"caption":"Prisma Light Referens"},{"@type":"BreadcrumbList","@id":"https:\/\/www.prismatibro.se\/en\/ref-el\/#breadcrumb","itemListElement":[{"@type":"ListItem","position":1,"name":"Hem","item":"https:\/\/www.prismatibro.se\/en\/"},{"@type":"ListItem","position":2,"name":"Prisma Light &#8211; References"}]},{"@type":"WebSite","@id":"https:\/\/www.prismatibro.se\/en\/#website","url":"https:\/\/www.prismatibro.se\/en\/","name":"PrismaTibro Sweden","description":"Pedestrian Signal, \u00d6verg\u00e5ngssignal, D\u00f6rr\u00f6ppnare, Deflection Indikator, LED gatubelysning","publisher":{"@id":"https:\/\/www.prismatibro.se\/en\/#organization"},"potentialAction":[{"@type":"SearchAction","target":{"@type":"EntryPoint","urlTemplate":"https:\/\/www.prismatibro.se\/en\/?s={search_term_string}"},"query-input":{"@type":"PropertyValueSpecification","valueRequired":true,"valueName":"search_term_string"}}],"inLanguage":"en-US"},{"@type":"Organization","@id":"https:\/\/www.prismatibro.se\/en\/#organization","name":"PrismaTibro","url":"https:\/\/www.prismatibro.se\/en\/","logo":{"@type":"ImageObject","inLanguage":"en-US","@id":"https:\/\/www.prismatibro.se\/en\/#\/schema\/logo\/image\/","url":"https:\/\/www.prismatibro.se\/wp-content\/uploads\/2017\/08\/PrismaTibro_logo_207x52_170807-01@2x.png","contentUrl":"https:\/\/www.prismatibro.se\/wp-content\/uploads\/2017\/08\/PrismaTibro_logo_207x52_170807-01@2x.png","width":414,"height":104,"caption":"PrismaTibro"},"image":{"@id":"https:\/\/www.prismatibro.se\/en\/#\/schema\/logo\/image\/"},"sameAs":["https:\/\/www.linkedin.com\/company\/prismatibro"]}]}},"_links":{"self":[{"href":"https:\/\/www.prismatibro.se\/en\/wp-json\/wp\/v2\/pages\/7333","targetHints":{"allow":["GET"]}}],"collection":[{"href":"https:\/\/www.prismatibro.se\/en\/wp-json\/wp\/v2\/pages"}],"about":[{"href":"https:\/\/www.prismatibro.se\/en\/wp-json\/wp\/v2\/types\/page"}],"author":[{"embeddable":true,"href":"https:\/\/www.prismatibro.se\/en\/wp-json\/wp\/v2\/users\/18"}],"replies":[{"embeddable":true,"href":"https:\/\/www.prismatibro.se\/en\/wp-json\/wp\/v2\/comments?post=7333"}],"version-history":[{"count":27,"href":"https:\/\/www.prismatibro.se\/en\/wp-json\/wp\/v2\/pages\/7333\/revisions"}],"predecessor-version":[{"id":50000,"href":"https:\/\/www.prismatibro.se\/en\/wp-json\/wp\/v2\/pages\/7333\/revisions\/50000"}],"wp:featuredmedia":[{"embeddable":true,"href":"https:\/\/www.prismatibro.se\/en\/wp-json\/wp\/v2\/media\/41807"}],"wp:attachment":[{"href":"https:\/\/www.prismatibro.se\/en\/wp-json\/wp\/v2\/media?parent=7333"}],"curies":[{"name":"wp","href":"https:\/\/api.w.org\/{rel}","templated":true}]}}