{"id":7327,"date":"2026-01-16T06:00:09","date_gmt":"2026-01-16T05:00:09","guid":{"rendered":"http:\/\/www.prismatibro.se\/?page_id=7327"},"modified":"2026-01-16T14:58:27","modified_gmt":"2026-01-16T13:58:27","slug":"bv-di","status":"publish","type":"page","link":"https:\/\/www.prismatibro.se\/en\/bv-di\/","title":{"rendered":"Prisma DI &#8211; Images &#038; Videos"},"content":{"rendered":"<div class=\"fusion-fullwidth fullwidth-box fusion-builder-row-1 fusion-flex-container hundred-percent-fullwidth non-hundred-percent-height-scrolling\" style=\"--awb-border-radius-top-left:0px;--awb-border-radius-top-right:0px;--awb-border-radius-bottom-right:0px;--awb-border-radius-bottom-left:0px;--awb-overflow:visible;--awb-flex-wrap:wrap;\" ><div class=\"fusion-builder-row fusion-row fusion-flex-align-items-flex-start fusion-flex-content-wrap\" style=\"width:104% !important;max-width:104% !important;margin-left: calc(-4% \/ 2 );margin-right: calc(-4% \/ 2 );\"><div class=\"fusion-layout-column fusion_builder_column fusion-builder-column-0 fusion_builder_column_1_1 1_1 fusion-flex-column fusion-flex-align-self-flex-start fusion-column-no-min-height\" style=\"--awb-bg-size:cover;--awb-width-large:100%;--awb-margin-top-large:0px;--awb-spacing-right-large:1.92%;--awb-margin-bottom-large:0px;--awb-spacing-left-large:1.92%;--awb-width-medium:100%;--awb-spacing-right-medium:1.92%;--awb-spacing-left-medium:1.92%;--awb-width-small:100%;--awb-spacing-right-small:1.92%;--awb-spacing-left-small:1.92%;\"><div class=\"fusion-column-wrapper fusion-flex-justify-content-flex-start fusion-content-layout-column\"><div class=\"fusion-text fusion-text-1\"><h1>Images &amp; Videos<\/h1>\n<p>Click on the image to download or play.<\/p>\n<\/div><div class=\"fusion-recent-works fusion-portfolio-element fusion-portfolio fusion-portfolio-1 fusion-portfolio-grid fusion-portfolio-paging-pagination fusion-portfolio-three fusion-portfolio-no_text fusion-portfolio-rollover\" data-id=\"-rw-1\" data-columns=\"three\"><div><ul class=\"fusion-filters\" role=\"menu\" aria-label=\"Portfolio Filters\"><li role=\"presentation\" class=\"fusion-filter fusion-filter-all fusion-active\"><a href=\"#\" data-filter=\"*\" role=\"menuitem\">All<\/a><\/li><li role=\"presentation\" class=\"fusion-filter fusion-hidden\"><a href=\"#\" data-filter=\".di-photo\" role=\"menuitem\">Image<\/a><\/li><li role=\"presentation\" class=\"fusion-filter fusion-hidden\"><a href=\"#\" data-filter=\".di-video-en\" role=\"menuitem\">Video<\/a><\/li><\/ul><\/div><style type=\"text\/css\">.fusion-portfolio-1 .fusion-portfolio-wrapper .fusion-col-spacing{padding:6px;}<\/style><div class=\"fusion-portfolio-wrapper\" id=\"fusion-portfolio-1\" data-picturesize=\"auto\" data-pages=\"0\" style=\"margin:-6px;\"><article id=\"portfolio-1-post-9708\" class=\"fusion-portfolio-post di-video-en fusion-col-spacing post-9708\"><div class=\"fusion-portfolio-content-wrapper\" style=\"border:none;\"><span class=\"entry-title rich-snippet-hidden\">Prisma DI Presentation workflow<\/span><span class=\"updated rich-snippet-hidden\">2026-01-16T14:57:46+01:00<\/span><div  class=\"fusion-image-wrapper\" aria-haspopup=\"true\">\n\t\t\t\t<img decoding=\"async\" width=\"1920\" height=\"1080\" src=\"https:\/\/www.prismatibro.se\/wp-content\/uploads\/2021\/04\/DI_Film_Workflow_Neutral_1920x1080_260116-01.avif\" class=\"attachment-full size-full lazyload wp-post-image\" alt=\"Prisma DI Workflow\" srcset=\"data:image\/svg+xml,%3Csvg%20xmlns%3D%27http%3A%2F%2Fwww.w3.org%2F2000%2Fsvg%27%20width%3D%271920%27%20height%3D%271080%27%20viewBox%3D%270%200%201920%201080%27%3E%3Crect%20width%3D%271920%27%20height%3D%271080%27%20fill-opacity%3D%220%22%2F%3E%3C%2Fsvg%3E\" data-orig-src=\"https:\/\/www.prismatibro.se\/wp-content\/uploads\/2021\/04\/DI_Film_Workflow_Neutral_1920x1080_260116-01.avif\" data-srcset=\"https:\/\/www.prismatibro.se\/wp-content\/uploads\/2021\/04\/DI_Film_Workflow_Neutral_1920x1080_260116-01-200x113.avif 200w, https:\/\/www.prismatibro.se\/wp-content\/uploads\/2021\/04\/DI_Film_Workflow_Neutral_1920x1080_260116-01-400x225.avif 400w, https:\/\/www.prismatibro.se\/wp-content\/uploads\/2021\/04\/DI_Film_Workflow_Neutral_1920x1080_260116-01-600x338.avif 600w, https:\/\/www.prismatibro.se\/wp-content\/uploads\/2021\/04\/DI_Film_Workflow_Neutral_1920x1080_260116-01-800x450.avif 800w, https:\/\/www.prismatibro.se\/wp-content\/uploads\/2021\/04\/DI_Film_Workflow_Neutral_1920x1080_260116-01-1200x675.avif 1200w, https:\/\/www.prismatibro.se\/wp-content\/uploads\/2021\/04\/DI_Film_Workflow_Neutral_1920x1080_260116-01.avif 1920w\" data-sizes=\"auto\" \/><div class=\"fusion-rollover\">\n\t<div class=\"fusion-rollover-content\">\n\n\t\t\t\t\t\t\t\t\t\t\t\t\t\t<a class=\"fusion-rollover-link\" href=\"https:\/\/www.prismatibro.se\/en\/portfolio\/prisma-di-presentation-workflow\/?portfolioCats=532%2C537\" target=\"_blank\">Prisma DI Presentation workflow<\/a>\n\t\t\t\n\t\t\t\t\t\t\t\t\n\t\t\n\t\t\t\t\t\t\t\t\t\t\t\t<h4 class=\"fusion-rollover-title\">\n\t\t\t\t\t<a class=\"fusion-rollover-title-link\" href=\"https:\/\/www.prismatibro.se\/en\/portfolio\/prisma-di-presentation-workflow\/?portfolioCats=532%2C537\" target=\"_blank\">\n\t\t\t\t\t\tPrisma DI Presentation workflow\t\t\t\t\t<\/a>\n\t\t\t\t<\/h4>\n\t\t\t\n\t\t\t\t\t\t\t\t\n\t\t\n\t\t\t\t\t\t<a class=\"fusion-link-wrapper\" href=\"https:\/\/www.prismatibro.se\/en\/portfolio\/prisma-di-presentation-workflow\/?portfolioCats=532%2C537\" target=\"_blank\" aria-label=\"Prisma DI Presentation workflow\"><\/a>\n\t<\/div>\n<\/div>\n<\/div>\n<\/div><\/article><article id=\"portfolio-1-post-40292\" class=\"fusion-portfolio-post di-photo fusion-col-spacing post-40292\"><div class=\"fusion-portfolio-content-wrapper\" style=\"border:none;\"><span class=\"entry-title rich-snippet-hidden\">Prisma DI-5C<\/span><span class=\"updated rich-snippet-hidden\">2026-01-16T15:25:48+01:00<\/span><div  class=\"fusion-image-wrapper\" aria-haspopup=\"true\">\n\t\t\t\t<img decoding=\"async\" width=\"1920\" height=\"1080\" src=\"https:\/\/www.prismatibro.se\/wp-content\/uploads\/2022\/09\/DI_Produkt-Instrument-DI-5C_1920x1080_260116-01.avif\" class=\"attachment-full size-full lazyload wp-post-image\" alt=\"Prisma DI-5C High Resolution\" srcset=\"data:image\/svg+xml,%3Csvg%20xmlns%3D%27http%3A%2F%2Fwww.w3.org%2F2000%2Fsvg%27%20width%3D%271920%27%20height%3D%271080%27%20viewBox%3D%270%200%201920%201080%27%3E%3Crect%20width%3D%271920%27%20height%3D%271080%27%20fill-opacity%3D%220%22%2F%3E%3C%2Fsvg%3E\" data-orig-src=\"https:\/\/www.prismatibro.se\/wp-content\/uploads\/2022\/09\/DI_Produkt-Instrument-DI-5C_1920x1080_260116-01.avif\" data-srcset=\"https:\/\/www.prismatibro.se\/wp-content\/uploads\/2022\/09\/DI_Produkt-Instrument-DI-5C_1920x1080_260116-01-200x113.avif 200w, https:\/\/www.prismatibro.se\/wp-content\/uploads\/2022\/09\/DI_Produkt-Instrument-DI-5C_1920x1080_260116-01-400x225.avif 400w, https:\/\/www.prismatibro.se\/wp-content\/uploads\/2022\/09\/DI_Produkt-Instrument-DI-5C_1920x1080_260116-01-600x338.avif 600w, https:\/\/www.prismatibro.se\/wp-content\/uploads\/2022\/09\/DI_Produkt-Instrument-DI-5C_1920x1080_260116-01-800x450.avif 800w, https:\/\/www.prismatibro.se\/wp-content\/uploads\/2022\/09\/DI_Produkt-Instrument-DI-5C_1920x1080_260116-01-1200x675.avif 1200w, https:\/\/www.prismatibro.se\/wp-content\/uploads\/2022\/09\/DI_Produkt-Instrument-DI-5C_1920x1080_260116-01.avif 1920w\" data-sizes=\"auto\" \/><div class=\"fusion-rollover\">\n\t<div class=\"fusion-rollover-content\">\n\n\t\t\t\t\t\t\t\t\t\t\t\t\t\t<a class=\"fusion-rollover-link\" href=\"https:\/\/www.prismatibro.se\/dl\/di\/image_high\/Prisma-DI-5C_4897x2843_260116-01.jpg\" target=\"_blank\">https:\/\/www.prismatibro.se\/dl\/di\/image_high\/Prisma-DI-5C_4897x2843_260116-01.jpg<\/a>\n\t\t\t\n\t\t\t\t\t\t\t\t\n\t\t\n\t\t\t\t\t\t\t\t\t\t\t\t<h4 class=\"fusion-rollover-title\">\n\t\t\t\t\t<a class=\"fusion-rollover-title-link\" href=\"https:\/\/www.prismatibro.se\/dl\/di\/image_high\/Prisma-DI-5C_4897x2843_260116-01.jpg\" target=\"_blank\">\n\t\t\t\t\t\tPrisma DI-5C\t\t\t\t\t<\/a>\n\t\t\t\t<\/h4>\n\t\t\t\n\t\t\t\t\t\t\t\t\n\t\t\n\t\t\t\t\t\t<a class=\"fusion-link-wrapper\" href=\"https:\/\/www.prismatibro.se\/dl\/di\/image_high\/Prisma-DI-5C_4897x2843_260116-01.jpg\" target=\"_blank\" aria-label=\"Prisma DI-5C\"><\/a>\n\t<\/div>\n<\/div>\n<\/div>\n<\/div><\/article><article id=\"portfolio-1-post-40286\" class=\"fusion-portfolio-post di-photo fusion-col-spacing post-40286\"><div class=\"fusion-portfolio-content-wrapper\" style=\"border:none;\"><span class=\"entry-title rich-snippet-hidden\">Prisma DI-5<\/span><span class=\"updated rich-snippet-hidden\">2026-01-16T15:26:33+01:00<\/span><div  class=\"fusion-image-wrapper\" aria-haspopup=\"true\">\n\t\t\t\t<img decoding=\"async\" width=\"1920\" height=\"1080\" src=\"https:\/\/www.prismatibro.se\/wp-content\/uploads\/2022\/09\/DI_Produkt-Instrument-DI-5_1920x1080_260116-01.avif\" class=\"attachment-full size-full lazyload wp-post-image\" alt=\"Prisma DI-5 High Resolution\" srcset=\"data:image\/svg+xml,%3Csvg%20xmlns%3D%27http%3A%2F%2Fwww.w3.org%2F2000%2Fsvg%27%20width%3D%271920%27%20height%3D%271080%27%20viewBox%3D%270%200%201920%201080%27%3E%3Crect%20width%3D%271920%27%20height%3D%271080%27%20fill-opacity%3D%220%22%2F%3E%3C%2Fsvg%3E\" data-orig-src=\"https:\/\/www.prismatibro.se\/wp-content\/uploads\/2022\/09\/DI_Produkt-Instrument-DI-5_1920x1080_260116-01.avif\" data-srcset=\"https:\/\/www.prismatibro.se\/wp-content\/uploads\/2022\/09\/DI_Produkt-Instrument-DI-5_1920x1080_260116-01-200x113.avif 200w, https:\/\/www.prismatibro.se\/wp-content\/uploads\/2022\/09\/DI_Produkt-Instrument-DI-5_1920x1080_260116-01-400x225.avif 400w, https:\/\/www.prismatibro.se\/wp-content\/uploads\/2022\/09\/DI_Produkt-Instrument-DI-5_1920x1080_260116-01-600x338.avif 600w, https:\/\/www.prismatibro.se\/wp-content\/uploads\/2022\/09\/DI_Produkt-Instrument-DI-5_1920x1080_260116-01-800x450.avif 800w, https:\/\/www.prismatibro.se\/wp-content\/uploads\/2022\/09\/DI_Produkt-Instrument-DI-5_1920x1080_260116-01-1200x675.avif 1200w, https:\/\/www.prismatibro.se\/wp-content\/uploads\/2022\/09\/DI_Produkt-Instrument-DI-5_1920x1080_260116-01.avif 1920w\" data-sizes=\"auto\" \/><div class=\"fusion-rollover\">\n\t<div class=\"fusion-rollover-content\">\n\n\t\t\t\t\t\t\t\t\t\t\t\t\t\t<a class=\"fusion-rollover-link\" href=\"https:\/\/www.prismatibro.se\/dl\/di\/image_high\/Prisma-DI-5_4897x2843_260116-01.jpg\" target=\"_blank\">https:\/\/www.prismatibro.se\/dl\/di\/image_high\/Prisma-DI-5_4897x2843_260116-01.jpg<\/a>\n\t\t\t\n\t\t\t\t\t\t\t\t\n\t\t\n\t\t\t\t\t\t\t\t\t\t\t\t<h4 class=\"fusion-rollover-title\">\n\t\t\t\t\t<a class=\"fusion-rollover-title-link\" href=\"https:\/\/www.prismatibro.se\/dl\/di\/image_high\/Prisma-DI-5_4897x2843_260116-01.jpg\" target=\"_blank\">\n\t\t\t\t\t\tPrisma DI-5\t\t\t\t\t<\/a>\n\t\t\t\t<\/h4>\n\t\t\t\n\t\t\t\t\t\t\t\t\n\t\t\n\t\t\t\t\t\t<a class=\"fusion-link-wrapper\" href=\"https:\/\/www.prismatibro.se\/dl\/di\/image_high\/Prisma-DI-5_4897x2843_260116-01.jpg\" target=\"_blank\" aria-label=\"Prisma DI-5\"><\/a>\n\t<\/div>\n<\/div>\n<\/div>\n<\/div><\/article><article id=\"portfolio-1-post-27087\" class=\"fusion-portfolio-post di-photo fusion-col-spacing post-27087\"><div class=\"fusion-portfolio-content-wrapper\" style=\"border:none;\"><span class=\"entry-title rich-snippet-hidden\">Prisma DI overview, high resolution<\/span><span class=\"updated rich-snippet-hidden\">2026-01-16T15:37:05+01:00<\/span><div  class=\"fusion-image-wrapper\" aria-haspopup=\"true\">\n\t\t\t\t<img decoding=\"async\" width=\"1920\" height=\"1080\" src=\"https:\/\/www.prismatibro.se\/wp-content\/uploads\/2019\/11\/DI_Overview_1920x1080_260116-01.avif\" class=\"attachment-full size-full lazyload wp-post-image\" alt=\"Prisma DI Overview\" srcset=\"data:image\/svg+xml,%3Csvg%20xmlns%3D%27http%3A%2F%2Fwww.w3.org%2F2000%2Fsvg%27%20width%3D%271920%27%20height%3D%271080%27%20viewBox%3D%270%200%201920%201080%27%3E%3Crect%20width%3D%271920%27%20height%3D%271080%27%20fill-opacity%3D%220%22%2F%3E%3C%2Fsvg%3E\" data-orig-src=\"https:\/\/www.prismatibro.se\/wp-content\/uploads\/2019\/11\/DI_Overview_1920x1080_260116-01.avif\" data-srcset=\"https:\/\/www.prismatibro.se\/wp-content\/uploads\/2019\/11\/DI_Overview_1920x1080_260116-01-200x113.avif 200w, https:\/\/www.prismatibro.se\/wp-content\/uploads\/2019\/11\/DI_Overview_1920x1080_260116-01-400x225.avif 400w, https:\/\/www.prismatibro.se\/wp-content\/uploads\/2019\/11\/DI_Overview_1920x1080_260116-01-600x338.avif 600w, https:\/\/www.prismatibro.se\/wp-content\/uploads\/2019\/11\/DI_Overview_1920x1080_260116-01-800x450.avif 800w, https:\/\/www.prismatibro.se\/wp-content\/uploads\/2019\/11\/DI_Overview_1920x1080_260116-01-1200x675.avif 1200w, https:\/\/www.prismatibro.se\/wp-content\/uploads\/2019\/11\/DI_Overview_1920x1080_260116-01.avif 1920w\" data-sizes=\"auto\" \/><div class=\"fusion-rollover\">\n\t<div class=\"fusion-rollover-content\">\n\n\t\t\t\t\t\t\t\t\t\t\t\t\t\t<a class=\"fusion-rollover-link\" href=\"https:\/\/www.prismatibro.se\/dl\/di\/image_high\/Prisma-DI_Overview_3839x2160_260116-01.jpg\" target=\"_blank\">https:\/\/www.prismatibro.se\/dl\/di\/image_high\/Prisma-DI_Overview_3839x2160_260116-01.jpg<\/a>\n\t\t\t\n\t\t\t\t\t\t\t\t\n\t\t\n\t\t\t\t\t\t\t\t\t\t\t\t<h4 class=\"fusion-rollover-title\">\n\t\t\t\t\t<a class=\"fusion-rollover-title-link\" href=\"https:\/\/www.prismatibro.se\/dl\/di\/image_high\/Prisma-DI_Overview_3839x2160_260116-01.jpg\" target=\"_blank\">\n\t\t\t\t\t\tPrisma DI overview, high resolution\t\t\t\t\t<\/a>\n\t\t\t\t<\/h4>\n\t\t\t\n\t\t\t\t\t\t\t\t\n\t\t\n\t\t\t\t\t\t<a class=\"fusion-link-wrapper\" href=\"https:\/\/www.prismatibro.se\/dl\/di\/image_high\/Prisma-DI_Overview_3839x2160_260116-01.jpg\" target=\"_blank\" aria-label=\"Prisma DI overview, high resolution\"><\/a>\n\t<\/div>\n<\/div>\n<\/div>\n<\/div><\/article><article id=\"portfolio-1-post-31883\" class=\"fusion-portfolio-post di-video-en fusion-col-spacing post-31883\"><div class=\"fusion-portfolio-content-wrapper\" style=\"border:none;\"><span class=\"entry-title rich-snippet-hidden\">Stella Polaris \u2013 How to use Prisma DI<\/span><span class=\"updated rich-snippet-hidden\">2022-12-15T17:20:21+01:00<\/span><div  class=\"fusion-image-wrapper\" aria-haspopup=\"true\">\n\t\t\t\t<img decoding=\"async\" width=\"320\" height=\"215\" src=\"https:\/\/www.prismatibro.se\/wp-content\/uploads\/2021\/04\/Prisma-DI-Stella-Polaris_320x215_210427-01.jpg\" class=\"attachment-full size-full lazyload wp-post-image\" alt=\"Prisma DI Crankshaft Deflection Indicator\" srcset=\"data:image\/svg+xml,%3Csvg%20xmlns%3D%27http%3A%2F%2Fwww.w3.org%2F2000%2Fsvg%27%20width%3D%27320%27%20height%3D%27215%27%20viewBox%3D%270%200%20320%20215%27%3E%3Crect%20width%3D%27320%27%20height%3D%27215%27%20fill-opacity%3D%220%22%2F%3E%3C%2Fsvg%3E\" data-orig-src=\"https:\/\/www.prismatibro.se\/wp-content\/uploads\/2021\/04\/Prisma-DI-Stella-Polaris_320x215_210427-01.jpg\" data-srcset=\"https:\/\/www.prismatibro.se\/wp-content\/uploads\/2021\/04\/Prisma-DI-Stella-Polaris_320x215_210427-01-200x134.jpg 200w, https:\/\/www.prismatibro.se\/wp-content\/uploads\/2021\/04\/Prisma-DI-Stella-Polaris_320x215_210427-01.jpg 320w\" data-sizes=\"auto\" \/><div class=\"fusion-rollover\">\n\t<div class=\"fusion-rollover-content\">\n\n\t\t\t\t\t\t\t\t\t\t\t\t\t\t<a class=\"fusion-rollover-link\" href=\"https:\/\/www.prismatibro.se\/en\/portfolio\/stella-polaris-how-to-use-prisma-di\/?portfolioCats=532%2C537\" target=\"_blank\">Stella Polaris \u2013 How to use Prisma DI<\/a>\n\t\t\t\n\t\t\t\t\t\t\t\t\n\t\t\n\t\t\t\t\t\t\t\t\t\t\t\t<h4 class=\"fusion-rollover-title\">\n\t\t\t\t\t<a class=\"fusion-rollover-title-link\" href=\"https:\/\/www.prismatibro.se\/en\/portfolio\/stella-polaris-how-to-use-prisma-di\/?portfolioCats=532%2C537\" target=\"_blank\">\n\t\t\t\t\t\tStella Polaris \u2013 How to use Prisma DI\t\t\t\t\t<\/a>\n\t\t\t\t<\/h4>\n\t\t\t\n\t\t\t\t\t\t\t\t\n\t\t\n\t\t\t\t\t\t<a class=\"fusion-link-wrapper\" href=\"https:\/\/www.prismatibro.se\/en\/portfolio\/stella-polaris-how-to-use-prisma-di\/?portfolioCats=532%2C537\" target=\"_blank\" aria-label=\"Stella Polaris \u2013 How to use Prisma DI\"><\/a>\n\t<\/div>\n<\/div>\n<\/div>\n<\/div><\/article><\/div><\/div><\/div><\/div><\/div><\/div>\n","protected":false},"excerpt":{"rendered":"","protected":false},"author":18,"featured_media":34865,"parent":0,"menu_order":0,"comment_status":"closed","ping_status":"open","template":"","meta":{"footnotes":""},"class_list":["post-7327","page","type-page","status-publish","has-post-thumbnail","hentry"],"yoast_head":"<!-- This site is optimized with the Yoast SEO plugin v27.4 - https:\/\/yoast.com\/product\/yoast-seo-wordpress\/ -->\n<title>Prisma DI - Images &amp; Videos | PrismaTibro<\/title>\n<meta name=\"description\" content=\"Prisma DI - Image &amp; Video. Products and useful images to better understand. Please let us know if something is missing\/wanted.\" \/>\n<meta name=\"robots\" content=\"index, follow, max-snippet:-1, max-image-preview:large, max-video-preview:-1\" \/>\n<link rel=\"canonical\" href=\"https:\/\/www.prismatibro.se\/en\/bv-di\/\" \/>\n<meta property=\"og:locale\" content=\"en_US\" \/>\n<meta property=\"og:type\" content=\"article\" \/>\n<meta property=\"og:title\" content=\"Prisma DI - Images &amp; Videos | PrismaTibro\" \/>\n<meta property=\"og:description\" content=\"Prisma DI - Image &amp; Video. Products and useful images to better understand. Please let us know if something is missing\/wanted.\" \/>\n<meta property=\"og:url\" content=\"https:\/\/www.prismatibro.se\/en\/bv-di\/\" \/>\n<meta property=\"og:site_name\" content=\"PrismaTibro\" \/>\n<meta property=\"article:modified_time\" content=\"2026-01-16T13:58:27+00:00\" \/>\n<meta property=\"og:image\" content=\"https:\/\/www.prismatibro.se\/wp-content\/uploads\/2021\/08\/PT_Bild-Video_800x504_210820-01.jpg\" \/>\n\t<meta property=\"og:image:width\" content=\"800\" \/>\n\t<meta property=\"og:image:height\" content=\"504\" \/>\n\t<meta property=\"og:image:type\" content=\"image\/jpeg\" \/>\n<meta name=\"twitter:card\" content=\"summary_large_image\" \/>\n<meta name=\"twitter:label1\" content=\"Est. reading time\" \/>\n\t<meta name=\"twitter:data1\" content=\"2 minutes\" \/>\n<script type=\"application\/ld+json\" class=\"yoast-schema-graph\">{\"@context\":\"https:\\\/\\\/schema.org\",\"@graph\":[{\"@type\":\"WebPage\",\"@id\":\"https:\\\/\\\/www.prismatibro.se\\\/en\\\/bv-di\\\/\",\"url\":\"https:\\\/\\\/www.prismatibro.se\\\/en\\\/bv-di\\\/\",\"name\":\"Prisma DI - Images & Videos | PrismaTibro\",\"isPartOf\":{\"@id\":\"https:\\\/\\\/www.prismatibro.se\\\/en\\\/#website\"},\"primaryImageOfPage\":{\"@id\":\"https:\\\/\\\/www.prismatibro.se\\\/en\\\/bv-di\\\/#primaryimage\"},\"image\":{\"@id\":\"https:\\\/\\\/www.prismatibro.se\\\/en\\\/bv-di\\\/#primaryimage\"},\"thumbnailUrl\":\"https:\\\/\\\/www.prismatibro.se\\\/wp-content\\\/uploads\\\/2021\\\/08\\\/PT_Bild-Video_800x504_210820-01.jpg\",\"datePublished\":\"2026-01-16T05:00:09+00:00\",\"dateModified\":\"2026-01-16T13:58:27+00:00\",\"description\":\"Prisma DI - Image & Video. Products and useful images to better understand. Please let us know if something is missing\\\/wanted.\",\"breadcrumb\":{\"@id\":\"https:\\\/\\\/www.prismatibro.se\\\/en\\\/bv-di\\\/#breadcrumb\"},\"inLanguage\":\"en-US\",\"potentialAction\":[{\"@type\":\"ReadAction\",\"target\":[\"https:\\\/\\\/www.prismatibro.se\\\/en\\\/bv-di\\\/\"]}]},{\"@type\":\"ImageObject\",\"inLanguage\":\"en-US\",\"@id\":\"https:\\\/\\\/www.prismatibro.se\\\/en\\\/bv-di\\\/#primaryimage\",\"url\":\"https:\\\/\\\/www.prismatibro.se\\\/wp-content\\\/uploads\\\/2021\\\/08\\\/PT_Bild-Video_800x504_210820-01.jpg\",\"contentUrl\":\"https:\\\/\\\/www.prismatibro.se\\\/wp-content\\\/uploads\\\/2021\\\/08\\\/PT_Bild-Video_800x504_210820-01.jpg\",\"width\":800,\"height\":504,\"caption\":\"PrismaTibro\"},{\"@type\":\"BreadcrumbList\",\"@id\":\"https:\\\/\\\/www.prismatibro.se\\\/en\\\/bv-di\\\/#breadcrumb\",\"itemListElement\":[{\"@type\":\"ListItem\",\"position\":1,\"name\":\"Hem\",\"item\":\"https:\\\/\\\/www.prismatibro.se\\\/en\\\/\"},{\"@type\":\"ListItem\",\"position\":2,\"name\":\"Prisma DI &#8211; Images &#038; Videos\"}]},{\"@type\":\"WebSite\",\"@id\":\"https:\\\/\\\/www.prismatibro.se\\\/en\\\/#website\",\"url\":\"https:\\\/\\\/www.prismatibro.se\\\/en\\\/\",\"name\":\"PrismaTibro Sweden\",\"description\":\"Pedestrian Signal, \u00d6verg\u00e5ngssignal, D\u00f6rr\u00f6ppnare, Deflection Indikator, LED gatubelysning\",\"publisher\":{\"@id\":\"https:\\\/\\\/www.prismatibro.se\\\/en\\\/#organization\"},\"potentialAction\":[{\"@type\":\"SearchAction\",\"target\":{\"@type\":\"EntryPoint\",\"urlTemplate\":\"https:\\\/\\\/www.prismatibro.se\\\/en\\\/?s={search_term_string}\"},\"query-input\":{\"@type\":\"PropertyValueSpecification\",\"valueRequired\":true,\"valueName\":\"search_term_string\"}}],\"inLanguage\":\"en-US\"},{\"@type\":\"Organization\",\"@id\":\"https:\\\/\\\/www.prismatibro.se\\\/en\\\/#organization\",\"name\":\"PrismaTibro\",\"url\":\"https:\\\/\\\/www.prismatibro.se\\\/en\\\/\",\"logo\":{\"@type\":\"ImageObject\",\"inLanguage\":\"en-US\",\"@id\":\"https:\\\/\\\/www.prismatibro.se\\\/en\\\/#\\\/schema\\\/logo\\\/image\\\/\",\"url\":\"https:\\\/\\\/www.prismatibro.se\\\/wp-content\\\/uploads\\\/2017\\\/08\\\/PrismaTibro_logo_207x52_170807-01@2x.png\",\"contentUrl\":\"https:\\\/\\\/www.prismatibro.se\\\/wp-content\\\/uploads\\\/2017\\\/08\\\/PrismaTibro_logo_207x52_170807-01@2x.png\",\"width\":414,\"height\":104,\"caption\":\"PrismaTibro\"},\"image\":{\"@id\":\"https:\\\/\\\/www.prismatibro.se\\\/en\\\/#\\\/schema\\\/logo\\\/image\\\/\"},\"sameAs\":[\"https:\\\/\\\/www.linkedin.com\\\/company\\\/prismatibro\"]}]}<\/script>\n<!-- \/ Yoast SEO plugin. -->","yoast_head_json":{"title":"Prisma DI - Images & Videos | PrismaTibro","description":"Prisma DI - Image & Video. Products and useful images to better understand. Please let us know if something is missing\/wanted.","robots":{"index":"index","follow":"follow","max-snippet":"max-snippet:-1","max-image-preview":"max-image-preview:large","max-video-preview":"max-video-preview:-1"},"canonical":"https:\/\/www.prismatibro.se\/en\/bv-di\/","og_locale":"en_US","og_type":"article","og_title":"Prisma DI - Images & Videos | PrismaTibro","og_description":"Prisma DI - Image & Video. Products and useful images to better understand. Please let us know if something is missing\/wanted.","og_url":"https:\/\/www.prismatibro.se\/en\/bv-di\/","og_site_name":"PrismaTibro","article_modified_time":"2026-01-16T13:58:27+00:00","og_image":[{"width":800,"height":504,"url":"https:\/\/www.prismatibro.se\/wp-content\/uploads\/2021\/08\/PT_Bild-Video_800x504_210820-01.jpg","type":"image\/jpeg"}],"twitter_card":"summary_large_image","twitter_misc":{"Est. reading time":"2 minutes"},"schema":{"@context":"https:\/\/schema.org","@graph":[{"@type":"WebPage","@id":"https:\/\/www.prismatibro.se\/en\/bv-di\/","url":"https:\/\/www.prismatibro.se\/en\/bv-di\/","name":"Prisma DI - Images & Videos | PrismaTibro","isPartOf":{"@id":"https:\/\/www.prismatibro.se\/en\/#website"},"primaryImageOfPage":{"@id":"https:\/\/www.prismatibro.se\/en\/bv-di\/#primaryimage"},"image":{"@id":"https:\/\/www.prismatibro.se\/en\/bv-di\/#primaryimage"},"thumbnailUrl":"https:\/\/www.prismatibro.se\/wp-content\/uploads\/2021\/08\/PT_Bild-Video_800x504_210820-01.jpg","datePublished":"2026-01-16T05:00:09+00:00","dateModified":"2026-01-16T13:58:27+00:00","description":"Prisma DI - Image & Video. Products and useful images to better understand. Please let us know if something is missing\/wanted.","breadcrumb":{"@id":"https:\/\/www.prismatibro.se\/en\/bv-di\/#breadcrumb"},"inLanguage":"en-US","potentialAction":[{"@type":"ReadAction","target":["https:\/\/www.prismatibro.se\/en\/bv-di\/"]}]},{"@type":"ImageObject","inLanguage":"en-US","@id":"https:\/\/www.prismatibro.se\/en\/bv-di\/#primaryimage","url":"https:\/\/www.prismatibro.se\/wp-content\/uploads\/2021\/08\/PT_Bild-Video_800x504_210820-01.jpg","contentUrl":"https:\/\/www.prismatibro.se\/wp-content\/uploads\/2021\/08\/PT_Bild-Video_800x504_210820-01.jpg","width":800,"height":504,"caption":"PrismaTibro"},{"@type":"BreadcrumbList","@id":"https:\/\/www.prismatibro.se\/en\/bv-di\/#breadcrumb","itemListElement":[{"@type":"ListItem","position":1,"name":"Hem","item":"https:\/\/www.prismatibro.se\/en\/"},{"@type":"ListItem","position":2,"name":"Prisma DI &#8211; Images &#038; Videos"}]},{"@type":"WebSite","@id":"https:\/\/www.prismatibro.se\/en\/#website","url":"https:\/\/www.prismatibro.se\/en\/","name":"PrismaTibro Sweden","description":"Pedestrian Signal, \u00d6verg\u00e5ngssignal, D\u00f6rr\u00f6ppnare, Deflection Indikator, LED gatubelysning","publisher":{"@id":"https:\/\/www.prismatibro.se\/en\/#organization"},"potentialAction":[{"@type":"SearchAction","target":{"@type":"EntryPoint","urlTemplate":"https:\/\/www.prismatibro.se\/en\/?s={search_term_string}"},"query-input":{"@type":"PropertyValueSpecification","valueRequired":true,"valueName":"search_term_string"}}],"inLanguage":"en-US"},{"@type":"Organization","@id":"https:\/\/www.prismatibro.se\/en\/#organization","name":"PrismaTibro","url":"https:\/\/www.prismatibro.se\/en\/","logo":{"@type":"ImageObject","inLanguage":"en-US","@id":"https:\/\/www.prismatibro.se\/en\/#\/schema\/logo\/image\/","url":"https:\/\/www.prismatibro.se\/wp-content\/uploads\/2017\/08\/PrismaTibro_logo_207x52_170807-01@2x.png","contentUrl":"https:\/\/www.prismatibro.se\/wp-content\/uploads\/2017\/08\/PrismaTibro_logo_207x52_170807-01@2x.png","width":414,"height":104,"caption":"PrismaTibro"},"image":{"@id":"https:\/\/www.prismatibro.se\/en\/#\/schema\/logo\/image\/"},"sameAs":["https:\/\/www.linkedin.com\/company\/prismatibro"]}]}},"_links":{"self":[{"href":"https:\/\/www.prismatibro.se\/en\/wp-json\/wp\/v2\/pages\/7327","targetHints":{"allow":["GET"]}}],"collection":[{"href":"https:\/\/www.prismatibro.se\/en\/wp-json\/wp\/v2\/pages"}],"about":[{"href":"https:\/\/www.prismatibro.se\/en\/wp-json\/wp\/v2\/types\/page"}],"author":[{"embeddable":true,"href":"https:\/\/www.prismatibro.se\/en\/wp-json\/wp\/v2\/users\/18"}],"replies":[{"embeddable":true,"href":"https:\/\/www.prismatibro.se\/en\/wp-json\/wp\/v2\/comments?post=7327"}],"version-history":[{"count":12,"href":"https:\/\/www.prismatibro.se\/en\/wp-json\/wp\/v2\/pages\/7327\/revisions"}],"predecessor-version":[{"id":66683,"href":"https:\/\/www.prismatibro.se\/en\/wp-json\/wp\/v2\/pages\/7327\/revisions\/66683"}],"wp:featuredmedia":[{"embeddable":true,"href":"https:\/\/www.prismatibro.se\/en\/wp-json\/wp\/v2\/media\/34865"}],"wp:attachment":[{"href":"https:\/\/www.prismatibro.se\/en\/wp-json\/wp\/v2\/media?parent=7327"}],"curies":[{"name":"wp","href":"https:\/\/api.w.org\/{rel}","templated":true}]}}