{"id":7321,"date":"2014-09-11T15:50:31","date_gmt":"2014-09-11T13:50:31","guid":{"rendered":"http:\/\/www.prismatibro.se\/?page_id=7321"},"modified":"2025-01-29T15:10:52","modified_gmt":"2025-01-29T14:10:52","slug":"bv-da","status":"publish","type":"page","link":"https:\/\/www.prismatibro.se\/en\/bv-da\/","title":{"rendered":"Prisma Daps &#8211; Images &#038; Videos"},"content":{"rendered":"<div class=\"fusion-fullwidth fullwidth-box fusion-builder-row-1 fusion-flex-container hundred-percent-fullwidth non-hundred-percent-height-scrolling\" style=\"--awb-border-radius-top-left:0px;--awb-border-radius-top-right:0px;--awb-border-radius-bottom-right:0px;--awb-border-radius-bottom-left:0px;--awb-overflow:visible;--awb-flex-wrap:wrap;\" ><div class=\"fusion-builder-row fusion-row fusion-flex-align-items-flex-start fusion-flex-content-wrap\" style=\"width:104% !important;max-width:104% !important;margin-left: calc(-4% \/ 2 );margin-right: calc(-4% \/ 2 );\"><div class=\"fusion-layout-column fusion_builder_column fusion-builder-column-0 fusion_builder_column_1_1 1_1 fusion-flex-column fusion-flex-align-self-flex-start fusion-column-no-min-height\" style=\"--awb-bg-size:cover;--awb-width-large:100%;--awb-margin-top-large:0px;--awb-spacing-right-large:1.92%;--awb-margin-bottom-large:0px;--awb-spacing-left-large:1.92%;--awb-width-medium:100%;--awb-spacing-right-medium:1.92%;--awb-spacing-left-medium:1.92%;--awb-width-small:100%;--awb-spacing-right-small:1.92%;--awb-spacing-left-small:1.92%;\"><div class=\"fusion-column-wrapper fusion-flex-justify-content-flex-start fusion-content-layout-column\"><div class=\"fusion-text fusion-text-1\"><h1>Images &amp; Videos<\/h1>\n<p>Click on the image to download or play.<\/p>\n<\/div><div class=\"fusion-separator fusion-full-width-sep\" style=\"align-self: center;margin-left: auto;margin-right: auto;margin-top:5px;margin-bottom:5px;width:100%;\"><div class=\"fusion-separator-border sep-single sep-solid\" style=\"--awb-height:20px;--awb-amount:20px;--awb-sep-color:#ffffff;border-color:#ffffff;border-top-width:1px;\"><\/div><\/div><div class=\"fusion-recent-works fusion-portfolio-element fusion-portfolio fusion-portfolio-1 fusion-portfolio-grid fusion-portfolio-paging-pagination fusion-portfolio-four fusion-portfolio-no_text fusion-portfolio-rollover\" data-id=\"-rw-1\" data-columns=\"four\"><div><ul class=\"fusion-filters\" role=\"menu\" aria-label=\"Portfolio Filters\"><li role=\"presentation\" class=\"fusion-filter fusion-filter-all fusion-active\"><a href=\"#\" data-filter=\"*\" role=\"menuitem\">All<\/a><\/li><li role=\"presentation\" class=\"fusion-filter fusion-hidden\"><a href=\"#\" data-filter=\".daps-image-high\" role=\"menuitem\">Image<\/a><\/li><li role=\"presentation\" class=\"fusion-filter fusion-hidden\"><a href=\"#\" data-filter=\".daps-video-en\" role=\"menuitem\">Video<\/a><\/li><\/ul><\/div><style type=\"text\/css\">.fusion-portfolio-1 .fusion-portfolio-wrapper .fusion-col-spacing{padding:6px;}<\/style><div class=\"fusion-portfolio-wrapper\" id=\"fusion-portfolio-1\" data-picturesize=\"fixed\" data-pages=\"0\" style=\"margin:-6px;\"><article id=\"portfolio-1-post-23247\" class=\"fusion-portfolio-post daps-image-high fusion-col-spacing post-23247\"><div class=\"fusion-portfolio-content-wrapper\" style=\"border:none;\"><span class=\"entry-title rich-snippet-hidden\">Prisma Daps ES-410 1090&#215;958<\/span><span class=\"updated rich-snippet-hidden\">2025-01-29T15:37:43+01:00<\/span><div  class=\"fusion-image-wrapper fusion-image-size-fixed\" aria-haspopup=\"true\">\n\t\t\t\t<img decoding=\"async\" width=\"300\" height=\"214\" src=\"data:image\/svg+xml,%3Csvg%20xmlns%3D%27http%3A%2F%2Fwww.w3.org%2F2000%2Fsvg%27%20width%3D%27300%27%20height%3D%27214%27%20viewBox%3D%270%200%20300%20214%27%3E%3Crect%20width%3D%27300%27%20height%3D%27214%27%20fill-opacity%3D%220%22%2F%3E%3C%2Fsvg%3E\" data-orig-src=\"https:\/\/www.prismatibro.se\/wp-content\/uploads\/2020\/10\/DA_ES-410_1920x1080_250129-01-300x214.jpg\" class=\"lazyload attachment-portfolio-three size-portfolio-three wp-post-image\" alt=\"Prisma Daps ES-410\" \/><div class=\"fusion-rollover\">\n\t<div class=\"fusion-rollover-content\">\n\n\t\t\t\t\t\t\t\t\t\t\t\t\t\t<a class=\"fusion-rollover-link\" href=\"https:\/\/www.prismatibro.se\/dl\/da\/image_high\/Prisma-Daps-ES-410_1090x958_250129-01.jpg\" target=\"_blank\">https:\/\/www.prismatibro.se\/dl\/da\/image_high\/Prisma-Daps-ES-410_1090x958_250129-01.jpg<\/a>\n\t\t\t\n\t\t\t\t\t\t\t\t\n\t\t\n\t\t\t\t\t\t\t\t\t\t\t\t<h4 class=\"fusion-rollover-title\">\n\t\t\t\t\t<a class=\"fusion-rollover-title-link\" href=\"https:\/\/www.prismatibro.se\/dl\/da\/image_high\/Prisma-Daps-ES-410_1090x958_250129-01.jpg\" target=\"_blank\">\n\t\t\t\t\t\tPrisma Daps ES-410 1090&#215;958\t\t\t\t\t<\/a>\n\t\t\t\t<\/h4>\n\t\t\t\n\t\t\t\t\t\t\t\t\n\t\t\n\t\t\t\t\t\t<a class=\"fusion-link-wrapper\" href=\"https:\/\/www.prismatibro.se\/dl\/da\/image_high\/Prisma-Daps-ES-410_1090x958_250129-01.jpg\" target=\"_blank\" aria-label=\"Prisma Daps ES-410 1090&#215;958\"><\/a>\n\t<\/div>\n<\/div>\n<\/div>\n<\/div><\/article><article id=\"portfolio-1-post-29926\" class=\"fusion-portfolio-post daps-image-high fusion-col-spacing post-29926\"><div class=\"fusion-portfolio-content-wrapper\" style=\"border:none;\"><span class=\"entry-title rich-snippet-hidden\">Prisma Daps ES-411 1090&#215;958<\/span><span class=\"updated rich-snippet-hidden\">2025-01-29T15:38:07+01:00<\/span><div  class=\"fusion-image-wrapper fusion-image-size-fixed\" aria-haspopup=\"true\">\n\t\t\t\t<img decoding=\"async\" width=\"300\" height=\"214\" src=\"data:image\/svg+xml,%3Csvg%20xmlns%3D%27http%3A%2F%2Fwww.w3.org%2F2000%2Fsvg%27%20width%3D%27300%27%20height%3D%27214%27%20viewBox%3D%270%200%20300%20214%27%3E%3Crect%20width%3D%27300%27%20height%3D%27214%27%20fill-opacity%3D%220%22%2F%3E%3C%2Fsvg%3E\" data-orig-src=\"https:\/\/www.prismatibro.se\/wp-content\/uploads\/2020\/10\/DA_ES-411_1920x1080_250129-01-300x214.jpg\" class=\"lazyload attachment-portfolio-three size-portfolio-three wp-post-image\" alt=\"Prisma Daps ES-412\" \/><div class=\"fusion-rollover\">\n\t<div class=\"fusion-rollover-content\">\n\n\t\t\t\t\t\t\t\t\t\t\t\t\t\t<a class=\"fusion-rollover-link\" href=\"https:\/\/www.prismatibro.se\/dl\/da\/image_high\/Prisma-Daps-ES-411_1090x958_250129-01.jpg\" target=\"_blank\">https:\/\/www.prismatibro.se\/dl\/da\/image_high\/Prisma-Daps-ES-411_1090x958_250129-01.jpg<\/a>\n\t\t\t\n\t\t\t\t\t\t\t\t\n\t\t\n\t\t\t\t\t\t\t\t\t\t\t\t<h4 class=\"fusion-rollover-title\">\n\t\t\t\t\t<a class=\"fusion-rollover-title-link\" href=\"https:\/\/www.prismatibro.se\/dl\/da\/image_high\/Prisma-Daps-ES-411_1090x958_250129-01.jpg\" target=\"_blank\">\n\t\t\t\t\t\tPrisma Daps ES-411 1090&#215;958\t\t\t\t\t<\/a>\n\t\t\t\t<\/h4>\n\t\t\t\n\t\t\t\t\t\t\t\t\n\t\t\n\t\t\t\t\t\t<a class=\"fusion-link-wrapper\" href=\"https:\/\/www.prismatibro.se\/dl\/da\/image_high\/Prisma-Daps-ES-411_1090x958_250129-01.jpg\" target=\"_blank\" aria-label=\"Prisma Daps ES-411 1090&#215;958\"><\/a>\n\t<\/div>\n<\/div>\n<\/div>\n<\/div><\/article><article id=\"portfolio-1-post-63824\" class=\"fusion-portfolio-post daps-image-high fusion-col-spacing post-63824\"><div class=\"fusion-portfolio-content-wrapper\" style=\"border:none;\"><span class=\"entry-title rich-snippet-hidden\">Prisma Daps ES-412 1090&#215;958<\/span><span class=\"updated rich-snippet-hidden\">2025-02-07T11:02:46+01:00<\/span><div  class=\"fusion-image-wrapper fusion-image-size-fixed\" aria-haspopup=\"true\">\n\t\t\t\t<img decoding=\"async\" width=\"300\" height=\"214\" src=\"data:image\/svg+xml,%3Csvg%20xmlns%3D%27http%3A%2F%2Fwww.w3.org%2F2000%2Fsvg%27%20width%3D%27300%27%20height%3D%27214%27%20viewBox%3D%270%200%20300%20214%27%3E%3Crect%20width%3D%27300%27%20height%3D%27214%27%20fill-opacity%3D%220%22%2F%3E%3C%2Fsvg%3E\" data-orig-src=\"https:\/\/www.prismatibro.se\/wp-content\/uploads\/2020\/10\/DA_ES-412_1920x1080_250129-01-300x214.jpg\" class=\"lazyload attachment-portfolio-three size-portfolio-three wp-post-image\" alt=\"Prisma Daps ES-411\" \/><div class=\"fusion-rollover\">\n\t<div class=\"fusion-rollover-content\">\n\n\t\t\t\t\t\t\t\t\t\t\t\t\t\t<a class=\"fusion-rollover-link\" href=\"https:\/\/www.prismatibro.se\/dl\/da\/image_high\/Prisma-Daps-ES-412_1090x958_250207-01.jpg\" target=\"_blank\">https:\/\/www.prismatibro.se\/dl\/da\/image_high\/Prisma-Daps-ES-412_1090x958_250207-01.jpg<\/a>\n\t\t\t\n\t\t\t\t\t\t\t\t\n\t\t\n\t\t\t\t\t\t\t\t\t\t\t\t<h4 class=\"fusion-rollover-title\">\n\t\t\t\t\t<a class=\"fusion-rollover-title-link\" href=\"https:\/\/www.prismatibro.se\/dl\/da\/image_high\/Prisma-Daps-ES-412_1090x958_250207-01.jpg\" target=\"_blank\">\n\t\t\t\t\t\tPrisma Daps ES-412 1090&#215;958\t\t\t\t\t<\/a>\n\t\t\t\t<\/h4>\n\t\t\t\n\t\t\t\t\t\t\t\t\n\t\t\n\t\t\t\t\t\t<a class=\"fusion-link-wrapper\" href=\"https:\/\/www.prismatibro.se\/dl\/da\/image_high\/Prisma-Daps-ES-412_1090x958_250207-01.jpg\" target=\"_blank\" aria-label=\"Prisma Daps ES-412 1090&#215;958\"><\/a>\n\t<\/div>\n<\/div>\n<\/div>\n<\/div><\/article><article id=\"portfolio-1-post-50581\" class=\"fusion-portfolio-post daps-video-en video-en-2 fusion-col-spacing post-50581\"><div class=\"fusion-portfolio-content-wrapper\" style=\"border:none;\"><span class=\"entry-title rich-snippet-hidden\">Prisma Daps and Prisma Light smart combination<\/span><span class=\"updated rich-snippet-hidden\">2023-02-10T14:04:50+01:00<\/span><div  class=\"fusion-image-wrapper fusion-image-size-fixed\" aria-haspopup=\"true\">\n\t\t\t\t<img decoding=\"async\" width=\"300\" height=\"214\" src=\"data:image\/svg+xml,%3Csvg%20xmlns%3D%27http%3A%2F%2Fwww.w3.org%2F2000%2Fsvg%27%20width%3D%27300%27%20height%3D%27214%27%20viewBox%3D%270%200%20300%20214%27%3E%3Crect%20width%3D%27300%27%20height%3D%27214%27%20fill-opacity%3D%220%22%2F%3E%3C%2Fsvg%3E\" data-orig-src=\"https:\/\/www.prismatibro.se\/wp-content\/uploads\/2021\/11\/DA_EL_ActionPark_800x600_211119-01-300x214.jpg\" class=\"lazyload attachment-portfolio-three size-portfolio-three wp-post-image\" alt=\"Prisma Daps\" \/><div class=\"fusion-rollover\">\n\t<div class=\"fusion-rollover-content\">\n\n\t\t\t\t\t\t\t\t\t\t\t\t\t\t<a class=\"fusion-rollover-link\" href=\"https:\/\/www.prismatibro.se\/en\/portfolio\/prisma-daps-and-prisma-light-smart-combination\/?portfolioCats=533%2C595%2C538\" target=\"_blank\">Prisma Daps and Prisma Light smart combination<\/a>\n\t\t\t\n\t\t\t\t\t\t\t\t\n\t\t\n\t\t\t\t\t\t\t\t\t\t\t\t<h4 class=\"fusion-rollover-title\">\n\t\t\t\t\t<a class=\"fusion-rollover-title-link\" href=\"https:\/\/www.prismatibro.se\/en\/portfolio\/prisma-daps-and-prisma-light-smart-combination\/?portfolioCats=533%2C595%2C538\" target=\"_blank\">\n\t\t\t\t\t\tPrisma Daps and Prisma Light smart combination\t\t\t\t\t<\/a>\n\t\t\t\t<\/h4>\n\t\t\t\n\t\t\t\t\t\t\t\t\n\t\t\n\t\t\t\t\t\t<a class=\"fusion-link-wrapper\" href=\"https:\/\/www.prismatibro.se\/en\/portfolio\/prisma-daps-and-prisma-light-smart-combination\/?portfolioCats=533%2C595%2C538\" target=\"_blank\" aria-label=\"Prisma Daps and Prisma Light smart combination\"><\/a>\n\t<\/div>\n<\/div>\n<\/div>\n<\/div><\/article><article id=\"portfolio-1-post-35109\" class=\"fusion-portfolio-post daps-video-en fusion-col-spacing post-35109\"><div class=\"fusion-portfolio-content-wrapper\" style=\"border:none;\"><span class=\"entry-title rich-snippet-hidden\">Prisma Daps Touch, Video of how it works<\/span><span class=\"updated rich-snippet-hidden\">2023-02-06T14:52:47+01:00<\/span><div  class=\"fusion-image-wrapper fusion-image-size-fixed\" aria-haspopup=\"true\">\n\t\t\t\t<img decoding=\"async\" width=\"300\" height=\"214\" src=\"data:image\/svg+xml,%3Csvg%20xmlns%3D%27http%3A%2F%2Fwww.w3.org%2F2000%2Fsvg%27%20width%3D%27300%27%20height%3D%27214%27%20viewBox%3D%270%200%20300%20214%27%3E%3Crect%20width%3D%27300%27%20height%3D%27214%27%20fill-opacity%3D%220%22%2F%3E%3C%2Fsvg%3E\" data-orig-src=\"https:\/\/www.prismatibro.se\/wp-content\/uploads\/2021\/06\/Prisma-Daps_relief-film_800x600_210622-01-300x214.jpg\" class=\"lazyload attachment-portfolio-three size-portfolio-three wp-post-image\" alt=\"Prisma Daps\" \/><div class=\"fusion-rollover\">\n\t<div class=\"fusion-rollover-content\">\n\n\t\t\t\t\t\t\t\t\t\t\t\t\t\t<a class=\"fusion-rollover-link\" href=\"https:\/\/www.prismatibro.se\/en\/portfolio\/prisma-daps-touch-relief-symbols-rfid-extended-push-spoken-message\/?portfolioCats=533%2C595%2C538\" target=\"_blank\">Prisma Daps Touch, Video of how it works<\/a>\n\t\t\t\n\t\t\t\t\t\t\t\t\n\t\t\n\t\t\t\t\t\t\t\t\t\t\t\t<h4 class=\"fusion-rollover-title\">\n\t\t\t\t\t<a class=\"fusion-rollover-title-link\" href=\"https:\/\/www.prismatibro.se\/en\/portfolio\/prisma-daps-touch-relief-symbols-rfid-extended-push-spoken-message\/?portfolioCats=533%2C595%2C538\" target=\"_blank\">\n\t\t\t\t\t\tPrisma Daps Touch, Video of how it works\t\t\t\t\t<\/a>\n\t\t\t\t<\/h4>\n\t\t\t\n\t\t\t\t\t\t\t\t\n\t\t\n\t\t\t\t\t\t<a class=\"fusion-link-wrapper\" href=\"https:\/\/www.prismatibro.se\/en\/portfolio\/prisma-daps-touch-relief-symbols-rfid-extended-push-spoken-message\/?portfolioCats=533%2C595%2C538\" target=\"_blank\" aria-label=\"Prisma Daps Touch, Video of how it works\"><\/a>\n\t<\/div>\n<\/div>\n<\/div>\n<\/div><\/article><article id=\"portfolio-1-post-33465\" class=\"fusion-portfolio-post daps-video-en fusion-col-spacing post-33465\"><div class=\"fusion-portfolio-content-wrapper\" style=\"border:none;\"><span class=\"entry-title rich-snippet-hidden\">Prisma Daps Detect Swipe<\/span><span class=\"updated rich-snippet-hidden\">2022-12-08T15:39:15+01:00<\/span><div  class=\"fusion-image-wrapper fusion-image-size-fixed\" aria-haspopup=\"true\">\n\t\t\t\t<img decoding=\"async\" width=\"300\" height=\"214\" src=\"data:image\/svg+xml,%3Csvg%20xmlns%3D%27http%3A%2F%2Fwww.w3.org%2F2000%2Fsvg%27%20width%3D%27300%27%20height%3D%27214%27%20viewBox%3D%270%200%20300%20214%27%3E%3Crect%20width%3D%27300%27%20height%3D%27214%27%20fill-opacity%3D%220%22%2F%3E%3C%2Fsvg%3E\" data-orig-src=\"https:\/\/www.prismatibro.se\/wp-content\/uploads\/2021\/06\/Prisma-Daps_swipe-film_800x600_210622-01-300x214.jpg\" class=\"lazyload attachment-portfolio-three size-portfolio-three wp-post-image\" alt=\"Prisma Light\" \/><div class=\"fusion-rollover\">\n\t<div class=\"fusion-rollover-content\">\n\n\t\t\t\t\t\t\t\t\t\t\t\t\t\t<a class=\"fusion-rollover-link\" href=\"https:\/\/www.prismatibro.se\/en\/portfolio\/prisma-daps-detect-swipe\/?portfolioCats=533%2C595%2C538\" target=\"_blank\">Prisma Daps Detect Swipe<\/a>\n\t\t\t\n\t\t\t\t\t\t\t\t\n\t\t\n\t\t\t\t\t\t\t\t\t\t\t\t<h4 class=\"fusion-rollover-title\">\n\t\t\t\t\t<a class=\"fusion-rollover-title-link\" href=\"https:\/\/www.prismatibro.se\/en\/portfolio\/prisma-daps-detect-swipe\/?portfolioCats=533%2C595%2C538\" target=\"_blank\">\n\t\t\t\t\t\tPrisma Daps Detect Swipe\t\t\t\t\t<\/a>\n\t\t\t\t<\/h4>\n\t\t\t\n\t\t\t\t\t\t\t\t\n\t\t\n\t\t\t\t\t\t<a class=\"fusion-link-wrapper\" href=\"https:\/\/www.prismatibro.se\/en\/portfolio\/prisma-daps-detect-swipe\/?portfolioCats=533%2C595%2C538\" target=\"_blank\" aria-label=\"Prisma Daps Detect Swipe\"><\/a>\n\t<\/div>\n<\/div>\n<\/div>\n<\/div><\/article><article id=\"portfolio-1-post-33461\" class=\"fusion-portfolio-post daps-video-en video-en-bv-prisma-en fusion-col-spacing post-33461\"><div class=\"fusion-portfolio-content-wrapper\" style=\"border:none;\"><span class=\"entry-title rich-snippet-hidden\">Prisma Daps Detect<\/span><span class=\"updated rich-snippet-hidden\">2023-02-06T16:20:07+01:00<\/span><div  class=\"fusion-image-wrapper fusion-image-size-fixed\" aria-haspopup=\"true\">\n\t\t\t\t<img decoding=\"async\" width=\"300\" height=\"214\" src=\"data:image\/svg+xml,%3Csvg%20xmlns%3D%27http%3A%2F%2Fwww.w3.org%2F2000%2Fsvg%27%20width%3D%27300%27%20height%3D%27214%27%20viewBox%3D%270%200%20300%20214%27%3E%3Crect%20width%3D%27300%27%20height%3D%27214%27%20fill-opacity%3D%220%22%2F%3E%3C%2Fsvg%3E\" data-orig-src=\"https:\/\/www.prismatibro.se\/wp-content\/uploads\/2021\/06\/Prisma-Daps_detect-film_800x600_210622-01-300x214.jpg\" class=\"lazyload attachment-portfolio-three size-portfolio-three wp-post-image\" alt=\"Prisma Daps Detect\" \/><div class=\"fusion-rollover\">\n\t<div class=\"fusion-rollover-content\">\n\n\t\t\t\t\t\t\t\t\t\t\t\t\t\t<a class=\"fusion-rollover-link\" href=\"https:\/\/www.prismatibro.se\/en\/portfolio\/prisma-daps-detect\/?portfolioCats=533%2C595%2C538\" target=\"_blank\">Prisma Daps Detect<\/a>\n\t\t\t\n\t\t\t\t\t\t\t\t\n\t\t\n\t\t\t\t\t\t\t\t\t\t\t\t<h4 class=\"fusion-rollover-title\">\n\t\t\t\t\t<a class=\"fusion-rollover-title-link\" href=\"https:\/\/www.prismatibro.se\/en\/portfolio\/prisma-daps-detect\/?portfolioCats=533%2C595%2C538\" target=\"_blank\">\n\t\t\t\t\t\tPrisma Daps Detect\t\t\t\t\t<\/a>\n\t\t\t\t<\/h4>\n\t\t\t\n\t\t\t\t\t\t\t\t\n\t\t\n\t\t\t\t\t\t<a class=\"fusion-link-wrapper\" href=\"https:\/\/www.prismatibro.se\/en\/portfolio\/prisma-daps-detect\/?portfolioCats=533%2C595%2C538\" target=\"_blank\" aria-label=\"Prisma Daps Detect\"><\/a>\n\t<\/div>\n<\/div>\n<\/div>\n<\/div><\/article><\/div><\/div><\/div><\/div><\/div><\/div>\n","protected":false},"excerpt":{"rendered":"<p>Images and videos for download or instruction.<\/p>\n","protected":false},"author":18,"featured_media":34865,"parent":0,"menu_order":0,"comment_status":"closed","ping_status":"open","template":"","meta":{"footnotes":""},"class_list":["post-7321","page","type-page","status-publish","has-post-thumbnail","hentry"],"yoast_head":"<!-- This site is optimized with the Yoast SEO plugin v27.4 - https:\/\/yoast.com\/product\/yoast-seo-wordpress\/ -->\n<title>Prisma Daps - Images &amp; Videos | PrismaTibro<\/title>\n<meta name=\"description\" content=\"Prisma Daps - Image &amp; Video. Products and useful images to better understand. Please let us know if something is missing\/wanted.\" \/>\n<meta name=\"robots\" content=\"index, follow, max-snippet:-1, max-image-preview:large, max-video-preview:-1\" \/>\n<link rel=\"canonical\" href=\"https:\/\/www.prismatibro.se\/en\/bv-da\/\" \/>\n<meta property=\"og:locale\" content=\"en_US\" \/>\n<meta property=\"og:type\" content=\"article\" \/>\n<meta property=\"og:title\" content=\"Prisma Daps - Images &amp; Videos | PrismaTibro\" \/>\n<meta property=\"og:description\" content=\"Prisma Daps - Image &amp; Video. Products and useful images to better understand. Please let us know if something is missing\/wanted.\" \/>\n<meta property=\"og:url\" content=\"https:\/\/www.prismatibro.se\/en\/bv-da\/\" \/>\n<meta property=\"og:site_name\" content=\"PrismaTibro\" \/>\n<meta property=\"article:modified_time\" content=\"2025-01-29T14:10:52+00:00\" \/>\n<meta property=\"og:image\" content=\"https:\/\/www.prismatibro.se\/wp-content\/uploads\/2021\/08\/PT_Bild-Video_800x504_210820-01.jpg\" \/>\n\t<meta property=\"og:image:width\" content=\"800\" \/>\n\t<meta property=\"og:image:height\" content=\"504\" \/>\n\t<meta property=\"og:image:type\" content=\"image\/jpeg\" \/>\n<meta name=\"twitter:card\" content=\"summary_large_image\" \/>\n<meta name=\"twitter:label1\" content=\"Est. reading time\" \/>\n\t<meta name=\"twitter:data1\" content=\"2 minutes\" \/>\n<script type=\"application\/ld+json\" class=\"yoast-schema-graph\">{\"@context\":\"https:\\\/\\\/schema.org\",\"@graph\":[{\"@type\":\"WebPage\",\"@id\":\"https:\\\/\\\/www.prismatibro.se\\\/en\\\/bv-da\\\/\",\"url\":\"https:\\\/\\\/www.prismatibro.se\\\/en\\\/bv-da\\\/\",\"name\":\"Prisma Daps - Images & Videos | PrismaTibro\",\"isPartOf\":{\"@id\":\"https:\\\/\\\/www.prismatibro.se\\\/en\\\/#website\"},\"primaryImageOfPage\":{\"@id\":\"https:\\\/\\\/www.prismatibro.se\\\/en\\\/bv-da\\\/#primaryimage\"},\"image\":{\"@id\":\"https:\\\/\\\/www.prismatibro.se\\\/en\\\/bv-da\\\/#primaryimage\"},\"thumbnailUrl\":\"https:\\\/\\\/www.prismatibro.se\\\/wp-content\\\/uploads\\\/2021\\\/08\\\/PT_Bild-Video_800x504_210820-01.jpg\",\"datePublished\":\"2014-09-11T13:50:31+00:00\",\"dateModified\":\"2025-01-29T14:10:52+00:00\",\"description\":\"Prisma Daps - Image & Video. Products and useful images to better understand. Please let us know if something is missing\\\/wanted.\",\"breadcrumb\":{\"@id\":\"https:\\\/\\\/www.prismatibro.se\\\/en\\\/bv-da\\\/#breadcrumb\"},\"inLanguage\":\"en-US\",\"potentialAction\":[{\"@type\":\"ReadAction\",\"target\":[\"https:\\\/\\\/www.prismatibro.se\\\/en\\\/bv-da\\\/\"]}]},{\"@type\":\"ImageObject\",\"inLanguage\":\"en-US\",\"@id\":\"https:\\\/\\\/www.prismatibro.se\\\/en\\\/bv-da\\\/#primaryimage\",\"url\":\"https:\\\/\\\/www.prismatibro.se\\\/wp-content\\\/uploads\\\/2021\\\/08\\\/PT_Bild-Video_800x504_210820-01.jpg\",\"contentUrl\":\"https:\\\/\\\/www.prismatibro.se\\\/wp-content\\\/uploads\\\/2021\\\/08\\\/PT_Bild-Video_800x504_210820-01.jpg\",\"width\":800,\"height\":504,\"caption\":\"PrismaTibro\"},{\"@type\":\"BreadcrumbList\",\"@id\":\"https:\\\/\\\/www.prismatibro.se\\\/en\\\/bv-da\\\/#breadcrumb\",\"itemListElement\":[{\"@type\":\"ListItem\",\"position\":1,\"name\":\"Hem\",\"item\":\"https:\\\/\\\/www.prismatibro.se\\\/en\\\/\"},{\"@type\":\"ListItem\",\"position\":2,\"name\":\"Prisma Daps &#8211; Images &#038; Videos\"}]},{\"@type\":\"WebSite\",\"@id\":\"https:\\\/\\\/www.prismatibro.se\\\/en\\\/#website\",\"url\":\"https:\\\/\\\/www.prismatibro.se\\\/en\\\/\",\"name\":\"PrismaTibro Sweden\",\"description\":\"Pedestrian Signal, \u00d6verg\u00e5ngssignal, D\u00f6rr\u00f6ppnare, Deflection Indikator, LED gatubelysning\",\"publisher\":{\"@id\":\"https:\\\/\\\/www.prismatibro.se\\\/en\\\/#organization\"},\"potentialAction\":[{\"@type\":\"SearchAction\",\"target\":{\"@type\":\"EntryPoint\",\"urlTemplate\":\"https:\\\/\\\/www.prismatibro.se\\\/en\\\/?s={search_term_string}\"},\"query-input\":{\"@type\":\"PropertyValueSpecification\",\"valueRequired\":true,\"valueName\":\"search_term_string\"}}],\"inLanguage\":\"en-US\"},{\"@type\":\"Organization\",\"@id\":\"https:\\\/\\\/www.prismatibro.se\\\/en\\\/#organization\",\"name\":\"PrismaTibro\",\"url\":\"https:\\\/\\\/www.prismatibro.se\\\/en\\\/\",\"logo\":{\"@type\":\"ImageObject\",\"inLanguage\":\"en-US\",\"@id\":\"https:\\\/\\\/www.prismatibro.se\\\/en\\\/#\\\/schema\\\/logo\\\/image\\\/\",\"url\":\"https:\\\/\\\/www.prismatibro.se\\\/wp-content\\\/uploads\\\/2017\\\/08\\\/PrismaTibro_logo_207x52_170807-01@2x.png\",\"contentUrl\":\"https:\\\/\\\/www.prismatibro.se\\\/wp-content\\\/uploads\\\/2017\\\/08\\\/PrismaTibro_logo_207x52_170807-01@2x.png\",\"width\":414,\"height\":104,\"caption\":\"PrismaTibro\"},\"image\":{\"@id\":\"https:\\\/\\\/www.prismatibro.se\\\/en\\\/#\\\/schema\\\/logo\\\/image\\\/\"},\"sameAs\":[\"https:\\\/\\\/www.linkedin.com\\\/company\\\/prismatibro\"]}]}<\/script>\n<!-- \/ Yoast SEO plugin. -->","yoast_head_json":{"title":"Prisma Daps - Images & Videos | PrismaTibro","description":"Prisma Daps - Image & Video. Products and useful images to better understand. Please let us know if something is missing\/wanted.","robots":{"index":"index","follow":"follow","max-snippet":"max-snippet:-1","max-image-preview":"max-image-preview:large","max-video-preview":"max-video-preview:-1"},"canonical":"https:\/\/www.prismatibro.se\/en\/bv-da\/","og_locale":"en_US","og_type":"article","og_title":"Prisma Daps - Images & Videos | PrismaTibro","og_description":"Prisma Daps - Image & Video. Products and useful images to better understand. Please let us know if something is missing\/wanted.","og_url":"https:\/\/www.prismatibro.se\/en\/bv-da\/","og_site_name":"PrismaTibro","article_modified_time":"2025-01-29T14:10:52+00:00","og_image":[{"width":800,"height":504,"url":"https:\/\/www.prismatibro.se\/wp-content\/uploads\/2021\/08\/PT_Bild-Video_800x504_210820-01.jpg","type":"image\/jpeg"}],"twitter_card":"summary_large_image","twitter_misc":{"Est. reading time":"2 minutes"},"schema":{"@context":"https:\/\/schema.org","@graph":[{"@type":"WebPage","@id":"https:\/\/www.prismatibro.se\/en\/bv-da\/","url":"https:\/\/www.prismatibro.se\/en\/bv-da\/","name":"Prisma Daps - Images & Videos | PrismaTibro","isPartOf":{"@id":"https:\/\/www.prismatibro.se\/en\/#website"},"primaryImageOfPage":{"@id":"https:\/\/www.prismatibro.se\/en\/bv-da\/#primaryimage"},"image":{"@id":"https:\/\/www.prismatibro.se\/en\/bv-da\/#primaryimage"},"thumbnailUrl":"https:\/\/www.prismatibro.se\/wp-content\/uploads\/2021\/08\/PT_Bild-Video_800x504_210820-01.jpg","datePublished":"2014-09-11T13:50:31+00:00","dateModified":"2025-01-29T14:10:52+00:00","description":"Prisma Daps - Image & Video. Products and useful images to better understand. Please let us know if something is missing\/wanted.","breadcrumb":{"@id":"https:\/\/www.prismatibro.se\/en\/bv-da\/#breadcrumb"},"inLanguage":"en-US","potentialAction":[{"@type":"ReadAction","target":["https:\/\/www.prismatibro.se\/en\/bv-da\/"]}]},{"@type":"ImageObject","inLanguage":"en-US","@id":"https:\/\/www.prismatibro.se\/en\/bv-da\/#primaryimage","url":"https:\/\/www.prismatibro.se\/wp-content\/uploads\/2021\/08\/PT_Bild-Video_800x504_210820-01.jpg","contentUrl":"https:\/\/www.prismatibro.se\/wp-content\/uploads\/2021\/08\/PT_Bild-Video_800x504_210820-01.jpg","width":800,"height":504,"caption":"PrismaTibro"},{"@type":"BreadcrumbList","@id":"https:\/\/www.prismatibro.se\/en\/bv-da\/#breadcrumb","itemListElement":[{"@type":"ListItem","position":1,"name":"Hem","item":"https:\/\/www.prismatibro.se\/en\/"},{"@type":"ListItem","position":2,"name":"Prisma Daps &#8211; Images &#038; Videos"}]},{"@type":"WebSite","@id":"https:\/\/www.prismatibro.se\/en\/#website","url":"https:\/\/www.prismatibro.se\/en\/","name":"PrismaTibro Sweden","description":"Pedestrian Signal, \u00d6verg\u00e5ngssignal, D\u00f6rr\u00f6ppnare, Deflection Indikator, LED gatubelysning","publisher":{"@id":"https:\/\/www.prismatibro.se\/en\/#organization"},"potentialAction":[{"@type":"SearchAction","target":{"@type":"EntryPoint","urlTemplate":"https:\/\/www.prismatibro.se\/en\/?s={search_term_string}"},"query-input":{"@type":"PropertyValueSpecification","valueRequired":true,"valueName":"search_term_string"}}],"inLanguage":"en-US"},{"@type":"Organization","@id":"https:\/\/www.prismatibro.se\/en\/#organization","name":"PrismaTibro","url":"https:\/\/www.prismatibro.se\/en\/","logo":{"@type":"ImageObject","inLanguage":"en-US","@id":"https:\/\/www.prismatibro.se\/en\/#\/schema\/logo\/image\/","url":"https:\/\/www.prismatibro.se\/wp-content\/uploads\/2017\/08\/PrismaTibro_logo_207x52_170807-01@2x.png","contentUrl":"https:\/\/www.prismatibro.se\/wp-content\/uploads\/2017\/08\/PrismaTibro_logo_207x52_170807-01@2x.png","width":414,"height":104,"caption":"PrismaTibro"},"image":{"@id":"https:\/\/www.prismatibro.se\/en\/#\/schema\/logo\/image\/"},"sameAs":["https:\/\/www.linkedin.com\/company\/prismatibro"]}]}},"_links":{"self":[{"href":"https:\/\/www.prismatibro.se\/en\/wp-json\/wp\/v2\/pages\/7321","targetHints":{"allow":["GET"]}}],"collection":[{"href":"https:\/\/www.prismatibro.se\/en\/wp-json\/wp\/v2\/pages"}],"about":[{"href":"https:\/\/www.prismatibro.se\/en\/wp-json\/wp\/v2\/types\/page"}],"author":[{"embeddable":true,"href":"https:\/\/www.prismatibro.se\/en\/wp-json\/wp\/v2\/users\/18"}],"replies":[{"embeddable":true,"href":"https:\/\/www.prismatibro.se\/en\/wp-json\/wp\/v2\/comments?post=7321"}],"version-history":[{"count":17,"href":"https:\/\/www.prismatibro.se\/en\/wp-json\/wp\/v2\/pages\/7321\/revisions"}],"predecessor-version":[{"id":63822,"href":"https:\/\/www.prismatibro.se\/en\/wp-json\/wp\/v2\/pages\/7321\/revisions\/63822"}],"wp:featuredmedia":[{"embeddable":true,"href":"https:\/\/www.prismatibro.se\/en\/wp-json\/wp\/v2\/media\/34865"}],"wp:attachment":[{"href":"https:\/\/www.prismatibro.se\/en\/wp-json\/wp\/v2\/media?parent=7321"}],"curies":[{"name":"wp","href":"https:\/\/api.w.org\/{rel}","templated":true}]}}