{"id":6998,"date":"2014-09-09T07:54:32","date_gmt":"2014-09-09T05:54:32","guid":{"rendered":"http:\/\/www.prismatibro.se\/?page_id=6998"},"modified":"2024-05-28T08:42:36","modified_gmt":"2024-05-28T06:42:36","slug":"di","status":"publish","type":"page","link":"https:\/\/www.prismatibro.se\/en\/di\/","title":{"rendered":"Products Prisma DI"},"content":{"rendered":"<div class=\"fusion-fullwidth fullwidth-box fusion-builder-row-1 fusion-flex-container hundred-percent-fullwidth non-hundred-percent-height-scrolling\" style=\"--awb-border-radius-top-left:0px;--awb-border-radius-top-right:0px;--awb-border-radius-bottom-right:0px;--awb-border-radius-bottom-left:0px;--awb-overflow:visible;--awb-flex-wrap:wrap;\" ><div class=\"fusion-builder-row fusion-row fusion-flex-align-items-flex-start fusion-flex-content-wrap\" style=\"width:104% !important;max-width:104% !important;margin-left: calc(-4% \/ 2 );margin-right: calc(-4% \/ 2 );\"><div class=\"fusion-layout-column fusion_builder_column fusion-builder-column-0 fusion_builder_column_1_1 1_1 fusion-flex-column\" style=\"--awb-bg-size:cover;--awb-width-large:100%;--awb-margin-top-large:0px;--awb-spacing-right-large:1.92%;--awb-margin-bottom-large:20px;--awb-spacing-left-large:1.92%;--awb-width-medium:100%;--awb-spacing-right-medium:1.92%;--awb-spacing-left-medium:1.92%;--awb-width-small:100%;--awb-spacing-right-small:1.92%;--awb-spacing-left-small:1.92%;\"><div class=\"fusion-column-wrapper fusion-flex-justify-content-flex-start fusion-content-layout-column\"><div class=\"fusion-text fusion-text-1\"><p><img decoding=\"async\" class=\"lazyload aligncenter wp-image-52213 size-full\" src=\"https:\/\/www.prismatibro.se\/wp-content\/uploads\/2023\/03\/DI_Samlingsbild_800x422_230307-01.jpg\" data-orig-src=\"https:\/\/www.prismatibro.se\/wp-content\/uploads\/2023\/03\/DI_Samlingsbild_800x422_230307-01.jpg\" alt=\"Prisma Crankshaft Deflection Indicator\" width=\"800\" height=\"422\" srcset=\"data:image\/svg+xml,%3Csvg%20xmlns%3D%27http%3A%2F%2Fwww.w3.org%2F2000%2Fsvg%27%20width%3D%27800%27%20height%3D%27422%27%20viewBox%3D%270%200%20800%20422%27%3E%3Crect%20width%3D%27800%27%20height%3D%27422%27%20fill-opacity%3D%220%22%2F%3E%3C%2Fsvg%3E\" data-srcset=\"https:\/\/www.prismatibro.se\/wp-content\/uploads\/2023\/03\/DI_Samlingsbild_800x422_230307-01-200x106.jpg 200w, https:\/\/www.prismatibro.se\/wp-content\/uploads\/2023\/03\/DI_Samlingsbild_800x422_230307-01-400x211.jpg 400w, https:\/\/www.prismatibro.se\/wp-content\/uploads\/2023\/03\/DI_Samlingsbild_800x422_230307-01-600x317.jpg 600w, https:\/\/www.prismatibro.se\/wp-content\/uploads\/2023\/03\/DI_Samlingsbild_800x422_230307-01-768x405.jpg 768w, https:\/\/www.prismatibro.se\/wp-content\/uploads\/2023\/03\/DI_Samlingsbild_800x422_230307-01.jpg 800w\" data-sizes=\"auto\" data-orig-sizes=\"(max-width: 800px) 100vw, 800px\" \/><\/p>\n<h1 style=\"text-align: center;\">Prisma DI<\/h1>\n<p style=\"text-align: center;\"><strong>Prisma Deflection Indicator is used to measure crankshaft deflection<br \/>\nof <\/strong><strong>engines available on both vessels and power plants.<\/strong><br \/>\nThe device is used in more than 90 countries worldwide.<br \/>\nFour different models are available.<\/p>\n<\/div><\/div><\/div><div class=\"fusion-layout-column fusion_builder_column fusion-builder-column-1 fusion_builder_column_1_4 1_4 fusion-flex-column\" style=\"--awb-bg-size:cover;--awb-width-large:25%;--awb-margin-top-large:0px;--awb-spacing-right-large:7.68%;--awb-margin-bottom-large:20px;--awb-spacing-left-large:7.68%;--awb-width-medium:100%;--awb-spacing-right-medium:1.92%;--awb-spacing-left-medium:1.92%;--awb-width-small:100%;--awb-spacing-right-small:1.92%;--awb-spacing-left-small:1.92%;\"><div class=\"fusion-column-wrapper fusion-flex-justify-content-flex-start fusion-content-layout-column\"><\/div><\/div><div class=\"fusion-layout-column fusion_builder_column fusion-builder-column-2 fusion_builder_column_1_2 1_2 fusion-flex-column\" style=\"--awb-bg-size:cover;--awb-width-large:50%;--awb-margin-top-large:0px;--awb-spacing-right-large:3.84%;--awb-margin-bottom-large:20px;--awb-spacing-left-large:3.84%;--awb-width-medium:100%;--awb-spacing-right-medium:1.92%;--awb-spacing-left-medium:1.92%;--awb-width-small:100%;--awb-spacing-right-small:1.92%;--awb-spacing-left-small:1.92%;\"><div class=\"fusion-column-wrapper fusion-flex-justify-content-flex-start fusion-content-layout-column\"><div ><a class=\"fusion-button button-flat button-small button-custom fusion-button-default button-1 fusion-button-span-yes \" style=\"--button_accent_color:#ffffff;--button_accent_hover_color:#ffffff;--button_border_hover_color:#ffffff;--button-border-radius-top-left:0px;--button-border-radius-top-right:0px;--button-border-radius-bottom-right:0px;--button-border-radius-bottom-left:0px;--button_gradient_top_color:#273482;--button_gradient_bottom_color:#273482;--button_gradient_top_color_hover:#273482;--button_gradient_bottom_color_hover:#273482;\" target=\"_self\" href=\"https:\/\/www.prismatibro.se\/en\/di-compare\/ \"><span class=\"fusion-button-text awb-button__text awb-button__text--default\">Compare models<\/span><\/a><\/div><div ><a class=\"fusion-button button-flat button-small button-custom fusion-button-default button-2 fusion-button-span-yes \" style=\"--button_accent_color:#ffffff;--button_accent_hover_color:#ffffff;--button_border_hover_color:#ffffff;--button-border-radius-top-left:0px;--button-border-radius-top-right:0px;--button-border-radius-bottom-right:0px;--button-border-radius-bottom-left:0px;--button_gradient_top_color:#273482;--button_gradient_bottom_color:#273482;--button_gradient_top_color_hover:#273482;--button_gradient_bottom_color_hover:#273482;\" target=\"_self\" href=\"https:\/\/www.prismatibro.se\/en\/prisma-di-quotation\/\"><span class=\"fusion-button-text awb-button__text awb-button__text--default\">Quotation<\/span><\/a><\/div><div ><a class=\"fusion-button button-flat button-small button-custom fusion-button-default button-3 fusion-button-span-yes \" style=\"--button_accent_color:#ffffff;--button_accent_hover_color:#ffffff;--button_border_hover_color:#ffffff;--button-border-radius-top-left:0px;--button-border-radius-top-right:0px;--button-border-radius-bottom-right:0px;--button-border-radius-bottom-left:0px;--button_gradient_top_color:#273482;--button_gradient_bottom_color:#273482;--button_gradient_top_color_hover:#273482;--button_gradient_bottom_color_hover:#273482;\" target=\"_self\" href=\"https:\/\/www.prismatibro.se\/en\/dl-di\/\"><span class=\"fusion-button-text awb-button__text awb-button__text--default\">Documents<\/span><\/a><\/div><div ><a class=\"fusion-button button-flat button-small button-custom fusion-button-default button-4 fusion-button-span-yes \" style=\"--button_accent_color:#ffffff;--button_accent_hover_color:#ffffff;--button_border_hover_color:#ffffff;--button-border-radius-top-left:0px;--button-border-radius-top-right:0px;--button-border-radius-bottom-right:0px;--button-border-radius-bottom-left:0px;--button_gradient_top_color:#000000;--button_gradient_bottom_color:#000000;--button_gradient_top_color_hover:#000000;--button_gradient_bottom_color_hover:#000000;\" target=\"_self\" href=\"https:\/\/www.prismatibro.se\/en\/contact-us-at-prismatibro\/?PrismaTibroSelect=.sales-prisma-di\"><span class=\"fusion-button-text awb-button__text awb-button__text--default\">Contact sales<\/span><\/a><\/div><\/div><\/div><div class=\"fusion-layout-column fusion_builder_column fusion-builder-column-3 fusion_builder_column_1_4 1_4 fusion-flex-column\" style=\"--awb-bg-size:cover;--awb-width-large:25%;--awb-margin-top-large:0px;--awb-spacing-right-large:7.68%;--awb-margin-bottom-large:20px;--awb-spacing-left-large:7.68%;--awb-width-medium:100%;--awb-spacing-right-medium:1.92%;--awb-spacing-left-medium:1.92%;--awb-width-small:100%;--awb-spacing-right-small:1.92%;--awb-spacing-left-small:1.92%;\"><div class=\"fusion-column-wrapper fusion-flex-justify-content-flex-start fusion-content-layout-column\"><\/div><\/div><\/div><\/div>\n","protected":false},"excerpt":{"rendered":"","protected":false},"author":18,"featured_media":41140,"parent":0,"menu_order":0,"comment_status":"closed","ping_status":"closed","template":"","meta":{"footnotes":""},"class_list":["post-6998","page","type-page","status-publish","has-post-thumbnail","hentry"],"yoast_head":"<!-- This site is optimized with the Yoast SEO plugin v27.5 - https:\/\/yoast.com\/product\/yoast-seo-wordpress\/ -->\n<title>Products Prisma DI | PrismaTibro<\/title>\n<meta name=\"description\" content=\"Products Prisma DI. An overview of our measuring device, crankshaft deflection indicator. Developed and produced at PrismaTibro, Sweden.\" \/>\n<meta name=\"robots\" content=\"index, follow, max-snippet:-1, max-image-preview:large, max-video-preview:-1\" \/>\n<link rel=\"canonical\" href=\"https:\/\/www.prismatibro.se\/en\/di\/\" \/>\n<meta property=\"og:locale\" content=\"en_US\" \/>\n<meta property=\"og:type\" content=\"article\" \/>\n<meta property=\"og:title\" content=\"Products Prisma DI | PrismaTibro\" \/>\n<meta property=\"og:description\" content=\"Products Prisma DI. An overview of our measuring device, crankshaft deflection indicator. Developed and produced at PrismaTibro, Sweden.\" \/>\n<meta property=\"og:url\" content=\"https:\/\/www.prismatibro.se\/en\/di\/\" \/>\n<meta property=\"og:site_name\" content=\"PrismaTibro\" \/>\n<meta property=\"article:modified_time\" content=\"2024-05-28T06:42:36+00:00\" \/>\n<meta property=\"og:image\" content=\"https:\/\/www.prismatibro.se\/wp-content\/uploads\/2022\/10\/DI_Deflection-Indicator_800x504_221003-01.jpg\" \/>\n\t<meta property=\"og:image:width\" content=\"800\" \/>\n\t<meta property=\"og:image:height\" content=\"504\" \/>\n\t<meta property=\"og:image:type\" content=\"image\/jpeg\" \/>\n<meta name=\"twitter:card\" content=\"summary_large_image\" \/>\n<meta name=\"twitter:label1\" content=\"Est. reading time\" \/>\n\t<meta name=\"twitter:data1\" content=\"1 minute\" \/>\n<script type=\"application\/ld+json\" class=\"yoast-schema-graph\">{\"@context\":\"https:\\\/\\\/schema.org\",\"@graph\":[{\"@type\":\"WebPage\",\"@id\":\"https:\\\/\\\/www.prismatibro.se\\\/en\\\/di\\\/\",\"url\":\"https:\\\/\\\/www.prismatibro.se\\\/en\\\/di\\\/\",\"name\":\"Products Prisma DI | PrismaTibro\",\"isPartOf\":{\"@id\":\"https:\\\/\\\/www.prismatibro.se\\\/en\\\/#website\"},\"primaryImageOfPage\":{\"@id\":\"https:\\\/\\\/www.prismatibro.se\\\/en\\\/di\\\/#primaryimage\"},\"image\":{\"@id\":\"https:\\\/\\\/www.prismatibro.se\\\/en\\\/di\\\/#primaryimage\"},\"thumbnailUrl\":\"https:\\\/\\\/www.prismatibro.se\\\/wp-content\\\/uploads\\\/2022\\\/10\\\/DI_Deflection-Indicator_800x504_221003-01.jpg\",\"datePublished\":\"2014-09-09T05:54:32+00:00\",\"dateModified\":\"2024-05-28T06:42:36+00:00\",\"description\":\"Products Prisma DI. An overview of our measuring device, crankshaft deflection indicator. Developed and produced at PrismaTibro, Sweden.\",\"breadcrumb\":{\"@id\":\"https:\\\/\\\/www.prismatibro.se\\\/en\\\/di\\\/#breadcrumb\"},\"inLanguage\":\"en-US\",\"potentialAction\":[{\"@type\":\"ReadAction\",\"target\":[\"https:\\\/\\\/www.prismatibro.se\\\/en\\\/di\\\/\"]}]},{\"@type\":\"ImageObject\",\"inLanguage\":\"en-US\",\"@id\":\"https:\\\/\\\/www.prismatibro.se\\\/en\\\/di\\\/#primaryimage\",\"url\":\"https:\\\/\\\/www.prismatibro.se\\\/wp-content\\\/uploads\\\/2022\\\/10\\\/DI_Deflection-Indicator_800x504_221003-01.jpg\",\"contentUrl\":\"https:\\\/\\\/www.prismatibro.se\\\/wp-content\\\/uploads\\\/2022\\\/10\\\/DI_Deflection-Indicator_800x504_221003-01.jpg\",\"width\":800,\"height\":504,\"caption\":\"Prisma DI \u2013 Crankshaft Deflection Indicator\"},{\"@type\":\"BreadcrumbList\",\"@id\":\"https:\\\/\\\/www.prismatibro.se\\\/en\\\/di\\\/#breadcrumb\",\"itemListElement\":[{\"@type\":\"ListItem\",\"position\":1,\"name\":\"Hem\",\"item\":\"https:\\\/\\\/www.prismatibro.se\\\/en\\\/\"},{\"@type\":\"ListItem\",\"position\":2,\"name\":\"Products Prisma DI\"}]},{\"@type\":\"WebSite\",\"@id\":\"https:\\\/\\\/www.prismatibro.se\\\/en\\\/#website\",\"url\":\"https:\\\/\\\/www.prismatibro.se\\\/en\\\/\",\"name\":\"PrismaTibro Sweden\",\"description\":\"Pedestrian Signal, \u00d6verg\u00e5ngssignal, D\u00f6rr\u00f6ppnare, Deflection Indikator, LED gatubelysning\",\"publisher\":{\"@id\":\"https:\\\/\\\/www.prismatibro.se\\\/en\\\/#organization\"},\"potentialAction\":[{\"@type\":\"SearchAction\",\"target\":{\"@type\":\"EntryPoint\",\"urlTemplate\":\"https:\\\/\\\/www.prismatibro.se\\\/en\\\/?s={search_term_string}\"},\"query-input\":{\"@type\":\"PropertyValueSpecification\",\"valueRequired\":true,\"valueName\":\"search_term_string\"}}],\"inLanguage\":\"en-US\"},{\"@type\":\"Organization\",\"@id\":\"https:\\\/\\\/www.prismatibro.se\\\/en\\\/#organization\",\"name\":\"PrismaTibro\",\"url\":\"https:\\\/\\\/www.prismatibro.se\\\/en\\\/\",\"logo\":{\"@type\":\"ImageObject\",\"inLanguage\":\"en-US\",\"@id\":\"https:\\\/\\\/www.prismatibro.se\\\/en\\\/#\\\/schema\\\/logo\\\/image\\\/\",\"url\":\"https:\\\/\\\/www.prismatibro.se\\\/wp-content\\\/uploads\\\/2017\\\/08\\\/PrismaTibro_logo_207x52_170807-01@2x.png\",\"contentUrl\":\"https:\\\/\\\/www.prismatibro.se\\\/wp-content\\\/uploads\\\/2017\\\/08\\\/PrismaTibro_logo_207x52_170807-01@2x.png\",\"width\":414,\"height\":104,\"caption\":\"PrismaTibro\"},\"image\":{\"@id\":\"https:\\\/\\\/www.prismatibro.se\\\/en\\\/#\\\/schema\\\/logo\\\/image\\\/\"},\"sameAs\":[\"https:\\\/\\\/www.linkedin.com\\\/company\\\/prismatibro\"]}]}<\/script>\n<!-- \/ Yoast SEO plugin. -->","yoast_head_json":{"title":"Products Prisma DI | PrismaTibro","description":"Products Prisma DI. An overview of our measuring device, crankshaft deflection indicator. Developed and produced at PrismaTibro, Sweden.","robots":{"index":"index","follow":"follow","max-snippet":"max-snippet:-1","max-image-preview":"max-image-preview:large","max-video-preview":"max-video-preview:-1"},"canonical":"https:\/\/www.prismatibro.se\/en\/di\/","og_locale":"en_US","og_type":"article","og_title":"Products Prisma DI | PrismaTibro","og_description":"Products Prisma DI. An overview of our measuring device, crankshaft deflection indicator. Developed and produced at PrismaTibro, Sweden.","og_url":"https:\/\/www.prismatibro.se\/en\/di\/","og_site_name":"PrismaTibro","article_modified_time":"2024-05-28T06:42:36+00:00","og_image":[{"width":800,"height":504,"url":"https:\/\/www.prismatibro.se\/wp-content\/uploads\/2022\/10\/DI_Deflection-Indicator_800x504_221003-01.jpg","type":"image\/jpeg"}],"twitter_card":"summary_large_image","twitter_misc":{"Est. reading time":"1 minute"},"schema":{"@context":"https:\/\/schema.org","@graph":[{"@type":"WebPage","@id":"https:\/\/www.prismatibro.se\/en\/di\/","url":"https:\/\/www.prismatibro.se\/en\/di\/","name":"Products Prisma DI | PrismaTibro","isPartOf":{"@id":"https:\/\/www.prismatibro.se\/en\/#website"},"primaryImageOfPage":{"@id":"https:\/\/www.prismatibro.se\/en\/di\/#primaryimage"},"image":{"@id":"https:\/\/www.prismatibro.se\/en\/di\/#primaryimage"},"thumbnailUrl":"https:\/\/www.prismatibro.se\/wp-content\/uploads\/2022\/10\/DI_Deflection-Indicator_800x504_221003-01.jpg","datePublished":"2014-09-09T05:54:32+00:00","dateModified":"2024-05-28T06:42:36+00:00","description":"Products Prisma DI. An overview of our measuring device, crankshaft deflection indicator. Developed and produced at PrismaTibro, Sweden.","breadcrumb":{"@id":"https:\/\/www.prismatibro.se\/en\/di\/#breadcrumb"},"inLanguage":"en-US","potentialAction":[{"@type":"ReadAction","target":["https:\/\/www.prismatibro.se\/en\/di\/"]}]},{"@type":"ImageObject","inLanguage":"en-US","@id":"https:\/\/www.prismatibro.se\/en\/di\/#primaryimage","url":"https:\/\/www.prismatibro.se\/wp-content\/uploads\/2022\/10\/DI_Deflection-Indicator_800x504_221003-01.jpg","contentUrl":"https:\/\/www.prismatibro.se\/wp-content\/uploads\/2022\/10\/DI_Deflection-Indicator_800x504_221003-01.jpg","width":800,"height":504,"caption":"Prisma DI \u2013 Crankshaft Deflection Indicator"},{"@type":"BreadcrumbList","@id":"https:\/\/www.prismatibro.se\/en\/di\/#breadcrumb","itemListElement":[{"@type":"ListItem","position":1,"name":"Hem","item":"https:\/\/www.prismatibro.se\/en\/"},{"@type":"ListItem","position":2,"name":"Products Prisma DI"}]},{"@type":"WebSite","@id":"https:\/\/www.prismatibro.se\/en\/#website","url":"https:\/\/www.prismatibro.se\/en\/","name":"PrismaTibro Sweden","description":"Pedestrian Signal, \u00d6verg\u00e5ngssignal, D\u00f6rr\u00f6ppnare, Deflection Indikator, LED gatubelysning","publisher":{"@id":"https:\/\/www.prismatibro.se\/en\/#organization"},"potentialAction":[{"@type":"SearchAction","target":{"@type":"EntryPoint","urlTemplate":"https:\/\/www.prismatibro.se\/en\/?s={search_term_string}"},"query-input":{"@type":"PropertyValueSpecification","valueRequired":true,"valueName":"search_term_string"}}],"inLanguage":"en-US"},{"@type":"Organization","@id":"https:\/\/www.prismatibro.se\/en\/#organization","name":"PrismaTibro","url":"https:\/\/www.prismatibro.se\/en\/","logo":{"@type":"ImageObject","inLanguage":"en-US","@id":"https:\/\/www.prismatibro.se\/en\/#\/schema\/logo\/image\/","url":"https:\/\/www.prismatibro.se\/wp-content\/uploads\/2017\/08\/PrismaTibro_logo_207x52_170807-01@2x.png","contentUrl":"https:\/\/www.prismatibro.se\/wp-content\/uploads\/2017\/08\/PrismaTibro_logo_207x52_170807-01@2x.png","width":414,"height":104,"caption":"PrismaTibro"},"image":{"@id":"https:\/\/www.prismatibro.se\/en\/#\/schema\/logo\/image\/"},"sameAs":["https:\/\/www.linkedin.com\/company\/prismatibro"]}]}},"_links":{"self":[{"href":"https:\/\/www.prismatibro.se\/en\/wp-json\/wp\/v2\/pages\/6998","targetHints":{"allow":["GET"]}}],"collection":[{"href":"https:\/\/www.prismatibro.se\/en\/wp-json\/wp\/v2\/pages"}],"about":[{"href":"https:\/\/www.prismatibro.se\/en\/wp-json\/wp\/v2\/types\/page"}],"author":[{"embeddable":true,"href":"https:\/\/www.prismatibro.se\/en\/wp-json\/wp\/v2\/users\/18"}],"replies":[{"embeddable":true,"href":"https:\/\/www.prismatibro.se\/en\/wp-json\/wp\/v2\/comments?post=6998"}],"version-history":[{"count":37,"href":"https:\/\/www.prismatibro.se\/en\/wp-json\/wp\/v2\/pages\/6998\/revisions"}],"predecessor-version":[{"id":61914,"href":"https:\/\/www.prismatibro.se\/en\/wp-json\/wp\/v2\/pages\/6998\/revisions\/61914"}],"wp:featuredmedia":[{"embeddable":true,"href":"https:\/\/www.prismatibro.se\/en\/wp-json\/wp\/v2\/media\/41140"}],"wp:attachment":[{"href":"https:\/\/www.prismatibro.se\/en\/wp-json\/wp\/v2\/media?parent=6998"}],"curies":[{"name":"wp","href":"https:\/\/api.w.org\/{rel}","templated":true}]}}