{"id":6873,"date":"2014-09-09T08:10:43","date_gmt":"2014-09-09T06:10:43","guid":{"rendered":"http:\/\/www.prismatibro.se\/?page_id=6873"},"modified":"2024-05-28T08:42:29","modified_gmt":"2024-05-28T06:42:29","slug":"di-ovality-kit","status":"publish","type":"page","link":"https:\/\/www.prismatibro.se\/en\/di-ovality-kit\/","title":{"rendered":"Prisma DI Ovality Kit accessory"},"content":{"rendered":"<div class=\"fusion-fullwidth fullwidth-box fusion-builder-row-1 fusion-flex-container nonhundred-percent-fullwidth non-hundred-percent-height-scrolling\" style=\"--awb-border-radius-top-left:0px;--awb-border-radius-top-right:0px;--awb-border-radius-bottom-right:0px;--awb-border-radius-bottom-left:0px;--awb-flex-wrap:wrap;\" ><div class=\"fusion-builder-row fusion-row fusion-flex-align-items-flex-start fusion-flex-content-wrap\" style=\"max-width:1996.8px;margin-left: calc(-4% \/ 2 );margin-right: calc(-4% \/ 2 );\"><div class=\"fusion-layout-column fusion_builder_column fusion-builder-column-0 fusion_builder_column_3_4 3_4 fusion-flex-column\" style=\"--awb-bg-size:cover;--awb-width-large:75%;--awb-margin-top-large:0px;--awb-spacing-right-large:3.84%;--awb-margin-bottom-large:0px;--awb-spacing-left-large:2.56%;--awb-width-medium:100%;--awb-spacing-right-medium:1.92%;--awb-spacing-left-medium:1.92%;--awb-width-small:100%;--awb-spacing-right-small:1.92%;--awb-spacing-left-small:1.92%;\"><div class=\"fusion-column-wrapper fusion-flex-justify-content-flex-start fusion-content-layout-column\"><div class=\"fusion-text fusion-text-1\"><h1>Prisma DI Ovality Kit<\/h1>\n<p>Prisma DI Ovality Kit is an accessory to Prisma DI-5\/DI-5C. It is mainly designed to measure the cylinder liners ovality and wear on diesel engines with cylinder diameters from 180-600 mm and stroke length up to 870 mm.<\/p>\n<p>The transducer associated with Prisma DI-5C and Prisma DI-4C enables Prisma DI Ovality Kit to measure the differences down to 1\/1000 mm.<\/p>\n<p>Prisma DI-5C, with associated software, makes it possible to transfer the measured data to a Windows PC and even export the data to an Excel sheet for further data process and comparison.<\/p>\n<p><strong>Note!<\/strong> To use the Prisma DI Ovality Kit, a standard 89 mm transducer is required. That is why Prisma DI Ovality Kit is not compatible with Prisma DI-5S and Prisma DI-5CS which got a 60 mm small transducer.<\/p>\n<\/div><div ><a class=\"fusion-button button-flat button-small button-custom fusion-button-default button-1 fusion-button-span-yes \" style=\"--button_accent_color:#ffffff;--button_accent_hover_color:#ffffff;--button_border_hover_color:#ffffff;--button_gradient_top_color:#273482;--button_gradient_bottom_color:#273482;--button_gradient_top_color_hover:#273482;--button_gradient_bottom_color_hover:#273482;\" target=\"_self\" href=\"https:\/\/www.prismatibro.se\/en\/prisma-di-quotation\/\"><span class=\"fusion-button-text awb-button__text awb-button__text--default\">Quotation<\/span><\/a><\/div><div ><a class=\"fusion-button button-flat button-small button-custom fusion-button-default button-2 fusion-button-span-yes \" style=\"--button_accent_color:#ffffff;--button_accent_hover_color:#ffffff;--button_border_hover_color:#ffffff;--button_gradient_top_color:#273482;--button_gradient_bottom_color:#273482;--button_gradient_top_color_hover:#273482;--button_gradient_bottom_color_hover:#273482;\" target=\"_self\" href=\"https:\/\/www.prismatibro.se\/en\/dl-di\/\"><span class=\"fusion-button-text awb-button__text awb-button__text--default\">Documents<\/span><\/a><\/div><div ><a class=\"fusion-button button-flat button-small button-custom fusion-button-default button-3 fusion-button-span-yes \" style=\"--button_accent_color:#ffffff;--button_accent_hover_color:#ffffff;--button_border_hover_color:#ffffff;--button_gradient_top_color:#000000;--button_gradient_bottom_color:#000000;--button_gradient_top_color_hover:#000000;--button_gradient_bottom_color_hover:#000000;\" target=\"_self\" href=\"https:\/\/www.prismatibro.se\/en\/contact-us-at-prismatibro\/?PrismaTibroSelect=.sales-prisma-di\"><span class=\"fusion-button-text awb-button__text awb-button__text--default\">Contact sales<\/span><\/a><\/div><div class=\"fusion-text fusion-text-2\"><h2>General Specifications<\/h2>\n<\/div><div class=\"accordian fusion-accordian\" style=\"--awb-border-size:1px;--awb-icon-size:13px;--awb-content-font-size:16px;--awb-icon-alignment:left;--awb-hover-color:#f9f9f9;--awb-border-color:#cccccc;--awb-background-color:#ffffff;--awb-divider-color:#e0dede;--awb-divider-hover-color:#e0dede;--awb-icon-color:#ffffff;--awb-title-color:#333333;--awb-content-color:#000000;--awb-icon-box-color:#273482;--awb-toggle-hover-accent-color:#273482;--awb-title-font-family:&quot;ABeeZee&quot;;--awb-title-font-weight:400;--awb-title-font-style:normal;--awb-title-font-size:16px;--awb-content-font-family:&quot;ABeeZee&quot;;--awb-content-font-style:normal;--awb-content-font-weight:400;\"><div class=\"panel-group fusion-toggle-icon-boxed\" id=\"accordion-6873-1\"><div class=\"fusion-panel panel-default panel-81d7f35a02aeecf8d fusion-toggle-no-divider\" style=\"--awb-title-color:#333333;--awb-content-color:#000000;\"><div class=\"panel-heading\"><h4 class=\"panel-title toggle\" id=\"toggle_81d7f35a02aeecf8d\"><a aria-expanded=\"false\" aria-controls=\"81d7f35a02aeecf8d\" role=\"button\" data-toggle=\"collapse\" data-parent=\"#accordion-6873-1\" data-target=\"#81d7f35a02aeecf8d\" href=\"#81d7f35a02aeecf8d\"><span class=\"fusion-toggle-icon-wrapper\" aria-hidden=\"true\"><i class=\"fa-fusion-box active-icon awb-icon-minus\" aria-hidden=\"true\"><\/i><i class=\"fa-fusion-box inactive-icon awb-icon-plus\" aria-hidden=\"true\"><\/i><\/span><span class=\"fusion-toggle-heading\">Technical specifications<\/span><\/a><\/h4><\/div><div id=\"81d7f35a02aeecf8d\" class=\"panel-collapse collapse \" aria-labelledby=\"toggle_81d7f35a02aeecf8d\"><div class=\"panel-body toggle-content fusion-clearfix\">\n<ul>\n<li><strong>Measuring distance cylinder liner<\/strong><br \/>\n180-600 mm<\/li>\n<li><strong>Cylinder stroke<\/strong><br \/>\n870 mm<\/li>\n<li><strong>Compatibility<\/strong><br \/>\nPrisma DI Ovality Kit is compatible with <strong><a href=\"https:\/\/www.prismatibro.se\/en\/di-5c\/\">Prisma DI-5C<\/a><\/strong> which got 89 mm transducer.<br \/>\n<strong>Note!<\/strong> Prisma DI Ovality Kit is not compatible with Prisma DI-5CS small 60 mm transducer.<\/li>\n<\/ul>\n<\/div><\/div><\/div><div class=\"fusion-panel panel-default panel-0e0f866cdd61f5c5d fusion-toggle-no-divider\"><div class=\"panel-heading\"><h4 class=\"panel-title toggle\" id=\"toggle_0e0f866cdd61f5c5d\"><a aria-expanded=\"false\" aria-controls=\"0e0f866cdd61f5c5d\" role=\"button\" data-toggle=\"collapse\" data-parent=\"#accordion-6873-1\" data-target=\"#0e0f866cdd61f5c5d\" href=\"#0e0f866cdd61f5c5d\"><span class=\"fusion-toggle-icon-wrapper\" aria-hidden=\"true\"><i class=\"fa-fusion-box active-icon awb-icon-minus\" aria-hidden=\"true\"><\/i><i class=\"fa-fusion-box inactive-icon awb-icon-plus\" aria-hidden=\"true\"><\/i><\/span><span class=\"fusion-toggle-heading\">Dimensions &amp; Weight<\/span><\/a><\/h4><\/div><div id=\"0e0f866cdd61f5c5d\" class=\"panel-collapse collapse \" aria-labelledby=\"toggle_0e0f866cdd61f5c5d\"><div class=\"panel-body toggle-content fusion-clearfix\">\n<ul>\n<li><strong>Case<\/strong><br \/>\n500 x 425 x 170 mm<\/li>\n<li><strong>Weight<\/strong><br \/>\n5.4 kg<\/li>\n<\/ul>\n<\/div><\/div><\/div><\/div><\/div><\/div><\/div><div class=\"fusion-layout-column fusion_builder_column fusion-builder-column-1 fusion_builder_column_1_4 1_4 fusion-flex-column\" style=\"--awb-bg-size:cover;--awb-width-large:25%;--awb-margin-top-large:0px;--awb-spacing-right-large:7.68%;--awb-margin-bottom-large:0px;--awb-spacing-left-large:3.84%;--awb-width-medium:100%;--awb-spacing-right-medium:1.92%;--awb-spacing-left-medium:1.92%;--awb-width-small:100%;--awb-spacing-right-small:1.92%;--awb-spacing-left-small:1.92%;\"><div class=\"fusion-column-wrapper fusion-flex-justify-content-flex-start fusion-content-layout-column\"><div class=\"fusion-text fusion-text-3\"><div class=\"mceTemp\"><\/div>\n<p><img decoding=\"async\" class=\"lazyload size-full wp-image-43369\" src=\"https:\/\/www.prismatibro.se\/wp-content\/uploads\/2022\/10\/DI-Ovality-Kit_340x340_221031-01.jpg\" data-orig-src=\"https:\/\/www.prismatibro.se\/wp-content\/uploads\/2022\/10\/DI-Ovality-Kit_340x340_221031-01.jpg\" alt=\"Prisma DI Ovality Kit\" width=\"340\" height=\"340\" srcset=\"data:image\/svg+xml,%3Csvg%20xmlns%3D%27http%3A%2F%2Fwww.w3.org%2F2000%2Fsvg%27%20width%3D%27340%27%20height%3D%27340%27%20viewBox%3D%270%200%20340%20340%27%3E%3Crect%20width%3D%27340%27%20height%3D%27340%27%20fill-opacity%3D%220%22%2F%3E%3C%2Fsvg%3E\" data-srcset=\"https:\/\/www.prismatibro.se\/wp-content\/uploads\/2022\/10\/DI-Ovality-Kit_340x340_221031-01-66x66.jpg 66w, https:\/\/www.prismatibro.se\/wp-content\/uploads\/2022\/10\/DI-Ovality-Kit_340x340_221031-01-200x200.jpg 200w, https:\/\/www.prismatibro.se\/wp-content\/uploads\/2022\/10\/DI-Ovality-Kit_340x340_221031-01.jpg 340w\" data-sizes=\"auto\" data-orig-sizes=\"(max-width: 340px) 100vw, 340px\" \/><\/p>\n<p><strong>Click on the image below<\/strong> to see a larger image.<\/p>\n<p><a href=\"https:\/\/www.prismatibro.se\/wp-content\/uploads\/2014\/02\/Prisma_Tibro_PC-software_1024x634_Prisma_DI_Ovality_140225.jpg\" rel=\"prettyPhoto\"><img decoding=\"async\" class=\"lazyload alignnone wp-image-5232\" src=\"https:\/\/www.prismatibro.se\/wp-content\/uploads\/2014\/02\/Prisma_Tibro_PC-software_1024x634_Prisma_DI_Ovality_140225.jpg\" data-orig-src=\"https:\/\/www.prismatibro.se\/wp-content\/uploads\/2014\/02\/Prisma_Tibro_PC-software_1024x634_Prisma_DI_Ovality_140225.jpg\" alt=\"Prisma Tibro, Sweden Prisma Ovality Kit\" width=\"468\" height=\"290\" srcset=\"data:image\/svg+xml,%3Csvg%20xmlns%3D%27http%3A%2F%2Fwww.w3.org%2F2000%2Fsvg%27%20width%3D%27468%27%20height%3D%27290%27%20viewBox%3D%270%200%20468%20290%27%3E%3Crect%20width%3D%27468%27%20height%3D%27290%27%20fill-opacity%3D%220%22%2F%3E%3C%2Fsvg%3E\" data-srcset=\"https:\/\/www.prismatibro.se\/wp-content\/uploads\/2014\/02\/Prisma_Tibro_PC-software_1024x634_Prisma_DI_Ovality_140225-300x185.jpg 300w, https:\/\/www.prismatibro.se\/wp-content\/uploads\/2014\/02\/Prisma_Tibro_PC-software_1024x634_Prisma_DI_Ovality_140225.jpg 1024w\" data-sizes=\"auto\" data-orig-sizes=\"(max-width: 468px) 100vw, 468px\" \/><\/a><\/p>\n<\/div><\/div><\/div><\/div><\/div>\n","protected":false},"excerpt":{"rendered":"<p>Prisma DI Ovality Kit<\/p>\n<p>Prisma Ovality Kit is an accessory to DI-5\/DI-5C and it\u2019s mainly designed to measure the cylinder liners ovality and wear on diesel engines with cylinder diameters from 180-600 mm and&#8230;<\/p>\n","protected":false},"author":6,"featured_media":40296,"parent":0,"menu_order":0,"comment_status":"closed","ping_status":"open","template":"","meta":{"footnotes":""},"class_list":["post-6873","page","type-page","status-publish","has-post-thumbnail","hentry"],"yoast_head":"<!-- This site is optimized with the Yoast SEO plugin v27.5 - https:\/\/yoast.com\/product\/yoast-seo-wordpress\/ -->\n<title>Prisma DI Ovality Kit accessory | PrismaTibro<\/title>\n<meta name=\"description\" content=\"Prisma DI Ovality Kit accessory. Prisma Ovality Kit is mainly designed to measure the cylinder liners ovality and wear on diesel engines.\" \/>\n<meta name=\"robots\" content=\"index, follow, max-snippet:-1, max-image-preview:large, max-video-preview:-1\" \/>\n<link rel=\"canonical\" href=\"https:\/\/www.prismatibro.se\/en\/di-ovality-kit\/\" \/>\n<meta property=\"og:locale\" content=\"en_US\" \/>\n<meta property=\"og:type\" content=\"article\" \/>\n<meta property=\"og:title\" content=\"Prisma DI Ovality Kit accessory | PrismaTibro\" \/>\n<meta property=\"og:description\" content=\"Prisma DI Ovality Kit accessory. Prisma Ovality Kit is mainly designed to measure the cylinder liners ovality and wear on diesel engines.\" \/>\n<meta property=\"og:url\" content=\"https:\/\/www.prismatibro.se\/en\/di-ovality-kit\/\" \/>\n<meta property=\"og:site_name\" content=\"PrismaTibro\" \/>\n<meta property=\"article:modified_time\" content=\"2024-05-28T06:42:29+00:00\" \/>\n<meta property=\"og:image\" content=\"https:\/\/www.prismatibro.se\/wp-content\/uploads\/2022\/09\/Prisma-DI-Ovality-Kit_488-8100_800x504_220920-01.jpg\" \/>\n\t<meta property=\"og:image:width\" content=\"800\" \/>\n\t<meta property=\"og:image:height\" content=\"504\" \/>\n\t<meta property=\"og:image:type\" content=\"image\/jpeg\" \/>\n<meta name=\"twitter:card\" content=\"summary_large_image\" \/>\n<meta name=\"twitter:label1\" content=\"Est. reading time\" \/>\n\t<meta name=\"twitter:data1\" content=\"2 minutes\" \/>\n<script type=\"application\/ld+json\" class=\"yoast-schema-graph\">{\"@context\":\"https:\\\/\\\/schema.org\",\"@graph\":[{\"@type\":\"WebPage\",\"@id\":\"https:\\\/\\\/www.prismatibro.se\\\/en\\\/di-ovality-kit\\\/\",\"url\":\"https:\\\/\\\/www.prismatibro.se\\\/en\\\/di-ovality-kit\\\/\",\"name\":\"Prisma DI Ovality Kit accessory | PrismaTibro\",\"isPartOf\":{\"@id\":\"https:\\\/\\\/www.prismatibro.se\\\/en\\\/#website\"},\"primaryImageOfPage\":{\"@id\":\"https:\\\/\\\/www.prismatibro.se\\\/en\\\/di-ovality-kit\\\/#primaryimage\"},\"image\":{\"@id\":\"https:\\\/\\\/www.prismatibro.se\\\/en\\\/di-ovality-kit\\\/#primaryimage\"},\"thumbnailUrl\":\"https:\\\/\\\/www.prismatibro.se\\\/wp-content\\\/uploads\\\/2022\\\/09\\\/Prisma-DI-Ovality-Kit_488-8100_800x504_220920-01.jpg\",\"datePublished\":\"2014-09-09T06:10:43+00:00\",\"dateModified\":\"2024-05-28T06:42:29+00:00\",\"description\":\"Prisma DI Ovality Kit accessory. Prisma Ovality Kit is mainly designed to measure the cylinder liners ovality and wear on diesel engines.\",\"breadcrumb\":{\"@id\":\"https:\\\/\\\/www.prismatibro.se\\\/en\\\/di-ovality-kit\\\/#breadcrumb\"},\"inLanguage\":\"en-US\",\"potentialAction\":[{\"@type\":\"ReadAction\",\"target\":[\"https:\\\/\\\/www.prismatibro.se\\\/en\\\/di-ovality-kit\\\/\"]}]},{\"@type\":\"ImageObject\",\"inLanguage\":\"en-US\",\"@id\":\"https:\\\/\\\/www.prismatibro.se\\\/en\\\/di-ovality-kit\\\/#primaryimage\",\"url\":\"https:\\\/\\\/www.prismatibro.se\\\/wp-content\\\/uploads\\\/2022\\\/09\\\/Prisma-DI-Ovality-Kit_488-8100_800x504_220920-01.jpg\",\"contentUrl\":\"https:\\\/\\\/www.prismatibro.se\\\/wp-content\\\/uploads\\\/2022\\\/09\\\/Prisma-DI-Ovality-Kit_488-8100_800x504_220920-01.jpg\",\"width\":800,\"height\":504,\"caption\":\"Prisma DI Ovality Kit\"},{\"@type\":\"BreadcrumbList\",\"@id\":\"https:\\\/\\\/www.prismatibro.se\\\/en\\\/di-ovality-kit\\\/#breadcrumb\",\"itemListElement\":[{\"@type\":\"ListItem\",\"position\":1,\"name\":\"Hem\",\"item\":\"https:\\\/\\\/www.prismatibro.se\\\/en\\\/\"},{\"@type\":\"ListItem\",\"position\":2,\"name\":\"Prisma DI Ovality Kit accessory\"}]},{\"@type\":\"WebSite\",\"@id\":\"https:\\\/\\\/www.prismatibro.se\\\/en\\\/#website\",\"url\":\"https:\\\/\\\/www.prismatibro.se\\\/en\\\/\",\"name\":\"PrismaTibro Sweden\",\"description\":\"Pedestrian Signal, \u00d6verg\u00e5ngssignal, D\u00f6rr\u00f6ppnare, Deflection Indikator, LED gatubelysning\",\"publisher\":{\"@id\":\"https:\\\/\\\/www.prismatibro.se\\\/en\\\/#organization\"},\"potentialAction\":[{\"@type\":\"SearchAction\",\"target\":{\"@type\":\"EntryPoint\",\"urlTemplate\":\"https:\\\/\\\/www.prismatibro.se\\\/en\\\/?s={search_term_string}\"},\"query-input\":{\"@type\":\"PropertyValueSpecification\",\"valueRequired\":true,\"valueName\":\"search_term_string\"}}],\"inLanguage\":\"en-US\"},{\"@type\":\"Organization\",\"@id\":\"https:\\\/\\\/www.prismatibro.se\\\/en\\\/#organization\",\"name\":\"PrismaTibro\",\"url\":\"https:\\\/\\\/www.prismatibro.se\\\/en\\\/\",\"logo\":{\"@type\":\"ImageObject\",\"inLanguage\":\"en-US\",\"@id\":\"https:\\\/\\\/www.prismatibro.se\\\/en\\\/#\\\/schema\\\/logo\\\/image\\\/\",\"url\":\"https:\\\/\\\/www.prismatibro.se\\\/wp-content\\\/uploads\\\/2017\\\/08\\\/PrismaTibro_logo_207x52_170807-01@2x.png\",\"contentUrl\":\"https:\\\/\\\/www.prismatibro.se\\\/wp-content\\\/uploads\\\/2017\\\/08\\\/PrismaTibro_logo_207x52_170807-01@2x.png\",\"width\":414,\"height\":104,\"caption\":\"PrismaTibro\"},\"image\":{\"@id\":\"https:\\\/\\\/www.prismatibro.se\\\/en\\\/#\\\/schema\\\/logo\\\/image\\\/\"},\"sameAs\":[\"https:\\\/\\\/www.linkedin.com\\\/company\\\/prismatibro\"]}]}<\/script>\n<!-- \/ Yoast SEO plugin. -->","yoast_head_json":{"title":"Prisma DI Ovality Kit accessory | PrismaTibro","description":"Prisma DI Ovality Kit accessory. Prisma Ovality Kit is mainly designed to measure the cylinder liners ovality and wear on diesel engines.","robots":{"index":"index","follow":"follow","max-snippet":"max-snippet:-1","max-image-preview":"max-image-preview:large","max-video-preview":"max-video-preview:-1"},"canonical":"https:\/\/www.prismatibro.se\/en\/di-ovality-kit\/","og_locale":"en_US","og_type":"article","og_title":"Prisma DI Ovality Kit accessory | PrismaTibro","og_description":"Prisma DI Ovality Kit accessory. Prisma Ovality Kit is mainly designed to measure the cylinder liners ovality and wear on diesel engines.","og_url":"https:\/\/www.prismatibro.se\/en\/di-ovality-kit\/","og_site_name":"PrismaTibro","article_modified_time":"2024-05-28T06:42:29+00:00","og_image":[{"width":800,"height":504,"url":"https:\/\/www.prismatibro.se\/wp-content\/uploads\/2022\/09\/Prisma-DI-Ovality-Kit_488-8100_800x504_220920-01.jpg","type":"image\/jpeg"}],"twitter_card":"summary_large_image","twitter_misc":{"Est. reading time":"2 minutes"},"schema":{"@context":"https:\/\/schema.org","@graph":[{"@type":"WebPage","@id":"https:\/\/www.prismatibro.se\/en\/di-ovality-kit\/","url":"https:\/\/www.prismatibro.se\/en\/di-ovality-kit\/","name":"Prisma DI Ovality Kit accessory | PrismaTibro","isPartOf":{"@id":"https:\/\/www.prismatibro.se\/en\/#website"},"primaryImageOfPage":{"@id":"https:\/\/www.prismatibro.se\/en\/di-ovality-kit\/#primaryimage"},"image":{"@id":"https:\/\/www.prismatibro.se\/en\/di-ovality-kit\/#primaryimage"},"thumbnailUrl":"https:\/\/www.prismatibro.se\/wp-content\/uploads\/2022\/09\/Prisma-DI-Ovality-Kit_488-8100_800x504_220920-01.jpg","datePublished":"2014-09-09T06:10:43+00:00","dateModified":"2024-05-28T06:42:29+00:00","description":"Prisma DI Ovality Kit accessory. Prisma Ovality Kit is mainly designed to measure the cylinder liners ovality and wear on diesel engines.","breadcrumb":{"@id":"https:\/\/www.prismatibro.se\/en\/di-ovality-kit\/#breadcrumb"},"inLanguage":"en-US","potentialAction":[{"@type":"ReadAction","target":["https:\/\/www.prismatibro.se\/en\/di-ovality-kit\/"]}]},{"@type":"ImageObject","inLanguage":"en-US","@id":"https:\/\/www.prismatibro.se\/en\/di-ovality-kit\/#primaryimage","url":"https:\/\/www.prismatibro.se\/wp-content\/uploads\/2022\/09\/Prisma-DI-Ovality-Kit_488-8100_800x504_220920-01.jpg","contentUrl":"https:\/\/www.prismatibro.se\/wp-content\/uploads\/2022\/09\/Prisma-DI-Ovality-Kit_488-8100_800x504_220920-01.jpg","width":800,"height":504,"caption":"Prisma DI Ovality Kit"},{"@type":"BreadcrumbList","@id":"https:\/\/www.prismatibro.se\/en\/di-ovality-kit\/#breadcrumb","itemListElement":[{"@type":"ListItem","position":1,"name":"Hem","item":"https:\/\/www.prismatibro.se\/en\/"},{"@type":"ListItem","position":2,"name":"Prisma DI Ovality Kit accessory"}]},{"@type":"WebSite","@id":"https:\/\/www.prismatibro.se\/en\/#website","url":"https:\/\/www.prismatibro.se\/en\/","name":"PrismaTibro Sweden","description":"Pedestrian Signal, \u00d6verg\u00e5ngssignal, D\u00f6rr\u00f6ppnare, Deflection Indikator, LED gatubelysning","publisher":{"@id":"https:\/\/www.prismatibro.se\/en\/#organization"},"potentialAction":[{"@type":"SearchAction","target":{"@type":"EntryPoint","urlTemplate":"https:\/\/www.prismatibro.se\/en\/?s={search_term_string}"},"query-input":{"@type":"PropertyValueSpecification","valueRequired":true,"valueName":"search_term_string"}}],"inLanguage":"en-US"},{"@type":"Organization","@id":"https:\/\/www.prismatibro.se\/en\/#organization","name":"PrismaTibro","url":"https:\/\/www.prismatibro.se\/en\/","logo":{"@type":"ImageObject","inLanguage":"en-US","@id":"https:\/\/www.prismatibro.se\/en\/#\/schema\/logo\/image\/","url":"https:\/\/www.prismatibro.se\/wp-content\/uploads\/2017\/08\/PrismaTibro_logo_207x52_170807-01@2x.png","contentUrl":"https:\/\/www.prismatibro.se\/wp-content\/uploads\/2017\/08\/PrismaTibro_logo_207x52_170807-01@2x.png","width":414,"height":104,"caption":"PrismaTibro"},"image":{"@id":"https:\/\/www.prismatibro.se\/en\/#\/schema\/logo\/image\/"},"sameAs":["https:\/\/www.linkedin.com\/company\/prismatibro"]}]}},"_links":{"self":[{"href":"https:\/\/www.prismatibro.se\/en\/wp-json\/wp\/v2\/pages\/6873","targetHints":{"allow":["GET"]}}],"collection":[{"href":"https:\/\/www.prismatibro.se\/en\/wp-json\/wp\/v2\/pages"}],"about":[{"href":"https:\/\/www.prismatibro.se\/en\/wp-json\/wp\/v2\/types\/page"}],"author":[{"embeddable":true,"href":"https:\/\/www.prismatibro.se\/en\/wp-json\/wp\/v2\/users\/6"}],"replies":[{"embeddable":true,"href":"https:\/\/www.prismatibro.se\/en\/wp-json\/wp\/v2\/comments?post=6873"}],"version-history":[{"count":23,"href":"https:\/\/www.prismatibro.se\/en\/wp-json\/wp\/v2\/pages\/6873\/revisions"}],"predecessor-version":[{"id":61913,"href":"https:\/\/www.prismatibro.se\/en\/wp-json\/wp\/v2\/pages\/6873\/revisions\/61913"}],"wp:featuredmedia":[{"embeddable":true,"href":"https:\/\/www.prismatibro.se\/en\/wp-json\/wp\/v2\/media\/40296"}],"wp:attachment":[{"href":"https:\/\/www.prismatibro.se\/en\/wp-json\/wp\/v2\/media?parent=6873"}],"curies":[{"name":"wp","href":"https:\/\/api.w.org\/{rel}","templated":true}]}}