{"id":64618,"date":"2025-05-14T15:53:54","date_gmt":"2025-05-14T13:53:54","guid":{"rendered":"https:\/\/www.prismatibro.se\/?page_id=64618"},"modified":"2025-05-22T15:42:37","modified_gmt":"2025-05-22T13:42:37","slug":"cookies","status":"publish","type":"page","link":"https:\/\/www.prismatibro.se\/en\/cookies\/","title":{"rendered":"Cookies"},"content":{"rendered":"<div class=\"fusion-fullwidth fullwidth-box fusion-builder-row-1 fusion-flex-container has-pattern-background has-mask-background nonhundred-percent-fullwidth non-hundred-percent-height-scrolling\" style=\"--awb-border-radius-top-left:0px;--awb-border-radius-top-right:0px;--awb-border-radius-bottom-right:0px;--awb-border-radius-bottom-left:0px;--awb-flex-wrap:wrap;\" ><div class=\"fusion-builder-row fusion-row fusion-flex-align-items-flex-start fusion-flex-content-wrap\" style=\"max-width:1996.8px;margin-left: calc(-4% \/ 2 );margin-right: calc(-4% \/ 2 );\"><div class=\"fusion-layout-column fusion_builder_column fusion-builder-column-0 fusion_builder_column_1_2 1_2 fusion-flex-column\" style=\"--awb-bg-size:cover;--awb-width-large:50%;--awb-margin-top-large:0px;--awb-spacing-right-large:3.84%;--awb-margin-bottom-large:20px;--awb-spacing-left-large:3.84%;--awb-width-medium:100%;--awb-order-medium:0;--awb-spacing-right-medium:1.92%;--awb-spacing-left-medium:1.92%;--awb-width-small:100%;--awb-order-small:0;--awb-spacing-right-small:1.92%;--awb-spacing-left-small:1.92%;\"><div class=\"fusion-column-wrapper fusion-column-has-shadow fusion-flex-justify-content-flex-start fusion-content-layout-column\"><div class=\"fusion-text fusion-text-1\"><h1>Analytics Cookies<\/h1>\n<p>We use analytics cookies to help us understand how visitors engage with our website. These cookies collect anonymous information that allows us to track the number of visitors, how they navigate the site, and which pages they view the most. This helps us improve the structure, content, and performance of our website.<\/p>\n<h2>Google Analytics<\/h2>\n<p>Google Analytics is a web analytics service provided by Google, Inc. It uses cookies to gather data about how you use our website (such as your IP address, the pages you visit, and the time spent on each page). This data is anonymized and used to improve the website experience by understanding visitor behavior.<\/p>\n<h3>Purpose<\/h3>\n<p>These cookies allow us to analyze website traffic and user interaction to optimize our services.<\/p>\n<h3>Data Retention<\/h3>\n<p>Data collected via Google Analytics is retained for a period of 26 months before being automatically deleted.<\/p>\n<h3>Marketing Cookies<\/h3>\n<p>These cookies are used to track your activity across different websites and services. This helps us and third-party advertisers deliver ads that are more relevant to you, based on your interests and browsing habits.<\/p>\n<h3>Meta Pixel<\/h3>\n<p>Meta Pixel is a tool that allows us to measure the effectiveness of our advertising by tracking user actions on our website after they click on an ad. The pixel helps us understand which actions users take on our site (like making a purchase or filling out a form) and optimize our advertising campaigns accordingly. The data is used to show you targeted ads that are relevant to you on Facebook. We do not use Meta Pixel across our whole webpage, it is only implemented if you should arrive at our website through a targeted Meta ad.<\/p>\n<h3>Google Ads &amp; Google Tag Manager<\/h3>\n<p>These cookies are used to track your behavior across websites to show you relevant ads based on your browsing history and interactions with our site. Google Ads allows us to display ads that are personalized to you based on your interests and activities across the web.<\/p>\n<\/div><\/div><\/div><div class=\"fusion-layout-column fusion_builder_column fusion-builder-column-1 fusion_builder_column_1_2 1_2 fusion-flex-column\" style=\"--awb-bg-size:cover;--awb-width-large:50%;--awb-margin-top-large:0px;--awb-spacing-right-large:3.84%;--awb-margin-bottom-large:20px;--awb-spacing-left-large:3.84%;--awb-width-medium:100%;--awb-order-medium:0;--awb-spacing-right-medium:1.92%;--awb-spacing-left-medium:1.92%;--awb-width-small:100%;--awb-order-small:0;--awb-spacing-right-small:1.92%;--awb-spacing-left-small:1.92%;\"><div class=\"fusion-column-wrapper fusion-column-has-shadow fusion-flex-justify-content-flex-start fusion-content-layout-column\"><div class=\"fusion-text fusion-text-2\"><h3>Other Third-Party Tracking Pixels<\/h3>\n<p>In addition to Meta Pixel and Google Ads, we may use other third-party marketing tools (such as LinkedIn Insights, or others) to display ads and track performance on various platforms.<br \/>\n<strong>Purpose<br \/>\n<\/strong>These cookies are used for targeted advertising, retargeting, and performance measurement. They enable us to show you ads that are likely to be of interest to you and help us track the success of our ad campaigns.<br \/>\n<strong>Data Retention<br \/>\n<\/strong>The retention period for marketing data depends on the platform being used, but typically ranges from 30 to 180 days.<\/p>\n<p><strong>Users of our website may opt out of Google&#8217;s use of cookies<\/strong> to serve ads based on a your prior visits to our website by visiting the Google advertising opt-out page.<br \/>\n<a href=\"https:\/\/policies.google.com\/technologies\/ads\"><strong>&gt;&gt;&gt; Google advertising opt-out page<\/strong><\/a><br \/>\nAlternatively, if you wish to opt out of a third-party vendor&#8217;s use of cookies for interest-based advertising &#8211; visit<br \/>\n<a href=\"https:\/\/optout.networkadvertising.org\/?c=1\"><strong>&gt;&gt;&gt; the Network Advertising Initiative opt out page<\/strong><\/a><\/p>\n<\/div><\/div><\/div><\/div><\/div>\n","protected":false},"excerpt":{"rendered":"<p>Analytics Cookies. Google Analytics. Marketing Cookies. Meta Pixel. Google Ads &#038; Google Tag Manager. Other Third-Party Tracking Pixels<\/p>\n","protected":false},"author":18,"featured_media":0,"parent":0,"menu_order":0,"comment_status":"closed","ping_status":"closed","template":"","meta":{"footnotes":""},"class_list":["post-64618","page","type-page","status-publish","hentry"],"yoast_head":"<!-- This site is optimized with the Yoast SEO plugin v27.4 - https:\/\/yoast.com\/product\/yoast-seo-wordpress\/ -->\n<title>Cookies | PrismaTibro<\/title>\n<meta name=\"description\" content=\"Analytics Cookies. Google Analytics. Marketing Cookies. Meta Pixel. Google Ads &amp; Google Tag Manager. Other Third-Party Tracking Pixels\" \/>\n<meta name=\"robots\" content=\"index, follow, max-snippet:-1, max-image-preview:large, max-video-preview:-1\" \/>\n<link rel=\"canonical\" href=\"https:\/\/www.prismatibro.se\/en\/cookies\/\" \/>\n<meta property=\"og:locale\" content=\"en_US\" \/>\n<meta property=\"og:type\" content=\"article\" \/>\n<meta property=\"og:title\" content=\"Cookies | PrismaTibro\" \/>\n<meta property=\"og:description\" content=\"Analytics Cookies. Google Analytics. Marketing Cookies. Meta Pixel. Google Ads &amp; Google Tag Manager. Other Third-Party Tracking Pixels\" \/>\n<meta property=\"og:url\" content=\"https:\/\/www.prismatibro.se\/en\/cookies\/\" \/>\n<meta property=\"og:site_name\" content=\"PrismaTibro\" \/>\n<meta property=\"article:modified_time\" content=\"2025-05-22T13:42:37+00:00\" \/>\n<meta name=\"twitter:card\" content=\"summary_large_image\" \/>\n<meta name=\"twitter:label1\" content=\"Est. reading time\" \/>\n\t<meta name=\"twitter:data1\" content=\"3 minutes\" \/>\n<script type=\"application\/ld+json\" class=\"yoast-schema-graph\">{\"@context\":\"https:\\\/\\\/schema.org\",\"@graph\":[{\"@type\":\"WebPage\",\"@id\":\"https:\\\/\\\/www.prismatibro.se\\\/en\\\/cookies\\\/\",\"url\":\"https:\\\/\\\/www.prismatibro.se\\\/en\\\/cookies\\\/\",\"name\":\"Cookies | PrismaTibro\",\"isPartOf\":{\"@id\":\"https:\\\/\\\/www.prismatibro.se\\\/en\\\/#website\"},\"datePublished\":\"2025-05-14T13:53:54+00:00\",\"dateModified\":\"2025-05-22T13:42:37+00:00\",\"description\":\"Analytics Cookies. Google Analytics. Marketing Cookies. Meta Pixel. Google Ads & Google Tag Manager. Other Third-Party Tracking Pixels\",\"breadcrumb\":{\"@id\":\"https:\\\/\\\/www.prismatibro.se\\\/en\\\/cookies\\\/#breadcrumb\"},\"inLanguage\":\"en-US\",\"potentialAction\":[{\"@type\":\"ReadAction\",\"target\":[\"https:\\\/\\\/www.prismatibro.se\\\/en\\\/cookies\\\/\"]}]},{\"@type\":\"BreadcrumbList\",\"@id\":\"https:\\\/\\\/www.prismatibro.se\\\/en\\\/cookies\\\/#breadcrumb\",\"itemListElement\":[{\"@type\":\"ListItem\",\"position\":1,\"name\":\"Hem\",\"item\":\"https:\\\/\\\/www.prismatibro.se\\\/en\\\/\"},{\"@type\":\"ListItem\",\"position\":2,\"name\":\"Cookies\"}]},{\"@type\":\"WebSite\",\"@id\":\"https:\\\/\\\/www.prismatibro.se\\\/en\\\/#website\",\"url\":\"https:\\\/\\\/www.prismatibro.se\\\/en\\\/\",\"name\":\"PrismaTibro Sweden\",\"description\":\"Pedestrian Signal, \u00d6verg\u00e5ngssignal, D\u00f6rr\u00f6ppnare, Deflection Indikator, LED gatubelysning\",\"publisher\":{\"@id\":\"https:\\\/\\\/www.prismatibro.se\\\/en\\\/#organization\"},\"potentialAction\":[{\"@type\":\"SearchAction\",\"target\":{\"@type\":\"EntryPoint\",\"urlTemplate\":\"https:\\\/\\\/www.prismatibro.se\\\/en\\\/?s={search_term_string}\"},\"query-input\":{\"@type\":\"PropertyValueSpecification\",\"valueRequired\":true,\"valueName\":\"search_term_string\"}}],\"inLanguage\":\"en-US\"},{\"@type\":\"Organization\",\"@id\":\"https:\\\/\\\/www.prismatibro.se\\\/en\\\/#organization\",\"name\":\"PrismaTibro\",\"url\":\"https:\\\/\\\/www.prismatibro.se\\\/en\\\/\",\"logo\":{\"@type\":\"ImageObject\",\"inLanguage\":\"en-US\",\"@id\":\"https:\\\/\\\/www.prismatibro.se\\\/en\\\/#\\\/schema\\\/logo\\\/image\\\/\",\"url\":\"https:\\\/\\\/www.prismatibro.se\\\/wp-content\\\/uploads\\\/2017\\\/08\\\/PrismaTibro_logo_207x52_170807-01@2x.png\",\"contentUrl\":\"https:\\\/\\\/www.prismatibro.se\\\/wp-content\\\/uploads\\\/2017\\\/08\\\/PrismaTibro_logo_207x52_170807-01@2x.png\",\"width\":414,\"height\":104,\"caption\":\"PrismaTibro\"},\"image\":{\"@id\":\"https:\\\/\\\/www.prismatibro.se\\\/en\\\/#\\\/schema\\\/logo\\\/image\\\/\"},\"sameAs\":[\"https:\\\/\\\/www.linkedin.com\\\/company\\\/prismatibro\"]}]}<\/script>\n<!-- \/ Yoast SEO plugin. -->","yoast_head_json":{"title":"Cookies | PrismaTibro","description":"Analytics Cookies. Google Analytics. Marketing Cookies. Meta Pixel. Google Ads & Google Tag Manager. Other Third-Party Tracking Pixels","robots":{"index":"index","follow":"follow","max-snippet":"max-snippet:-1","max-image-preview":"max-image-preview:large","max-video-preview":"max-video-preview:-1"},"canonical":"https:\/\/www.prismatibro.se\/en\/cookies\/","og_locale":"en_US","og_type":"article","og_title":"Cookies | PrismaTibro","og_description":"Analytics Cookies. Google Analytics. Marketing Cookies. Meta Pixel. Google Ads & Google Tag Manager. Other Third-Party Tracking Pixels","og_url":"https:\/\/www.prismatibro.se\/en\/cookies\/","og_site_name":"PrismaTibro","article_modified_time":"2025-05-22T13:42:37+00:00","twitter_card":"summary_large_image","twitter_misc":{"Est. reading time":"3 minutes"},"schema":{"@context":"https:\/\/schema.org","@graph":[{"@type":"WebPage","@id":"https:\/\/www.prismatibro.se\/en\/cookies\/","url":"https:\/\/www.prismatibro.se\/en\/cookies\/","name":"Cookies | PrismaTibro","isPartOf":{"@id":"https:\/\/www.prismatibro.se\/en\/#website"},"datePublished":"2025-05-14T13:53:54+00:00","dateModified":"2025-05-22T13:42:37+00:00","description":"Analytics Cookies. Google Analytics. Marketing Cookies. Meta Pixel. Google Ads & Google Tag Manager. Other Third-Party Tracking Pixels","breadcrumb":{"@id":"https:\/\/www.prismatibro.se\/en\/cookies\/#breadcrumb"},"inLanguage":"en-US","potentialAction":[{"@type":"ReadAction","target":["https:\/\/www.prismatibro.se\/en\/cookies\/"]}]},{"@type":"BreadcrumbList","@id":"https:\/\/www.prismatibro.se\/en\/cookies\/#breadcrumb","itemListElement":[{"@type":"ListItem","position":1,"name":"Hem","item":"https:\/\/www.prismatibro.se\/en\/"},{"@type":"ListItem","position":2,"name":"Cookies"}]},{"@type":"WebSite","@id":"https:\/\/www.prismatibro.se\/en\/#website","url":"https:\/\/www.prismatibro.se\/en\/","name":"PrismaTibro Sweden","description":"Pedestrian Signal, \u00d6verg\u00e5ngssignal, D\u00f6rr\u00f6ppnare, Deflection Indikator, LED gatubelysning","publisher":{"@id":"https:\/\/www.prismatibro.se\/en\/#organization"},"potentialAction":[{"@type":"SearchAction","target":{"@type":"EntryPoint","urlTemplate":"https:\/\/www.prismatibro.se\/en\/?s={search_term_string}"},"query-input":{"@type":"PropertyValueSpecification","valueRequired":true,"valueName":"search_term_string"}}],"inLanguage":"en-US"},{"@type":"Organization","@id":"https:\/\/www.prismatibro.se\/en\/#organization","name":"PrismaTibro","url":"https:\/\/www.prismatibro.se\/en\/","logo":{"@type":"ImageObject","inLanguage":"en-US","@id":"https:\/\/www.prismatibro.se\/en\/#\/schema\/logo\/image\/","url":"https:\/\/www.prismatibro.se\/wp-content\/uploads\/2017\/08\/PrismaTibro_logo_207x52_170807-01@2x.png","contentUrl":"https:\/\/www.prismatibro.se\/wp-content\/uploads\/2017\/08\/PrismaTibro_logo_207x52_170807-01@2x.png","width":414,"height":104,"caption":"PrismaTibro"},"image":{"@id":"https:\/\/www.prismatibro.se\/en\/#\/schema\/logo\/image\/"},"sameAs":["https:\/\/www.linkedin.com\/company\/prismatibro"]}]}},"_links":{"self":[{"href":"https:\/\/www.prismatibro.se\/en\/wp-json\/wp\/v2\/pages\/64618","targetHints":{"allow":["GET"]}}],"collection":[{"href":"https:\/\/www.prismatibro.se\/en\/wp-json\/wp\/v2\/pages"}],"about":[{"href":"https:\/\/www.prismatibro.se\/en\/wp-json\/wp\/v2\/types\/page"}],"author":[{"embeddable":true,"href":"https:\/\/www.prismatibro.se\/en\/wp-json\/wp\/v2\/users\/18"}],"replies":[{"embeddable":true,"href":"https:\/\/www.prismatibro.se\/en\/wp-json\/wp\/v2\/comments?post=64618"}],"version-history":[{"count":6,"href":"https:\/\/www.prismatibro.se\/en\/wp-json\/wp\/v2\/pages\/64618\/revisions"}],"predecessor-version":[{"id":64695,"href":"https:\/\/www.prismatibro.se\/en\/wp-json\/wp\/v2\/pages\/64618\/revisions\/64695"}],"wp:attachment":[{"href":"https:\/\/www.prismatibro.se\/en\/wp-json\/wp\/v2\/media?parent=64618"}],"curies":[{"name":"wp","href":"https:\/\/api.w.org\/{rel}","templated":true}]}}