{"id":52239,"date":"2023-03-10T15:30:01","date_gmt":"2023-03-10T14:30:01","guid":{"rendered":"https:\/\/www.prismatibro.se\/?page_id=52239"},"modified":"2023-03-10T15:30:56","modified_gmt":"2023-03-10T14:30:56","slug":"prisma-di-products-that-have-been-discontinued","status":"publish","type":"page","link":"https:\/\/www.prismatibro.se\/en\/prisma-di-products-that-have-been-discontinued\/","title":{"rendered":"Prisma DI: Products that have been discontinued"},"content":{"rendered":"<div class=\"fusion-fullwidth fullwidth-box fusion-builder-row-1 fusion-flex-container has-pattern-background has-mask-background nonhundred-percent-fullwidth non-hundred-percent-height-scrolling\" style=\"--awb-border-radius-top-left:0px;--awb-border-radius-top-right:0px;--awb-border-radius-bottom-right:0px;--awb-border-radius-bottom-left:0px;--awb-flex-wrap:wrap;\" ><div class=\"fusion-builder-row fusion-row fusion-flex-align-items-flex-start fusion-flex-content-wrap\" style=\"max-width:1996.8px;margin-left: calc(-4% \/ 2 );margin-right: calc(-4% \/ 2 );\"><div class=\"fusion-layout-column fusion_builder_column fusion-builder-column-0 fusion_builder_column_1_1 1_1 fusion-flex-column\" style=\"--awb-bg-size:cover;--awb-width-large:100%;--awb-margin-top-large:0px;--awb-spacing-right-large:1.92%;--awb-margin-bottom-large:20px;--awb-spacing-left-large:1.92%;--awb-width-medium:100%;--awb-order-medium:0;--awb-spacing-right-medium:1.92%;--awb-spacing-left-medium:1.92%;--awb-width-small:100%;--awb-order-small:0;--awb-spacing-right-small:1.92%;--awb-spacing-left-small:1.92%;\"><div class=\"fusion-column-wrapper fusion-column-has-shadow fusion-flex-justify-content-flex-start fusion-content-layout-column\"><div class=\"fusion-text fusion-text-1\"><h1>Products that have been discontinued<\/h1>\n<ul>\n<li><strong>Prisma DI-4C<\/strong><br \/>\nReplaced by\u00a0<a href=\"https:\/\/www.prismatibro.se\/en\/di-5c\/\"><strong>Prisma DI-5C<\/strong><\/a>.<\/li>\n<li><strong>Prisma DI-4<\/strong><br \/>\nReplaced by\u00a0<a href=\"https:\/\/www.prismatibro.se\/en\/prisma-di-5\/\"><strong>Prisma DI-5<\/strong><\/a>.<\/li>\n<li><strong>RO-3<\/strong><br \/>\nReplaced by\u00a0<strong><a href=\"https:\/\/www.prismatibro.se\/en\/di-5c\/\">Prisma DI-5C<\/a>, <a href=\"https:\/\/www.prismatibro.se\/en\/prisma-di-5\/\">Prisma DI-5<\/a><\/strong>.<\/li>\n<li><strong>Bohman DEC tester<\/strong><br \/>\nDiscontinued without replacement.<\/li>\n<\/ul>\n<h2>Calibration and service<\/h2>\n<p>We recommend <strong><a href=\"https:\/\/www.prismatibro.se\/en\/prisma-di-rma\/\">recalibrating the deflection indicator<\/a><\/strong> once every three years to maintain the functionality. We still offer recalibration and service work for Prisma DI-4C and Prisma DI-4. Unfortunately, it is not possible to calibrate or service the older model RO-3. The few cases where this is requested, we recommend investing in a new measuring device instead.<\/p>\n<h3>Other products<\/h3>\n<p>Sometimes, we are asked if we offer Pneumatic Actuators. The answer to that question is no \u2013 those are made by another manufacturer.\u00a0However, in addition to Prisma DI-5C and Prisma DI-5, we also provide\u00a0<a href=\"https:\/\/www.prismatibro.se\/en\/di-ovality-kit\/\"><strong>Prisma DI Ovality Kit<\/strong><\/a> \u2013 a measuring instrument for measuring ovality and wear in cylinder liners in marine engines.<\/p>\n<h3>Contact<\/h3>\n<p><a href=\"https:\/\/www.prismatibro.se\/en\/contact-us-at-prismatibro\/?PrismaTibroSelect=.sales-prisma-di\"><strong>Please contact us<\/strong> if you have any questions or concerns, and we will find a good solution together!<\/a><\/p>\n<\/div><\/div><\/div><\/div><\/div>\n","protected":false},"excerpt":{"rendered":"<p>We do not sell Prisma DI-4C, Prisma DI-4, RO-3 or Bohman DEC tester anymore. Nowadays, we offer Prisma DI-5C, Prisma DI-5 and Prisma DI Ovality Kit. We offer calibration and service for&#8230;<\/p>\n","protected":false},"author":19,"featured_media":52225,"parent":0,"menu_order":0,"comment_status":"closed","ping_status":"closed","template":"","meta":{"footnotes":""},"class_list":["post-52239","page","type-page","status-publish","has-post-thumbnail","hentry"],"yoast_head":"<!-- This site is optimized with the Yoast SEO plugin v27.4 - https:\/\/yoast.com\/product\/yoast-seo-wordpress\/ -->\n<title>Prisma DI: Products that have been discontinued | PrismaTibro<\/title>\n<meta name=\"description\" content=\"Prisma DI: Products that have been discontinued. We do not sell Prisma DI-4C, Prisma DI-4, RO-3 or Bohman DEC tester anymore...\" \/>\n<meta name=\"robots\" content=\"index, follow, max-snippet:-1, max-image-preview:large, max-video-preview:-1\" \/>\n<link rel=\"canonical\" href=\"https:\/\/www.prismatibro.se\/en\/prisma-di-products-that-have-been-discontinued\/\" \/>\n<meta property=\"og:locale\" content=\"en_US\" \/>\n<meta property=\"og:type\" content=\"article\" \/>\n<meta property=\"og:title\" content=\"Prisma DI: Products that have been discontinued | PrismaTibro\" \/>\n<meta property=\"og:description\" content=\"Prisma DI: Products that have been discontinued. We do not sell Prisma DI-4C, Prisma DI-4, RO-3 or Bohman DEC tester anymore...\" \/>\n<meta property=\"og:url\" content=\"https:\/\/www.prismatibro.se\/en\/prisma-di-products-that-have-been-discontinued\/\" \/>\n<meta property=\"og:site_name\" content=\"PrismaTibro\" \/>\n<meta property=\"article:modified_time\" content=\"2023-03-10T14:30:56+00:00\" \/>\n<meta property=\"og:image\" content=\"https:\/\/www.prismatibro.se\/wp-content\/uploads\/2023\/03\/DI_Vilken-ersatter-vilken_800x504_230307-01.jpg\" \/>\n\t<meta property=\"og:image:width\" content=\"800\" \/>\n\t<meta property=\"og:image:height\" content=\"504\" \/>\n\t<meta property=\"og:image:type\" content=\"image\/jpeg\" \/>\n<meta name=\"twitter:card\" content=\"summary_large_image\" \/>\n<meta name=\"twitter:label1\" content=\"Est. reading time\" \/>\n\t<meta name=\"twitter:data1\" content=\"3 minutes\" \/>\n<script type=\"application\/ld+json\" class=\"yoast-schema-graph\">{\"@context\":\"https:\\\/\\\/schema.org\",\"@graph\":[{\"@type\":\"WebPage\",\"@id\":\"https:\\\/\\\/www.prismatibro.se\\\/en\\\/prisma-di-products-that-have-been-discontinued\\\/\",\"url\":\"https:\\\/\\\/www.prismatibro.se\\\/en\\\/prisma-di-products-that-have-been-discontinued\\\/\",\"name\":\"Prisma DI: Products that have been discontinued | PrismaTibro\",\"isPartOf\":{\"@id\":\"https:\\\/\\\/www.prismatibro.se\\\/en\\\/#website\"},\"primaryImageOfPage\":{\"@id\":\"https:\\\/\\\/www.prismatibro.se\\\/en\\\/prisma-di-products-that-have-been-discontinued\\\/#primaryimage\"},\"image\":{\"@id\":\"https:\\\/\\\/www.prismatibro.se\\\/en\\\/prisma-di-products-that-have-been-discontinued\\\/#primaryimage\"},\"thumbnailUrl\":\"https:\\\/\\\/www.prismatibro.se\\\/wp-content\\\/uploads\\\/2023\\\/03\\\/DI_Vilken-ersatter-vilken_800x504_230307-01.jpg\",\"datePublished\":\"2023-03-10T14:30:01+00:00\",\"dateModified\":\"2023-03-10T14:30:56+00:00\",\"description\":\"Prisma DI: Products that have been discontinued. We do not sell Prisma DI-4C, Prisma DI-4, RO-3 or Bohman DEC tester anymore...\",\"breadcrumb\":{\"@id\":\"https:\\\/\\\/www.prismatibro.se\\\/en\\\/prisma-di-products-that-have-been-discontinued\\\/#breadcrumb\"},\"inLanguage\":\"en-US\",\"potentialAction\":[{\"@type\":\"ReadAction\",\"target\":[\"https:\\\/\\\/www.prismatibro.se\\\/en\\\/prisma-di-products-that-have-been-discontinued\\\/\"]}]},{\"@type\":\"ImageObject\",\"inLanguage\":\"en-US\",\"@id\":\"https:\\\/\\\/www.prismatibro.se\\\/en\\\/prisma-di-products-that-have-been-discontinued\\\/#primaryimage\",\"url\":\"https:\\\/\\\/www.prismatibro.se\\\/wp-content\\\/uploads\\\/2023\\\/03\\\/DI_Vilken-ersatter-vilken_800x504_230307-01.jpg\",\"contentUrl\":\"https:\\\/\\\/www.prismatibro.se\\\/wp-content\\\/uploads\\\/2023\\\/03\\\/DI_Vilken-ersatter-vilken_800x504_230307-01.jpg\",\"width\":800,\"height\":504,\"caption\":\"Prisma DI Obsolete\"},{\"@type\":\"BreadcrumbList\",\"@id\":\"https:\\\/\\\/www.prismatibro.se\\\/en\\\/prisma-di-products-that-have-been-discontinued\\\/#breadcrumb\",\"itemListElement\":[{\"@type\":\"ListItem\",\"position\":1,\"name\":\"Hem\",\"item\":\"https:\\\/\\\/www.prismatibro.se\\\/en\\\/\"},{\"@type\":\"ListItem\",\"position\":2,\"name\":\"Prisma DI: Products that have been discontinued\"}]},{\"@type\":\"WebSite\",\"@id\":\"https:\\\/\\\/www.prismatibro.se\\\/en\\\/#website\",\"url\":\"https:\\\/\\\/www.prismatibro.se\\\/en\\\/\",\"name\":\"PrismaTibro Sweden\",\"description\":\"Pedestrian Signal, \u00d6verg\u00e5ngssignal, D\u00f6rr\u00f6ppnare, Deflection Indikator, LED gatubelysning\",\"publisher\":{\"@id\":\"https:\\\/\\\/www.prismatibro.se\\\/en\\\/#organization\"},\"potentialAction\":[{\"@type\":\"SearchAction\",\"target\":{\"@type\":\"EntryPoint\",\"urlTemplate\":\"https:\\\/\\\/www.prismatibro.se\\\/en\\\/?s={search_term_string}\"},\"query-input\":{\"@type\":\"PropertyValueSpecification\",\"valueRequired\":true,\"valueName\":\"search_term_string\"}}],\"inLanguage\":\"en-US\"},{\"@type\":\"Organization\",\"@id\":\"https:\\\/\\\/www.prismatibro.se\\\/en\\\/#organization\",\"name\":\"PrismaTibro\",\"url\":\"https:\\\/\\\/www.prismatibro.se\\\/en\\\/\",\"logo\":{\"@type\":\"ImageObject\",\"inLanguage\":\"en-US\",\"@id\":\"https:\\\/\\\/www.prismatibro.se\\\/en\\\/#\\\/schema\\\/logo\\\/image\\\/\",\"url\":\"https:\\\/\\\/www.prismatibro.se\\\/wp-content\\\/uploads\\\/2017\\\/08\\\/PrismaTibro_logo_207x52_170807-01@2x.png\",\"contentUrl\":\"https:\\\/\\\/www.prismatibro.se\\\/wp-content\\\/uploads\\\/2017\\\/08\\\/PrismaTibro_logo_207x52_170807-01@2x.png\",\"width\":414,\"height\":104,\"caption\":\"PrismaTibro\"},\"image\":{\"@id\":\"https:\\\/\\\/www.prismatibro.se\\\/en\\\/#\\\/schema\\\/logo\\\/image\\\/\"},\"sameAs\":[\"https:\\\/\\\/www.linkedin.com\\\/company\\\/prismatibro\"]}]}<\/script>\n<!-- \/ Yoast SEO plugin. -->","yoast_head_json":{"title":"Prisma DI: Products that have been discontinued | PrismaTibro","description":"Prisma DI: Products that have been discontinued. We do not sell Prisma DI-4C, Prisma DI-4, RO-3 or Bohman DEC tester anymore...","robots":{"index":"index","follow":"follow","max-snippet":"max-snippet:-1","max-image-preview":"max-image-preview:large","max-video-preview":"max-video-preview:-1"},"canonical":"https:\/\/www.prismatibro.se\/en\/prisma-di-products-that-have-been-discontinued\/","og_locale":"en_US","og_type":"article","og_title":"Prisma DI: Products that have been discontinued | PrismaTibro","og_description":"Prisma DI: Products that have been discontinued. We do not sell Prisma DI-4C, Prisma DI-4, RO-3 or Bohman DEC tester anymore...","og_url":"https:\/\/www.prismatibro.se\/en\/prisma-di-products-that-have-been-discontinued\/","og_site_name":"PrismaTibro","article_modified_time":"2023-03-10T14:30:56+00:00","og_image":[{"width":800,"height":504,"url":"https:\/\/www.prismatibro.se\/wp-content\/uploads\/2023\/03\/DI_Vilken-ersatter-vilken_800x504_230307-01.jpg","type":"image\/jpeg"}],"twitter_card":"summary_large_image","twitter_misc":{"Est. reading time":"3 minutes"},"schema":{"@context":"https:\/\/schema.org","@graph":[{"@type":"WebPage","@id":"https:\/\/www.prismatibro.se\/en\/prisma-di-products-that-have-been-discontinued\/","url":"https:\/\/www.prismatibro.se\/en\/prisma-di-products-that-have-been-discontinued\/","name":"Prisma DI: Products that have been discontinued | PrismaTibro","isPartOf":{"@id":"https:\/\/www.prismatibro.se\/en\/#website"},"primaryImageOfPage":{"@id":"https:\/\/www.prismatibro.se\/en\/prisma-di-products-that-have-been-discontinued\/#primaryimage"},"image":{"@id":"https:\/\/www.prismatibro.se\/en\/prisma-di-products-that-have-been-discontinued\/#primaryimage"},"thumbnailUrl":"https:\/\/www.prismatibro.se\/wp-content\/uploads\/2023\/03\/DI_Vilken-ersatter-vilken_800x504_230307-01.jpg","datePublished":"2023-03-10T14:30:01+00:00","dateModified":"2023-03-10T14:30:56+00:00","description":"Prisma DI: Products that have been discontinued. We do not sell Prisma DI-4C, Prisma DI-4, RO-3 or Bohman DEC tester anymore...","breadcrumb":{"@id":"https:\/\/www.prismatibro.se\/en\/prisma-di-products-that-have-been-discontinued\/#breadcrumb"},"inLanguage":"en-US","potentialAction":[{"@type":"ReadAction","target":["https:\/\/www.prismatibro.se\/en\/prisma-di-products-that-have-been-discontinued\/"]}]},{"@type":"ImageObject","inLanguage":"en-US","@id":"https:\/\/www.prismatibro.se\/en\/prisma-di-products-that-have-been-discontinued\/#primaryimage","url":"https:\/\/www.prismatibro.se\/wp-content\/uploads\/2023\/03\/DI_Vilken-ersatter-vilken_800x504_230307-01.jpg","contentUrl":"https:\/\/www.prismatibro.se\/wp-content\/uploads\/2023\/03\/DI_Vilken-ersatter-vilken_800x504_230307-01.jpg","width":800,"height":504,"caption":"Prisma DI Obsolete"},{"@type":"BreadcrumbList","@id":"https:\/\/www.prismatibro.se\/en\/prisma-di-products-that-have-been-discontinued\/#breadcrumb","itemListElement":[{"@type":"ListItem","position":1,"name":"Hem","item":"https:\/\/www.prismatibro.se\/en\/"},{"@type":"ListItem","position":2,"name":"Prisma DI: Products that have been discontinued"}]},{"@type":"WebSite","@id":"https:\/\/www.prismatibro.se\/en\/#website","url":"https:\/\/www.prismatibro.se\/en\/","name":"PrismaTibro Sweden","description":"Pedestrian Signal, \u00d6verg\u00e5ngssignal, D\u00f6rr\u00f6ppnare, Deflection Indikator, LED gatubelysning","publisher":{"@id":"https:\/\/www.prismatibro.se\/en\/#organization"},"potentialAction":[{"@type":"SearchAction","target":{"@type":"EntryPoint","urlTemplate":"https:\/\/www.prismatibro.se\/en\/?s={search_term_string}"},"query-input":{"@type":"PropertyValueSpecification","valueRequired":true,"valueName":"search_term_string"}}],"inLanguage":"en-US"},{"@type":"Organization","@id":"https:\/\/www.prismatibro.se\/en\/#organization","name":"PrismaTibro","url":"https:\/\/www.prismatibro.se\/en\/","logo":{"@type":"ImageObject","inLanguage":"en-US","@id":"https:\/\/www.prismatibro.se\/en\/#\/schema\/logo\/image\/","url":"https:\/\/www.prismatibro.se\/wp-content\/uploads\/2017\/08\/PrismaTibro_logo_207x52_170807-01@2x.png","contentUrl":"https:\/\/www.prismatibro.se\/wp-content\/uploads\/2017\/08\/PrismaTibro_logo_207x52_170807-01@2x.png","width":414,"height":104,"caption":"PrismaTibro"},"image":{"@id":"https:\/\/www.prismatibro.se\/en\/#\/schema\/logo\/image\/"},"sameAs":["https:\/\/www.linkedin.com\/company\/prismatibro"]}]}},"_links":{"self":[{"href":"https:\/\/www.prismatibro.se\/en\/wp-json\/wp\/v2\/pages\/52239","targetHints":{"allow":["GET"]}}],"collection":[{"href":"https:\/\/www.prismatibro.se\/en\/wp-json\/wp\/v2\/pages"}],"about":[{"href":"https:\/\/www.prismatibro.se\/en\/wp-json\/wp\/v2\/types\/page"}],"author":[{"embeddable":true,"href":"https:\/\/www.prismatibro.se\/en\/wp-json\/wp\/v2\/users\/19"}],"replies":[{"embeddable":true,"href":"https:\/\/www.prismatibro.se\/en\/wp-json\/wp\/v2\/comments?post=52239"}],"version-history":[{"count":7,"href":"https:\/\/www.prismatibro.se\/en\/wp-json\/wp\/v2\/pages\/52239\/revisions"}],"predecessor-version":[{"id":52357,"href":"https:\/\/www.prismatibro.se\/en\/wp-json\/wp\/v2\/pages\/52239\/revisions\/52357"}],"wp:featuredmedia":[{"embeddable":true,"href":"https:\/\/www.prismatibro.se\/en\/wp-json\/wp\/v2\/media\/52225"}],"wp:attachment":[{"href":"https:\/\/www.prismatibro.se\/en\/wp-json\/wp\/v2\/media?parent=52239"}],"curies":[{"name":"wp","href":"https:\/\/api.w.org\/{rel}","templated":true}]}}