{"id":48979,"date":"2023-01-18T09:49:10","date_gmt":"2023-01-18T08:49:10","guid":{"rendered":"https:\/\/www.prismatibro.se\/?page_id=48979"},"modified":"2023-03-09T08:05:10","modified_gmt":"2023-03-09T07:05:10","slug":"references","status":"publish","type":"page","link":"https:\/\/www.prismatibro.se\/en\/references\/","title":{"rendered":"References Prisma Daps, DI, Button, Light"},"content":{"rendered":"<div class=\"fusion-fullwidth fullwidth-box fusion-builder-row-1 fusion-flex-container hundred-percent-fullwidth non-hundred-percent-height-scrolling\" style=\"--awb-border-radius-top-left:0px;--awb-border-radius-top-right:0px;--awb-border-radius-bottom-right:0px;--awb-border-radius-bottom-left:0px;--awb-overflow:visible;--awb-flex-wrap:wrap;\" ><div class=\"fusion-builder-row fusion-row fusion-flex-align-items-flex-start fusion-flex-content-wrap\" style=\"width:104% !important;max-width:104% !important;margin-left: calc(-4% \/ 2 );margin-right: calc(-4% \/ 2 );\"><div class=\"fusion-layout-column fusion_builder_column fusion-builder-column-0 fusion_builder_column_1_1 1_1 fusion-flex-column fusion-flex-align-self-flex-start fusion-column-no-min-height\" style=\"--awb-bg-size:cover;--awb-width-large:100%;--awb-margin-top-large:0px;--awb-spacing-right-large:1.92%;--awb-margin-bottom-large:0px;--awb-spacing-left-large:1.92%;--awb-width-medium:100%;--awb-spacing-right-medium:1.92%;--awb-spacing-left-medium:1.92%;--awb-width-small:100%;--awb-spacing-right-small:1.92%;--awb-spacing-left-small:1.92%;\"><div class=\"fusion-column-wrapper fusion-flex-justify-content-flex-start fusion-content-layout-column\"><div class=\"fusion-text fusion-text-1\"><h1>References<\/h1>\n<p>Click on the brand where you wish to find references.<br \/>\nIf you feel like something is missing, or if you have any questions \u2013 <a href=\"https:\/\/www.prismatibro.se\/en\/contact-us-at-prismatibro\/\">contact us <strong>HERE!<\/strong><\/a><\/p>\n<\/div><div class=\"fusion-separator fusion-full-width-sep\" style=\"align-self: center;margin-left: auto;margin-right: auto;margin-top:0px;margin-bottom:20px;width:100%;\"><div class=\"fusion-separator-border sep-dotted sep-single\" style=\"--awb-height:20px;--awb-amount:20px;border-color:#e0dede;border-top-width:1px;\"><\/div><\/div><\/div><\/div><div class=\"fusion-layout-column fusion_builder_column fusion-builder-column-1 fusion_builder_column_1_4 1_4 fusion-flex-column\" style=\"--awb-bg-size:cover;--awb-width-large:25%;--awb-margin-top-large:0px;--awb-spacing-right-large:3.84%;--awb-margin-bottom-large:20px;--awb-spacing-left-large:7.68%;--awb-width-medium:100%;--awb-spacing-right-medium:1.92%;--awb-spacing-left-medium:1.92%;--awb-width-small:100%;--awb-spacing-right-small:1.92%;--awb-spacing-left-small:1.92%;\"><div class=\"fusion-column-wrapper fusion-flex-justify-content-flex-start fusion-content-layout-column\"><div class=\"fusion-image-element \" style=\"text-align:center;--awb-caption-title-font-family:var(--h2_typography-font-family);--awb-caption-title-font-weight:var(--h2_typography-font-weight);--awb-caption-title-font-style:var(--h2_typography-font-style);--awb-caption-title-size:var(--h2_typography-font-size);--awb-caption-title-transform:var(--h2_typography-text-transform);--awb-caption-title-line-height:var(--h2_typography-line-height);--awb-caption-title-letter-spacing:var(--h2_typography-letter-spacing);\"><span class=\" fusion-imageframe imageframe-none imageframe-1 hover-type-none\"><a class=\"fusion-no-lightbox\" href=\"https:\/\/www.prismatibro.se\/en\/ref-da\/\" target=\"_self\" aria-label=\"DA-Logo_200x77_180809-01\"><img decoding=\"async\" width=\"200\" height=\"77\" alt=\"Prisma Daps\" src=\"data:image\/svg+xml,%3Csvg%20xmlns%3D%27http%3A%2F%2Fwww.w3.org%2F2000%2Fsvg%27%20width%3D%27200%27%20height%3D%2777%27%20viewBox%3D%270%200%20200%2077%27%3E%3Crect%20width%3D%27200%27%20height%3D%2777%27%20fill-opacity%3D%220%22%2F%3E%3C%2Fsvg%3E\" data-orig-src=\"https:\/\/www.prismatibro.se\/wp-content\/uploads\/2018\/08\/DA-Logo_200x77_180809-01.png\" class=\"lazyload img-responsive wp-image-22854\"\/><\/a><\/span><\/div><\/div><\/div><div class=\"fusion-layout-column fusion_builder_column fusion-builder-column-2 fusion_builder_column_1_4 1_4 fusion-flex-column\" style=\"--awb-bg-size:cover;--awb-width-large:25%;--awb-margin-top-large:0px;--awb-spacing-right-large:7.68%;--awb-margin-bottom-large:20px;--awb-spacing-left-large:3.84%;--awb-width-medium:100%;--awb-spacing-right-medium:1.92%;--awb-spacing-left-medium:1.92%;--awb-width-small:100%;--awb-spacing-right-small:1.92%;--awb-spacing-left-small:1.92%;\"><div class=\"fusion-column-wrapper fusion-flex-justify-content-flex-start fusion-content-layout-column\"><div class=\"fusion-image-element \" style=\"text-align:center;--awb-caption-title-font-family:var(--h2_typography-font-family);--awb-caption-title-font-weight:var(--h2_typography-font-weight);--awb-caption-title-font-style:var(--h2_typography-font-style);--awb-caption-title-size:var(--h2_typography-font-size);--awb-caption-title-transform:var(--h2_typography-text-transform);--awb-caption-title-line-height:var(--h2_typography-line-height);--awb-caption-title-letter-spacing:var(--h2_typography-letter-spacing);\"><span class=\" fusion-imageframe imageframe-none imageframe-2 hover-type-none\"><a class=\"fusion-no-lightbox\" href=\"https:\/\/www.prismatibro.se\/en\/ref-el\/\" target=\"_self\" aria-label=\"EL-Logo_200x77_180809-01\"><img decoding=\"async\" width=\"200\" height=\"77\" alt=\"Prisma Light\" src=\"data:image\/svg+xml,%3Csvg%20xmlns%3D%27http%3A%2F%2Fwww.w3.org%2F2000%2Fsvg%27%20width%3D%27200%27%20height%3D%2777%27%20viewBox%3D%270%200%20200%2077%27%3E%3Crect%20width%3D%27200%27%20height%3D%2777%27%20fill-opacity%3D%220%22%2F%3E%3C%2Fsvg%3E\" data-orig-src=\"https:\/\/www.prismatibro.se\/wp-content\/uploads\/2018\/08\/EL-Logo_200x77_180809-01.png\" class=\"lazyload img-responsive wp-image-22845\"\/><\/a><\/span><\/div><\/div><\/div><\/div><\/div>\n","protected":false},"excerpt":{"rendered":"<p>V\u00e4lj varum\u00e4rke du \u00f6nskar se referenser f\u00f6r.<\/p>\n","protected":false},"author":19,"featured_media":41883,"parent":0,"menu_order":0,"comment_status":"closed","ping_status":"closed","template":"","meta":{"footnotes":""},"class_list":["post-48979","page","type-page","status-publish","has-post-thumbnail","hentry"],"yoast_head":"<!-- This site is optimized with the Yoast SEO plugin v27.4 - https:\/\/yoast.com\/product\/yoast-seo-wordpress\/ -->\n<title>References Prisma Daps, DI, Button, Light | PrismaTibro<\/title>\n<meta name=\"description\" content=\"References Prisma Daps, DI, Button, Light. Find references of the popular products from PrismaTibro, known for their robust construction.\" \/>\n<meta name=\"robots\" content=\"index, follow, max-snippet:-1, max-image-preview:large, max-video-preview:-1\" \/>\n<link rel=\"canonical\" href=\"https:\/\/www.prismatibro.se\/en\/references\/\" \/>\n<meta property=\"og:locale\" content=\"en_US\" \/>\n<meta property=\"og:type\" content=\"article\" \/>\n<meta property=\"og:title\" content=\"References Prisma Daps, DI, Button, Light | PrismaTibro\" \/>\n<meta property=\"og:description\" content=\"References Prisma Daps, DI, Button, Light. Find references of the popular products from PrismaTibro, known for their robust construction.\" \/>\n<meta property=\"og:url\" content=\"https:\/\/www.prismatibro.se\/en\/references\/\" \/>\n<meta property=\"og:site_name\" content=\"PrismaTibro\" \/>\n<meta property=\"article:modified_time\" content=\"2023-03-09T07:05:10+00:00\" \/>\n<meta property=\"og:image\" content=\"https:\/\/www.prismatibro.se\/wp-content\/uploads\/2022\/10\/PT-Referens-Profil-utvald_221011-01.png\" \/>\n\t<meta property=\"og:image:width\" content=\"800\" \/>\n\t<meta property=\"og:image:height\" content=\"504\" \/>\n\t<meta property=\"og:image:type\" content=\"image\/png\" \/>\n<meta name=\"twitter:card\" content=\"summary_large_image\" \/>\n<meta name=\"twitter:label1\" content=\"Est. reading time\" \/>\n\t<meta name=\"twitter:data1\" content=\"2 minutes\" \/>\n<script type=\"application\/ld+json\" class=\"yoast-schema-graph\">{\"@context\":\"https:\\\/\\\/schema.org\",\"@graph\":[{\"@type\":\"WebPage\",\"@id\":\"https:\\\/\\\/www.prismatibro.se\\\/en\\\/references\\\/\",\"url\":\"https:\\\/\\\/www.prismatibro.se\\\/en\\\/references\\\/\",\"name\":\"References Prisma Daps, DI, Button, Light | PrismaTibro\",\"isPartOf\":{\"@id\":\"https:\\\/\\\/www.prismatibro.se\\\/en\\\/#website\"},\"primaryImageOfPage\":{\"@id\":\"https:\\\/\\\/www.prismatibro.se\\\/en\\\/references\\\/#primaryimage\"},\"image\":{\"@id\":\"https:\\\/\\\/www.prismatibro.se\\\/en\\\/references\\\/#primaryimage\"},\"thumbnailUrl\":\"https:\\\/\\\/www.prismatibro.se\\\/wp-content\\\/uploads\\\/2022\\\/10\\\/PT-Referens-Profil-utvald_221011-01.png\",\"datePublished\":\"2023-01-18T08:49:10+00:00\",\"dateModified\":\"2023-03-09T07:05:10+00:00\",\"description\":\"References Prisma Daps, DI, Button, Light. Find references of the popular products from PrismaTibro, known for their robust construction.\",\"breadcrumb\":{\"@id\":\"https:\\\/\\\/www.prismatibro.se\\\/en\\\/references\\\/#breadcrumb\"},\"inLanguage\":\"en-US\",\"potentialAction\":[{\"@type\":\"ReadAction\",\"target\":[\"https:\\\/\\\/www.prismatibro.se\\\/en\\\/references\\\/\"]}]},{\"@type\":\"ImageObject\",\"inLanguage\":\"en-US\",\"@id\":\"https:\\\/\\\/www.prismatibro.se\\\/en\\\/references\\\/#primaryimage\",\"url\":\"https:\\\/\\\/www.prismatibro.se\\\/wp-content\\\/uploads\\\/2022\\\/10\\\/PT-Referens-Profil-utvald_221011-01.png\",\"contentUrl\":\"https:\\\/\\\/www.prismatibro.se\\\/wp-content\\\/uploads\\\/2022\\\/10\\\/PT-Referens-Profil-utvald_221011-01.png\",\"width\":800,\"height\":504,\"caption\":\"PrismaTibro\"},{\"@type\":\"BreadcrumbList\",\"@id\":\"https:\\\/\\\/www.prismatibro.se\\\/en\\\/references\\\/#breadcrumb\",\"itemListElement\":[{\"@type\":\"ListItem\",\"position\":1,\"name\":\"Hem\",\"item\":\"https:\\\/\\\/www.prismatibro.se\\\/en\\\/\"},{\"@type\":\"ListItem\",\"position\":2,\"name\":\"References Prisma Daps, DI, Button, Light\"}]},{\"@type\":\"WebSite\",\"@id\":\"https:\\\/\\\/www.prismatibro.se\\\/en\\\/#website\",\"url\":\"https:\\\/\\\/www.prismatibro.se\\\/en\\\/\",\"name\":\"PrismaTibro Sweden\",\"description\":\"Pedestrian Signal, \u00d6verg\u00e5ngssignal, D\u00f6rr\u00f6ppnare, Deflection Indikator, LED gatubelysning\",\"publisher\":{\"@id\":\"https:\\\/\\\/www.prismatibro.se\\\/en\\\/#organization\"},\"potentialAction\":[{\"@type\":\"SearchAction\",\"target\":{\"@type\":\"EntryPoint\",\"urlTemplate\":\"https:\\\/\\\/www.prismatibro.se\\\/en\\\/?s={search_term_string}\"},\"query-input\":{\"@type\":\"PropertyValueSpecification\",\"valueRequired\":true,\"valueName\":\"search_term_string\"}}],\"inLanguage\":\"en-US\"},{\"@type\":\"Organization\",\"@id\":\"https:\\\/\\\/www.prismatibro.se\\\/en\\\/#organization\",\"name\":\"PrismaTibro\",\"url\":\"https:\\\/\\\/www.prismatibro.se\\\/en\\\/\",\"logo\":{\"@type\":\"ImageObject\",\"inLanguage\":\"en-US\",\"@id\":\"https:\\\/\\\/www.prismatibro.se\\\/en\\\/#\\\/schema\\\/logo\\\/image\\\/\",\"url\":\"https:\\\/\\\/www.prismatibro.se\\\/wp-content\\\/uploads\\\/2017\\\/08\\\/PrismaTibro_logo_207x52_170807-01@2x.png\",\"contentUrl\":\"https:\\\/\\\/www.prismatibro.se\\\/wp-content\\\/uploads\\\/2017\\\/08\\\/PrismaTibro_logo_207x52_170807-01@2x.png\",\"width\":414,\"height\":104,\"caption\":\"PrismaTibro\"},\"image\":{\"@id\":\"https:\\\/\\\/www.prismatibro.se\\\/en\\\/#\\\/schema\\\/logo\\\/image\\\/\"},\"sameAs\":[\"https:\\\/\\\/www.linkedin.com\\\/company\\\/prismatibro\"]}]}<\/script>\n<!-- \/ Yoast SEO plugin. -->","yoast_head_json":{"title":"References Prisma Daps, DI, Button, Light | PrismaTibro","description":"References Prisma Daps, DI, Button, Light. Find references of the popular products from PrismaTibro, known for their robust construction.","robots":{"index":"index","follow":"follow","max-snippet":"max-snippet:-1","max-image-preview":"max-image-preview:large","max-video-preview":"max-video-preview:-1"},"canonical":"https:\/\/www.prismatibro.se\/en\/references\/","og_locale":"en_US","og_type":"article","og_title":"References Prisma Daps, DI, Button, Light | PrismaTibro","og_description":"References Prisma Daps, DI, Button, Light. Find references of the popular products from PrismaTibro, known for their robust construction.","og_url":"https:\/\/www.prismatibro.se\/en\/references\/","og_site_name":"PrismaTibro","article_modified_time":"2023-03-09T07:05:10+00:00","og_image":[{"width":800,"height":504,"url":"https:\/\/www.prismatibro.se\/wp-content\/uploads\/2022\/10\/PT-Referens-Profil-utvald_221011-01.png","type":"image\/png"}],"twitter_card":"summary_large_image","twitter_misc":{"Est. reading time":"2 minutes"},"schema":{"@context":"https:\/\/schema.org","@graph":[{"@type":"WebPage","@id":"https:\/\/www.prismatibro.se\/en\/references\/","url":"https:\/\/www.prismatibro.se\/en\/references\/","name":"References Prisma Daps, DI, Button, Light | PrismaTibro","isPartOf":{"@id":"https:\/\/www.prismatibro.se\/en\/#website"},"primaryImageOfPage":{"@id":"https:\/\/www.prismatibro.se\/en\/references\/#primaryimage"},"image":{"@id":"https:\/\/www.prismatibro.se\/en\/references\/#primaryimage"},"thumbnailUrl":"https:\/\/www.prismatibro.se\/wp-content\/uploads\/2022\/10\/PT-Referens-Profil-utvald_221011-01.png","datePublished":"2023-01-18T08:49:10+00:00","dateModified":"2023-03-09T07:05:10+00:00","description":"References Prisma Daps, DI, Button, Light. Find references of the popular products from PrismaTibro, known for their robust construction.","breadcrumb":{"@id":"https:\/\/www.prismatibro.se\/en\/references\/#breadcrumb"},"inLanguage":"en-US","potentialAction":[{"@type":"ReadAction","target":["https:\/\/www.prismatibro.se\/en\/references\/"]}]},{"@type":"ImageObject","inLanguage":"en-US","@id":"https:\/\/www.prismatibro.se\/en\/references\/#primaryimage","url":"https:\/\/www.prismatibro.se\/wp-content\/uploads\/2022\/10\/PT-Referens-Profil-utvald_221011-01.png","contentUrl":"https:\/\/www.prismatibro.se\/wp-content\/uploads\/2022\/10\/PT-Referens-Profil-utvald_221011-01.png","width":800,"height":504,"caption":"PrismaTibro"},{"@type":"BreadcrumbList","@id":"https:\/\/www.prismatibro.se\/en\/references\/#breadcrumb","itemListElement":[{"@type":"ListItem","position":1,"name":"Hem","item":"https:\/\/www.prismatibro.se\/en\/"},{"@type":"ListItem","position":2,"name":"References Prisma Daps, DI, Button, Light"}]},{"@type":"WebSite","@id":"https:\/\/www.prismatibro.se\/en\/#website","url":"https:\/\/www.prismatibro.se\/en\/","name":"PrismaTibro Sweden","description":"Pedestrian Signal, \u00d6verg\u00e5ngssignal, D\u00f6rr\u00f6ppnare, Deflection Indikator, LED gatubelysning","publisher":{"@id":"https:\/\/www.prismatibro.se\/en\/#organization"},"potentialAction":[{"@type":"SearchAction","target":{"@type":"EntryPoint","urlTemplate":"https:\/\/www.prismatibro.se\/en\/?s={search_term_string}"},"query-input":{"@type":"PropertyValueSpecification","valueRequired":true,"valueName":"search_term_string"}}],"inLanguage":"en-US"},{"@type":"Organization","@id":"https:\/\/www.prismatibro.se\/en\/#organization","name":"PrismaTibro","url":"https:\/\/www.prismatibro.se\/en\/","logo":{"@type":"ImageObject","inLanguage":"en-US","@id":"https:\/\/www.prismatibro.se\/en\/#\/schema\/logo\/image\/","url":"https:\/\/www.prismatibro.se\/wp-content\/uploads\/2017\/08\/PrismaTibro_logo_207x52_170807-01@2x.png","contentUrl":"https:\/\/www.prismatibro.se\/wp-content\/uploads\/2017\/08\/PrismaTibro_logo_207x52_170807-01@2x.png","width":414,"height":104,"caption":"PrismaTibro"},"image":{"@id":"https:\/\/www.prismatibro.se\/en\/#\/schema\/logo\/image\/"},"sameAs":["https:\/\/www.linkedin.com\/company\/prismatibro"]}]}},"_links":{"self":[{"href":"https:\/\/www.prismatibro.se\/en\/wp-json\/wp\/v2\/pages\/48979","targetHints":{"allow":["GET"]}}],"collection":[{"href":"https:\/\/www.prismatibro.se\/en\/wp-json\/wp\/v2\/pages"}],"about":[{"href":"https:\/\/www.prismatibro.se\/en\/wp-json\/wp\/v2\/types\/page"}],"author":[{"embeddable":true,"href":"https:\/\/www.prismatibro.se\/en\/wp-json\/wp\/v2\/users\/19"}],"replies":[{"embeddable":true,"href":"https:\/\/www.prismatibro.se\/en\/wp-json\/wp\/v2\/comments?post=48979"}],"version-history":[{"count":5,"href":"https:\/\/www.prismatibro.se\/en\/wp-json\/wp\/v2\/pages\/48979\/revisions"}],"predecessor-version":[{"id":48988,"href":"https:\/\/www.prismatibro.se\/en\/wp-json\/wp\/v2\/pages\/48979\/revisions\/48988"}],"wp:featuredmedia":[{"embeddable":true,"href":"https:\/\/www.prismatibro.se\/en\/wp-json\/wp\/v2\/media\/41883"}],"wp:attachment":[{"href":"https:\/\/www.prismatibro.se\/en\/wp-json\/wp\/v2\/media?parent=48979"}],"curies":[{"name":"wp","href":"https:\/\/api.w.org\/{rel}","templated":true}]}}