{"id":44375,"date":"2022-11-16T16:03:51","date_gmt":"2022-11-16T15:03:51","guid":{"rendered":"https:\/\/www.prismatibro.se\/?page_id=44375"},"modified":"2023-10-16T10:41:28","modified_gmt":"2023-10-16T08:41:28","slug":"prisma-daps-detect-hello-is-anyone-there","status":"publish","type":"page","link":"https:\/\/www.prismatibro.se\/en\/prisma-daps-detect-hello-is-anyone-there\/","title":{"rendered":"Prisma Daps Detect \u2013 Hello, is anyone there?"},"content":{"rendered":"<div class=\"fusion-fullwidth fullwidth-box fusion-builder-row-1 fusion-flex-container has-pattern-background has-mask-background nonhundred-percent-fullwidth non-hundred-percent-height-scrolling\" style=\"--awb-border-radius-top-left:0px;--awb-border-radius-top-right:0px;--awb-border-radius-bottom-right:0px;--awb-border-radius-bottom-left:0px;--awb-flex-wrap:wrap;\" ><div class=\"fusion-builder-row fusion-row fusion-flex-align-items-flex-start fusion-flex-content-wrap\" style=\"max-width:1996.8px;margin-left: calc(-4% \/ 2 );margin-right: calc(-4% \/ 2 );\"><div class=\"fusion-layout-column fusion_builder_column fusion-builder-column-0 fusion_builder_column_1_1 1_1 fusion-flex-column\" style=\"--awb-bg-size:cover;--awb-width-large:100%;--awb-margin-top-large:0px;--awb-spacing-right-large:1.92%;--awb-margin-bottom-large:20px;--awb-spacing-left-large:1.92%;--awb-width-medium:100%;--awb-order-medium:0;--awb-spacing-right-medium:1.92%;--awb-spacing-left-medium:1.92%;--awb-width-small:100%;--awb-order-small:0;--awb-spacing-right-small:1.92%;--awb-spacing-left-small:1.92%;\"><div class=\"fusion-column-wrapper fusion-column-has-shadow fusion-flex-justify-content-flex-start fusion-content-layout-column\"><div class=\"fusion-video fusion-youtube\" style=\"--awb-max-width:800px;--awb-max-height:450px;\"><div class=\"video-shortcode\"><lite-youtube videoid=\"STWs_ntn5P4\" class=\"landscape\" params=\"wmode=transparent&autoplay=1&amp;enablejsapi=1\" title=\"YouTube video player 1\" data-button-label=\"Play Video\" width=\"800\" height=\"450\" data-thumbnail-size=\"auto\" data-no-cookie=\"on\"><\/lite-youtube><\/div><\/div><div class=\"fusion-text fusion-text-1\"><h1>Presence detectation<\/h1>\n<p>Our new function, Prisma Daps Detect, controls that the person who announced their wish to cross the road actually awaits the green light. If the person leaves the area, the entire crossing will be controlled by sensors. Is anybody else waiting for the green light? If there is \u2013 the announcement will still apply. If no one is waiting \u2013 the announcement will cease to apply whereas the traffic can go on as normal.<\/p>\n<h2>Announce your presence with Touch or Touchless<\/h2>\n<p>Your wish to cross the road can now be announced without touching Prisma Daps,\u00a0but it is also possible to activate both Touch and Detect simultaneously.<\/p>\n<h3>Contact sales?<\/h3>\n<p><a href=\"https:\/\/www.prismatibro.se\/en\/contact-us-at-prismatibro\/?PrismaTibroSelect=.sales-prisma-daps\"><strong>CLICK HERE <\/strong>to find contact details<\/a><\/p>\n<\/div><\/div><\/div><\/div><\/div>\n","protected":false},"excerpt":{"rendered":"","protected":false},"author":19,"featured_media":33446,"parent":0,"menu_order":0,"comment_status":"closed","ping_status":"closed","template":"","meta":{"footnotes":""},"class_list":["post-44375","page","type-page","status-publish","has-post-thumbnail","hentry"],"yoast_head":"<!-- This site is optimized with the Yoast SEO plugin v27.5 - https:\/\/yoast.com\/product\/yoast-seo-wordpress\/ -->\n<title>Prisma Daps Detect \u2013 Hello, is anyone there?<\/title>\n<meta name=\"description\" content=\"Is anybody else awaiting the green light? If there is \u2013 the announcement will still apply. If no one is waiting \u2013 the announcement will...\" \/>\n<meta name=\"robots\" content=\"index, follow, max-snippet:-1, max-image-preview:large, max-video-preview:-1\" \/>\n<link rel=\"canonical\" href=\"https:\/\/www.prismatibro.se\/en\/prisma-daps-detect-hello-is-anyone-there\/\" \/>\n<meta property=\"og:locale\" content=\"en_US\" \/>\n<meta property=\"og:type\" content=\"article\" \/>\n<meta property=\"og:title\" content=\"Prisma Daps Detect \u2013 Hello, is anyone there?\" \/>\n<meta property=\"og:description\" content=\"Is anybody else awaiting the green light? If there is \u2013 the announcement will still apply. If no one is waiting \u2013 the announcement will...\" \/>\n<meta property=\"og:url\" content=\"https:\/\/www.prismatibro.se\/en\/prisma-daps-detect-hello-is-anyone-there\/\" \/>\n<meta property=\"og:site_name\" content=\"PrismaTibro\" \/>\n<meta property=\"article:modified_time\" content=\"2023-10-16T08:41:28+00:00\" \/>\n<meta property=\"og:image\" content=\"https:\/\/www.prismatibro.se\/wp-content\/uploads\/2021\/06\/Prisma-Daps_detect-film_800x600_210622-01.jpg\" \/>\n\t<meta property=\"og:image:width\" content=\"800\" \/>\n\t<meta property=\"og:image:height\" content=\"600\" \/>\n\t<meta property=\"og:image:type\" content=\"image\/jpeg\" \/>\n<meta name=\"twitter:card\" content=\"summary_large_image\" \/>\n<meta name=\"twitter:label1\" content=\"Est. reading time\" \/>\n\t<meta name=\"twitter:data1\" content=\"3 minutes\" \/>\n<script type=\"application\/ld+json\" class=\"yoast-schema-graph\">{\"@context\":\"https:\\\/\\\/schema.org\",\"@graph\":[{\"@type\":\"WebPage\",\"@id\":\"https:\\\/\\\/www.prismatibro.se\\\/en\\\/prisma-daps-detect-hello-is-anyone-there\\\/\",\"url\":\"https:\\\/\\\/www.prismatibro.se\\\/en\\\/prisma-daps-detect-hello-is-anyone-there\\\/\",\"name\":\"Prisma Daps Detect \u2013 Hello, is anyone there?\",\"isPartOf\":{\"@id\":\"https:\\\/\\\/www.prismatibro.se\\\/en\\\/#website\"},\"primaryImageOfPage\":{\"@id\":\"https:\\\/\\\/www.prismatibro.se\\\/en\\\/prisma-daps-detect-hello-is-anyone-there\\\/#primaryimage\"},\"image\":{\"@id\":\"https:\\\/\\\/www.prismatibro.se\\\/en\\\/prisma-daps-detect-hello-is-anyone-there\\\/#primaryimage\"},\"thumbnailUrl\":\"https:\\\/\\\/www.prismatibro.se\\\/wp-content\\\/uploads\\\/2021\\\/06\\\/Prisma-Daps_detect-film_800x600_210622-01.jpg\",\"datePublished\":\"2022-11-16T15:03:51+00:00\",\"dateModified\":\"2023-10-16T08:41:28+00:00\",\"description\":\"Is anybody else awaiting the green light? If there is \u2013 the announcement will still apply. If no one is waiting \u2013 the announcement will...\",\"breadcrumb\":{\"@id\":\"https:\\\/\\\/www.prismatibro.se\\\/en\\\/prisma-daps-detect-hello-is-anyone-there\\\/#breadcrumb\"},\"inLanguage\":\"en-US\",\"potentialAction\":[{\"@type\":\"ReadAction\",\"target\":[\"https:\\\/\\\/www.prismatibro.se\\\/en\\\/prisma-daps-detect-hello-is-anyone-there\\\/\"]}]},{\"@type\":\"ImageObject\",\"inLanguage\":\"en-US\",\"@id\":\"https:\\\/\\\/www.prismatibro.se\\\/en\\\/prisma-daps-detect-hello-is-anyone-there\\\/#primaryimage\",\"url\":\"https:\\\/\\\/www.prismatibro.se\\\/wp-content\\\/uploads\\\/2021\\\/06\\\/Prisma-Daps_detect-film_800x600_210622-01.jpg\",\"contentUrl\":\"https:\\\/\\\/www.prismatibro.se\\\/wp-content\\\/uploads\\\/2021\\\/06\\\/Prisma-Daps_detect-film_800x600_210622-01.jpg\",\"width\":800,\"height\":600,\"caption\":\"Prisma Daps Detect\"},{\"@type\":\"BreadcrumbList\",\"@id\":\"https:\\\/\\\/www.prismatibro.se\\\/en\\\/prisma-daps-detect-hello-is-anyone-there\\\/#breadcrumb\",\"itemListElement\":[{\"@type\":\"ListItem\",\"position\":1,\"name\":\"Hem\",\"item\":\"https:\\\/\\\/www.prismatibro.se\\\/en\\\/\"},{\"@type\":\"ListItem\",\"position\":2,\"name\":\"Prisma Daps Detect \u2013 Hello, is anyone there?\"}]},{\"@type\":\"WebSite\",\"@id\":\"https:\\\/\\\/www.prismatibro.se\\\/en\\\/#website\",\"url\":\"https:\\\/\\\/www.prismatibro.se\\\/en\\\/\",\"name\":\"PrismaTibro Sweden\",\"description\":\"Pedestrian Signal, \u00d6verg\u00e5ngssignal, D\u00f6rr\u00f6ppnare, Deflection Indikator, LED gatubelysning\",\"publisher\":{\"@id\":\"https:\\\/\\\/www.prismatibro.se\\\/en\\\/#organization\"},\"potentialAction\":[{\"@type\":\"SearchAction\",\"target\":{\"@type\":\"EntryPoint\",\"urlTemplate\":\"https:\\\/\\\/www.prismatibro.se\\\/en\\\/?s={search_term_string}\"},\"query-input\":{\"@type\":\"PropertyValueSpecification\",\"valueRequired\":true,\"valueName\":\"search_term_string\"}}],\"inLanguage\":\"en-US\"},{\"@type\":\"Organization\",\"@id\":\"https:\\\/\\\/www.prismatibro.se\\\/en\\\/#organization\",\"name\":\"PrismaTibro\",\"url\":\"https:\\\/\\\/www.prismatibro.se\\\/en\\\/\",\"logo\":{\"@type\":\"ImageObject\",\"inLanguage\":\"en-US\",\"@id\":\"https:\\\/\\\/www.prismatibro.se\\\/en\\\/#\\\/schema\\\/logo\\\/image\\\/\",\"url\":\"https:\\\/\\\/www.prismatibro.se\\\/wp-content\\\/uploads\\\/2017\\\/08\\\/PrismaTibro_logo_207x52_170807-01@2x.png\",\"contentUrl\":\"https:\\\/\\\/www.prismatibro.se\\\/wp-content\\\/uploads\\\/2017\\\/08\\\/PrismaTibro_logo_207x52_170807-01@2x.png\",\"width\":414,\"height\":104,\"caption\":\"PrismaTibro\"},\"image\":{\"@id\":\"https:\\\/\\\/www.prismatibro.se\\\/en\\\/#\\\/schema\\\/logo\\\/image\\\/\"},\"sameAs\":[\"https:\\\/\\\/www.linkedin.com\\\/company\\\/prismatibro\"]}]}<\/script>\n<!-- \/ Yoast SEO plugin. -->","yoast_head_json":{"title":"Prisma Daps Detect \u2013 Hello, is anyone there?","description":"Is anybody else awaiting the green light? If there is \u2013 the announcement will still apply. If no one is waiting \u2013 the announcement will...","robots":{"index":"index","follow":"follow","max-snippet":"max-snippet:-1","max-image-preview":"max-image-preview:large","max-video-preview":"max-video-preview:-1"},"canonical":"https:\/\/www.prismatibro.se\/en\/prisma-daps-detect-hello-is-anyone-there\/","og_locale":"en_US","og_type":"article","og_title":"Prisma Daps Detect \u2013 Hello, is anyone there?","og_description":"Is anybody else awaiting the green light? If there is \u2013 the announcement will still apply. If no one is waiting \u2013 the announcement will...","og_url":"https:\/\/www.prismatibro.se\/en\/prisma-daps-detect-hello-is-anyone-there\/","og_site_name":"PrismaTibro","article_modified_time":"2023-10-16T08:41:28+00:00","og_image":[{"width":800,"height":600,"url":"https:\/\/www.prismatibro.se\/wp-content\/uploads\/2021\/06\/Prisma-Daps_detect-film_800x600_210622-01.jpg","type":"image\/jpeg"}],"twitter_card":"summary_large_image","twitter_misc":{"Est. reading time":"3 minutes"},"schema":{"@context":"https:\/\/schema.org","@graph":[{"@type":"WebPage","@id":"https:\/\/www.prismatibro.se\/en\/prisma-daps-detect-hello-is-anyone-there\/","url":"https:\/\/www.prismatibro.se\/en\/prisma-daps-detect-hello-is-anyone-there\/","name":"Prisma Daps Detect \u2013 Hello, is anyone there?","isPartOf":{"@id":"https:\/\/www.prismatibro.se\/en\/#website"},"primaryImageOfPage":{"@id":"https:\/\/www.prismatibro.se\/en\/prisma-daps-detect-hello-is-anyone-there\/#primaryimage"},"image":{"@id":"https:\/\/www.prismatibro.se\/en\/prisma-daps-detect-hello-is-anyone-there\/#primaryimage"},"thumbnailUrl":"https:\/\/www.prismatibro.se\/wp-content\/uploads\/2021\/06\/Prisma-Daps_detect-film_800x600_210622-01.jpg","datePublished":"2022-11-16T15:03:51+00:00","dateModified":"2023-10-16T08:41:28+00:00","description":"Is anybody else awaiting the green light? If there is \u2013 the announcement will still apply. If no one is waiting \u2013 the announcement will...","breadcrumb":{"@id":"https:\/\/www.prismatibro.se\/en\/prisma-daps-detect-hello-is-anyone-there\/#breadcrumb"},"inLanguage":"en-US","potentialAction":[{"@type":"ReadAction","target":["https:\/\/www.prismatibro.se\/en\/prisma-daps-detect-hello-is-anyone-there\/"]}]},{"@type":"ImageObject","inLanguage":"en-US","@id":"https:\/\/www.prismatibro.se\/en\/prisma-daps-detect-hello-is-anyone-there\/#primaryimage","url":"https:\/\/www.prismatibro.se\/wp-content\/uploads\/2021\/06\/Prisma-Daps_detect-film_800x600_210622-01.jpg","contentUrl":"https:\/\/www.prismatibro.se\/wp-content\/uploads\/2021\/06\/Prisma-Daps_detect-film_800x600_210622-01.jpg","width":800,"height":600,"caption":"Prisma Daps Detect"},{"@type":"BreadcrumbList","@id":"https:\/\/www.prismatibro.se\/en\/prisma-daps-detect-hello-is-anyone-there\/#breadcrumb","itemListElement":[{"@type":"ListItem","position":1,"name":"Hem","item":"https:\/\/www.prismatibro.se\/en\/"},{"@type":"ListItem","position":2,"name":"Prisma Daps Detect \u2013 Hello, is anyone there?"}]},{"@type":"WebSite","@id":"https:\/\/www.prismatibro.se\/en\/#website","url":"https:\/\/www.prismatibro.se\/en\/","name":"PrismaTibro Sweden","description":"Pedestrian Signal, \u00d6verg\u00e5ngssignal, D\u00f6rr\u00f6ppnare, Deflection Indikator, LED gatubelysning","publisher":{"@id":"https:\/\/www.prismatibro.se\/en\/#organization"},"potentialAction":[{"@type":"SearchAction","target":{"@type":"EntryPoint","urlTemplate":"https:\/\/www.prismatibro.se\/en\/?s={search_term_string}"},"query-input":{"@type":"PropertyValueSpecification","valueRequired":true,"valueName":"search_term_string"}}],"inLanguage":"en-US"},{"@type":"Organization","@id":"https:\/\/www.prismatibro.se\/en\/#organization","name":"PrismaTibro","url":"https:\/\/www.prismatibro.se\/en\/","logo":{"@type":"ImageObject","inLanguage":"en-US","@id":"https:\/\/www.prismatibro.se\/en\/#\/schema\/logo\/image\/","url":"https:\/\/www.prismatibro.se\/wp-content\/uploads\/2017\/08\/PrismaTibro_logo_207x52_170807-01@2x.png","contentUrl":"https:\/\/www.prismatibro.se\/wp-content\/uploads\/2017\/08\/PrismaTibro_logo_207x52_170807-01@2x.png","width":414,"height":104,"caption":"PrismaTibro"},"image":{"@id":"https:\/\/www.prismatibro.se\/en\/#\/schema\/logo\/image\/"},"sameAs":["https:\/\/www.linkedin.com\/company\/prismatibro"]}]}},"_links":{"self":[{"href":"https:\/\/www.prismatibro.se\/en\/wp-json\/wp\/v2\/pages\/44375","targetHints":{"allow":["GET"]}}],"collection":[{"href":"https:\/\/www.prismatibro.se\/en\/wp-json\/wp\/v2\/pages"}],"about":[{"href":"https:\/\/www.prismatibro.se\/en\/wp-json\/wp\/v2\/types\/page"}],"author":[{"embeddable":true,"href":"https:\/\/www.prismatibro.se\/en\/wp-json\/wp\/v2\/users\/19"}],"replies":[{"embeddable":true,"href":"https:\/\/www.prismatibro.se\/en\/wp-json\/wp\/v2\/comments?post=44375"}],"version-history":[{"count":12,"href":"https:\/\/www.prismatibro.se\/en\/wp-json\/wp\/v2\/pages\/44375\/revisions"}],"predecessor-version":[{"id":56315,"href":"https:\/\/www.prismatibro.se\/en\/wp-json\/wp\/v2\/pages\/44375\/revisions\/56315"}],"wp:featuredmedia":[{"embeddable":true,"href":"https:\/\/www.prismatibro.se\/en\/wp-json\/wp\/v2\/media\/33446"}],"wp:attachment":[{"href":"https:\/\/www.prismatibro.se\/en\/wp-json\/wp\/v2\/media?parent=44375"}],"curies":[{"name":"wp","href":"https:\/\/api.w.org\/{rel}","templated":true}]}}