{"id":43965,"date":"2022-11-10T10:23:24","date_gmt":"2022-11-10T09:23:24","guid":{"rendered":"https:\/\/www.prismatibro.se\/?page_id=43965"},"modified":"2023-01-26T06:59:19","modified_gmt":"2023-01-26T05:59:19","slug":"whistleblower","status":"publish","type":"page","link":"https:\/\/www.prismatibro.se\/en\/whistleblower\/","title":{"rendered":"Whistleblower \u2013 External Whistleblower site"},"content":{"rendered":"<div class=\"fusion-fullwidth fullwidth-box fusion-builder-row-1 fusion-flex-container has-pattern-background has-mask-background nonhundred-percent-fullwidth non-hundred-percent-height-scrolling\" style=\"--awb-border-radius-top-left:0px;--awb-border-radius-top-right:0px;--awb-border-radius-bottom-right:0px;--awb-border-radius-bottom-left:0px;--awb-flex-wrap:wrap;\" ><div class=\"fusion-builder-row fusion-row fusion-flex-align-items-flex-start fusion-flex-content-wrap\" style=\"max-width:1996.8px;margin-left: calc(-4% \/ 2 );margin-right: calc(-4% \/ 2 );\"><div class=\"fusion-layout-column fusion_builder_column fusion-builder-column-0 fusion_builder_column_1_1 1_1 fusion-flex-column\" style=\"--awb-bg-size:cover;--awb-width-large:100%;--awb-margin-top-large:0px;--awb-spacing-right-large:1.92%;--awb-margin-bottom-large:20px;--awb-spacing-left-large:1.92%;--awb-width-medium:100%;--awb-order-medium:0;--awb-spacing-right-medium:1.92%;--awb-spacing-left-medium:1.92%;--awb-width-small:100%;--awb-order-small:0;--awb-spacing-right-small:1.92%;--awb-spacing-left-small:1.92%;\"><div class=\"fusion-column-wrapper fusion-column-has-shadow fusion-flex-justify-content-flex-start fusion-content-layout-column\"><div class=\"fusion-text fusion-text-1\"><h1>Whistleblower!<\/h1>\n<p>PrismaTibro, part of Addtech, strives to maintain a transparent business climate and high business ethics.<br \/>\nWe value the safety and respect of everyone affected by our business.<br \/>\n<a href=\"https:\/\/www.addtech.com\/fileadmin\/user_upload\/Code-of-conduct-EN-2021.pdf\">Because of this, we offer a Whistleblower service that can be used by anyone to report irregularities that goes against our values and <strong>Code of Conduct<\/strong>.<\/a><\/p>\n<h2>External Whistleblower site<\/h2>\n<p>To ensure anonymity for the Whistleblower function, we use and external partner.<br \/>\n<a href=\"https:\/\/report.whistleb.com\/en\/addtech\" target=\"_blank\" rel=\"noopener\"><strong>Follow this link<\/strong> below to get to the external whistleblower site: Whistle B.<\/a><br \/>\nThere you can find further information and choose languages.<\/p>\n<\/div><\/div><\/div><\/div><\/div>\n","protected":false},"excerpt":{"rendered":"<p>Whistleblower \u2013 External Whistleblower site. PrismaTibro, part of Addtech, strives to maintain a transparent business climate and high business ethics&#8230;<\/p>\n","protected":false},"author":18,"featured_media":43962,"parent":0,"menu_order":0,"comment_status":"closed","ping_status":"closed","template":"","meta":{"footnotes":""},"class_list":["post-43965","page","type-page","status-publish","has-post-thumbnail","hentry"],"yoast_head":"<!-- This site is optimized with the Yoast SEO plugin v27.4 - https:\/\/yoast.com\/product\/yoast-seo-wordpress\/ -->\n<title>Whistleblower \u2013 External Whistleblower site | PrismaTibro<\/title>\n<meta name=\"description\" content=\"WWhistleblower \u2013 External Whistleblower site. PrismaTibro, part of Addtech, strives to maintain a transparent business climate and...\" \/>\n<meta name=\"robots\" content=\"index, follow, max-snippet:-1, max-image-preview:large, max-video-preview:-1\" \/>\n<link rel=\"canonical\" href=\"https:\/\/www.prismatibro.se\/en\/whistleblower\/\" \/>\n<meta property=\"og:locale\" content=\"en_US\" \/>\n<meta property=\"og:type\" content=\"article\" \/>\n<meta property=\"og:title\" content=\"Whistleblower \u2013 External Whistleblower site | PrismaTibro\" \/>\n<meta property=\"og:description\" content=\"WWhistleblower \u2013 External Whistleblower site. PrismaTibro, part of Addtech, strives to maintain a transparent business climate and...\" \/>\n<meta property=\"og:url\" content=\"https:\/\/www.prismatibro.se\/en\/whistleblower\/\" \/>\n<meta property=\"og:site_name\" content=\"PrismaTibro\" \/>\n<meta property=\"article:modified_time\" content=\"2023-01-26T05:59:19+00:00\" \/>\n<meta property=\"og:image\" content=\"https:\/\/www.prismatibro.se\/wp-content\/uploads\/2022\/11\/PT_Whistleblower_800x504_221110-01.jpg\" \/>\n\t<meta property=\"og:image:width\" content=\"800\" \/>\n\t<meta property=\"og:image:height\" content=\"504\" \/>\n\t<meta property=\"og:image:type\" content=\"image\/jpeg\" \/>\n<meta name=\"twitter:card\" content=\"summary_large_image\" \/>\n<meta name=\"twitter:label1\" content=\"Est. reading time\" \/>\n\t<meta name=\"twitter:data1\" content=\"2 minutes\" \/>\n<script type=\"application\/ld+json\" class=\"yoast-schema-graph\">{\"@context\":\"https:\\\/\\\/schema.org\",\"@graph\":[{\"@type\":\"WebPage\",\"@id\":\"https:\\\/\\\/www.prismatibro.se\\\/en\\\/whistleblower\\\/\",\"url\":\"https:\\\/\\\/www.prismatibro.se\\\/en\\\/whistleblower\\\/\",\"name\":\"Whistleblower \u2013 External Whistleblower site | PrismaTibro\",\"isPartOf\":{\"@id\":\"https:\\\/\\\/www.prismatibro.se\\\/en\\\/#website\"},\"primaryImageOfPage\":{\"@id\":\"https:\\\/\\\/www.prismatibro.se\\\/en\\\/whistleblower\\\/#primaryimage\"},\"image\":{\"@id\":\"https:\\\/\\\/www.prismatibro.se\\\/en\\\/whistleblower\\\/#primaryimage\"},\"thumbnailUrl\":\"https:\\\/\\\/www.prismatibro.se\\\/wp-content\\\/uploads\\\/2022\\\/11\\\/PT_Whistleblower_800x504_221110-01.jpg\",\"datePublished\":\"2022-11-10T09:23:24+00:00\",\"dateModified\":\"2023-01-26T05:59:19+00:00\",\"description\":\"WWhistleblower \u2013 External Whistleblower site. PrismaTibro, part of Addtech, strives to maintain a transparent business climate and...\",\"breadcrumb\":{\"@id\":\"https:\\\/\\\/www.prismatibro.se\\\/en\\\/whistleblower\\\/#breadcrumb\"},\"inLanguage\":\"en-US\",\"potentialAction\":[{\"@type\":\"ReadAction\",\"target\":[\"https:\\\/\\\/www.prismatibro.se\\\/en\\\/whistleblower\\\/\"]}]},{\"@type\":\"ImageObject\",\"inLanguage\":\"en-US\",\"@id\":\"https:\\\/\\\/www.prismatibro.se\\\/en\\\/whistleblower\\\/#primaryimage\",\"url\":\"https:\\\/\\\/www.prismatibro.se\\\/wp-content\\\/uploads\\\/2022\\\/11\\\/PT_Whistleblower_800x504_221110-01.jpg\",\"contentUrl\":\"https:\\\/\\\/www.prismatibro.se\\\/wp-content\\\/uploads\\\/2022\\\/11\\\/PT_Whistleblower_800x504_221110-01.jpg\",\"width\":800,\"height\":504,\"caption\":\"Whistleblower\"},{\"@type\":\"BreadcrumbList\",\"@id\":\"https:\\\/\\\/www.prismatibro.se\\\/en\\\/whistleblower\\\/#breadcrumb\",\"itemListElement\":[{\"@type\":\"ListItem\",\"position\":1,\"name\":\"Hem\",\"item\":\"https:\\\/\\\/www.prismatibro.se\\\/en\\\/\"},{\"@type\":\"ListItem\",\"position\":2,\"name\":\"Whistleblower \u2013 External Whistleblower site\"}]},{\"@type\":\"WebSite\",\"@id\":\"https:\\\/\\\/www.prismatibro.se\\\/en\\\/#website\",\"url\":\"https:\\\/\\\/www.prismatibro.se\\\/en\\\/\",\"name\":\"PrismaTibro Sweden\",\"description\":\"Pedestrian Signal, \u00d6verg\u00e5ngssignal, D\u00f6rr\u00f6ppnare, Deflection Indikator, LED gatubelysning\",\"publisher\":{\"@id\":\"https:\\\/\\\/www.prismatibro.se\\\/en\\\/#organization\"},\"potentialAction\":[{\"@type\":\"SearchAction\",\"target\":{\"@type\":\"EntryPoint\",\"urlTemplate\":\"https:\\\/\\\/www.prismatibro.se\\\/en\\\/?s={search_term_string}\"},\"query-input\":{\"@type\":\"PropertyValueSpecification\",\"valueRequired\":true,\"valueName\":\"search_term_string\"}}],\"inLanguage\":\"en-US\"},{\"@type\":\"Organization\",\"@id\":\"https:\\\/\\\/www.prismatibro.se\\\/en\\\/#organization\",\"name\":\"PrismaTibro\",\"url\":\"https:\\\/\\\/www.prismatibro.se\\\/en\\\/\",\"logo\":{\"@type\":\"ImageObject\",\"inLanguage\":\"en-US\",\"@id\":\"https:\\\/\\\/www.prismatibro.se\\\/en\\\/#\\\/schema\\\/logo\\\/image\\\/\",\"url\":\"https:\\\/\\\/www.prismatibro.se\\\/wp-content\\\/uploads\\\/2017\\\/08\\\/PrismaTibro_logo_207x52_170807-01@2x.png\",\"contentUrl\":\"https:\\\/\\\/www.prismatibro.se\\\/wp-content\\\/uploads\\\/2017\\\/08\\\/PrismaTibro_logo_207x52_170807-01@2x.png\",\"width\":414,\"height\":104,\"caption\":\"PrismaTibro\"},\"image\":{\"@id\":\"https:\\\/\\\/www.prismatibro.se\\\/en\\\/#\\\/schema\\\/logo\\\/image\\\/\"},\"sameAs\":[\"https:\\\/\\\/www.linkedin.com\\\/company\\\/prismatibro\"]}]}<\/script>\n<!-- \/ Yoast SEO plugin. -->","yoast_head_json":{"title":"Whistleblower \u2013 External Whistleblower site | PrismaTibro","description":"WWhistleblower \u2013 External Whistleblower site. PrismaTibro, part of Addtech, strives to maintain a transparent business climate and...","robots":{"index":"index","follow":"follow","max-snippet":"max-snippet:-1","max-image-preview":"max-image-preview:large","max-video-preview":"max-video-preview:-1"},"canonical":"https:\/\/www.prismatibro.se\/en\/whistleblower\/","og_locale":"en_US","og_type":"article","og_title":"Whistleblower \u2013 External Whistleblower site | PrismaTibro","og_description":"WWhistleblower \u2013 External Whistleblower site. PrismaTibro, part of Addtech, strives to maintain a transparent business climate and...","og_url":"https:\/\/www.prismatibro.se\/en\/whistleblower\/","og_site_name":"PrismaTibro","article_modified_time":"2023-01-26T05:59:19+00:00","og_image":[{"width":800,"height":504,"url":"https:\/\/www.prismatibro.se\/wp-content\/uploads\/2022\/11\/PT_Whistleblower_800x504_221110-01.jpg","type":"image\/jpeg"}],"twitter_card":"summary_large_image","twitter_misc":{"Est. reading time":"2 minutes"},"schema":{"@context":"https:\/\/schema.org","@graph":[{"@type":"WebPage","@id":"https:\/\/www.prismatibro.se\/en\/whistleblower\/","url":"https:\/\/www.prismatibro.se\/en\/whistleblower\/","name":"Whistleblower \u2013 External Whistleblower site | PrismaTibro","isPartOf":{"@id":"https:\/\/www.prismatibro.se\/en\/#website"},"primaryImageOfPage":{"@id":"https:\/\/www.prismatibro.se\/en\/whistleblower\/#primaryimage"},"image":{"@id":"https:\/\/www.prismatibro.se\/en\/whistleblower\/#primaryimage"},"thumbnailUrl":"https:\/\/www.prismatibro.se\/wp-content\/uploads\/2022\/11\/PT_Whistleblower_800x504_221110-01.jpg","datePublished":"2022-11-10T09:23:24+00:00","dateModified":"2023-01-26T05:59:19+00:00","description":"WWhistleblower \u2013 External Whistleblower site. PrismaTibro, part of Addtech, strives to maintain a transparent business climate and...","breadcrumb":{"@id":"https:\/\/www.prismatibro.se\/en\/whistleblower\/#breadcrumb"},"inLanguage":"en-US","potentialAction":[{"@type":"ReadAction","target":["https:\/\/www.prismatibro.se\/en\/whistleblower\/"]}]},{"@type":"ImageObject","inLanguage":"en-US","@id":"https:\/\/www.prismatibro.se\/en\/whistleblower\/#primaryimage","url":"https:\/\/www.prismatibro.se\/wp-content\/uploads\/2022\/11\/PT_Whistleblower_800x504_221110-01.jpg","contentUrl":"https:\/\/www.prismatibro.se\/wp-content\/uploads\/2022\/11\/PT_Whistleblower_800x504_221110-01.jpg","width":800,"height":504,"caption":"Whistleblower"},{"@type":"BreadcrumbList","@id":"https:\/\/www.prismatibro.se\/en\/whistleblower\/#breadcrumb","itemListElement":[{"@type":"ListItem","position":1,"name":"Hem","item":"https:\/\/www.prismatibro.se\/en\/"},{"@type":"ListItem","position":2,"name":"Whistleblower \u2013 External Whistleblower site"}]},{"@type":"WebSite","@id":"https:\/\/www.prismatibro.se\/en\/#website","url":"https:\/\/www.prismatibro.se\/en\/","name":"PrismaTibro Sweden","description":"Pedestrian Signal, \u00d6verg\u00e5ngssignal, D\u00f6rr\u00f6ppnare, Deflection Indikator, LED gatubelysning","publisher":{"@id":"https:\/\/www.prismatibro.se\/en\/#organization"},"potentialAction":[{"@type":"SearchAction","target":{"@type":"EntryPoint","urlTemplate":"https:\/\/www.prismatibro.se\/en\/?s={search_term_string}"},"query-input":{"@type":"PropertyValueSpecification","valueRequired":true,"valueName":"search_term_string"}}],"inLanguage":"en-US"},{"@type":"Organization","@id":"https:\/\/www.prismatibro.se\/en\/#organization","name":"PrismaTibro","url":"https:\/\/www.prismatibro.se\/en\/","logo":{"@type":"ImageObject","inLanguage":"en-US","@id":"https:\/\/www.prismatibro.se\/en\/#\/schema\/logo\/image\/","url":"https:\/\/www.prismatibro.se\/wp-content\/uploads\/2017\/08\/PrismaTibro_logo_207x52_170807-01@2x.png","contentUrl":"https:\/\/www.prismatibro.se\/wp-content\/uploads\/2017\/08\/PrismaTibro_logo_207x52_170807-01@2x.png","width":414,"height":104,"caption":"PrismaTibro"},"image":{"@id":"https:\/\/www.prismatibro.se\/en\/#\/schema\/logo\/image\/"},"sameAs":["https:\/\/www.linkedin.com\/company\/prismatibro"]}]}},"_links":{"self":[{"href":"https:\/\/www.prismatibro.se\/en\/wp-json\/wp\/v2\/pages\/43965","targetHints":{"allow":["GET"]}}],"collection":[{"href":"https:\/\/www.prismatibro.se\/en\/wp-json\/wp\/v2\/pages"}],"about":[{"href":"https:\/\/www.prismatibro.se\/en\/wp-json\/wp\/v2\/types\/page"}],"author":[{"embeddable":true,"href":"https:\/\/www.prismatibro.se\/en\/wp-json\/wp\/v2\/users\/18"}],"replies":[{"embeddable":true,"href":"https:\/\/www.prismatibro.se\/en\/wp-json\/wp\/v2\/comments?post=43965"}],"version-history":[{"count":9,"href":"https:\/\/www.prismatibro.se\/en\/wp-json\/wp\/v2\/pages\/43965\/revisions"}],"predecessor-version":[{"id":55492,"href":"https:\/\/www.prismatibro.se\/en\/wp-json\/wp\/v2\/pages\/43965\/revisions\/55492"}],"wp:featuredmedia":[{"embeddable":true,"href":"https:\/\/www.prismatibro.se\/en\/wp-json\/wp\/v2\/media\/43962"}],"wp:attachment":[{"href":"https:\/\/www.prismatibro.se\/en\/wp-json\/wp\/v2\/media?parent=43965"}],"curies":[{"name":"wp","href":"https:\/\/api.w.org\/{rel}","templated":true}]}}