{"id":26721,"date":"2019-11-15T07:20:41","date_gmt":"2019-11-15T06:20:41","guid":{"rendered":"http:\/\/www.prismatibro.se\/?page_id=26721"},"modified":"2024-05-28T09:08:14","modified_gmt":"2024-05-28T07:08:14","slug":"el-ella","status":"publish","type":"page","link":"https:\/\/www.prismatibro.se\/en\/el-ella\/","title":{"rendered":"Prisma Light Ella &#8211; our new bollard"},"content":{"rendered":"<div class=\"fusion-fullwidth fullwidth-box fusion-builder-row-1 fusion-flex-container nonhundred-percent-fullwidth non-hundred-percent-height-scrolling\" style=\"--awb-border-radius-top-left:0px;--awb-border-radius-top-right:0px;--awb-border-radius-bottom-right:0px;--awb-border-radius-bottom-left:0px;--awb-flex-wrap:wrap;\" ><div class=\"fusion-builder-row fusion-row fusion-flex-align-items-flex-start fusion-flex-content-wrap\" style=\"max-width:1996.8px;margin-left: calc(-4% \/ 2 );margin-right: calc(-4% \/ 2 );\"><div class=\"fusion-layout-column fusion_builder_column fusion-builder-column-0 fusion_builder_column_1_1 1_1 fusion-flex-column\" style=\"--awb-bg-size:cover;--awb-width-large:100%;--awb-margin-top-large:0px;--awb-spacing-right-large:1.92%;--awb-margin-bottom-large:20px;--awb-spacing-left-large:1.92%;--awb-width-medium:100%;--awb-spacing-right-medium:1.92%;--awb-spacing-left-medium:1.92%;--awb-width-small:100%;--awb-spacing-right-small:1.92%;--awb-spacing-left-small:1.92%;\"><div class=\"fusion-column-wrapper fusion-flex-justify-content-flex-start fusion-content-layout-column\"><div class=\"fusion-image-element \" style=\"--awb-caption-title-font-family:var(--h2_typography-font-family);--awb-caption-title-font-weight:var(--h2_typography-font-weight);--awb-caption-title-font-style:var(--h2_typography-font-style);--awb-caption-title-size:var(--h2_typography-font-size);--awb-caption-title-transform:var(--h2_typography-text-transform);--awb-caption-title-line-height:var(--h2_typography-line-height);--awb-caption-title-letter-spacing:var(--h2_typography-letter-spacing);\"><span class=\" fusion-imageframe imageframe-none imageframe-1 hover-type-none\"><img decoding=\"async\" width=\"760\" height=\"210\" alt=\"Prisma Light Ella\" title=\"EL_Ella-Element_760x210_231002-01\" src=\"https:\/\/www.prismatibro.se\/wp-content\/uploads\/2023\/10\/EL_Ella-Element_760x210_231002-01.png\" data-orig-src=\"https:\/\/www.prismatibro.se\/wp-content\/uploads\/2023\/10\/EL_Ella-Element_760x210_231002-01.png\" class=\"lazyload img-responsive wp-image-55982\" srcset=\"data:image\/svg+xml,%3Csvg%20xmlns%3D%27http%3A%2F%2Fwww.w3.org%2F2000%2Fsvg%27%20width%3D%27760%27%20height%3D%27210%27%20viewBox%3D%270%200%20760%20210%27%3E%3Crect%20width%3D%27760%27%20height%3D%27210%27%20fill-opacity%3D%220%22%2F%3E%3C%2Fsvg%3E\" data-srcset=\"https:\/\/www.prismatibro.se\/wp-content\/uploads\/2023\/10\/EL_Ella-Element_760x210_231002-01-200x55.png 200w, https:\/\/www.prismatibro.se\/wp-content\/uploads\/2023\/10\/EL_Ella-Element_760x210_231002-01-400x111.png 400w, https:\/\/www.prismatibro.se\/wp-content\/uploads\/2023\/10\/EL_Ella-Element_760x210_231002-01-600x166.png 600w, https:\/\/www.prismatibro.se\/wp-content\/uploads\/2023\/10\/EL_Ella-Element_760x210_231002-01.png 760w\" data-sizes=\"auto\" data-orig-sizes=\"(max-width: 1024px) 100vw, (max-width: 640px) 100vw, 760px\" \/><\/span><\/div><\/div><\/div><div class=\"fusion-layout-column fusion_builder_column fusion-builder-column-1 fusion_builder_column_3_4 3_4 fusion-flex-column\" style=\"--awb-bg-size:cover;--awb-width-large:75%;--awb-margin-top-large:0px;--awb-spacing-right-large:2.56%;--awb-margin-bottom-large:20px;--awb-spacing-left-large:2.56%;--awb-width-medium:100%;--awb-spacing-right-medium:1.92%;--awb-spacing-left-medium:1.92%;--awb-width-small:100%;--awb-spacing-right-small:1.92%;--awb-spacing-left-small:1.92%;\"><div class=\"fusion-column-wrapper fusion-flex-justify-content-flex-start fusion-content-layout-column\"><div class=\"fusion-text fusion-text-1\"><h1>A bollard as a buddy<\/h1>\n<p><strong>\u2028Just as brilliant as the rest of the Prisma Light outdoor lighting<\/strong><br \/>\nA complement to its sister, Prisma Light Ellie, but Prisma Light Ella can also create the ambiance that the pedestrian path requires on her own.<\/p>\n<p>Prisma Light Ella was also developed in collaboration with the Danish designer Morten Lyhne.<\/p>\n<p>The bollard fits nicely around entrances and as a framing element for parking areas. Prisma Light Ella can handle life close to the ground and withstand tough conditions, whether they come from weather, wind, or mischievous individuals.<\/p>\n<h2>A new generation is launched<\/h2>\n<p><strong>In June 2023, the new generation of Prisma Light Ella, 2-16, is launched.<\/strong><br \/>\nHere are some of the improvements:<br \/>\n\u2022 Control: from Constant to DALI<br \/>\n\u2022 Increased energy efficiency<br \/>\n\u2022 Longer lifespan<\/p>\n<\/div><\/div><\/div><div class=\"fusion-layout-column fusion_builder_column fusion-builder-column-2 fusion_builder_column_1_4 1_4 fusion-flex-column\" style=\"--awb-bg-size:cover;--awb-width-large:25%;--awb-margin-top-large:0px;--awb-spacing-right-large:7.68%;--awb-margin-bottom-large:20px;--awb-spacing-left-large:7.68%;--awb-width-medium:100%;--awb-spacing-right-medium:1.92%;--awb-spacing-left-medium:1.92%;--awb-width-small:100%;--awb-spacing-right-small:1.92%;--awb-spacing-left-small:1.92%;\"><div class=\"fusion-column-wrapper fusion-flex-justify-content-flex-start fusion-content-layout-column\"><div style=\"text-align:center;\"><a class=\"fusion-button button-flat button-small button-default fusion-button-default button-1 fusion-button-span-yes \" target=\"_self\" href=\"https:\/\/www.prismatibro.se\/dl\/el\/en\/Prisma-Light_Ella_Produkt-Presentation_EN.pdf\"><span class=\"fusion-button-text awb-button__text awb-button__text--default\">Brochure Product<\/span><\/a><\/div><div style=\"text-align:center;\"><a class=\"fusion-button button-flat button-small button-default fusion-button-default button-2 fusion-button-span-yes \" target=\"_self\" href=\"https:\/\/www.prismatibro.se\/dl\/el\/en\/Prisma-Light_Styrning-Presentation_EN.pdf\"><span class=\"fusion-button-text awb-button__text awb-button__text--default\">Brochure Control<\/span><\/a><\/div><div style=\"text-align:center;\"><a class=\"fusion-button button-flat button-small button-default fusion-button-default button-3 fusion-button-span-yes \" target=\"_self\" href=\"https:\/\/www.prismatibro.se\/en\/prisma-light-quotation-and-light-calculation\/\"><span class=\"fusion-button-text awb-button__text awb-button__text--default\">Light calculation<\/span><\/a><\/div><div style=\"text-align:center;\"><a class=\"fusion-button button-flat button-small button-default fusion-button-default button-4 fusion-button-span-yes \" target=\"_self\" href=\"https:\/\/www.prismatibro.se\/en\/prisma-light-quotation-and-light-calculation\/\"><span class=\"fusion-button-text awb-button__text awb-button__text--default\">Quotation<\/span><\/a><\/div><\/div><\/div><\/div><\/div>\n","protected":false},"excerpt":{"rendered":"<p>Prisma Light Ella &#8211; our new bollard. As brilliant as the rest of Prisma LightA complement to her sister Prisma Light Ellie and brothers.<\/p>\n","protected":false},"author":18,"featured_media":55982,"parent":0,"menu_order":0,"comment_status":"closed","ping_status":"closed","template":"","meta":{"footnotes":""},"class_list":["post-26721","page","type-page","status-publish","has-post-thumbnail","hentry"],"yoast_head":"<!-- This site is optimized with the Yoast SEO plugin v27.4 - https:\/\/yoast.com\/product\/yoast-seo-wordpress\/ -->\n<title>Prisma Light Ella - our new bollard | PrismaTibro<\/title>\n<meta name=\"description\" content=\"Prisma Light Ella - our new bollard. As brilliant as the rest of Prisma LightA complement to her sister Prisma Light Ellie and brothers.\" \/>\n<meta name=\"robots\" content=\"index, follow, max-snippet:-1, max-image-preview:large, max-video-preview:-1\" \/>\n<link rel=\"canonical\" href=\"https:\/\/www.prismatibro.se\/en\/el-ella\/\" \/>\n<meta property=\"og:locale\" content=\"en_US\" \/>\n<meta property=\"og:type\" content=\"article\" \/>\n<meta property=\"og:title\" content=\"Prisma Light Ella - our new bollard | PrismaTibro\" \/>\n<meta property=\"og:description\" content=\"Prisma Light Ella - our new bollard. As brilliant as the rest of Prisma LightA complement to her sister Prisma Light Ellie and brothers.\" \/>\n<meta property=\"og:url\" content=\"https:\/\/www.prismatibro.se\/en\/el-ella\/\" \/>\n<meta property=\"og:site_name\" content=\"PrismaTibro\" \/>\n<meta property=\"article:modified_time\" content=\"2024-05-28T07:08:14+00:00\" \/>\n<meta property=\"og:image\" content=\"https:\/\/www.prismatibro.se\/wp-content\/uploads\/2023\/10\/EL_Ella-Element_760x210_231002-01.png\" \/>\n\t<meta property=\"og:image:width\" content=\"760\" \/>\n\t<meta property=\"og:image:height\" content=\"210\" \/>\n\t<meta property=\"og:image:type\" content=\"image\/png\" \/>\n<meta name=\"twitter:card\" content=\"summary_large_image\" \/>\n<meta name=\"twitter:label1\" content=\"Est. reading time\" \/>\n\t<meta name=\"twitter:data1\" content=\"2 minutes\" \/>\n<script type=\"application\/ld+json\" class=\"yoast-schema-graph\">{\"@context\":\"https:\\\/\\\/schema.org\",\"@graph\":[{\"@type\":\"WebPage\",\"@id\":\"https:\\\/\\\/www.prismatibro.se\\\/en\\\/el-ella\\\/\",\"url\":\"https:\\\/\\\/www.prismatibro.se\\\/en\\\/el-ella\\\/\",\"name\":\"Prisma Light Ella - our new bollard | PrismaTibro\",\"isPartOf\":{\"@id\":\"https:\\\/\\\/www.prismatibro.se\\\/en\\\/#website\"},\"primaryImageOfPage\":{\"@id\":\"https:\\\/\\\/www.prismatibro.se\\\/en\\\/el-ella\\\/#primaryimage\"},\"image\":{\"@id\":\"https:\\\/\\\/www.prismatibro.se\\\/en\\\/el-ella\\\/#primaryimage\"},\"thumbnailUrl\":\"https:\\\/\\\/www.prismatibro.se\\\/wp-content\\\/uploads\\\/2023\\\/10\\\/EL_Ella-Element_760x210_231002-01.png\",\"datePublished\":\"2019-11-15T06:20:41+00:00\",\"dateModified\":\"2024-05-28T07:08:14+00:00\",\"description\":\"Prisma Light Ella - our new bollard. As brilliant as the rest of Prisma LightA complement to her sister Prisma Light Ellie and brothers.\",\"breadcrumb\":{\"@id\":\"https:\\\/\\\/www.prismatibro.se\\\/en\\\/el-ella\\\/#breadcrumb\"},\"inLanguage\":\"en-US\",\"potentialAction\":[{\"@type\":\"ReadAction\",\"target\":[\"https:\\\/\\\/www.prismatibro.se\\\/en\\\/el-ella\\\/\"]}]},{\"@type\":\"ImageObject\",\"inLanguage\":\"en-US\",\"@id\":\"https:\\\/\\\/www.prismatibro.se\\\/en\\\/el-ella\\\/#primaryimage\",\"url\":\"https:\\\/\\\/www.prismatibro.se\\\/wp-content\\\/uploads\\\/2023\\\/10\\\/EL_Ella-Element_760x210_231002-01.png\",\"contentUrl\":\"https:\\\/\\\/www.prismatibro.se\\\/wp-content\\\/uploads\\\/2023\\\/10\\\/EL_Ella-Element_760x210_231002-01.png\",\"width\":760,\"height\":210,\"caption\":\"Prisma Light Ella\"},{\"@type\":\"BreadcrumbList\",\"@id\":\"https:\\\/\\\/www.prismatibro.se\\\/en\\\/el-ella\\\/#breadcrumb\",\"itemListElement\":[{\"@type\":\"ListItem\",\"position\":1,\"name\":\"Hem\",\"item\":\"https:\\\/\\\/www.prismatibro.se\\\/en\\\/\"},{\"@type\":\"ListItem\",\"position\":2,\"name\":\"Prisma Light Ella &#8211; our new bollard\"}]},{\"@type\":\"WebSite\",\"@id\":\"https:\\\/\\\/www.prismatibro.se\\\/en\\\/#website\",\"url\":\"https:\\\/\\\/www.prismatibro.se\\\/en\\\/\",\"name\":\"PrismaTibro Sweden\",\"description\":\"Pedestrian Signal, \u00d6verg\u00e5ngssignal, D\u00f6rr\u00f6ppnare, Deflection Indikator, LED gatubelysning\",\"publisher\":{\"@id\":\"https:\\\/\\\/www.prismatibro.se\\\/en\\\/#organization\"},\"potentialAction\":[{\"@type\":\"SearchAction\",\"target\":{\"@type\":\"EntryPoint\",\"urlTemplate\":\"https:\\\/\\\/www.prismatibro.se\\\/en\\\/?s={search_term_string}\"},\"query-input\":{\"@type\":\"PropertyValueSpecification\",\"valueRequired\":true,\"valueName\":\"search_term_string\"}}],\"inLanguage\":\"en-US\"},{\"@type\":\"Organization\",\"@id\":\"https:\\\/\\\/www.prismatibro.se\\\/en\\\/#organization\",\"name\":\"PrismaTibro\",\"url\":\"https:\\\/\\\/www.prismatibro.se\\\/en\\\/\",\"logo\":{\"@type\":\"ImageObject\",\"inLanguage\":\"en-US\",\"@id\":\"https:\\\/\\\/www.prismatibro.se\\\/en\\\/#\\\/schema\\\/logo\\\/image\\\/\",\"url\":\"https:\\\/\\\/www.prismatibro.se\\\/wp-content\\\/uploads\\\/2017\\\/08\\\/PrismaTibro_logo_207x52_170807-01@2x.png\",\"contentUrl\":\"https:\\\/\\\/www.prismatibro.se\\\/wp-content\\\/uploads\\\/2017\\\/08\\\/PrismaTibro_logo_207x52_170807-01@2x.png\",\"width\":414,\"height\":104,\"caption\":\"PrismaTibro\"},\"image\":{\"@id\":\"https:\\\/\\\/www.prismatibro.se\\\/en\\\/#\\\/schema\\\/logo\\\/image\\\/\"},\"sameAs\":[\"https:\\\/\\\/www.linkedin.com\\\/company\\\/prismatibro\"]}]}<\/script>\n<!-- \/ Yoast SEO plugin. -->","yoast_head_json":{"title":"Prisma Light Ella - our new bollard | PrismaTibro","description":"Prisma Light Ella - our new bollard. As brilliant as the rest of Prisma LightA complement to her sister Prisma Light Ellie and brothers.","robots":{"index":"index","follow":"follow","max-snippet":"max-snippet:-1","max-image-preview":"max-image-preview:large","max-video-preview":"max-video-preview:-1"},"canonical":"https:\/\/www.prismatibro.se\/en\/el-ella\/","og_locale":"en_US","og_type":"article","og_title":"Prisma Light Ella - our new bollard | PrismaTibro","og_description":"Prisma Light Ella - our new bollard. As brilliant as the rest of Prisma LightA complement to her sister Prisma Light Ellie and brothers.","og_url":"https:\/\/www.prismatibro.se\/en\/el-ella\/","og_site_name":"PrismaTibro","article_modified_time":"2024-05-28T07:08:14+00:00","og_image":[{"width":760,"height":210,"url":"https:\/\/www.prismatibro.se\/wp-content\/uploads\/2023\/10\/EL_Ella-Element_760x210_231002-01.png","type":"image\/png"}],"twitter_card":"summary_large_image","twitter_misc":{"Est. reading time":"2 minutes"},"schema":{"@context":"https:\/\/schema.org","@graph":[{"@type":"WebPage","@id":"https:\/\/www.prismatibro.se\/en\/el-ella\/","url":"https:\/\/www.prismatibro.se\/en\/el-ella\/","name":"Prisma Light Ella - our new bollard | PrismaTibro","isPartOf":{"@id":"https:\/\/www.prismatibro.se\/en\/#website"},"primaryImageOfPage":{"@id":"https:\/\/www.prismatibro.se\/en\/el-ella\/#primaryimage"},"image":{"@id":"https:\/\/www.prismatibro.se\/en\/el-ella\/#primaryimage"},"thumbnailUrl":"https:\/\/www.prismatibro.se\/wp-content\/uploads\/2023\/10\/EL_Ella-Element_760x210_231002-01.png","datePublished":"2019-11-15T06:20:41+00:00","dateModified":"2024-05-28T07:08:14+00:00","description":"Prisma Light Ella - our new bollard. As brilliant as the rest of Prisma LightA complement to her sister Prisma Light Ellie and brothers.","breadcrumb":{"@id":"https:\/\/www.prismatibro.se\/en\/el-ella\/#breadcrumb"},"inLanguage":"en-US","potentialAction":[{"@type":"ReadAction","target":["https:\/\/www.prismatibro.se\/en\/el-ella\/"]}]},{"@type":"ImageObject","inLanguage":"en-US","@id":"https:\/\/www.prismatibro.se\/en\/el-ella\/#primaryimage","url":"https:\/\/www.prismatibro.se\/wp-content\/uploads\/2023\/10\/EL_Ella-Element_760x210_231002-01.png","contentUrl":"https:\/\/www.prismatibro.se\/wp-content\/uploads\/2023\/10\/EL_Ella-Element_760x210_231002-01.png","width":760,"height":210,"caption":"Prisma Light Ella"},{"@type":"BreadcrumbList","@id":"https:\/\/www.prismatibro.se\/en\/el-ella\/#breadcrumb","itemListElement":[{"@type":"ListItem","position":1,"name":"Hem","item":"https:\/\/www.prismatibro.se\/en\/"},{"@type":"ListItem","position":2,"name":"Prisma Light Ella &#8211; our new bollard"}]},{"@type":"WebSite","@id":"https:\/\/www.prismatibro.se\/en\/#website","url":"https:\/\/www.prismatibro.se\/en\/","name":"PrismaTibro Sweden","description":"Pedestrian Signal, \u00d6verg\u00e5ngssignal, D\u00f6rr\u00f6ppnare, Deflection Indikator, LED gatubelysning","publisher":{"@id":"https:\/\/www.prismatibro.se\/en\/#organization"},"potentialAction":[{"@type":"SearchAction","target":{"@type":"EntryPoint","urlTemplate":"https:\/\/www.prismatibro.se\/en\/?s={search_term_string}"},"query-input":{"@type":"PropertyValueSpecification","valueRequired":true,"valueName":"search_term_string"}}],"inLanguage":"en-US"},{"@type":"Organization","@id":"https:\/\/www.prismatibro.se\/en\/#organization","name":"PrismaTibro","url":"https:\/\/www.prismatibro.se\/en\/","logo":{"@type":"ImageObject","inLanguage":"en-US","@id":"https:\/\/www.prismatibro.se\/en\/#\/schema\/logo\/image\/","url":"https:\/\/www.prismatibro.se\/wp-content\/uploads\/2017\/08\/PrismaTibro_logo_207x52_170807-01@2x.png","contentUrl":"https:\/\/www.prismatibro.se\/wp-content\/uploads\/2017\/08\/PrismaTibro_logo_207x52_170807-01@2x.png","width":414,"height":104,"caption":"PrismaTibro"},"image":{"@id":"https:\/\/www.prismatibro.se\/en\/#\/schema\/logo\/image\/"},"sameAs":["https:\/\/www.linkedin.com\/company\/prismatibro"]}]}},"_links":{"self":[{"href":"https:\/\/www.prismatibro.se\/en\/wp-json\/wp\/v2\/pages\/26721","targetHints":{"allow":["GET"]}}],"collection":[{"href":"https:\/\/www.prismatibro.se\/en\/wp-json\/wp\/v2\/pages"}],"about":[{"href":"https:\/\/www.prismatibro.se\/en\/wp-json\/wp\/v2\/types\/page"}],"author":[{"embeddable":true,"href":"https:\/\/www.prismatibro.se\/en\/wp-json\/wp\/v2\/users\/18"}],"replies":[{"embeddable":true,"href":"https:\/\/www.prismatibro.se\/en\/wp-json\/wp\/v2\/comments?post=26721"}],"version-history":[{"count":19,"href":"https:\/\/www.prismatibro.se\/en\/wp-json\/wp\/v2\/pages\/26721\/revisions"}],"predecessor-version":[{"id":61938,"href":"https:\/\/www.prismatibro.se\/en\/wp-json\/wp\/v2\/pages\/26721\/revisions\/61938"}],"wp:featuredmedia":[{"embeddable":true,"href":"https:\/\/www.prismatibro.se\/en\/wp-json\/wp\/v2\/media\/55982"}],"wp:attachment":[{"href":"https:\/\/www.prismatibro.se\/en\/wp-json\/wp\/v2\/media?parent=26721"}],"curies":[{"name":"wp","href":"https:\/\/api.w.org\/{rel}","templated":true}]}}