{"id":17888,"date":"2017-11-09T11:28:26","date_gmt":"2017-11-09T10:28:26","guid":{"rendered":"http:\/\/www.prismatibro.se\/?page_id=17888"},"modified":"2024-05-28T08:42:22","modified_gmt":"2024-05-28T06:42:22","slug":"prisma-di-5","status":"publish","type":"page","link":"https:\/\/www.prismatibro.se\/en\/prisma-di-5\/","title":{"rendered":"Prisma DI-5, crankshaft deflection indicator"},"content":{"rendered":"<div class=\"fusion-fullwidth fullwidth-box fusion-builder-row-1 fusion-flex-container hundred-percent-fullwidth non-hundred-percent-height-scrolling\" style=\"--awb-border-radius-top-left:0px;--awb-border-radius-top-right:0px;--awb-border-radius-bottom-right:0px;--awb-border-radius-bottom-left:0px;--awb-overflow:visible;--awb-flex-wrap:wrap;\" ><div class=\"fusion-builder-row fusion-row fusion-flex-align-items-flex-start fusion-flex-content-wrap\" style=\"width:104% !important;max-width:104% !important;margin-left: calc(-4% \/ 2 );margin-right: calc(-4% \/ 2 );\"><div class=\"fusion-layout-column fusion_builder_column fusion-builder-column-0 fusion_builder_column_1_3 1_3 fusion-flex-column\" style=\"--awb-bg-size:cover;--awb-width-large:33.333333333333%;--awb-margin-top-large:0px;--awb-spacing-right-large:3.84%;--awb-margin-bottom-large:20px;--awb-spacing-left-large:5.76%;--awb-width-medium:100%;--awb-spacing-right-medium:1.92%;--awb-spacing-left-medium:1.92%;--awb-width-small:100%;--awb-spacing-right-small:1.92%;--awb-spacing-left-small:1.92%;\"><div class=\"fusion-column-wrapper fusion-flex-justify-content-flex-start fusion-content-layout-column\"><div class=\"fusion-image-element \" style=\"--awb-caption-title-font-family:var(--h2_typography-font-family);--awb-caption-title-font-weight:var(--h2_typography-font-weight);--awb-caption-title-font-style:var(--h2_typography-font-style);--awb-caption-title-size:var(--h2_typography-font-size);--awb-caption-title-transform:var(--h2_typography-text-transform);--awb-caption-title-line-height:var(--h2_typography-line-height);--awb-caption-title-letter-spacing:var(--h2_typography-letter-spacing);\"><span class=\" fusion-imageframe imageframe-none imageframe-1 hover-type-none\"><img decoding=\"async\" width=\"200\" height=\"200\" alt=\"Prisma DI-5C\" title=\"Prisma DI-5C\" src=\"data:image\/svg+xml,%3Csvg%20xmlns%3D%27http%3A%2F%2Fwww.w3.org%2F2000%2Fsvg%27%20width%3D%27200%27%20height%3D%27200%27%20viewBox%3D%270%200%20200%20200%27%3E%3Crect%20width%3D%27200%27%20height%3D%27200%27%20fill-opacity%3D%220%22%2F%3E%3C%2Fsvg%3E\" data-orig-src=\"https:\/\/www.prismatibro.se\/wp-content\/uploads\/2018\/08\/Prisma-DI-5C_200x200_180809-01.png\" class=\"lazyload img-responsive wp-image-22836\"\/><\/span><\/div><div class=\"fusion-text fusion-text-1\"><h3>Properties DI-5<\/h3>\n<\/div><ul style=\"--awb-line-height:20.4px;--awb-icon-width:20.4px;--awb-icon-height:20.4px;--awb-icon-margin:8.4px;--awb-content-margin:28.8px;--awb-circlecolor:#273482;--awb-circle-yes-font-size:10.56px;\" class=\"fusion-checklist fusion-checklist-1 fusion-checklist-default type-icons\"><li class=\"fusion-li-item\" style=\"\"><span class=\"icon-wrapper circle-yes\"><i class=\"fusion-li-icon fa fa-check\" aria-hidden=\"true\"><\/i><\/span><div class=\"fusion-li-item-content\">\n<p>Reliable and safe to use<\/p>\n<\/div><\/li><li class=\"fusion-li-item\" style=\"\"><span class=\"icon-wrapper circle-yes\"><i class=\"fusion-li-icon fa fa-check\" aria-hidden=\"true\"><\/i><\/span><div class=\"fusion-li-item-content\">\n<p>Smooth mounting<\/p>\n<\/div><\/li><li class=\"fusion-li-item\" style=\"\"><span class=\"icon-wrapper circle-yes\"><i class=\"fusion-li-icon fa fa-check\" aria-hidden=\"true\"><\/i><\/span><div class=\"fusion-li-item-content\">\n<p>High flexibility<\/p>\n<\/div><\/li><li class=\"fusion-li-item\" style=\"\"><span class=\"icon-wrapper circle-yes\"><i class=\"fusion-li-icon fa fa-check\" aria-hidden=\"true\"><\/i><\/span><div class=\"fusion-li-item-content\">\n<p>Large measuring range<\/p>\n<\/div><\/li><li class=\"fusion-li-item\" style=\"\"><span class=\"icon-wrapper circle-yes\"><i class=\"fusion-li-icon fa fa-check\" aria-hidden=\"true\"><\/i><\/span><div class=\"fusion-li-item-content\">\n<p>Easy to reset<\/p>\n<\/div><\/li><li class=\"fusion-li-item\" style=\"\"><span class=\"icon-wrapper circle-yes\"><i class=\"fusion-li-icon fa fa-check\" aria-hidden=\"true\"><\/i><\/span><div class=\"fusion-li-item-content\">\n<p>Backlight function<\/p>\n<\/div><\/li><li class=\"fusion-li-item\" style=\"\"><span class=\"icon-wrapper circle-yes\"><i class=\"fusion-li-icon fa fa-check\" aria-hidden=\"true\"><\/i><\/span><div class=\"fusion-li-item-content\">\n<p>Turns off automatically after 45 minutes of inactivity<\/p>\n<\/div><\/li><li class=\"fusion-li-item\" style=\"\"><span class=\"icon-wrapper circle-yes\"><i class=\"fusion-li-icon fa fa-check\" aria-hidden=\"true\"><\/i><\/span><div class=\"fusion-li-item-content\">\n<p>Battery indicator<\/p>\n<\/div><\/li><\/ul><\/div><\/div><div class=\"fusion-layout-column fusion_builder_column fusion-builder-column-1 fusion_builder_column_2_3 2_3 fusion-flex-column\" style=\"--awb-bg-size:cover;--awb-width-large:66.666666666667%;--awb-margin-top-large:0px;--awb-spacing-right-large:2.88%;--awb-margin-bottom-large:20px;--awb-spacing-left-large:3.84%;--awb-width-medium:100%;--awb-spacing-right-medium:1.92%;--awb-spacing-left-medium:1.92%;--awb-width-small:100%;--awb-spacing-right-small:1.92%;--awb-spacing-left-small:1.92%;\"><div class=\"fusion-column-wrapper fusion-flex-justify-content-flex-start fusion-content-layout-column\"><div class=\"fusion-text fusion-text-2\"><h1 data-fontsize=\"21\" data-lineheight=\"22\">Prisma DI-5 Deflection Indicator<\/h1>\n<p><strong>Detects Crankshaft Deflection<\/strong><br \/>\nExtremly high accuracy. Used by many engineers in more than 90 countries worldwide. The device is used to measure the crankshaft deflection of engines on both vessels and power plants.<br \/>\nPrisma DI-5 is made in Sweden with 5 years warranty.<\/p>\n<p><a href=\"https:\/\/www.prismatibro.se\/en\/di-5c\/\"><strong>Good to know: Prisma DI-5C<\/strong> gives the opportunity to transfer the readings to Windows PC<\/a>&#8216;s via USB cable and even to Excel for further data process and evaluation.<\/p>\n<p><div class=\"fusion-button-wrapper fusion-align-block\"><a class=\"fusion-button button-flat button-small button-default fusion-button-default button-1 fusion-button-span-yes \" style=\"--button-border-radius-top-left:0px;--button-border-radius-top-right:0px;--button-border-radius-bottom-right:0px;--button-border-radius-bottom-left:0px;\" target=\"_self\" href=\"https:\/\/www.prismatibro.se\/en\/prisma-di-quotation\/\"><span class=\"fusion-button-text awb-button__text awb-button__text--default\">Quotation<\/span><\/a><\/div><div class=\"fusion-button-wrapper fusion-align-block\"><a class=\"fusion-button button-flat button-small button-custom fusion-button-default button-2 fusion-button-span-yes \" style=\"--button_accent_color:#ffffff;--button_accent_hover_color:#ffffff;--button_border_hover_color:#ffffff;--button_gradient_top_color:#273482;--button_gradient_bottom_color:#273482;--button_gradient_top_color_hover:#273482;--button_gradient_bottom_color_hover:#273482;\" target=\"_self\" href=\"https:\/\/www.prismatibro.se\/en\/dl-di\/\"><span class=\"fusion-button-text awb-button__text awb-button__text--default\">Documents<\/span><\/a><\/div><div class=\"fusion-button-wrapper fusion-align-block\"><a class=\"fusion-button button-flat button-small button-custom fusion-button-default button-3 fusion-button-span-yes \" style=\"--button_accent_color:#ffffff;--button_accent_hover_color:#ffffff;--button_border_hover_color:#ffffff;--button-border-radius-top-left:0px;--button-border-radius-top-right:0px;--button-border-radius-bottom-right:0px;--button-border-radius-bottom-left:0px;--button_gradient_top_color:#000000;--button_gradient_bottom_color:#000000;--button_gradient_top_color_hover:#000000;--button_gradient_bottom_color_hover:#000000;\" target=\"_self\" href=\"https:\/\/www.prismatibro.se\/en\/contact-us-at-prismatibro\/?PrismaTibroSelect=.sales-prisma-di\"><span class=\"fusion-button-text awb-button__text awb-button__text--default\">Contact sales<\/span><\/a><\/div><\/p>\n<\/div><div class=\"fusion-text fusion-text-3\"><h2>General Specifications<\/h2>\n<\/div><div class=\"accordian fusion-accordian\" style=\"--awb-border-size:1px;--awb-icon-size:13px;--awb-content-font-size:16px;--awb-icon-alignment:left;--awb-hover-color:#f9f9f9;--awb-border-color:#cccccc;--awb-background-color:#ffffff;--awb-divider-color:#e0dede;--awb-divider-hover-color:#e0dede;--awb-icon-color:#ffffff;--awb-title-color:#333333;--awb-content-color:#000000;--awb-icon-box-color:#273482;--awb-toggle-hover-accent-color:#273482;--awb-title-font-family:&quot;ABeeZee&quot;;--awb-title-font-weight:400;--awb-title-font-style:normal;--awb-title-font-size:16px;--awb-content-font-family:&quot;ABeeZee&quot;;--awb-content-font-style:normal;--awb-content-font-weight:400;\"><div class=\"panel-group fusion-toggle-icon-boxed\" id=\"accordion-17888-1\"><div class=\"fusion-panel panel-default panel-64a44804b6ea68f1f fusion-toggle-no-divider\" style=\"--awb-title-color:#333333;--awb-content-color:#000000;\"><div class=\"panel-heading\"><h4 class=\"panel-title toggle\" id=\"toggle_64a44804b6ea68f1f\"><a aria-expanded=\"false\" aria-controls=\"64a44804b6ea68f1f\" role=\"button\" data-toggle=\"collapse\" data-parent=\"#accordion-17888-1\" data-target=\"#64a44804b6ea68f1f\" href=\"#64a44804b6ea68f1f\"><span class=\"fusion-toggle-icon-wrapper\" aria-hidden=\"true\"><i class=\"fa-fusion-box active-icon awb-icon-minus\" aria-hidden=\"true\"><\/i><i class=\"fa-fusion-box inactive-icon awb-icon-plus\" aria-hidden=\"true\"><\/i><\/span><span class=\"fusion-toggle-heading\">Technical Specifications<\/span><\/a><\/h4><\/div><div id=\"64a44804b6ea68f1f\" class=\"panel-collapse collapse \" aria-labelledby=\"toggle_64a44804b6ea68f1f\"><div class=\"panel-body toggle-content fusion-clearfix\">\n<ul>\n<li><strong>Measuring distanc<\/strong>e<br \/>\n89-565 mm<\/li>\n<li><strong>Measuring range<\/strong><br \/>\n+\/- 2.048 mm<\/li>\n<li><strong>Resolution<\/strong><br \/>\n0.001 mm<\/li>\n<li><strong>Zero balance range<\/strong><br \/>\n+\/- 2.048 mm<\/li>\n<li><strong>Zero drift<\/strong><br \/>\nUp to 0.001 mm \/ 5 minuter<\/li>\n<li><strong>Instrument operating range<\/strong><br \/>\n0-55 \u00b0C<br \/>\n32-130 \u00b0 F<\/li>\n<li><strong>Transducer operating range<\/strong><br \/>\n0-80 \u00b0C<br \/>\n32-175\u00b0 F<\/li>\n<li><strong>Battery<\/strong><br \/>\n3.6 V Lithium Ion, rechargeable<\/li>\n<li><strong>Battery life<\/strong><br \/>\n10 hours\/Charge<br \/>\nShelf life 5 years<\/li>\n<li><strong>Extension bars<\/strong><br \/>\n10, 20, 40, 80 and 2 x 160 mm<\/li>\n<li><strong>Cable length<\/strong><br \/>\n7 meter<\/li>\n<\/ul>\n<\/div><\/div><\/div><div class=\"fusion-panel panel-default panel-a7b7d4d93e1bd354a fusion-toggle-no-divider\"><div class=\"panel-heading\"><h4 class=\"panel-title toggle\" id=\"toggle_a7b7d4d93e1bd354a\"><a aria-expanded=\"false\" aria-controls=\"a7b7d4d93e1bd354a\" role=\"button\" data-toggle=\"collapse\" data-parent=\"#accordion-17888-1\" data-target=\"#a7b7d4d93e1bd354a\" href=\"#a7b7d4d93e1bd354a\"><span class=\"fusion-toggle-icon-wrapper\" aria-hidden=\"true\"><i class=\"fa-fusion-box active-icon awb-icon-minus\" aria-hidden=\"true\"><\/i><i class=\"fa-fusion-box inactive-icon awb-icon-plus\" aria-hidden=\"true\"><\/i><\/span><span class=\"fusion-toggle-heading\">Dimensions &amp; Weight<\/span><\/a><\/h4><\/div><div id=\"a7b7d4d93e1bd354a\" class=\"panel-collapse collapse \" aria-labelledby=\"toggle_a7b7d4d93e1bd354a\"><div class=\"panel-body toggle-content fusion-clearfix\">\n<ul>\n<li><strong>Instrument<\/strong><br \/>\n190 x 167 x 50 mm<\/li>\n<li><strong>Transducer<\/strong><br \/>\n\u00d831 x 81 mm<\/li>\n<li><strong>Case<\/strong><br \/>\n300 x 280 x 140 mm<\/li>\n<li><strong>Weight<\/strong><br \/>\n3.3 kg<\/li>\n<\/ul>\n<\/div><\/div><\/div><\/div><\/div><\/div><\/div><\/div><\/div>\n","protected":false},"excerpt":{"rendered":"","protected":false},"author":18,"featured_media":22836,"parent":0,"menu_order":0,"comment_status":"closed","ping_status":"closed","template":"","meta":{"footnotes":""},"class_list":["post-17888","page","type-page","status-publish","has-post-thumbnail","hentry"],"yoast_head":"<!-- This site is optimized with the Yoast SEO plugin v27.4 - https:\/\/yoast.com\/product\/yoast-seo-wordpress\/ -->\n<title>Prisma DI-5, crankshaft deflection indicator | PrismaTibro<\/title>\n<meta name=\"description\" content=\"Prisma DI-5, crankshaft deflection indicator. Extremly high accuracy. Used by engineers in more than 90 countries \u2013worldwide. The device...\" \/>\n<meta name=\"robots\" content=\"index, follow, max-snippet:-1, max-image-preview:large, max-video-preview:-1\" \/>\n<link rel=\"canonical\" href=\"https:\/\/www.prismatibro.se\/en\/prisma-di-5\/\" \/>\n<meta property=\"og:locale\" content=\"en_US\" \/>\n<meta property=\"og:type\" content=\"article\" \/>\n<meta property=\"og:title\" content=\"Prisma DI-5, crankshaft deflection indicator | PrismaTibro\" \/>\n<meta property=\"og:description\" content=\"Prisma DI-5, crankshaft deflection indicator. Extremly high accuracy. Used by engineers in more than 90 countries \u2013worldwide. The device...\" \/>\n<meta property=\"og:url\" content=\"https:\/\/www.prismatibro.se\/en\/prisma-di-5\/\" \/>\n<meta property=\"og:site_name\" content=\"PrismaTibro\" \/>\n<meta property=\"article:modified_time\" content=\"2024-05-28T06:42:22+00:00\" \/>\n<meta property=\"og:image\" content=\"https:\/\/www.prismatibro.se\/wp-content\/uploads\/2018\/08\/Prisma-DI-5C_200x200_180809-01.png\" \/>\n\t<meta property=\"og:image:width\" content=\"200\" \/>\n\t<meta property=\"og:image:height\" content=\"200\" \/>\n\t<meta property=\"og:image:type\" content=\"image\/png\" \/>\n<meta name=\"twitter:card\" content=\"summary_large_image\" \/>\n<meta name=\"twitter:label1\" content=\"Est. reading time\" \/>\n\t<meta name=\"twitter:data1\" content=\"2 minutes\" \/>\n<script type=\"application\/ld+json\" class=\"yoast-schema-graph\">{\"@context\":\"https:\\\/\\\/schema.org\",\"@graph\":[{\"@type\":\"WebPage\",\"@id\":\"https:\\\/\\\/www.prismatibro.se\\\/en\\\/prisma-di-5\\\/\",\"url\":\"https:\\\/\\\/www.prismatibro.se\\\/en\\\/prisma-di-5\\\/\",\"name\":\"Prisma DI-5, crankshaft deflection indicator | PrismaTibro\",\"isPartOf\":{\"@id\":\"https:\\\/\\\/www.prismatibro.se\\\/en\\\/#website\"},\"primaryImageOfPage\":{\"@id\":\"https:\\\/\\\/www.prismatibro.se\\\/en\\\/prisma-di-5\\\/#primaryimage\"},\"image\":{\"@id\":\"https:\\\/\\\/www.prismatibro.se\\\/en\\\/prisma-di-5\\\/#primaryimage\"},\"thumbnailUrl\":\"https:\\\/\\\/www.prismatibro.se\\\/wp-content\\\/uploads\\\/2018\\\/08\\\/Prisma-DI-5C_200x200_180809-01.png\",\"datePublished\":\"2017-11-09T10:28:26+00:00\",\"dateModified\":\"2024-05-28T06:42:22+00:00\",\"description\":\"Prisma DI-5, crankshaft deflection indicator. Extremly high accuracy. Used by engineers in more than 90 countries \u2013worldwide. The device...\",\"breadcrumb\":{\"@id\":\"https:\\\/\\\/www.prismatibro.se\\\/en\\\/prisma-di-5\\\/#breadcrumb\"},\"inLanguage\":\"en-US\",\"potentialAction\":[{\"@type\":\"ReadAction\",\"target\":[\"https:\\\/\\\/www.prismatibro.se\\\/en\\\/prisma-di-5\\\/\"]}]},{\"@type\":\"ImageObject\",\"inLanguage\":\"en-US\",\"@id\":\"https:\\\/\\\/www.prismatibro.se\\\/en\\\/prisma-di-5\\\/#primaryimage\",\"url\":\"https:\\\/\\\/www.prismatibro.se\\\/wp-content\\\/uploads\\\/2018\\\/08\\\/Prisma-DI-5C_200x200_180809-01.png\",\"contentUrl\":\"https:\\\/\\\/www.prismatibro.se\\\/wp-content\\\/uploads\\\/2018\\\/08\\\/Prisma-DI-5C_200x200_180809-01.png\",\"width\":200,\"height\":200,\"caption\":\"Prisma DI-5C\"},{\"@type\":\"BreadcrumbList\",\"@id\":\"https:\\\/\\\/www.prismatibro.se\\\/en\\\/prisma-di-5\\\/#breadcrumb\",\"itemListElement\":[{\"@type\":\"ListItem\",\"position\":1,\"name\":\"Hem\",\"item\":\"https:\\\/\\\/www.prismatibro.se\\\/en\\\/\"},{\"@type\":\"ListItem\",\"position\":2,\"name\":\"Prisma DI-5, crankshaft deflection indicator\"}]},{\"@type\":\"WebSite\",\"@id\":\"https:\\\/\\\/www.prismatibro.se\\\/en\\\/#website\",\"url\":\"https:\\\/\\\/www.prismatibro.se\\\/en\\\/\",\"name\":\"PrismaTibro Sweden\",\"description\":\"Pedestrian Signal, \u00d6verg\u00e5ngssignal, D\u00f6rr\u00f6ppnare, Deflection Indikator, LED gatubelysning\",\"publisher\":{\"@id\":\"https:\\\/\\\/www.prismatibro.se\\\/en\\\/#organization\"},\"potentialAction\":[{\"@type\":\"SearchAction\",\"target\":{\"@type\":\"EntryPoint\",\"urlTemplate\":\"https:\\\/\\\/www.prismatibro.se\\\/en\\\/?s={search_term_string}\"},\"query-input\":{\"@type\":\"PropertyValueSpecification\",\"valueRequired\":true,\"valueName\":\"search_term_string\"}}],\"inLanguage\":\"en-US\"},{\"@type\":\"Organization\",\"@id\":\"https:\\\/\\\/www.prismatibro.se\\\/en\\\/#organization\",\"name\":\"PrismaTibro\",\"url\":\"https:\\\/\\\/www.prismatibro.se\\\/en\\\/\",\"logo\":{\"@type\":\"ImageObject\",\"inLanguage\":\"en-US\",\"@id\":\"https:\\\/\\\/www.prismatibro.se\\\/en\\\/#\\\/schema\\\/logo\\\/image\\\/\",\"url\":\"https:\\\/\\\/www.prismatibro.se\\\/wp-content\\\/uploads\\\/2017\\\/08\\\/PrismaTibro_logo_207x52_170807-01@2x.png\",\"contentUrl\":\"https:\\\/\\\/www.prismatibro.se\\\/wp-content\\\/uploads\\\/2017\\\/08\\\/PrismaTibro_logo_207x52_170807-01@2x.png\",\"width\":414,\"height\":104,\"caption\":\"PrismaTibro\"},\"image\":{\"@id\":\"https:\\\/\\\/www.prismatibro.se\\\/en\\\/#\\\/schema\\\/logo\\\/image\\\/\"},\"sameAs\":[\"https:\\\/\\\/www.linkedin.com\\\/company\\\/prismatibro\"]}]}<\/script>\n<!-- \/ Yoast SEO plugin. -->","yoast_head_json":{"title":"Prisma DI-5, crankshaft deflection indicator | PrismaTibro","description":"Prisma DI-5, crankshaft deflection indicator. Extremly high accuracy. Used by engineers in more than 90 countries \u2013worldwide. The device...","robots":{"index":"index","follow":"follow","max-snippet":"max-snippet:-1","max-image-preview":"max-image-preview:large","max-video-preview":"max-video-preview:-1"},"canonical":"https:\/\/www.prismatibro.se\/en\/prisma-di-5\/","og_locale":"en_US","og_type":"article","og_title":"Prisma DI-5, crankshaft deflection indicator | PrismaTibro","og_description":"Prisma DI-5, crankshaft deflection indicator. Extremly high accuracy. Used by engineers in more than 90 countries \u2013worldwide. The device...","og_url":"https:\/\/www.prismatibro.se\/en\/prisma-di-5\/","og_site_name":"PrismaTibro","article_modified_time":"2024-05-28T06:42:22+00:00","og_image":[{"width":200,"height":200,"url":"https:\/\/www.prismatibro.se\/wp-content\/uploads\/2018\/08\/Prisma-DI-5C_200x200_180809-01.png","type":"image\/png"}],"twitter_card":"summary_large_image","twitter_misc":{"Est. reading time":"2 minutes"},"schema":{"@context":"https:\/\/schema.org","@graph":[{"@type":"WebPage","@id":"https:\/\/www.prismatibro.se\/en\/prisma-di-5\/","url":"https:\/\/www.prismatibro.se\/en\/prisma-di-5\/","name":"Prisma DI-5, crankshaft deflection indicator | PrismaTibro","isPartOf":{"@id":"https:\/\/www.prismatibro.se\/en\/#website"},"primaryImageOfPage":{"@id":"https:\/\/www.prismatibro.se\/en\/prisma-di-5\/#primaryimage"},"image":{"@id":"https:\/\/www.prismatibro.se\/en\/prisma-di-5\/#primaryimage"},"thumbnailUrl":"https:\/\/www.prismatibro.se\/wp-content\/uploads\/2018\/08\/Prisma-DI-5C_200x200_180809-01.png","datePublished":"2017-11-09T10:28:26+00:00","dateModified":"2024-05-28T06:42:22+00:00","description":"Prisma DI-5, crankshaft deflection indicator. Extremly high accuracy. Used by engineers in more than 90 countries \u2013worldwide. The device...","breadcrumb":{"@id":"https:\/\/www.prismatibro.se\/en\/prisma-di-5\/#breadcrumb"},"inLanguage":"en-US","potentialAction":[{"@type":"ReadAction","target":["https:\/\/www.prismatibro.se\/en\/prisma-di-5\/"]}]},{"@type":"ImageObject","inLanguage":"en-US","@id":"https:\/\/www.prismatibro.se\/en\/prisma-di-5\/#primaryimage","url":"https:\/\/www.prismatibro.se\/wp-content\/uploads\/2018\/08\/Prisma-DI-5C_200x200_180809-01.png","contentUrl":"https:\/\/www.prismatibro.se\/wp-content\/uploads\/2018\/08\/Prisma-DI-5C_200x200_180809-01.png","width":200,"height":200,"caption":"Prisma DI-5C"},{"@type":"BreadcrumbList","@id":"https:\/\/www.prismatibro.se\/en\/prisma-di-5\/#breadcrumb","itemListElement":[{"@type":"ListItem","position":1,"name":"Hem","item":"https:\/\/www.prismatibro.se\/en\/"},{"@type":"ListItem","position":2,"name":"Prisma DI-5, crankshaft deflection indicator"}]},{"@type":"WebSite","@id":"https:\/\/www.prismatibro.se\/en\/#website","url":"https:\/\/www.prismatibro.se\/en\/","name":"PrismaTibro Sweden","description":"Pedestrian Signal, \u00d6verg\u00e5ngssignal, D\u00f6rr\u00f6ppnare, Deflection Indikator, LED gatubelysning","publisher":{"@id":"https:\/\/www.prismatibro.se\/en\/#organization"},"potentialAction":[{"@type":"SearchAction","target":{"@type":"EntryPoint","urlTemplate":"https:\/\/www.prismatibro.se\/en\/?s={search_term_string}"},"query-input":{"@type":"PropertyValueSpecification","valueRequired":true,"valueName":"search_term_string"}}],"inLanguage":"en-US"},{"@type":"Organization","@id":"https:\/\/www.prismatibro.se\/en\/#organization","name":"PrismaTibro","url":"https:\/\/www.prismatibro.se\/en\/","logo":{"@type":"ImageObject","inLanguage":"en-US","@id":"https:\/\/www.prismatibro.se\/en\/#\/schema\/logo\/image\/","url":"https:\/\/www.prismatibro.se\/wp-content\/uploads\/2017\/08\/PrismaTibro_logo_207x52_170807-01@2x.png","contentUrl":"https:\/\/www.prismatibro.se\/wp-content\/uploads\/2017\/08\/PrismaTibro_logo_207x52_170807-01@2x.png","width":414,"height":104,"caption":"PrismaTibro"},"image":{"@id":"https:\/\/www.prismatibro.se\/en\/#\/schema\/logo\/image\/"},"sameAs":["https:\/\/www.linkedin.com\/company\/prismatibro"]}]}},"_links":{"self":[{"href":"https:\/\/www.prismatibro.se\/en\/wp-json\/wp\/v2\/pages\/17888","targetHints":{"allow":["GET"]}}],"collection":[{"href":"https:\/\/www.prismatibro.se\/en\/wp-json\/wp\/v2\/pages"}],"about":[{"href":"https:\/\/www.prismatibro.se\/en\/wp-json\/wp\/v2\/types\/page"}],"author":[{"embeddable":true,"href":"https:\/\/www.prismatibro.se\/en\/wp-json\/wp\/v2\/users\/18"}],"replies":[{"embeddable":true,"href":"https:\/\/www.prismatibro.se\/en\/wp-json\/wp\/v2\/comments?post=17888"}],"version-history":[{"count":18,"href":"https:\/\/www.prismatibro.se\/en\/wp-json\/wp\/v2\/pages\/17888\/revisions"}],"predecessor-version":[{"id":61912,"href":"https:\/\/www.prismatibro.se\/en\/wp-json\/wp\/v2\/pages\/17888\/revisions\/61912"}],"wp:featuredmedia":[{"embeddable":true,"href":"https:\/\/www.prismatibro.se\/en\/wp-json\/wp\/v2\/media\/22836"}],"wp:attachment":[{"href":"https:\/\/www.prismatibro.se\/en\/wp-json\/wp\/v2\/media?parent=17888"}],"curies":[{"name":"wp","href":"https:\/\/api.w.org\/{rel}","templated":true}]}}