{"id":15629,"date":"2017-05-02T11:27:55","date_gmt":"2017-05-02T09:27:55","guid":{"rendered":"http:\/\/www.prismatibro.se\/?page_id=15629\/"},"modified":"2023-02-02T15:53:55","modified_gmt":"2023-02-02T14:53:55","slug":"what-about-750-and-760","status":"publish","type":"page","link":"https:\/\/www.prismatibro.se\/en\/what-about-750-and-760\/","title":{"rendered":"What about 750 and 760&#8230;?"},"content":{"rendered":"<div class=\"fusion-fullwidth fullwidth-box fusion-builder-row-1 fusion-flex-container nonhundred-percent-fullwidth non-hundred-percent-height-scrolling\" style=\"--awb-border-radius-top-left:0px;--awb-border-radius-top-right:0px;--awb-border-radius-bottom-right:0px;--awb-border-radius-bottom-left:0px;--awb-flex-wrap:wrap;\" ><div class=\"fusion-builder-row fusion-row fusion-flex-align-items-flex-start fusion-flex-content-wrap\" style=\"max-width:1996.8px;margin-left: calc(-4% \/ 2 );margin-right: calc(-4% \/ 2 );\"><div class=\"fusion-layout-column fusion_builder_column fusion-builder-column-0 fusion_builder_column_1_1 1_1 fusion-flex-column\" style=\"--awb-bg-size:cover;--awb-width-large:100%;--awb-margin-top-large:0px;--awb-spacing-right-large:1.92%;--awb-margin-bottom-large:0px;--awb-spacing-left-large:1.92%;--awb-width-medium:100%;--awb-spacing-right-medium:1.92%;--awb-spacing-left-medium:1.92%;--awb-width-small:100%;--awb-spacing-right-small:1.92%;--awb-spacing-left-small:1.92%;\"><div class=\"fusion-column-wrapper fusion-flex-justify-content-flex-start fusion-content-layout-column\"><div class=\"fusion-text fusion-text-1\"><h1>The new generation<\/h1>\n<p>This is an overview of the product range of Prisma Button.<br \/>\nIf you used to buy our old models, you can find their successor here.<\/p>\n<ul>\n<li><a href=\"https:\/\/www.prismatibro.se\/en\/bu-300\/\"><strong>Prisma Button 300<\/strong><\/a><br \/>\nSupersedes Prisma Button <strong>750<\/strong><br \/>\nSupersedes Prisma Button <strong>751<\/strong><\/li>\n<li><a href=\"https:\/\/www.prismatibro.se\/en\/bu-800\/\"><strong>Prisma Button 800<\/strong><\/a><br \/>\nSupersedes Prisma Button <strong>760<\/strong><br \/>\nSupersedes Prisma Button <strong>761<\/strong><\/li>\n<li><a href=\"https:\/\/www.prismatibro.se\/en\/prisma-button-1200\/\"><strong>Prisma Button 1200<\/strong><\/a><br \/>\n<strong>New model in the Prisma Button family<\/strong><\/li>\n<\/ul>\n<\/div><\/div><\/div><\/div><\/div>\n","protected":false},"excerpt":{"rendered":"","protected":false},"author":18,"featured_media":21459,"parent":0,"menu_order":0,"comment_status":"closed","ping_status":"closed","template":"","meta":{"footnotes":""},"class_list":["post-15629","page","type-page","status-publish","has-post-thumbnail","hentry"],"yoast_head":"<!-- This site is optimized with the Yoast SEO plugin v27.4 - https:\/\/yoast.com\/product\/yoast-seo-wordpress\/ -->\n<title>What about 750 and 760...? | PrismaTibro<\/title>\n<meta name=\"description\" content=\"What about 750 and 760\u2026? This is an overview of the product range of Prisma Button. If you used to buy our old models, you can find...\" \/>\n<meta name=\"robots\" content=\"index, follow, max-snippet:-1, max-image-preview:large, max-video-preview:-1\" \/>\n<link rel=\"canonical\" href=\"https:\/\/www.prismatibro.se\/en\/what-about-750-and-760\/\" \/>\n<meta property=\"og:locale\" content=\"en_US\" \/>\n<meta property=\"og:type\" content=\"article\" \/>\n<meta property=\"og:title\" content=\"What about 750 and 760...? | PrismaTibro\" \/>\n<meta property=\"og:description\" content=\"What about 750 and 760\u2026? This is an overview of the product range of Prisma Button. If you used to buy our old models, you can find...\" \/>\n<meta property=\"og:url\" content=\"https:\/\/www.prismatibro.se\/en\/what-about-750-and-760\/\" \/>\n<meta property=\"og:site_name\" content=\"PrismaTibro\" \/>\n<meta property=\"article:modified_time\" content=\"2023-02-02T14:53:55+00:00\" \/>\n<meta property=\"og:image\" content=\"https:\/\/www.prismatibro.se\/wp-content\/uploads\/2014\/02\/BU_1200-800-300-brygga_EN_800x352_170504.jpg\" \/>\n\t<meta property=\"og:image:width\" content=\"800\" \/>\n\t<meta property=\"og:image:height\" content=\"352\" \/>\n\t<meta property=\"og:image:type\" content=\"image\/jpeg\" \/>\n<meta name=\"twitter:card\" content=\"summary_large_image\" \/>\n<meta name=\"twitter:label1\" content=\"Est. reading time\" \/>\n\t<meta name=\"twitter:data1\" content=\"1 minute\" \/>\n<script type=\"application\/ld+json\" class=\"yoast-schema-graph\">{\"@context\":\"https:\\\/\\\/schema.org\",\"@graph\":[{\"@type\":\"WebPage\",\"@id\":\"https:\\\/\\\/www.prismatibro.se\\\/en\\\/what-about-750-and-760\\\/\",\"url\":\"https:\\\/\\\/www.prismatibro.se\\\/en\\\/what-about-750-and-760\\\/\",\"name\":\"What about 750 and 760...? | PrismaTibro\",\"isPartOf\":{\"@id\":\"https:\\\/\\\/www.prismatibro.se\\\/en\\\/#website\"},\"primaryImageOfPage\":{\"@id\":\"https:\\\/\\\/www.prismatibro.se\\\/en\\\/what-about-750-and-760\\\/#primaryimage\"},\"image\":{\"@id\":\"https:\\\/\\\/www.prismatibro.se\\\/en\\\/what-about-750-and-760\\\/#primaryimage\"},\"thumbnailUrl\":\"https:\\\/\\\/www.prismatibro.se\\\/wp-content\\\/uploads\\\/2014\\\/02\\\/BU_1200-800-300-brygga_EN_800x352_170504.jpg\",\"datePublished\":\"2017-05-02T09:27:55+00:00\",\"dateModified\":\"2023-02-02T14:53:55+00:00\",\"description\":\"What about 750 and 760\u2026? This is an overview of the product range of Prisma Button. If you used to buy our old models, you can find...\",\"breadcrumb\":{\"@id\":\"https:\\\/\\\/www.prismatibro.se\\\/en\\\/what-about-750-and-760\\\/#breadcrumb\"},\"inLanguage\":\"en-US\",\"potentialAction\":[{\"@type\":\"ReadAction\",\"target\":[\"https:\\\/\\\/www.prismatibro.se\\\/en\\\/what-about-750-and-760\\\/\"]}]},{\"@type\":\"ImageObject\",\"inLanguage\":\"en-US\",\"@id\":\"https:\\\/\\\/www.prismatibro.se\\\/en\\\/what-about-750-and-760\\\/#primaryimage\",\"url\":\"https:\\\/\\\/www.prismatibro.se\\\/wp-content\\\/uploads\\\/2014\\\/02\\\/BU_1200-800-300-brygga_EN_800x352_170504.jpg\",\"contentUrl\":\"https:\\\/\\\/www.prismatibro.se\\\/wp-content\\\/uploads\\\/2014\\\/02\\\/BU_1200-800-300-brygga_EN_800x352_170504.jpg\",\"width\":800,\"height\":352,\"caption\":\"Prisma Button 300, 800, 1200\"},{\"@type\":\"BreadcrumbList\",\"@id\":\"https:\\\/\\\/www.prismatibro.se\\\/en\\\/what-about-750-and-760\\\/#breadcrumb\",\"itemListElement\":[{\"@type\":\"ListItem\",\"position\":1,\"name\":\"Hem\",\"item\":\"https:\\\/\\\/www.prismatibro.se\\\/en\\\/\"},{\"@type\":\"ListItem\",\"position\":2,\"name\":\"What about 750 and 760&#8230;?\"}]},{\"@type\":\"WebSite\",\"@id\":\"https:\\\/\\\/www.prismatibro.se\\\/en\\\/#website\",\"url\":\"https:\\\/\\\/www.prismatibro.se\\\/en\\\/\",\"name\":\"PrismaTibro Sweden\",\"description\":\"Pedestrian Signal, \u00d6verg\u00e5ngssignal, D\u00f6rr\u00f6ppnare, Deflection Indikator, LED gatubelysning\",\"publisher\":{\"@id\":\"https:\\\/\\\/www.prismatibro.se\\\/en\\\/#organization\"},\"potentialAction\":[{\"@type\":\"SearchAction\",\"target\":{\"@type\":\"EntryPoint\",\"urlTemplate\":\"https:\\\/\\\/www.prismatibro.se\\\/en\\\/?s={search_term_string}\"},\"query-input\":{\"@type\":\"PropertyValueSpecification\",\"valueRequired\":true,\"valueName\":\"search_term_string\"}}],\"inLanguage\":\"en-US\"},{\"@type\":\"Organization\",\"@id\":\"https:\\\/\\\/www.prismatibro.se\\\/en\\\/#organization\",\"name\":\"PrismaTibro\",\"url\":\"https:\\\/\\\/www.prismatibro.se\\\/en\\\/\",\"logo\":{\"@type\":\"ImageObject\",\"inLanguage\":\"en-US\",\"@id\":\"https:\\\/\\\/www.prismatibro.se\\\/en\\\/#\\\/schema\\\/logo\\\/image\\\/\",\"url\":\"https:\\\/\\\/www.prismatibro.se\\\/wp-content\\\/uploads\\\/2017\\\/08\\\/PrismaTibro_logo_207x52_170807-01@2x.png\",\"contentUrl\":\"https:\\\/\\\/www.prismatibro.se\\\/wp-content\\\/uploads\\\/2017\\\/08\\\/PrismaTibro_logo_207x52_170807-01@2x.png\",\"width\":414,\"height\":104,\"caption\":\"PrismaTibro\"},\"image\":{\"@id\":\"https:\\\/\\\/www.prismatibro.se\\\/en\\\/#\\\/schema\\\/logo\\\/image\\\/\"},\"sameAs\":[\"https:\\\/\\\/www.linkedin.com\\\/company\\\/prismatibro\"]}]}<\/script>\n<!-- \/ Yoast SEO plugin. -->","yoast_head_json":{"title":"What about 750 and 760...? | PrismaTibro","description":"What about 750 and 760\u2026? This is an overview of the product range of Prisma Button. If you used to buy our old models, you can find...","robots":{"index":"index","follow":"follow","max-snippet":"max-snippet:-1","max-image-preview":"max-image-preview:large","max-video-preview":"max-video-preview:-1"},"canonical":"https:\/\/www.prismatibro.se\/en\/what-about-750-and-760\/","og_locale":"en_US","og_type":"article","og_title":"What about 750 and 760...? | PrismaTibro","og_description":"What about 750 and 760\u2026? This is an overview of the product range of Prisma Button. If you used to buy our old models, you can find...","og_url":"https:\/\/www.prismatibro.se\/en\/what-about-750-and-760\/","og_site_name":"PrismaTibro","article_modified_time":"2023-02-02T14:53:55+00:00","og_image":[{"width":800,"height":352,"url":"https:\/\/www.prismatibro.se\/wp-content\/uploads\/2014\/02\/BU_1200-800-300-brygga_EN_800x352_170504.jpg","type":"image\/jpeg"}],"twitter_card":"summary_large_image","twitter_misc":{"Est. reading time":"1 minute"},"schema":{"@context":"https:\/\/schema.org","@graph":[{"@type":"WebPage","@id":"https:\/\/www.prismatibro.se\/en\/what-about-750-and-760\/","url":"https:\/\/www.prismatibro.se\/en\/what-about-750-and-760\/","name":"What about 750 and 760...? | PrismaTibro","isPartOf":{"@id":"https:\/\/www.prismatibro.se\/en\/#website"},"primaryImageOfPage":{"@id":"https:\/\/www.prismatibro.se\/en\/what-about-750-and-760\/#primaryimage"},"image":{"@id":"https:\/\/www.prismatibro.se\/en\/what-about-750-and-760\/#primaryimage"},"thumbnailUrl":"https:\/\/www.prismatibro.se\/wp-content\/uploads\/2014\/02\/BU_1200-800-300-brygga_EN_800x352_170504.jpg","datePublished":"2017-05-02T09:27:55+00:00","dateModified":"2023-02-02T14:53:55+00:00","description":"What about 750 and 760\u2026? This is an overview of the product range of Prisma Button. If you used to buy our old models, you can find...","breadcrumb":{"@id":"https:\/\/www.prismatibro.se\/en\/what-about-750-and-760\/#breadcrumb"},"inLanguage":"en-US","potentialAction":[{"@type":"ReadAction","target":["https:\/\/www.prismatibro.se\/en\/what-about-750-and-760\/"]}]},{"@type":"ImageObject","inLanguage":"en-US","@id":"https:\/\/www.prismatibro.se\/en\/what-about-750-and-760\/#primaryimage","url":"https:\/\/www.prismatibro.se\/wp-content\/uploads\/2014\/02\/BU_1200-800-300-brygga_EN_800x352_170504.jpg","contentUrl":"https:\/\/www.prismatibro.se\/wp-content\/uploads\/2014\/02\/BU_1200-800-300-brygga_EN_800x352_170504.jpg","width":800,"height":352,"caption":"Prisma Button 300, 800, 1200"},{"@type":"BreadcrumbList","@id":"https:\/\/www.prismatibro.se\/en\/what-about-750-and-760\/#breadcrumb","itemListElement":[{"@type":"ListItem","position":1,"name":"Hem","item":"https:\/\/www.prismatibro.se\/en\/"},{"@type":"ListItem","position":2,"name":"What about 750 and 760&#8230;?"}]},{"@type":"WebSite","@id":"https:\/\/www.prismatibro.se\/en\/#website","url":"https:\/\/www.prismatibro.se\/en\/","name":"PrismaTibro Sweden","description":"Pedestrian Signal, \u00d6verg\u00e5ngssignal, D\u00f6rr\u00f6ppnare, Deflection Indikator, LED gatubelysning","publisher":{"@id":"https:\/\/www.prismatibro.se\/en\/#organization"},"potentialAction":[{"@type":"SearchAction","target":{"@type":"EntryPoint","urlTemplate":"https:\/\/www.prismatibro.se\/en\/?s={search_term_string}"},"query-input":{"@type":"PropertyValueSpecification","valueRequired":true,"valueName":"search_term_string"}}],"inLanguage":"en-US"},{"@type":"Organization","@id":"https:\/\/www.prismatibro.se\/en\/#organization","name":"PrismaTibro","url":"https:\/\/www.prismatibro.se\/en\/","logo":{"@type":"ImageObject","inLanguage":"en-US","@id":"https:\/\/www.prismatibro.se\/en\/#\/schema\/logo\/image\/","url":"https:\/\/www.prismatibro.se\/wp-content\/uploads\/2017\/08\/PrismaTibro_logo_207x52_170807-01@2x.png","contentUrl":"https:\/\/www.prismatibro.se\/wp-content\/uploads\/2017\/08\/PrismaTibro_logo_207x52_170807-01@2x.png","width":414,"height":104,"caption":"PrismaTibro"},"image":{"@id":"https:\/\/www.prismatibro.se\/en\/#\/schema\/logo\/image\/"},"sameAs":["https:\/\/www.linkedin.com\/company\/prismatibro"]}]}},"_links":{"self":[{"href":"https:\/\/www.prismatibro.se\/en\/wp-json\/wp\/v2\/pages\/15629","targetHints":{"allow":["GET"]}}],"collection":[{"href":"https:\/\/www.prismatibro.se\/en\/wp-json\/wp\/v2\/pages"}],"about":[{"href":"https:\/\/www.prismatibro.se\/en\/wp-json\/wp\/v2\/types\/page"}],"author":[{"embeddable":true,"href":"https:\/\/www.prismatibro.se\/en\/wp-json\/wp\/v2\/users\/18"}],"replies":[{"embeddable":true,"href":"https:\/\/www.prismatibro.se\/en\/wp-json\/wp\/v2\/comments?post=15629"}],"version-history":[{"count":6,"href":"https:\/\/www.prismatibro.se\/en\/wp-json\/wp\/v2\/pages\/15629\/revisions"}],"predecessor-version":[{"id":48928,"href":"https:\/\/www.prismatibro.se\/en\/wp-json\/wp\/v2\/pages\/15629\/revisions\/48928"}],"wp:featuredmedia":[{"embeddable":true,"href":"https:\/\/www.prismatibro.se\/en\/wp-json\/wp\/v2\/media\/21459"}],"wp:attachment":[{"href":"https:\/\/www.prismatibro.se\/en\/wp-json\/wp\/v2\/media?parent=15629"}],"curies":[{"name":"wp","href":"https:\/\/api.w.org\/{rel}","templated":true}]}}