{"id":15370,"date":"2017-04-08T15:01:49","date_gmt":"2017-04-08T13:01:49","guid":{"rendered":"http:\/\/www.prismatibro.se\/?page_id=15370\/"},"modified":"2024-05-28T09:08:03","modified_gmt":"2024-05-28T07:08:03","slug":"el-eliott","status":"publish","type":"page","link":"https:\/\/www.prismatibro.se\/en\/el-eliott\/","title":{"rendered":"Prisma Light Eliott"},"content":{"rendered":"<div class=\"fusion-fullwidth fullwidth-box fusion-builder-row-1 fusion-flex-container nonhundred-percent-fullwidth non-hundred-percent-height-scrolling\" style=\"--awb-border-radius-top-left:0px;--awb-border-radius-top-right:0px;--awb-border-radius-bottom-right:0px;--awb-border-radius-bottom-left:0px;--awb-flex-wrap:wrap;\" ><div class=\"fusion-builder-row fusion-row fusion-flex-align-items-flex-start fusion-flex-content-wrap\" style=\"max-width:1996.8px;margin-left: calc(-4% \/ 2 );margin-right: calc(-4% \/ 2 );\"><div class=\"fusion-layout-column fusion_builder_column fusion-builder-column-0 fusion_builder_column_1_1 1_1 fusion-flex-column\" style=\"--awb-bg-size:cover;--awb-width-large:100%;--awb-margin-top-large:0px;--awb-spacing-right-large:1.92%;--awb-margin-bottom-large:20px;--awb-spacing-left-large:1.92%;--awb-width-medium:100%;--awb-spacing-right-medium:1.92%;--awb-spacing-left-medium:1.92%;--awb-width-small:100%;--awb-spacing-right-small:1.92%;--awb-spacing-left-small:1.92%;\"><div class=\"fusion-column-wrapper fusion-flex-justify-content-flex-start fusion-content-layout-column\"><div class=\"fusion-image-element \" style=\"--awb-caption-title-font-family:var(--h2_typography-font-family);--awb-caption-title-font-weight:var(--h2_typography-font-weight);--awb-caption-title-font-style:var(--h2_typography-font-style);--awb-caption-title-size:var(--h2_typography-font-size);--awb-caption-title-transform:var(--h2_typography-text-transform);--awb-caption-title-line-height:var(--h2_typography-line-height);--awb-caption-title-letter-spacing:var(--h2_typography-letter-spacing);\"><span class=\" fusion-imageframe imageframe-none imageframe-1 hover-type-none\"><img decoding=\"async\" width=\"760\" height=\"210\" alt=\"Prisma Light Eliott\" title=\"EL_Eliott-DK-Element_760x210_231002-01\" src=\"https:\/\/www.prismatibro.se\/wp-content\/uploads\/2023\/10\/EL_Eliott-DK-Element_760x210_231002-01.png\" data-orig-src=\"https:\/\/www.prismatibro.se\/wp-content\/uploads\/2023\/10\/EL_Eliott-DK-Element_760x210_231002-01.png\" class=\"lazyload img-responsive wp-image-55974\" srcset=\"data:image\/svg+xml,%3Csvg%20xmlns%3D%27http%3A%2F%2Fwww.w3.org%2F2000%2Fsvg%27%20width%3D%27760%27%20height%3D%27210%27%20viewBox%3D%270%200%20760%20210%27%3E%3Crect%20width%3D%27760%27%20height%3D%27210%27%20fill-opacity%3D%220%22%2F%3E%3C%2Fsvg%3E\" data-srcset=\"https:\/\/www.prismatibro.se\/wp-content\/uploads\/2023\/10\/EL_Eliott-DK-Element_760x210_231002-01-200x55.png 200w, https:\/\/www.prismatibro.se\/wp-content\/uploads\/2023\/10\/EL_Eliott-DK-Element_760x210_231002-01-400x111.png 400w, https:\/\/www.prismatibro.se\/wp-content\/uploads\/2023\/10\/EL_Eliott-DK-Element_760x210_231002-01-600x166.png 600w, https:\/\/www.prismatibro.se\/wp-content\/uploads\/2023\/10\/EL_Eliott-DK-Element_760x210_231002-01.png 760w\" data-sizes=\"auto\" data-orig-sizes=\"(max-width: 1024px) 100vw, (max-width: 640px) 100vw, 760px\" \/><\/span><\/div><\/div><\/div><div class=\"fusion-layout-column fusion_builder_column fusion-builder-column-1 fusion_builder_column_3_4 3_4 fusion-flex-column\" style=\"--awb-bg-size:cover;--awb-width-large:75%;--awb-margin-top-large:0px;--awb-spacing-right-large:2.56%;--awb-margin-bottom-large:20px;--awb-spacing-left-large:2.56%;--awb-width-medium:100%;--awb-spacing-right-medium:1.92%;--awb-spacing-left-medium:1.92%;--awb-width-small:100%;--awb-spacing-right-small:1.92%;--awb-spacing-left-small:1.92%;\"><div class=\"fusion-column-wrapper fusion-flex-justify-content-flex-start fusion-content-layout-column\"><div class=\"fusion-text fusion-text-1\"><h1>Classic street luminaire developed over 15 years<\/h1>\n<p><strong>Classic street luminaire, developed and produced by PrismaTibro<\/strong><br \/>\nDuring the first, soon-to-be 15 years, we have gathered a wealth of knowledge and experience. The profile of Prisma Light Eliott has been preserved, but the appearance can vary in terms of color, bird protection (or lack thereof), curved or flat glass. Many customers have been able to complement their luminaires over the years and appreciate that the appearance has not radically\u00a0changed.<\/p>\n<p>The major changes have occurred under the hood &#8211; more efficient, smarter, and even safer technology. Prisma Light Eliott offers advanced features that are easy to handle.<br \/>\nPrismaTibro&#8217;s high delivery capacity has long been appreciated by customers.<\/p>\n<h2>A new generation is launched<\/h2>\n<p><strong>Both models<br \/>\n<\/strong>\u2022 Prisma Light Eliott 4-16<br \/>\n\u2022 Prisma Light Eliott 4-32<br \/>\n<strong>Examples of improvements<\/strong><br \/>\n\u2022 Control: now with Zhaga, DALI and Citygrid<br \/>\n\u2022 Easier to order \u2013 from 5 to 2 articles<br \/>\n\u2022 Increased energy efficiency<br \/>\n\u2022 Longer lifespan<\/p>\n<h3>History<\/h3>\n<p><strong>2009<\/strong> The first prototypes, 3 of which, were shown to a customer who wanted to buy them immediately \u2013 the prototypes!<br \/>\n<strong>2012<\/strong> The first large volumes were produced for individual customers in Sweden and Denmark.<br \/>\n<strong>2017<\/strong> Addition to the family: the park luminaire Prisma Light Ellie is launched.<br \/>\n<strong>2018<\/strong> Development work at full speed.<br \/>\n<strong>2019<\/strong> Prisma Light Elton joins the family.<br \/>\n<strong>2023<\/strong> A new energy-efficient generation is launched with new control options: Zhaga, DALI, and Citygrid.<\/p>\n<\/div><\/div><\/div><div class=\"fusion-layout-column fusion_builder_column fusion-builder-column-2 fusion_builder_column_1_4 1_4 fusion-flex-column\" style=\"--awb-bg-size:cover;--awb-width-large:25%;--awb-margin-top-large:0px;--awb-spacing-right-large:7.68%;--awb-margin-bottom-large:20px;--awb-spacing-left-large:7.68%;--awb-width-medium:100%;--awb-spacing-right-medium:1.92%;--awb-spacing-left-medium:1.92%;--awb-width-small:100%;--awb-spacing-right-small:1.92%;--awb-spacing-left-small:1.92%;\"><div class=\"fusion-column-wrapper fusion-flex-justify-content-flex-start fusion-content-layout-column\"><div style=\"text-align:center;\"><a class=\"fusion-button button-flat button-small button-default fusion-button-default button-1 fusion-button-span-yes \" target=\"_self\" href=\"https:\/\/www.prismatibro.se\/dl\/el\/en\/Prisma-Light_Eliott_Produkt-Presentation_EN.pdf\"><span class=\"fusion-button-text awb-button__text awb-button__text--default\">Brochure Product<\/span><\/a><\/div><div style=\"text-align:center;\"><a class=\"fusion-button button-flat button-small button-default fusion-button-default button-2 fusion-button-span-yes \" target=\"_self\" href=\"https:\/\/www.prismatibro.se\/dl\/el\/en\/Prisma-Light_Styrning-Presentation_EN.pdf\"><span class=\"fusion-button-text awb-button__text awb-button__text--default\">Brochure Control<\/span><\/a><\/div><div ><a class=\"fusion-button button-flat button-small button-default fusion-button-default button-3 fusion-button-span-yes fusion-button-default-type\" target=\"_self\" href=\"https:\/\/www.prismatibro.se\/en\/prisma-light-quotation-and-light-calculation\/\"><span class=\"fusion-button-text awb-button__text awb-button__text--default\">Light calculation<\/span><\/a><\/div><div ><a class=\"fusion-button button-flat button-small button-default fusion-button-default button-4 fusion-button-span-yes fusion-button-default-type\" target=\"_self\" href=\"https:\/\/www.prismatibro.se\/en\/prisma-light-quotation-and-light-calculation\/\"><span class=\"fusion-button-text awb-button__text awb-button__text--default\">Quotation<\/span><\/a><\/div><\/div><\/div><\/div><\/div>\n","protected":false},"excerpt":{"rendered":"","protected":false},"author":18,"featured_media":55974,"parent":0,"menu_order":0,"comment_status":"closed","ping_status":"closed","template":"","meta":{"footnotes":""},"class_list":["post-15370","page","type-page","status-publish","has-post-thumbnail","hentry"],"yoast_head":"<!-- This site is optimized with the Yoast SEO plugin v27.4 - https:\/\/yoast.com\/product\/yoast-seo-wordpress\/ -->\n<title>Prisma Light Eliott | PrismaTibro<\/title>\n<meta name=\"description\" content=\"Prisma Light Eliott. Developed during 10 years. A classic street light luminaire that is both developed and produced\u00a0by PrismaTibro...\" \/>\n<meta name=\"robots\" content=\"index, follow, max-snippet:-1, max-image-preview:large, max-video-preview:-1\" \/>\n<link rel=\"canonical\" href=\"https:\/\/www.prismatibro.se\/en\/el-eliott\/\" \/>\n<meta property=\"og:locale\" content=\"en_US\" \/>\n<meta property=\"og:type\" content=\"article\" \/>\n<meta property=\"og:title\" content=\"Prisma Light Eliott | PrismaTibro\" \/>\n<meta property=\"og:description\" content=\"Prisma Light Eliott. Developed during 10 years. A classic street light luminaire that is both developed and produced\u00a0by PrismaTibro...\" \/>\n<meta property=\"og:url\" content=\"https:\/\/www.prismatibro.se\/en\/el-eliott\/\" \/>\n<meta property=\"og:site_name\" content=\"PrismaTibro\" \/>\n<meta property=\"article:modified_time\" content=\"2024-05-28T07:08:03+00:00\" \/>\n<meta property=\"og:image\" content=\"https:\/\/www.prismatibro.se\/wp-content\/uploads\/2023\/10\/EL_Eliott-DK-Element_760x210_231002-01.png\" \/>\n\t<meta property=\"og:image:width\" content=\"760\" \/>\n\t<meta property=\"og:image:height\" content=\"210\" \/>\n\t<meta property=\"og:image:type\" content=\"image\/png\" \/>\n<meta name=\"twitter:card\" content=\"summary_large_image\" \/>\n<meta name=\"twitter:label1\" content=\"Est. reading time\" \/>\n\t<meta name=\"twitter:data1\" content=\"2 minutes\" \/>\n<script type=\"application\/ld+json\" class=\"yoast-schema-graph\">{\"@context\":\"https:\\\/\\\/schema.org\",\"@graph\":[{\"@type\":\"WebPage\",\"@id\":\"https:\\\/\\\/www.prismatibro.se\\\/en\\\/el-eliott\\\/\",\"url\":\"https:\\\/\\\/www.prismatibro.se\\\/en\\\/el-eliott\\\/\",\"name\":\"Prisma Light Eliott | PrismaTibro\",\"isPartOf\":{\"@id\":\"https:\\\/\\\/www.prismatibro.se\\\/en\\\/#website\"},\"primaryImageOfPage\":{\"@id\":\"https:\\\/\\\/www.prismatibro.se\\\/en\\\/el-eliott\\\/#primaryimage\"},\"image\":{\"@id\":\"https:\\\/\\\/www.prismatibro.se\\\/en\\\/el-eliott\\\/#primaryimage\"},\"thumbnailUrl\":\"https:\\\/\\\/www.prismatibro.se\\\/wp-content\\\/uploads\\\/2023\\\/10\\\/EL_Eliott-DK-Element_760x210_231002-01.png\",\"datePublished\":\"2017-04-08T13:01:49+00:00\",\"dateModified\":\"2024-05-28T07:08:03+00:00\",\"description\":\"Prisma Light Eliott. Developed during 10 years. A classic street light luminaire that is both developed and produced\u00a0by PrismaTibro...\",\"breadcrumb\":{\"@id\":\"https:\\\/\\\/www.prismatibro.se\\\/en\\\/el-eliott\\\/#breadcrumb\"},\"inLanguage\":\"en-US\",\"potentialAction\":[{\"@type\":\"ReadAction\",\"target\":[\"https:\\\/\\\/www.prismatibro.se\\\/en\\\/el-eliott\\\/\"]}]},{\"@type\":\"ImageObject\",\"inLanguage\":\"en-US\",\"@id\":\"https:\\\/\\\/www.prismatibro.se\\\/en\\\/el-eliott\\\/#primaryimage\",\"url\":\"https:\\\/\\\/www.prismatibro.se\\\/wp-content\\\/uploads\\\/2023\\\/10\\\/EL_Eliott-DK-Element_760x210_231002-01.png\",\"contentUrl\":\"https:\\\/\\\/www.prismatibro.se\\\/wp-content\\\/uploads\\\/2023\\\/10\\\/EL_Eliott-DK-Element_760x210_231002-01.png\",\"width\":760,\"height\":210,\"caption\":\"Prisma Light Eliott\"},{\"@type\":\"BreadcrumbList\",\"@id\":\"https:\\\/\\\/www.prismatibro.se\\\/en\\\/el-eliott\\\/#breadcrumb\",\"itemListElement\":[{\"@type\":\"ListItem\",\"position\":1,\"name\":\"Hem\",\"item\":\"https:\\\/\\\/www.prismatibro.se\\\/en\\\/\"},{\"@type\":\"ListItem\",\"position\":2,\"name\":\"Prisma Light Eliott\"}]},{\"@type\":\"WebSite\",\"@id\":\"https:\\\/\\\/www.prismatibro.se\\\/en\\\/#website\",\"url\":\"https:\\\/\\\/www.prismatibro.se\\\/en\\\/\",\"name\":\"PrismaTibro Sweden\",\"description\":\"Pedestrian Signal, \u00d6verg\u00e5ngssignal, D\u00f6rr\u00f6ppnare, Deflection Indikator, LED gatubelysning\",\"publisher\":{\"@id\":\"https:\\\/\\\/www.prismatibro.se\\\/en\\\/#organization\"},\"potentialAction\":[{\"@type\":\"SearchAction\",\"target\":{\"@type\":\"EntryPoint\",\"urlTemplate\":\"https:\\\/\\\/www.prismatibro.se\\\/en\\\/?s={search_term_string}\"},\"query-input\":{\"@type\":\"PropertyValueSpecification\",\"valueRequired\":true,\"valueName\":\"search_term_string\"}}],\"inLanguage\":\"en-US\"},{\"@type\":\"Organization\",\"@id\":\"https:\\\/\\\/www.prismatibro.se\\\/en\\\/#organization\",\"name\":\"PrismaTibro\",\"url\":\"https:\\\/\\\/www.prismatibro.se\\\/en\\\/\",\"logo\":{\"@type\":\"ImageObject\",\"inLanguage\":\"en-US\",\"@id\":\"https:\\\/\\\/www.prismatibro.se\\\/en\\\/#\\\/schema\\\/logo\\\/image\\\/\",\"url\":\"https:\\\/\\\/www.prismatibro.se\\\/wp-content\\\/uploads\\\/2017\\\/08\\\/PrismaTibro_logo_207x52_170807-01@2x.png\",\"contentUrl\":\"https:\\\/\\\/www.prismatibro.se\\\/wp-content\\\/uploads\\\/2017\\\/08\\\/PrismaTibro_logo_207x52_170807-01@2x.png\",\"width\":414,\"height\":104,\"caption\":\"PrismaTibro\"},\"image\":{\"@id\":\"https:\\\/\\\/www.prismatibro.se\\\/en\\\/#\\\/schema\\\/logo\\\/image\\\/\"},\"sameAs\":[\"https:\\\/\\\/www.linkedin.com\\\/company\\\/prismatibro\"]}]}<\/script>\n<!-- \/ Yoast SEO plugin. -->","yoast_head_json":{"title":"Prisma Light Eliott | PrismaTibro","description":"Prisma Light Eliott. Developed during 10 years. A classic street light luminaire that is both developed and produced\u00a0by PrismaTibro...","robots":{"index":"index","follow":"follow","max-snippet":"max-snippet:-1","max-image-preview":"max-image-preview:large","max-video-preview":"max-video-preview:-1"},"canonical":"https:\/\/www.prismatibro.se\/en\/el-eliott\/","og_locale":"en_US","og_type":"article","og_title":"Prisma Light Eliott | PrismaTibro","og_description":"Prisma Light Eliott. Developed during 10 years. A classic street light luminaire that is both developed and produced\u00a0by PrismaTibro...","og_url":"https:\/\/www.prismatibro.se\/en\/el-eliott\/","og_site_name":"PrismaTibro","article_modified_time":"2024-05-28T07:08:03+00:00","og_image":[{"width":760,"height":210,"url":"https:\/\/www.prismatibro.se\/wp-content\/uploads\/2023\/10\/EL_Eliott-DK-Element_760x210_231002-01.png","type":"image\/png"}],"twitter_card":"summary_large_image","twitter_misc":{"Est. reading time":"2 minutes"},"schema":{"@context":"https:\/\/schema.org","@graph":[{"@type":"WebPage","@id":"https:\/\/www.prismatibro.se\/en\/el-eliott\/","url":"https:\/\/www.prismatibro.se\/en\/el-eliott\/","name":"Prisma Light Eliott | PrismaTibro","isPartOf":{"@id":"https:\/\/www.prismatibro.se\/en\/#website"},"primaryImageOfPage":{"@id":"https:\/\/www.prismatibro.se\/en\/el-eliott\/#primaryimage"},"image":{"@id":"https:\/\/www.prismatibro.se\/en\/el-eliott\/#primaryimage"},"thumbnailUrl":"https:\/\/www.prismatibro.se\/wp-content\/uploads\/2023\/10\/EL_Eliott-DK-Element_760x210_231002-01.png","datePublished":"2017-04-08T13:01:49+00:00","dateModified":"2024-05-28T07:08:03+00:00","description":"Prisma Light Eliott. Developed during 10 years. A classic street light luminaire that is both developed and produced\u00a0by PrismaTibro...","breadcrumb":{"@id":"https:\/\/www.prismatibro.se\/en\/el-eliott\/#breadcrumb"},"inLanguage":"en-US","potentialAction":[{"@type":"ReadAction","target":["https:\/\/www.prismatibro.se\/en\/el-eliott\/"]}]},{"@type":"ImageObject","inLanguage":"en-US","@id":"https:\/\/www.prismatibro.se\/en\/el-eliott\/#primaryimage","url":"https:\/\/www.prismatibro.se\/wp-content\/uploads\/2023\/10\/EL_Eliott-DK-Element_760x210_231002-01.png","contentUrl":"https:\/\/www.prismatibro.se\/wp-content\/uploads\/2023\/10\/EL_Eliott-DK-Element_760x210_231002-01.png","width":760,"height":210,"caption":"Prisma Light Eliott"},{"@type":"BreadcrumbList","@id":"https:\/\/www.prismatibro.se\/en\/el-eliott\/#breadcrumb","itemListElement":[{"@type":"ListItem","position":1,"name":"Hem","item":"https:\/\/www.prismatibro.se\/en\/"},{"@type":"ListItem","position":2,"name":"Prisma Light Eliott"}]},{"@type":"WebSite","@id":"https:\/\/www.prismatibro.se\/en\/#website","url":"https:\/\/www.prismatibro.se\/en\/","name":"PrismaTibro Sweden","description":"Pedestrian Signal, \u00d6verg\u00e5ngssignal, D\u00f6rr\u00f6ppnare, Deflection Indikator, LED gatubelysning","publisher":{"@id":"https:\/\/www.prismatibro.se\/en\/#organization"},"potentialAction":[{"@type":"SearchAction","target":{"@type":"EntryPoint","urlTemplate":"https:\/\/www.prismatibro.se\/en\/?s={search_term_string}"},"query-input":{"@type":"PropertyValueSpecification","valueRequired":true,"valueName":"search_term_string"}}],"inLanguage":"en-US"},{"@type":"Organization","@id":"https:\/\/www.prismatibro.se\/en\/#organization","name":"PrismaTibro","url":"https:\/\/www.prismatibro.se\/en\/","logo":{"@type":"ImageObject","inLanguage":"en-US","@id":"https:\/\/www.prismatibro.se\/en\/#\/schema\/logo\/image\/","url":"https:\/\/www.prismatibro.se\/wp-content\/uploads\/2017\/08\/PrismaTibro_logo_207x52_170807-01@2x.png","contentUrl":"https:\/\/www.prismatibro.se\/wp-content\/uploads\/2017\/08\/PrismaTibro_logo_207x52_170807-01@2x.png","width":414,"height":104,"caption":"PrismaTibro"},"image":{"@id":"https:\/\/www.prismatibro.se\/en\/#\/schema\/logo\/image\/"},"sameAs":["https:\/\/www.linkedin.com\/company\/prismatibro"]}]}},"_links":{"self":[{"href":"https:\/\/www.prismatibro.se\/en\/wp-json\/wp\/v2\/pages\/15370","targetHints":{"allow":["GET"]}}],"collection":[{"href":"https:\/\/www.prismatibro.se\/en\/wp-json\/wp\/v2\/pages"}],"about":[{"href":"https:\/\/www.prismatibro.se\/en\/wp-json\/wp\/v2\/types\/page"}],"author":[{"embeddable":true,"href":"https:\/\/www.prismatibro.se\/en\/wp-json\/wp\/v2\/users\/18"}],"replies":[{"embeddable":true,"href":"https:\/\/www.prismatibro.se\/en\/wp-json\/wp\/v2\/comments?post=15370"}],"version-history":[{"count":34,"href":"https:\/\/www.prismatibro.se\/en\/wp-json\/wp\/v2\/pages\/15370\/revisions"}],"predecessor-version":[{"id":61937,"href":"https:\/\/www.prismatibro.se\/en\/wp-json\/wp\/v2\/pages\/15370\/revisions\/61937"}],"wp:featuredmedia":[{"embeddable":true,"href":"https:\/\/www.prismatibro.se\/en\/wp-json\/wp\/v2\/media\/55974"}],"wp:attachment":[{"href":"https:\/\/www.prismatibro.se\/en\/wp-json\/wp\/v2\/media?parent=15370"}],"curies":[{"name":"wp","href":"https:\/\/api.w.org\/{rel}","templated":true}]}}