{"id":13377,"date":"2017-02-02T08:15:33","date_gmt":"2017-02-02T08:15:33","guid":{"rendered":"http:\/\/www.prismatibro.se\/en\/?page_id=13377"},"modified":"2023-06-13T14:13:54","modified_gmt":"2023-06-13T12:13:54","slug":"tibro-swedens-furniture-city","status":"publish","type":"page","link":"https:\/\/www.prismatibro.se\/en\/tibro-swedens-furniture-city\/","title":{"rendered":"Tibro &#8211; Swedens furniture city"},"content":{"rendered":"<div class=\"fusion-fullwidth fullwidth-box fusion-builder-row-1 fusion-flex-container nonhundred-percent-fullwidth non-hundred-percent-height-scrolling\" style=\"--awb-border-radius-top-left:0px;--awb-border-radius-top-right:0px;--awb-border-radius-bottom-right:0px;--awb-border-radius-bottom-left:0px;--awb-flex-wrap:wrap;\" ><div class=\"fusion-builder-row fusion-row fusion-flex-align-items-flex-start fusion-flex-content-wrap\" style=\"max-width:1996.8px;margin-left: calc(-4% \/ 2 );margin-right: calc(-4% \/ 2 );\"><div class=\"fusion-layout-column fusion_builder_column fusion-builder-column-0 fusion_builder_column_1_1 1_1 fusion-flex-column\" style=\"--awb-bg-size:cover;--awb-width-large:100%;--awb-margin-top-large:0px;--awb-spacing-right-large:1.92%;--awb-margin-bottom-large:0px;--awb-spacing-left-large:1.92%;--awb-width-medium:100%;--awb-spacing-right-medium:1.92%;--awb-spacing-left-medium:1.92%;--awb-width-small:100%;--awb-spacing-right-small:1.92%;--awb-spacing-left-small:1.92%;\"><div class=\"fusion-column-wrapper fusion-flex-justify-content-flex-start fusion-content-layout-column\"><div class=\"fusion-text fusion-text-1\"><h1>Tibro \u2013 Sweden&#8217;s furniture city<\/h1>\n<p>The majority of people have already heard about kitchens from Tibro.<br \/>\nMany are unaware of the fact they might have furniture from Tibro in their livingroom, bedroom, entrance hall or storage room (!).<\/p>\n<p>Tibro has a long history of forestry and furniture craftsmanship industry.<br \/>\nThe roots of today&#8217;s furniture \u2013 decor industry were established back in the 19th century, when the farmers and crafters started to create simple furniture to make it through the day. \u00a0Wood and tree management has been an important part of Tibro back in the day and today, it lives on in new shapes. Often bold shapes.<\/p>\n<h2>Sports<\/h2>\n<p>A great amount of known athletes hail from Tibro:<br \/>\ntennis players, ice skaters, enduro world champions&#8230;<\/p>\n<h3>Well being<\/h3>\n<p>It is easy to live well here. The life is calmer.<br \/>\nThere is space for life: working life, family life, freetime, sports, culture&#8230; and more.<\/p>\n<h3>Tibro\u00a0delivers<\/h3>\n<p>PrismaTibro is one example of a company in Tibro. The company reaches far outside the city&#8217;s borders with its&#8217; products and services. All cities have been small before they got bigger.<\/p>\n<\/div><\/div><\/div><\/div><\/div>\n","protected":false},"excerpt":{"rendered":"<p>Tibro &#8211; Swedens furniture city. The majority of people have already heard there are kitchens from Tibro.Many does not have a clue&#8230;<\/p>\n","protected":false},"author":18,"featured_media":50136,"parent":0,"menu_order":0,"comment_status":"open","ping_status":"open","template":"","meta":{"footnotes":""},"class_list":["post-13377","page","type-page","status-publish","has-post-thumbnail","hentry"],"yoast_head":"<!-- This site is optimized with the Yoast SEO plugin v27.4 - https:\/\/yoast.com\/product\/yoast-seo-wordpress\/ -->\n<title>Tibro - Swedens furniture city | PrismaTibro<\/title>\n<meta name=\"description\" content=\"Tibro - Swedens furniture city. The majority of people have already heard there are kitchens from Tibro.Many does not have a clue...\" \/>\n<meta name=\"robots\" content=\"index, follow, max-snippet:-1, max-image-preview:large, max-video-preview:-1\" \/>\n<link rel=\"canonical\" href=\"https:\/\/www.prismatibro.se\/en\/tibro-swedens-furniture-city\/\" \/>\n<meta property=\"og:locale\" content=\"en_US\" \/>\n<meta property=\"og:type\" content=\"article\" \/>\n<meta property=\"og:title\" content=\"Tibro - Swedens furniture city | PrismaTibro\" \/>\n<meta property=\"og:description\" content=\"Tibro - Swedens furniture city. The majority of people have already heard there are kitchens from Tibro.Many does not have a clue...\" \/>\n<meta property=\"og:url\" content=\"https:\/\/www.prismatibro.se\/en\/tibro-swedens-furniture-city\/\" \/>\n<meta property=\"og:site_name\" content=\"PrismaTibro\" \/>\n<meta property=\"article:modified_time\" content=\"2023-06-13T12:13:54+00:00\" \/>\n<meta property=\"og:image\" content=\"https:\/\/www.prismatibro.se\/wp-content\/uploads\/2023\/02\/PT-Sveriges-mobelcentrum-EN_800x504_230207-01.jpg\" \/>\n\t<meta property=\"og:image:width\" content=\"800\" \/>\n\t<meta property=\"og:image:height\" content=\"504\" \/>\n\t<meta property=\"og:image:type\" content=\"image\/jpeg\" \/>\n<meta name=\"twitter:card\" content=\"summary_large_image\" \/>\n<meta name=\"twitter:label1\" content=\"Est. reading time\" \/>\n\t<meta name=\"twitter:data1\" content=\"2 minutes\" \/>\n<script type=\"application\/ld+json\" class=\"yoast-schema-graph\">{\"@context\":\"https:\\\/\\\/schema.org\",\"@graph\":[{\"@type\":\"WebPage\",\"@id\":\"https:\\\/\\\/www.prismatibro.se\\\/en\\\/tibro-swedens-furniture-city\\\/\",\"url\":\"https:\\\/\\\/www.prismatibro.se\\\/en\\\/tibro-swedens-furniture-city\\\/\",\"name\":\"Tibro - Swedens furniture city | PrismaTibro\",\"isPartOf\":{\"@id\":\"https:\\\/\\\/www.prismatibro.se\\\/en\\\/#website\"},\"primaryImageOfPage\":{\"@id\":\"https:\\\/\\\/www.prismatibro.se\\\/en\\\/tibro-swedens-furniture-city\\\/#primaryimage\"},\"image\":{\"@id\":\"https:\\\/\\\/www.prismatibro.se\\\/en\\\/tibro-swedens-furniture-city\\\/#primaryimage\"},\"thumbnailUrl\":\"https:\\\/\\\/www.prismatibro.se\\\/wp-content\\\/uploads\\\/2023\\\/02\\\/PT-Sveriges-mobelcentrum-EN_800x504_230207-01.jpg\",\"datePublished\":\"2017-02-02T08:15:33+00:00\",\"dateModified\":\"2023-06-13T12:13:54+00:00\",\"description\":\"Tibro - Swedens furniture city. The majority of people have already heard there are kitchens from Tibro.Many does not have a clue...\",\"breadcrumb\":{\"@id\":\"https:\\\/\\\/www.prismatibro.se\\\/en\\\/tibro-swedens-furniture-city\\\/#breadcrumb\"},\"inLanguage\":\"en-US\",\"potentialAction\":[{\"@type\":\"ReadAction\",\"target\":[\"https:\\\/\\\/www.prismatibro.se\\\/en\\\/tibro-swedens-furniture-city\\\/\"]}]},{\"@type\":\"ImageObject\",\"inLanguage\":\"en-US\",\"@id\":\"https:\\\/\\\/www.prismatibro.se\\\/en\\\/tibro-swedens-furniture-city\\\/#primaryimage\",\"url\":\"https:\\\/\\\/www.prismatibro.se\\\/wp-content\\\/uploads\\\/2023\\\/02\\\/PT-Sveriges-mobelcentrum-EN_800x504_230207-01.jpg\",\"contentUrl\":\"https:\\\/\\\/www.prismatibro.se\\\/wp-content\\\/uploads\\\/2023\\\/02\\\/PT-Sveriges-mobelcentrum-EN_800x504_230207-01.jpg\",\"width\":800,\"height\":504,\"caption\":\"Swedens furniture city\"},{\"@type\":\"BreadcrumbList\",\"@id\":\"https:\\\/\\\/www.prismatibro.se\\\/en\\\/tibro-swedens-furniture-city\\\/#breadcrumb\",\"itemListElement\":[{\"@type\":\"ListItem\",\"position\":1,\"name\":\"Hem\",\"item\":\"https:\\\/\\\/www.prismatibro.se\\\/en\\\/\"},{\"@type\":\"ListItem\",\"position\":2,\"name\":\"Tibro &#8211; Swedens furniture city\"}]},{\"@type\":\"WebSite\",\"@id\":\"https:\\\/\\\/www.prismatibro.se\\\/en\\\/#website\",\"url\":\"https:\\\/\\\/www.prismatibro.se\\\/en\\\/\",\"name\":\"PrismaTibro Sweden\",\"description\":\"Pedestrian Signal, \u00d6verg\u00e5ngssignal, D\u00f6rr\u00f6ppnare, Deflection Indikator, LED gatubelysning\",\"publisher\":{\"@id\":\"https:\\\/\\\/www.prismatibro.se\\\/en\\\/#organization\"},\"potentialAction\":[{\"@type\":\"SearchAction\",\"target\":{\"@type\":\"EntryPoint\",\"urlTemplate\":\"https:\\\/\\\/www.prismatibro.se\\\/en\\\/?s={search_term_string}\"},\"query-input\":{\"@type\":\"PropertyValueSpecification\",\"valueRequired\":true,\"valueName\":\"search_term_string\"}}],\"inLanguage\":\"en-US\"},{\"@type\":\"Organization\",\"@id\":\"https:\\\/\\\/www.prismatibro.se\\\/en\\\/#organization\",\"name\":\"PrismaTibro\",\"url\":\"https:\\\/\\\/www.prismatibro.se\\\/en\\\/\",\"logo\":{\"@type\":\"ImageObject\",\"inLanguage\":\"en-US\",\"@id\":\"https:\\\/\\\/www.prismatibro.se\\\/en\\\/#\\\/schema\\\/logo\\\/image\\\/\",\"url\":\"https:\\\/\\\/www.prismatibro.se\\\/wp-content\\\/uploads\\\/2017\\\/08\\\/PrismaTibro_logo_207x52_170807-01@2x.png\",\"contentUrl\":\"https:\\\/\\\/www.prismatibro.se\\\/wp-content\\\/uploads\\\/2017\\\/08\\\/PrismaTibro_logo_207x52_170807-01@2x.png\",\"width\":414,\"height\":104,\"caption\":\"PrismaTibro\"},\"image\":{\"@id\":\"https:\\\/\\\/www.prismatibro.se\\\/en\\\/#\\\/schema\\\/logo\\\/image\\\/\"},\"sameAs\":[\"https:\\\/\\\/www.linkedin.com\\\/company\\\/prismatibro\"]}]}<\/script>\n<!-- \/ Yoast SEO plugin. -->","yoast_head_json":{"title":"Tibro - Swedens furniture city | PrismaTibro","description":"Tibro - Swedens furniture city. The majority of people have already heard there are kitchens from Tibro.Many does not have a clue...","robots":{"index":"index","follow":"follow","max-snippet":"max-snippet:-1","max-image-preview":"max-image-preview:large","max-video-preview":"max-video-preview:-1"},"canonical":"https:\/\/www.prismatibro.se\/en\/tibro-swedens-furniture-city\/","og_locale":"en_US","og_type":"article","og_title":"Tibro - Swedens furniture city | PrismaTibro","og_description":"Tibro - Swedens furniture city. The majority of people have already heard there are kitchens from Tibro.Many does not have a clue...","og_url":"https:\/\/www.prismatibro.se\/en\/tibro-swedens-furniture-city\/","og_site_name":"PrismaTibro","article_modified_time":"2023-06-13T12:13:54+00:00","og_image":[{"width":800,"height":504,"url":"https:\/\/www.prismatibro.se\/wp-content\/uploads\/2023\/02\/PT-Sveriges-mobelcentrum-EN_800x504_230207-01.jpg","type":"image\/jpeg"}],"twitter_card":"summary_large_image","twitter_misc":{"Est. reading time":"2 minutes"},"schema":{"@context":"https:\/\/schema.org","@graph":[{"@type":"WebPage","@id":"https:\/\/www.prismatibro.se\/en\/tibro-swedens-furniture-city\/","url":"https:\/\/www.prismatibro.se\/en\/tibro-swedens-furniture-city\/","name":"Tibro - Swedens furniture city | PrismaTibro","isPartOf":{"@id":"https:\/\/www.prismatibro.se\/en\/#website"},"primaryImageOfPage":{"@id":"https:\/\/www.prismatibro.se\/en\/tibro-swedens-furniture-city\/#primaryimage"},"image":{"@id":"https:\/\/www.prismatibro.se\/en\/tibro-swedens-furniture-city\/#primaryimage"},"thumbnailUrl":"https:\/\/www.prismatibro.se\/wp-content\/uploads\/2023\/02\/PT-Sveriges-mobelcentrum-EN_800x504_230207-01.jpg","datePublished":"2017-02-02T08:15:33+00:00","dateModified":"2023-06-13T12:13:54+00:00","description":"Tibro - Swedens furniture city. The majority of people have already heard there are kitchens from Tibro.Many does not have a clue...","breadcrumb":{"@id":"https:\/\/www.prismatibro.se\/en\/tibro-swedens-furniture-city\/#breadcrumb"},"inLanguage":"en-US","potentialAction":[{"@type":"ReadAction","target":["https:\/\/www.prismatibro.se\/en\/tibro-swedens-furniture-city\/"]}]},{"@type":"ImageObject","inLanguage":"en-US","@id":"https:\/\/www.prismatibro.se\/en\/tibro-swedens-furniture-city\/#primaryimage","url":"https:\/\/www.prismatibro.se\/wp-content\/uploads\/2023\/02\/PT-Sveriges-mobelcentrum-EN_800x504_230207-01.jpg","contentUrl":"https:\/\/www.prismatibro.se\/wp-content\/uploads\/2023\/02\/PT-Sveriges-mobelcentrum-EN_800x504_230207-01.jpg","width":800,"height":504,"caption":"Swedens furniture city"},{"@type":"BreadcrumbList","@id":"https:\/\/www.prismatibro.se\/en\/tibro-swedens-furniture-city\/#breadcrumb","itemListElement":[{"@type":"ListItem","position":1,"name":"Hem","item":"https:\/\/www.prismatibro.se\/en\/"},{"@type":"ListItem","position":2,"name":"Tibro &#8211; Swedens furniture city"}]},{"@type":"WebSite","@id":"https:\/\/www.prismatibro.se\/en\/#website","url":"https:\/\/www.prismatibro.se\/en\/","name":"PrismaTibro Sweden","description":"Pedestrian Signal, \u00d6verg\u00e5ngssignal, D\u00f6rr\u00f6ppnare, Deflection Indikator, LED gatubelysning","publisher":{"@id":"https:\/\/www.prismatibro.se\/en\/#organization"},"potentialAction":[{"@type":"SearchAction","target":{"@type":"EntryPoint","urlTemplate":"https:\/\/www.prismatibro.se\/en\/?s={search_term_string}"},"query-input":{"@type":"PropertyValueSpecification","valueRequired":true,"valueName":"search_term_string"}}],"inLanguage":"en-US"},{"@type":"Organization","@id":"https:\/\/www.prismatibro.se\/en\/#organization","name":"PrismaTibro","url":"https:\/\/www.prismatibro.se\/en\/","logo":{"@type":"ImageObject","inLanguage":"en-US","@id":"https:\/\/www.prismatibro.se\/en\/#\/schema\/logo\/image\/","url":"https:\/\/www.prismatibro.se\/wp-content\/uploads\/2017\/08\/PrismaTibro_logo_207x52_170807-01@2x.png","contentUrl":"https:\/\/www.prismatibro.se\/wp-content\/uploads\/2017\/08\/PrismaTibro_logo_207x52_170807-01@2x.png","width":414,"height":104,"caption":"PrismaTibro"},"image":{"@id":"https:\/\/www.prismatibro.se\/en\/#\/schema\/logo\/image\/"},"sameAs":["https:\/\/www.linkedin.com\/company\/prismatibro"]}]}},"_links":{"self":[{"href":"https:\/\/www.prismatibro.se\/en\/wp-json\/wp\/v2\/pages\/13377","targetHints":{"allow":["GET"]}}],"collection":[{"href":"https:\/\/www.prismatibro.se\/en\/wp-json\/wp\/v2\/pages"}],"about":[{"href":"https:\/\/www.prismatibro.se\/en\/wp-json\/wp\/v2\/types\/page"}],"author":[{"embeddable":true,"href":"https:\/\/www.prismatibro.se\/en\/wp-json\/wp\/v2\/users\/18"}],"replies":[{"embeddable":true,"href":"https:\/\/www.prismatibro.se\/en\/wp-json\/wp\/v2\/comments?post=13377"}],"version-history":[{"count":10,"href":"https:\/\/www.prismatibro.se\/en\/wp-json\/wp\/v2\/pages\/13377\/revisions"}],"predecessor-version":[{"id":54476,"href":"https:\/\/www.prismatibro.se\/en\/wp-json\/wp\/v2\/pages\/13377\/revisions\/54476"}],"wp:featuredmedia":[{"embeddable":true,"href":"https:\/\/www.prismatibro.se\/en\/wp-json\/wp\/v2\/media\/50136"}],"wp:attachment":[{"href":"https:\/\/www.prismatibro.se\/en\/wp-json\/wp\/v2\/media?parent=13377"}],"curies":[{"name":"wp","href":"https:\/\/api.w.org\/{rel}","templated":true}]}}