{"id":64623,"date":"2025-05-14T15:53:50","date_gmt":"2025-05-14T13:53:50","guid":{"rendered":"https:\/\/www.prismatibro.se\/?page_id=64623"},"modified":"2025-05-14T15:53:50","modified_gmt":"2025-05-14T13:53:50","slug":"cookies","status":"publish","type":"page","link":"https:\/\/www.prismatibro.se\/da\/cookies\/","title":{"rendered":"Cookies"},"content":{"rendered":"<div class=\"fusion-fullwidth fullwidth-box fusion-builder-row-1 fusion-flex-container has-pattern-background has-mask-background nonhundred-percent-fullwidth non-hundred-percent-height-scrolling\" style=\"--awb-border-radius-top-left:0px;--awb-border-radius-top-right:0px;--awb-border-radius-bottom-right:0px;--awb-border-radius-bottom-left:0px;--awb-flex-wrap:wrap;\" ><div class=\"fusion-builder-row fusion-row fusion-flex-align-items-flex-start fusion-flex-content-wrap\" style=\"max-width:1996.8px;margin-left: calc(-4% \/ 2 );margin-right: calc(-4% \/ 2 );\"><div class=\"fusion-layout-column fusion_builder_column fusion-builder-column-0 fusion_builder_column_1_2 1_2 fusion-flex-column\" style=\"--awb-bg-size:cover;--awb-width-large:50%;--awb-margin-top-large:0px;--awb-spacing-right-large:3.84%;--awb-margin-bottom-large:20px;--awb-spacing-left-large:3.84%;--awb-width-medium:100%;--awb-order-medium:0;--awb-spacing-right-medium:1.92%;--awb-spacing-left-medium:1.92%;--awb-width-small:100%;--awb-order-small:0;--awb-spacing-right-small:1.92%;--awb-spacing-left-small:1.92%;\"><div class=\"fusion-column-wrapper fusion-column-has-shadow fusion-flex-justify-content-flex-start fusion-content-layout-column\"><div class=\"fusion-text fusion-text-1\"><h1>Analysecookies<\/h1>\n<p>Vi bruger analysecookies til at hj\u00e6lpe os med at forst\u00e5, hvordan bes\u00f8gende bruger vores hjemmeside. Disse cookies indsamler anonym information, som g\u00f8r det muligt for os at spore antallet af bes\u00f8gende, hvordan de navigerer p\u00e5 siden, og hvilke sider der bliver bes\u00f8gt mest. Dette hj\u00e6lper os med at forbedre struktur, indhold og ydeevne p\u00e5 vores hjemmeside.<\/p>\n<h2>Google Analytics<\/h2>\n<p>Google Analytics er en webanalysetjeneste leveret af Google, Inc. Den bruger cookies til at indsamle data om, hvordan du bruger vores hjemmeside (s\u00e5som din IP-adresse, hvilke sider du bes\u00f8ger, og hvor l\u00e6nge du bliver p\u00e5 hver side). Disse data anonymiseres og bruges til at forbedre brugeroplevelsen ved at forst\u00e5 bes\u00f8gendes adf\u00e6rd. Form\u00e5l: Disse cookies g\u00f8r det muligt for os at analysere trafik og brugerinteraktioner for at optimere vores tjenester. Databevaring: Data indsamlet via Google Analytics gemmes i 26 m\u00e5neder, f\u00f8r de automatisk slettes.<\/p>\n<h3>Marketingcookies<\/h3>\n<p>Disse cookies bruges til at spore din aktivitet p\u00e5 tv\u00e6rs af forskellige websites og tjenester. Det hj\u00e6lper os og tredjepartsannonc\u00f8rer med at vise annoncer, der er mere relevante for dig, baseret p\u00e5 dine interesser og din browseradf\u00e6rd.<\/p>\n<h3>Meta Pixel<\/h3>\n<p><strong>Vi bruger ikke Meta Pixel p\u00e5 hele hjemmesiden \u2013 kun hvis du er kommet til os via en m\u00e5lrettet Meta-annonce.<\/strong><br \/>\nMeta Pixel er et v\u00e6rkt\u00f8j, der g\u00f8r det muligt for os at m\u00e5le effektiviteten af vores annoncer ved at spore brugerens handlinger p\u00e5 vores hjemmeside efter et klik p\u00e5 en annonce. Pixlen hj\u00e6lper os med at forst\u00e5, hvilke handlinger brugere foretager p\u00e5 siden (som f.eks. k\u00f8b eller udfyldelse af en formular) og optimere vores kampagner. Oplysningerne bruges til at vise relevante annoncer for dig p\u00e5 Facebook.<\/p>\n<h3>Google Ads &amp; Google Tag Manager<\/h3>\n<p>Disse cookies bruges til at spore din adf\u00e6rd p\u00e5 tv\u00e6rs af websites for at vise relevante annoncer baseret p\u00e5 din browserhistorik og interaktioner med vores hjemmeside. Google Ads giver os mulighed for at vise annoncer, der er tilpasset dine interesser og aktiviteter p\u00e5 nettet.<\/p>\n<\/div><\/div><\/div><div class=\"fusion-layout-column fusion_builder_column fusion-builder-column-1 fusion_builder_column_1_2 1_2 fusion-flex-column\" style=\"--awb-bg-size:cover;--awb-width-large:50%;--awb-margin-top-large:0px;--awb-spacing-right-large:3.84%;--awb-margin-bottom-large:20px;--awb-spacing-left-large:3.84%;--awb-width-medium:100%;--awb-order-medium:0;--awb-spacing-right-medium:1.92%;--awb-spacing-left-medium:1.92%;--awb-width-small:100%;--awb-order-small:0;--awb-spacing-right-small:1.92%;--awb-spacing-left-small:1.92%;\"><div class=\"fusion-column-wrapper fusion-column-has-shadow fusion-flex-justify-content-flex-start fusion-content-layout-column\"><div class=\"fusion-text fusion-text-2\"><h3>Andre tredjeparts tracking-pixels<\/h3>\n<p>Ud over Meta Pixel og Google Ads kan vi bruge andre tredjeparts marketingv\u00e6rkt\u00f8jer (s\u00e5som LinkedIn Insights eller andre) til at vise annoncer og m\u00e5le kampagneeffektivitet p\u00e5 forskellige platforme.<br \/>\n<strong>Form\u00e5l<\/strong><br \/>\nDisse cookies bruges til m\u00e5lrettet annoncering, retargeting og m\u00e5ling af kampagneperformance. De g\u00f8r det muligt for os at vise annoncer, som sandsynligvis vil interessere dig, og hj\u00e6lper os med at m\u00e5le succesen af vores annoncer.<br \/>\n<strong>Databevaring<\/strong><br \/>\nOpbevaringsperioden for marketingdata afh\u00e6nger af den platform, der bruges, men varierer typisk mellem 30 og 180 dage.<br \/>\nBrugere af vores hjemmeside kan frav\u00e6lge Googles brug af cookies til annoncering baseret p\u00e5 tidligere bes\u00f8g ved at g\u00e5 til Googles side for fravalg af annoncering.<br \/>\n<strong><a href=\"https:\/\/policies.google.com\/technologies\/ads?hl=da\">&gt;&gt;&gt; Side til fravalg af Google-annoncering<\/a><\/strong><br \/>\nAlternativt, hvis du \u00f8nsker at frav\u00e6lge tredjepartsudbyderes brug af cookies til interessebaseret annoncering \u2013 bes\u00f8g<br \/>\n<a href=\"https:\/\/optout.networkadvertising.org\/?c=1\"><strong>&gt;&gt;&gt; Network Advertising Initiative\u2019s fravalgs-side (engelsk)<\/strong><\/a><\/p>\n<\/div><\/div><\/div><\/div><\/div>\n","protected":false},"excerpt":{"rendered":"","protected":false},"author":18,"featured_media":0,"parent":0,"menu_order":0,"comment_status":"closed","ping_status":"closed","template":"","meta":{"footnotes":""},"class_list":["post-64623","page","type-page","status-publish","hentry"],"yoast_head":"<!-- This site is optimized with the Yoast SEO plugin v27.4 - https:\/\/yoast.com\/product\/yoast-seo-wordpress\/ -->\n<title>Cookies | PrismaTibro<\/title>\n<meta name=\"robots\" content=\"index, follow, max-snippet:-1, max-image-preview:large, max-video-preview:-1\" \/>\n<link rel=\"canonical\" href=\"https:\/\/www.prismatibro.se\/da\/cookies\/\" \/>\n<meta property=\"og:locale\" content=\"da_DK\" \/>\n<meta property=\"og:type\" content=\"article\" \/>\n<meta property=\"og:title\" content=\"Cookies | PrismaTibro\" \/>\n<meta property=\"og:url\" content=\"https:\/\/www.prismatibro.se\/da\/cookies\/\" \/>\n<meta property=\"og:site_name\" content=\"PrismaTibro\" \/>\n<meta name=\"twitter:card\" content=\"summary_large_image\" \/>\n<meta name=\"twitter:label1\" content=\"Estimeret l\u00e6setid\" \/>\n\t<meta name=\"twitter:data1\" content=\"3 minutter\" \/>\n<script type=\"application\/ld+json\" class=\"yoast-schema-graph\">{\"@context\":\"https:\\\/\\\/schema.org\",\"@graph\":[{\"@type\":\"WebPage\",\"@id\":\"https:\\\/\\\/www.prismatibro.se\\\/da\\\/cookies\\\/\",\"url\":\"https:\\\/\\\/www.prismatibro.se\\\/da\\\/cookies\\\/\",\"name\":\"Cookies | PrismaTibro\",\"isPartOf\":{\"@id\":\"https:\\\/\\\/www.prismatibro.se\\\/da\\\/#website\"},\"datePublished\":\"2025-05-14T13:53:50+00:00\",\"breadcrumb\":{\"@id\":\"https:\\\/\\\/www.prismatibro.se\\\/da\\\/cookies\\\/#breadcrumb\"},\"inLanguage\":\"da-DK\",\"potentialAction\":[{\"@type\":\"ReadAction\",\"target\":[\"https:\\\/\\\/www.prismatibro.se\\\/da\\\/cookies\\\/\"]}]},{\"@type\":\"BreadcrumbList\",\"@id\":\"https:\\\/\\\/www.prismatibro.se\\\/da\\\/cookies\\\/#breadcrumb\",\"itemListElement\":[{\"@type\":\"ListItem\",\"position\":1,\"name\":\"Hem\",\"item\":\"https:\\\/\\\/www.prismatibro.se\\\/da\\\/\"},{\"@type\":\"ListItem\",\"position\":2,\"name\":\"Cookies\"}]},{\"@type\":\"WebSite\",\"@id\":\"https:\\\/\\\/www.prismatibro.se\\\/da\\\/#website\",\"url\":\"https:\\\/\\\/www.prismatibro.se\\\/da\\\/\",\"name\":\"PrismaTibro Sweden\",\"description\":\"Pedestrian Signal, \u00d6verg\u00e5ngssignal, D\u00f6rr\u00f6ppnare, Deflection Indikator, LED gatubelysning\",\"publisher\":{\"@id\":\"https:\\\/\\\/www.prismatibro.se\\\/da\\\/#organization\"},\"potentialAction\":[{\"@type\":\"SearchAction\",\"target\":{\"@type\":\"EntryPoint\",\"urlTemplate\":\"https:\\\/\\\/www.prismatibro.se\\\/da\\\/?s={search_term_string}\"},\"query-input\":{\"@type\":\"PropertyValueSpecification\",\"valueRequired\":true,\"valueName\":\"search_term_string\"}}],\"inLanguage\":\"da-DK\"},{\"@type\":\"Organization\",\"@id\":\"https:\\\/\\\/www.prismatibro.se\\\/da\\\/#organization\",\"name\":\"PrismaTibro\",\"url\":\"https:\\\/\\\/www.prismatibro.se\\\/da\\\/\",\"logo\":{\"@type\":\"ImageObject\",\"inLanguage\":\"da-DK\",\"@id\":\"https:\\\/\\\/www.prismatibro.se\\\/da\\\/#\\\/schema\\\/logo\\\/image\\\/\",\"url\":\"https:\\\/\\\/www.prismatibro.se\\\/wp-content\\\/uploads\\\/2017\\\/08\\\/PrismaTibro_logo_207x52_170807-01@2x.png\",\"contentUrl\":\"https:\\\/\\\/www.prismatibro.se\\\/wp-content\\\/uploads\\\/2017\\\/08\\\/PrismaTibro_logo_207x52_170807-01@2x.png\",\"width\":414,\"height\":104,\"caption\":\"PrismaTibro\"},\"image\":{\"@id\":\"https:\\\/\\\/www.prismatibro.se\\\/da\\\/#\\\/schema\\\/logo\\\/image\\\/\"},\"sameAs\":[\"https:\\\/\\\/www.linkedin.com\\\/company\\\/prismatibro\"]}]}<\/script>\n<!-- \/ Yoast SEO plugin. -->","yoast_head_json":{"title":"Cookies | PrismaTibro","robots":{"index":"index","follow":"follow","max-snippet":"max-snippet:-1","max-image-preview":"max-image-preview:large","max-video-preview":"max-video-preview:-1"},"canonical":"https:\/\/www.prismatibro.se\/da\/cookies\/","og_locale":"da_DK","og_type":"article","og_title":"Cookies | PrismaTibro","og_url":"https:\/\/www.prismatibro.se\/da\/cookies\/","og_site_name":"PrismaTibro","twitter_card":"summary_large_image","twitter_misc":{"Estimeret l\u00e6setid":"3 minutter"},"schema":{"@context":"https:\/\/schema.org","@graph":[{"@type":"WebPage","@id":"https:\/\/www.prismatibro.se\/da\/cookies\/","url":"https:\/\/www.prismatibro.se\/da\/cookies\/","name":"Cookies | PrismaTibro","isPartOf":{"@id":"https:\/\/www.prismatibro.se\/da\/#website"},"datePublished":"2025-05-14T13:53:50+00:00","breadcrumb":{"@id":"https:\/\/www.prismatibro.se\/da\/cookies\/#breadcrumb"},"inLanguage":"da-DK","potentialAction":[{"@type":"ReadAction","target":["https:\/\/www.prismatibro.se\/da\/cookies\/"]}]},{"@type":"BreadcrumbList","@id":"https:\/\/www.prismatibro.se\/da\/cookies\/#breadcrumb","itemListElement":[{"@type":"ListItem","position":1,"name":"Hem","item":"https:\/\/www.prismatibro.se\/da\/"},{"@type":"ListItem","position":2,"name":"Cookies"}]},{"@type":"WebSite","@id":"https:\/\/www.prismatibro.se\/da\/#website","url":"https:\/\/www.prismatibro.se\/da\/","name":"PrismaTibro Sweden","description":"Pedestrian Signal, \u00d6verg\u00e5ngssignal, D\u00f6rr\u00f6ppnare, Deflection Indikator, LED gatubelysning","publisher":{"@id":"https:\/\/www.prismatibro.se\/da\/#organization"},"potentialAction":[{"@type":"SearchAction","target":{"@type":"EntryPoint","urlTemplate":"https:\/\/www.prismatibro.se\/da\/?s={search_term_string}"},"query-input":{"@type":"PropertyValueSpecification","valueRequired":true,"valueName":"search_term_string"}}],"inLanguage":"da-DK"},{"@type":"Organization","@id":"https:\/\/www.prismatibro.se\/da\/#organization","name":"PrismaTibro","url":"https:\/\/www.prismatibro.se\/da\/","logo":{"@type":"ImageObject","inLanguage":"da-DK","@id":"https:\/\/www.prismatibro.se\/da\/#\/schema\/logo\/image\/","url":"https:\/\/www.prismatibro.se\/wp-content\/uploads\/2017\/08\/PrismaTibro_logo_207x52_170807-01@2x.png","contentUrl":"https:\/\/www.prismatibro.se\/wp-content\/uploads\/2017\/08\/PrismaTibro_logo_207x52_170807-01@2x.png","width":414,"height":104,"caption":"PrismaTibro"},"image":{"@id":"https:\/\/www.prismatibro.se\/da\/#\/schema\/logo\/image\/"},"sameAs":["https:\/\/www.linkedin.com\/company\/prismatibro"]}]}},"_links":{"self":[{"href":"https:\/\/www.prismatibro.se\/da\/wp-json\/wp\/v2\/pages\/64623","targetHints":{"allow":["GET"]}}],"collection":[{"href":"https:\/\/www.prismatibro.se\/da\/wp-json\/wp\/v2\/pages"}],"about":[{"href":"https:\/\/www.prismatibro.se\/da\/wp-json\/wp\/v2\/types\/page"}],"author":[{"embeddable":true,"href":"https:\/\/www.prismatibro.se\/da\/wp-json\/wp\/v2\/users\/18"}],"replies":[{"embeddable":true,"href":"https:\/\/www.prismatibro.se\/da\/wp-json\/wp\/v2\/comments?post=64623"}],"version-history":[{"count":4,"href":"https:\/\/www.prismatibro.se\/da\/wp-json\/wp\/v2\/pages\/64623\/revisions"}],"predecessor-version":[{"id":64630,"href":"https:\/\/www.prismatibro.se\/da\/wp-json\/wp\/v2\/pages\/64623\/revisions\/64630"}],"wp:attachment":[{"href":"https:\/\/www.prismatibro.se\/da\/wp-json\/wp\/v2\/media?parent=64623"}],"curies":[{"name":"wp","href":"https:\/\/api.w.org\/{rel}","templated":true}]}}