{"id":52965,"date":"2023-03-30T10:37:30","date_gmt":"2023-03-30T08:37:30","guid":{"rendered":"https:\/\/www.prismatibro.se\/?page_id=52965"},"modified":"2025-02-07T15:41:48","modified_gmt":"2025-02-07T14:41:48","slug":"prisma-di-produkter-der-er-utgaatt","status":"publish","type":"page","link":"https:\/\/www.prismatibro.se\/da\/prisma-di-produkter-der-er-utgaatt\/","title":{"rendered":"Prisma DI: Produkter der er utg\u00e5tt"},"content":{"rendered":"<div class=\"fusion-fullwidth fullwidth-box fusion-builder-row-1 fusion-flex-container has-pattern-background has-mask-background nonhundred-percent-fullwidth non-hundred-percent-height-scrolling\" style=\"--awb-border-radius-top-left:0px;--awb-border-radius-top-right:0px;--awb-border-radius-bottom-right:0px;--awb-border-radius-bottom-left:0px;--awb-flex-wrap:wrap;\" ><div class=\"fusion-builder-row fusion-row fusion-flex-align-items-flex-start fusion-flex-content-wrap\" style=\"max-width:1996.8px;margin-left: calc(-4% \/ 2 );margin-right: calc(-4% \/ 2 );\"><div class=\"fusion-layout-column fusion_builder_column fusion-builder-column-0 fusion_builder_column_1_1 1_1 fusion-flex-column\" style=\"--awb-bg-size:cover;--awb-width-large:100%;--awb-margin-top-large:0px;--awb-spacing-right-large:1.92%;--awb-margin-bottom-large:20px;--awb-spacing-left-large:1.92%;--awb-width-medium:100%;--awb-order-medium:0;--awb-spacing-right-medium:1.92%;--awb-spacing-left-medium:1.92%;--awb-width-small:100%;--awb-order-small:0;--awb-spacing-right-small:1.92%;--awb-spacing-left-small:1.92%;\"><div class=\"fusion-column-wrapper fusion-column-has-shadow fusion-flex-justify-content-flex-start fusion-content-layout-column\"><div class=\"fusion-text fusion-text-1\"><h1>Prisma DI: Produkter der er udg\u00e5et<\/h1>\n<ul>\n<li><strong>Prisma DI-4C<\/strong><br \/>\nErstattes af <a href=\"https:\/\/www.prismatibro.se\/da\/produkter-prisma-di-5c\/\"><strong>Prisma DI-5C<\/strong><\/a>.<\/li>\n<li><strong>Prisma DI-4<\/strong><br \/>\nErstattes af <a href=\"https:\/\/www.prismatibro.se\/da\/prisma-di-5\/\"><strong>Prisma DI-5<\/strong><\/a>.<\/li>\n<li><strong>RO-3<\/strong><br \/>\nErstattes af <a href=\"https:\/\/www.prismatibro.se\/da\/produkter-prisma-di-5c\/\"><strong>Prisma DI-5C<\/strong><\/a>, <a href=\"https:\/\/www.prismatibro.se\/da\/prisma-di-5\/\"><strong>Prisma DI-5<\/strong><\/a>.<\/li>\n<li><strong>Bohman DEC tester<\/strong><br \/>\nS\u00e6lges ikke l\u00e6ngere &#8211; vi tilbyder ingen erstatning.<\/li>\n<\/ul>\n<h2>Kalibrering og service<\/h2>\n<p>Vi anbefaler at <a href=\"https:\/\/www.prismatibro.se\/da\/prisma-di-rma\/\"><strong>kalibrere m\u00e5leinstrumentet<\/strong><\/a> for krumning af krumtapakslen en gang hvert tredje \u00e5r for at opretholde en god funktion. Kalibrering og service tilbydes stadigv\u00e6k for Prisma DI-4C og Prisma DI-4. Desv\u00e6rre er det ikke muligt at kalibrere eller servicere den \u00e6ldre model RO-3. I de f\u00e5 tilf\u00e6lde det eftersp\u00f8rges, anbefaler vi i stedet at investere i et nyt m\u00e5leinstrument.<\/p>\n<h3>Andre produkter<\/h3>\n<p>Vi f\u00e5r nogle gange sp\u00f8rgsm\u00e5let om vi tilbyder Pneumatic Actuators. Svaret p\u00e5 dette sp\u00f8rgsm\u00e5l er nej &#8211; disse s\u00e6lges af en anden producent.\u00a0Dog tilbyder vi udover Prisma DI-5C og Prisma DI-5 ogs\u00e5 Prisma DI Ovality Kit &#8211; et m\u00e5leinstrument til at m\u00e5le ovalitet og slid i cylinderforinger p\u00e5 skibsmotorer.<\/p>\n<h3>Kontakt<\/h3>\n<p><a href=\"https:\/\/www.prismatibro.se\/da\/kontakt-med-personalen-paa-prismatibro\/?PrismaTibroSelect=.danmark?PrismaTibroSelect=.saelger-prisma-di?PrismaTibroSelect=.saelger-prisma-di\"><strong>Kontakt os<\/strong>, hvis du har sp\u00f8rgsm\u00e5l eller overvejelser, s\u00e5 finder vi en god l\u00f8sning sammen!<\/a><\/p>\n<\/div><\/div><\/div><\/div><\/div>\n","protected":false},"excerpt":{"rendered":"<p>Vi s\u00e6lger ikke l\u00e6ngere Prisma DI-4C, Prisma DI-4, RO-3 eller Bohman DEC testere. I dag tilbyder vi Prisma DI-5C, Prisma DI-5 og Prisma DI Ovality Kit. Vi tilbyder kalibrering og service til&#8230;<\/p>\n","protected":false},"author":19,"featured_media":52224,"parent":0,"menu_order":0,"comment_status":"closed","ping_status":"closed","template":"","meta":{"footnotes":""},"class_list":["post-52965","page","type-page","status-publish","has-post-thumbnail","hentry"],"yoast_head":"<!-- This site is optimized with the Yoast SEO plugin v27.4 - https:\/\/yoast.com\/product\/yoast-seo-wordpress\/ -->\n<title>Prisma DI: Produkter der er utg\u00e5tt | PrismaTibro<\/title>\n<meta name=\"description\" content=\"Prisma DI: Produkter der er utg\u00e5tt. Vi s\u00e6lger ikke l\u00e6ngere Prisma DI-4C, Prisma DI-4, RO-3 eller Bohman DEC testere. I dag tilbyder vi...\" \/>\n<meta name=\"robots\" content=\"index, follow, max-snippet:-1, max-image-preview:large, max-video-preview:-1\" \/>\n<link rel=\"canonical\" href=\"https:\/\/www.prismatibro.se\/da\/prisma-di-produkter-der-er-utgaatt\/\" \/>\n<meta property=\"og:locale\" content=\"da_DK\" \/>\n<meta property=\"og:type\" content=\"article\" \/>\n<meta property=\"og:title\" content=\"Prisma DI: Produkter der er utg\u00e5tt | PrismaTibro\" \/>\n<meta property=\"og:description\" content=\"Prisma DI: Produkter der er utg\u00e5tt. Vi s\u00e6lger ikke l\u00e6ngere Prisma DI-4C, Prisma DI-4, RO-3 eller Bohman DEC testere. I dag tilbyder vi...\" \/>\n<meta property=\"og:url\" content=\"https:\/\/www.prismatibro.se\/da\/prisma-di-produkter-der-er-utgaatt\/\" \/>\n<meta property=\"og:site_name\" content=\"PrismaTibro\" \/>\n<meta property=\"article:modified_time\" content=\"2025-02-07T14:41:48+00:00\" \/>\n<meta property=\"og:image\" content=\"https:\/\/www.prismatibro.se\/wp-content\/uploads\/2023\/03\/DI_Vilken-ersatter-vilken_800x504_230307-01.jpg\" \/>\n\t<meta property=\"og:image:width\" content=\"800\" \/>\n\t<meta property=\"og:image:height\" content=\"504\" \/>\n\t<meta property=\"og:image:type\" content=\"image\/jpeg\" \/>\n<meta name=\"twitter:card\" content=\"summary_large_image\" \/>\n<meta name=\"twitter:label1\" content=\"Estimeret l\u00e6setid\" \/>\n\t<meta name=\"twitter:data1\" content=\"2 minutter\" \/>\n<script type=\"application\/ld+json\" class=\"yoast-schema-graph\">{\"@context\":\"https:\\\/\\\/schema.org\",\"@graph\":[{\"@type\":\"WebPage\",\"@id\":\"https:\\\/\\\/www.prismatibro.se\\\/da\\\/prisma-di-produkter-der-er-utgaatt\\\/\",\"url\":\"https:\\\/\\\/www.prismatibro.se\\\/da\\\/prisma-di-produkter-der-er-utgaatt\\\/\",\"name\":\"Prisma DI: Produkter der er utg\u00e5tt | PrismaTibro\",\"isPartOf\":{\"@id\":\"https:\\\/\\\/www.prismatibro.se\\\/da\\\/#website\"},\"primaryImageOfPage\":{\"@id\":\"https:\\\/\\\/www.prismatibro.se\\\/da\\\/prisma-di-produkter-der-er-utgaatt\\\/#primaryimage\"},\"image\":{\"@id\":\"https:\\\/\\\/www.prismatibro.se\\\/da\\\/prisma-di-produkter-der-er-utgaatt\\\/#primaryimage\"},\"thumbnailUrl\":\"https:\\\/\\\/www.prismatibro.se\\\/wp-content\\\/uploads\\\/2023\\\/03\\\/DI_Vilken-ersatter-vilken_800x504_230307-01.jpg\",\"datePublished\":\"2023-03-30T08:37:30+00:00\",\"dateModified\":\"2025-02-07T14:41:48+00:00\",\"description\":\"Prisma DI: Produkter der er utg\u00e5tt. Vi s\u00e6lger ikke l\u00e6ngere Prisma DI-4C, Prisma DI-4, RO-3 eller Bohman DEC testere. I dag tilbyder vi...\",\"breadcrumb\":{\"@id\":\"https:\\\/\\\/www.prismatibro.se\\\/da\\\/prisma-di-produkter-der-er-utgaatt\\\/#breadcrumb\"},\"inLanguage\":\"da-DK\",\"potentialAction\":[{\"@type\":\"ReadAction\",\"target\":[\"https:\\\/\\\/www.prismatibro.se\\\/da\\\/prisma-di-produkter-der-er-utgaatt\\\/\"]}]},{\"@type\":\"ImageObject\",\"inLanguage\":\"da-DK\",\"@id\":\"https:\\\/\\\/www.prismatibro.se\\\/da\\\/prisma-di-produkter-der-er-utgaatt\\\/#primaryimage\",\"url\":\"https:\\\/\\\/www.prismatibro.se\\\/wp-content\\\/uploads\\\/2023\\\/03\\\/DI_Vilken-ersatter-vilken_800x504_230307-01.jpg\",\"contentUrl\":\"https:\\\/\\\/www.prismatibro.se\\\/wp-content\\\/uploads\\\/2023\\\/03\\\/DI_Vilken-ersatter-vilken_800x504_230307-01.jpg\",\"width\":800,\"height\":504,\"caption\":\"Prisma DI Obsolete\"},{\"@type\":\"BreadcrumbList\",\"@id\":\"https:\\\/\\\/www.prismatibro.se\\\/da\\\/prisma-di-produkter-der-er-utgaatt\\\/#breadcrumb\",\"itemListElement\":[{\"@type\":\"ListItem\",\"position\":1,\"name\":\"Hem\",\"item\":\"https:\\\/\\\/www.prismatibro.se\\\/da\\\/\"},{\"@type\":\"ListItem\",\"position\":2,\"name\":\"Prisma DI: Produkter der er utg\u00e5tt\"}]},{\"@type\":\"WebSite\",\"@id\":\"https:\\\/\\\/www.prismatibro.se\\\/da\\\/#website\",\"url\":\"https:\\\/\\\/www.prismatibro.se\\\/da\\\/\",\"name\":\"PrismaTibro Sweden\",\"description\":\"Pedestrian Signal, \u00d6verg\u00e5ngssignal, D\u00f6rr\u00f6ppnare, Deflection Indikator, LED gatubelysning\",\"publisher\":{\"@id\":\"https:\\\/\\\/www.prismatibro.se\\\/da\\\/#organization\"},\"potentialAction\":[{\"@type\":\"SearchAction\",\"target\":{\"@type\":\"EntryPoint\",\"urlTemplate\":\"https:\\\/\\\/www.prismatibro.se\\\/da\\\/?s={search_term_string}\"},\"query-input\":{\"@type\":\"PropertyValueSpecification\",\"valueRequired\":true,\"valueName\":\"search_term_string\"}}],\"inLanguage\":\"da-DK\"},{\"@type\":\"Organization\",\"@id\":\"https:\\\/\\\/www.prismatibro.se\\\/da\\\/#organization\",\"name\":\"PrismaTibro\",\"url\":\"https:\\\/\\\/www.prismatibro.se\\\/da\\\/\",\"logo\":{\"@type\":\"ImageObject\",\"inLanguage\":\"da-DK\",\"@id\":\"https:\\\/\\\/www.prismatibro.se\\\/da\\\/#\\\/schema\\\/logo\\\/image\\\/\",\"url\":\"https:\\\/\\\/www.prismatibro.se\\\/wp-content\\\/uploads\\\/2017\\\/08\\\/PrismaTibro_logo_207x52_170807-01@2x.png\",\"contentUrl\":\"https:\\\/\\\/www.prismatibro.se\\\/wp-content\\\/uploads\\\/2017\\\/08\\\/PrismaTibro_logo_207x52_170807-01@2x.png\",\"width\":414,\"height\":104,\"caption\":\"PrismaTibro\"},\"image\":{\"@id\":\"https:\\\/\\\/www.prismatibro.se\\\/da\\\/#\\\/schema\\\/logo\\\/image\\\/\"},\"sameAs\":[\"https:\\\/\\\/www.linkedin.com\\\/company\\\/prismatibro\"]}]}<\/script>\n<!-- \/ Yoast SEO plugin. -->","yoast_head_json":{"title":"Prisma DI: Produkter der er utg\u00e5tt | PrismaTibro","description":"Prisma DI: Produkter der er utg\u00e5tt. Vi s\u00e6lger ikke l\u00e6ngere Prisma DI-4C, Prisma DI-4, RO-3 eller Bohman DEC testere. I dag tilbyder vi...","robots":{"index":"index","follow":"follow","max-snippet":"max-snippet:-1","max-image-preview":"max-image-preview:large","max-video-preview":"max-video-preview:-1"},"canonical":"https:\/\/www.prismatibro.se\/da\/prisma-di-produkter-der-er-utgaatt\/","og_locale":"da_DK","og_type":"article","og_title":"Prisma DI: Produkter der er utg\u00e5tt | PrismaTibro","og_description":"Prisma DI: Produkter der er utg\u00e5tt. Vi s\u00e6lger ikke l\u00e6ngere Prisma DI-4C, Prisma DI-4, RO-3 eller Bohman DEC testere. I dag tilbyder vi...","og_url":"https:\/\/www.prismatibro.se\/da\/prisma-di-produkter-der-er-utgaatt\/","og_site_name":"PrismaTibro","article_modified_time":"2025-02-07T14:41:48+00:00","og_image":[{"width":800,"height":504,"url":"https:\/\/www.prismatibro.se\/wp-content\/uploads\/2023\/03\/DI_Vilken-ersatter-vilken_800x504_230307-01.jpg","type":"image\/jpeg"}],"twitter_card":"summary_large_image","twitter_misc":{"Estimeret l\u00e6setid":"2 minutter"},"schema":{"@context":"https:\/\/schema.org","@graph":[{"@type":"WebPage","@id":"https:\/\/www.prismatibro.se\/da\/prisma-di-produkter-der-er-utgaatt\/","url":"https:\/\/www.prismatibro.se\/da\/prisma-di-produkter-der-er-utgaatt\/","name":"Prisma DI: Produkter der er utg\u00e5tt | PrismaTibro","isPartOf":{"@id":"https:\/\/www.prismatibro.se\/da\/#website"},"primaryImageOfPage":{"@id":"https:\/\/www.prismatibro.se\/da\/prisma-di-produkter-der-er-utgaatt\/#primaryimage"},"image":{"@id":"https:\/\/www.prismatibro.se\/da\/prisma-di-produkter-der-er-utgaatt\/#primaryimage"},"thumbnailUrl":"https:\/\/www.prismatibro.se\/wp-content\/uploads\/2023\/03\/DI_Vilken-ersatter-vilken_800x504_230307-01.jpg","datePublished":"2023-03-30T08:37:30+00:00","dateModified":"2025-02-07T14:41:48+00:00","description":"Prisma DI: Produkter der er utg\u00e5tt. Vi s\u00e6lger ikke l\u00e6ngere Prisma DI-4C, Prisma DI-4, RO-3 eller Bohman DEC testere. I dag tilbyder vi...","breadcrumb":{"@id":"https:\/\/www.prismatibro.se\/da\/prisma-di-produkter-der-er-utgaatt\/#breadcrumb"},"inLanguage":"da-DK","potentialAction":[{"@type":"ReadAction","target":["https:\/\/www.prismatibro.se\/da\/prisma-di-produkter-der-er-utgaatt\/"]}]},{"@type":"ImageObject","inLanguage":"da-DK","@id":"https:\/\/www.prismatibro.se\/da\/prisma-di-produkter-der-er-utgaatt\/#primaryimage","url":"https:\/\/www.prismatibro.se\/wp-content\/uploads\/2023\/03\/DI_Vilken-ersatter-vilken_800x504_230307-01.jpg","contentUrl":"https:\/\/www.prismatibro.se\/wp-content\/uploads\/2023\/03\/DI_Vilken-ersatter-vilken_800x504_230307-01.jpg","width":800,"height":504,"caption":"Prisma DI Obsolete"},{"@type":"BreadcrumbList","@id":"https:\/\/www.prismatibro.se\/da\/prisma-di-produkter-der-er-utgaatt\/#breadcrumb","itemListElement":[{"@type":"ListItem","position":1,"name":"Hem","item":"https:\/\/www.prismatibro.se\/da\/"},{"@type":"ListItem","position":2,"name":"Prisma DI: Produkter der er utg\u00e5tt"}]},{"@type":"WebSite","@id":"https:\/\/www.prismatibro.se\/da\/#website","url":"https:\/\/www.prismatibro.se\/da\/","name":"PrismaTibro Sweden","description":"Pedestrian Signal, \u00d6verg\u00e5ngssignal, D\u00f6rr\u00f6ppnare, Deflection Indikator, LED gatubelysning","publisher":{"@id":"https:\/\/www.prismatibro.se\/da\/#organization"},"potentialAction":[{"@type":"SearchAction","target":{"@type":"EntryPoint","urlTemplate":"https:\/\/www.prismatibro.se\/da\/?s={search_term_string}"},"query-input":{"@type":"PropertyValueSpecification","valueRequired":true,"valueName":"search_term_string"}}],"inLanguage":"da-DK"},{"@type":"Organization","@id":"https:\/\/www.prismatibro.se\/da\/#organization","name":"PrismaTibro","url":"https:\/\/www.prismatibro.se\/da\/","logo":{"@type":"ImageObject","inLanguage":"da-DK","@id":"https:\/\/www.prismatibro.se\/da\/#\/schema\/logo\/image\/","url":"https:\/\/www.prismatibro.se\/wp-content\/uploads\/2017\/08\/PrismaTibro_logo_207x52_170807-01@2x.png","contentUrl":"https:\/\/www.prismatibro.se\/wp-content\/uploads\/2017\/08\/PrismaTibro_logo_207x52_170807-01@2x.png","width":414,"height":104,"caption":"PrismaTibro"},"image":{"@id":"https:\/\/www.prismatibro.se\/da\/#\/schema\/logo\/image\/"},"sameAs":["https:\/\/www.linkedin.com\/company\/prismatibro"]}]}},"_links":{"self":[{"href":"https:\/\/www.prismatibro.se\/da\/wp-json\/wp\/v2\/pages\/52965","targetHints":{"allow":["GET"]}}],"collection":[{"href":"https:\/\/www.prismatibro.se\/da\/wp-json\/wp\/v2\/pages"}],"about":[{"href":"https:\/\/www.prismatibro.se\/da\/wp-json\/wp\/v2\/types\/page"}],"author":[{"embeddable":true,"href":"https:\/\/www.prismatibro.se\/da\/wp-json\/wp\/v2\/users\/19"}],"replies":[{"embeddable":true,"href":"https:\/\/www.prismatibro.se\/da\/wp-json\/wp\/v2\/comments?post=52965"}],"version-history":[{"count":4,"href":"https:\/\/www.prismatibro.se\/da\/wp-json\/wp\/v2\/pages\/52965\/revisions"}],"predecessor-version":[{"id":52971,"href":"https:\/\/www.prismatibro.se\/da\/wp-json\/wp\/v2\/pages\/52965\/revisions\/52971"}],"wp:featuredmedia":[{"embeddable":true,"href":"https:\/\/www.prismatibro.se\/da\/wp-json\/wp\/v2\/media\/52224"}],"wp:attachment":[{"href":"https:\/\/www.prismatibro.se\/da\/wp-json\/wp\/v2\/media?parent=52965"}],"curies":[{"name":"wp","href":"https:\/\/api.w.org\/{rel}","templated":true}]}}