{"id":45246,"date":"2022-11-25T13:04:32","date_gmt":"2022-11-25T12:04:32","guid":{"rendered":"https:\/\/www.prismatibro.se\/prisma-di-ovality-kit-tilbehoer-til-instrumentet\/"},"modified":"2024-05-28T08:45:54","modified_gmt":"2024-05-28T06:45:54","slug":"prisma-di-ovality-kit-tilbehoer-til-instrumentet","status":"publish","type":"page","link":"https:\/\/www.prismatibro.se\/da\/prisma-di-ovality-kit-tilbehoer-til-instrumentet\/","title":{"rendered":"Prisma DI Ovality Kit tilbeh\u00f8r til instrumentet"},"content":{"rendered":"<div class=\"fusion-fullwidth fullwidth-box fusion-builder-row-1 fusion-flex-container nonhundred-percent-fullwidth non-hundred-percent-height-scrolling\" style=\"--awb-border-radius-top-left:0px;--awb-border-radius-top-right:0px;--awb-border-radius-bottom-right:0px;--awb-border-radius-bottom-left:0px;--awb-flex-wrap:wrap;\" ><div class=\"fusion-builder-row fusion-row fusion-flex-align-items-flex-start fusion-flex-content-wrap\" style=\"max-width:1996.8px;margin-left: calc(-4% \/ 2 );margin-right: calc(-4% \/ 2 );\"><div class=\"fusion-layout-column fusion_builder_column fusion-builder-column-0 fusion_builder_column_3_4 3_4 fusion-flex-column\" style=\"--awb-bg-size:cover;--awb-width-large:75%;--awb-margin-top-large:0px;--awb-spacing-right-large:3.84%;--awb-margin-bottom-large:0px;--awb-spacing-left-large:2.56%;--awb-width-medium:100%;--awb-spacing-right-medium:1.92%;--awb-spacing-left-medium:1.92%;--awb-width-small:100%;--awb-spacing-right-small:1.92%;--awb-spacing-left-small:1.92%;\"><div class=\"fusion-column-wrapper fusion-flex-justify-content-flex-start fusion-content-layout-column\"><div class=\"fusion-text fusion-text-1\"><h1>Prisma DI Ovality Kit<\/h1>\n<p>Prisma Ovality Kit er et tilbeh\u00f8r til DI-5 og er prim\u00e6rt beregnet til at m\u00e5le ovalitet og slid i cylinderforinger p\u00e5 marinemotorer med cylinderdiameter fra 180-600 mm og slagl\u00e6ngde op til 870 mm.<\/p>\n<p>Med den 89 mm sensor, der f\u00f8lger med Prisma DI-5C og Prisma DI-4C, m\u00e5ler Prisma DI Ovality Kit forskelle ned til 1\/1000 mm.<\/p>\n<p>Prisma DI-5C med tilh\u00f8rende software g\u00f8r det muligt at overf\u00f8re m\u00e5linger til videre bearbejdning i en Windows-computer og desuden eksportere m\u00e5lev\u00e6rdierne til Excel.<\/p>\n<p><strong>OBS!<\/strong><\/p>\n<p>Prisma Ovality Kit kr\u00e6ver den st\u00f8rre transducer \u2013 derfor er Prisma DI Ovality Kit ikke kompatibel med Prisma DI-5S og Prisma DI-5CS, som har 60 mm transducere.<\/p>\n<\/div><div ><a class=\"fusion-button button-flat button-small button-custom fusion-button-default button-1 fusion-button-span-yes \" style=\"--button_accent_color:#ffffff;--button_accent_hover_color:#ffffff;--button_border_hover_color:#ffffff;--button_gradient_top_color:#273482;--button_gradient_bottom_color:#273482;--button_gradient_top_color_hover:#273482;--button_gradient_bottom_color_hover:#273482;\" target=\"_self\" href=\"https:\/\/www.prismatibro.se\/da\/prisma-di-tilbudsforesporgsel\/\"><span class=\"fusion-button-text awb-button__text awb-button__text--default\">Tilbud<\/span><\/a><\/div><div ><a class=\"fusion-button button-flat button-small button-custom fusion-button-default button-2 fusion-button-span-yes \" style=\"--button_accent_color:#ffffff;--button_accent_hover_color:#ffffff;--button_border_hover_color:#ffffff;--button_gradient_top_color:#273482;--button_gradient_bottom_color:#273482;--button_gradient_top_color_hover:#273482;--button_gradient_bottom_color_hover:#273482;\" target=\"_self\" href=\"https:\/\/www.prismatibro.se\/dl-di\/\"><span class=\"fusion-button-text awb-button__text awb-button__text--default\">Dokument<\/span><\/a><\/div><div ><a class=\"fusion-button button-flat button-small button-custom fusion-button-default button-3 fusion-button-span-yes \" style=\"--button_accent_color:#ffffff;--button_accent_hover_color:#ffffff;--button_border_hover_color:#ffffff;--button_gradient_top_color:#000000;--button_gradient_bottom_color:#000000;--button_gradient_top_color_hover:#000000;--button_gradient_bottom_color_hover:#000000;\" target=\"_self\" href=\"https:\/\/www.prismatibro.se\/da\/kontakt-med-personalen-paa-prismatibro\/?PrismaTibroSelect=.saelger-prisma-di\"><span class=\"fusion-button-text awb-button__text awb-button__text--default\">Kontakt s\u00e6lger<\/span><\/a><\/div><div class=\"fusion-text fusion-text-2\"><h3>Egenskaber Generelt<\/h3>\n<\/div><div class=\"accordian fusion-accordian\" style=\"--awb-border-size:1px;--awb-icon-size:13px;--awb-content-font-size:16px;--awb-icon-alignment:left;--awb-hover-color:#f9f9f9;--awb-border-color:#cccccc;--awb-background-color:#ffffff;--awb-divider-color:#e0dede;--awb-divider-hover-color:#e0dede;--awb-icon-color:#ffffff;--awb-title-color:#333333;--awb-content-color:#000000;--awb-icon-box-color:#273482;--awb-toggle-hover-accent-color:#273482;--awb-title-font-family:&quot;ABeeZee&quot;;--awb-title-font-weight:400;--awb-title-font-style:normal;--awb-title-font-size:16px;--awb-content-font-family:&quot;ABeeZee&quot;;--awb-content-font-style:normal;--awb-content-font-weight:400;\"><div class=\"panel-group fusion-toggle-icon-boxed\" id=\"accordion-45246-1\"><div class=\"fusion-panel panel-default panel-8ca5a8c66ad2af389 fusion-toggle-no-divider\" style=\"--awb-title-color:#333333;--awb-content-color:#000000;\"><div class=\"panel-heading\"><h4 class=\"panel-title toggle\" id=\"toggle_8ca5a8c66ad2af389\"><a aria-expanded=\"false\" aria-controls=\"8ca5a8c66ad2af389\" role=\"button\" data-toggle=\"collapse\" data-parent=\"#accordion-45246-1\" data-target=\"#8ca5a8c66ad2af389\" href=\"#8ca5a8c66ad2af389\"><span class=\"fusion-toggle-icon-wrapper\" aria-hidden=\"true\"><i class=\"fa-fusion-box active-icon awb-icon-minus\" aria-hidden=\"true\"><\/i><i class=\"fa-fusion-box inactive-icon awb-icon-plus\" aria-hidden=\"true\"><\/i><\/span><span class=\"fusion-toggle-heading\">Tekniske specifikationer<\/span><\/a><\/h4><\/div><div id=\"8ca5a8c66ad2af389\" class=\"panel-collapse collapse \" aria-labelledby=\"toggle_8ca5a8c66ad2af389\"><div class=\"panel-body toggle-content fusion-clearfix\">\n<ul>\n<li><strong>M\u00e5leafstand cylinderforing<\/strong><br \/>\n180-600 mm<\/li>\n<li><strong>Cylinder slagl\u00e6ngde<\/strong><br \/>\n870 mm<\/li>\n<li><strong>Kompabilitet<\/strong><br \/>\nPrisma Ovality Kit er kompatibel med Prisma DI-5C som har 89 mm f\u00f8ler.<br \/>\n<strong>OBS!<\/strong> Prisma Ovality Kit kan ikke kombineres med Prisma DI-5CS small 60 mm f\u00f8ler.<\/li>\n<\/ul>\n<\/div><\/div><\/div><div class=\"fusion-panel panel-default panel-ac7157534f98e6adc fusion-toggle-no-divider\" style=\"--awb-title-color:#333333;--awb-content-color:#000000;\"><div class=\"panel-heading\"><h4 class=\"panel-title toggle\" id=\"toggle_ac7157534f98e6adc\"><a aria-expanded=\"false\" aria-controls=\"ac7157534f98e6adc\" role=\"button\" data-toggle=\"collapse\" data-parent=\"#accordion-45246-1\" data-target=\"#ac7157534f98e6adc\" href=\"#ac7157534f98e6adc\"><span class=\"fusion-toggle-icon-wrapper\" aria-hidden=\"true\"><i class=\"fa-fusion-box active-icon awb-icon-minus\" aria-hidden=\"true\"><\/i><i class=\"fa-fusion-box inactive-icon awb-icon-plus\" aria-hidden=\"true\"><\/i><\/span><span class=\"fusion-toggle-heading\">Dimensioner &amp; amp; v\u00e6gt<\/span><\/a><\/h4><\/div><div id=\"ac7157534f98e6adc\" class=\"panel-collapse collapse \" aria-labelledby=\"toggle_ac7157534f98e6adc\"><div class=\"panel-body toggle-content fusion-clearfix\">\n<ul>\n<li><strong>Taske<\/strong><br \/>\n500 x 425 x 170 mm<\/li>\n<li><strong>V\u00e6gt<\/strong><br \/>\n5.4 kg<\/li>\n<\/ul>\n<\/div><\/div><\/div><\/div><\/div><\/div><\/div><div class=\"fusion-layout-column fusion_builder_column fusion-builder-column-1 fusion_builder_column_1_4 1_4 fusion-flex-column\" style=\"--awb-bg-size:cover;--awb-width-large:25%;--awb-margin-top-large:0px;--awb-spacing-right-large:7.68%;--awb-margin-bottom-large:0px;--awb-spacing-left-large:3.84%;--awb-width-medium:100%;--awb-spacing-right-medium:1.92%;--awb-spacing-left-medium:1.92%;--awb-width-small:100%;--awb-spacing-right-small:1.92%;--awb-spacing-left-small:1.92%;\"><div class=\"fusion-column-wrapper fusion-flex-justify-content-flex-start fusion-content-layout-column\"><div class=\"fusion-text fusion-text-3\"><h3><img decoding=\"async\" class=\"lazyload size-full wp-image-4805 alignnone\" src=\"data:image\/svg+xml,%3Csvg%20xmlns%3D%27http%3A%2F%2Fwww.w3.org%2F2000%2Fsvg%27%20width%3D%27200%27%20height%3D%27271%27%20viewBox%3D%270%200%20200%20271%27%3E%3Crect%20width%3D%27200%27%20height%3D%27271%27%20fill-opacity%3D%220%22%2F%3E%3C%2Fsvg%3E\" data-orig-src=\"https:\/\/www.prismatibro.se\/wp-content\/uploads\/2014\/02\/Prisma-Tibro_Sweden_Ovality-Kit_200x400_140204-01-e1401285075219.png\" alt=\"Prisma Tibro, Sweden DI Ovality-Kit\" width=\"200\" height=\"271\" \/><\/h3>\n<p><strong>Klik p\u00e5 billedet nedenfor<\/strong>\u00a0for at se st\u00f8rre billede.<\/p>\n<p><a href=\"https:\/\/www.prismatibro.se\/wp-content\/uploads\/2014\/02\/Prisma_Tibro_PC-software_1024x634_Prisma_DI_Ovality_140225.jpg\" rel=\"prettyPhoto\"><img decoding=\"async\" class=\"lazyload alignnone wp-image-5232\" src=\"https:\/\/www.prismatibro.se\/wp-content\/uploads\/2014\/02\/Prisma_Tibro_PC-software_1024x634_Prisma_DI_Ovality_140225.jpg\" data-orig-src=\"https:\/\/www.prismatibro.se\/wp-content\/uploads\/2014\/02\/Prisma_Tibro_PC-software_1024x634_Prisma_DI_Ovality_140225.jpg\" alt=\"Prisma Tibro, Sweden Prisma Ovality Kit\" width=\"468\" height=\"290\" srcset=\"data:image\/svg+xml,%3Csvg%20xmlns%3D%27http%3A%2F%2Fwww.w3.org%2F2000%2Fsvg%27%20width%3D%27468%27%20height%3D%27290%27%20viewBox%3D%270%200%20468%20290%27%3E%3Crect%20width%3D%27468%27%20height%3D%27290%27%20fill-opacity%3D%220%22%2F%3E%3C%2Fsvg%3E\" data-srcset=\"https:\/\/www.prismatibro.se\/wp-content\/uploads\/2014\/02\/Prisma_Tibro_PC-software_1024x634_Prisma_DI_Ovality_140225-300x185.jpg 300w, https:\/\/www.prismatibro.se\/wp-content\/uploads\/2014\/02\/Prisma_Tibro_PC-software_1024x634_Prisma_DI_Ovality_140225.jpg 1024w\" data-sizes=\"auto\" data-orig-sizes=\"(max-width: 468px) 100vw, 468px\" \/><\/a><\/p>\n<\/div><\/div><\/div><\/div><\/div>\n","protected":false},"excerpt":{"rendered":"","protected":false},"author":18,"featured_media":40297,"parent":0,"menu_order":0,"comment_status":"closed","ping_status":"open","template":"","meta":{"footnotes":""},"class_list":["post-45246","page","type-page","status-publish","has-post-thumbnail","hentry"],"yoast_head":"<!-- This site is optimized with the Yoast SEO plugin v27.4 - https:\/\/yoast.com\/product\/yoast-seo-wordpress\/ -->\n<title>Prisma DI Ovality Kit tilbeh\u00f8r til instrumentet<\/title>\n<meta name=\"description\" content=\"Prisma DI Ovality Kit tilbeh\u00f8r til instrumentet Prisma DI-5 som prim\u00e6rt er beregnet til at m\u00e5le ovalitet og slid i cylinderforinger.\" \/>\n<meta name=\"robots\" content=\"index, follow, max-snippet:-1, max-image-preview:large, max-video-preview:-1\" \/>\n<link rel=\"canonical\" href=\"https:\/\/www.prismatibro.se\/da\/prisma-di-ovality-kit-tilbehoer-til-instrumentet\/\" \/>\n<meta property=\"og:locale\" content=\"da_DK\" \/>\n<meta property=\"og:type\" content=\"article\" \/>\n<meta property=\"og:title\" content=\"Prisma DI Ovality Kit tilbeh\u00f8r til instrumentet\" \/>\n<meta property=\"og:description\" content=\"Prisma DI Ovality Kit tilbeh\u00f8r til instrumentet Prisma DI-5 som prim\u00e6rt er beregnet til at m\u00e5le ovalitet og slid i cylinderforinger.\" \/>\n<meta property=\"og:url\" content=\"https:\/\/www.prismatibro.se\/da\/prisma-di-ovality-kit-tilbehoer-til-instrumentet\/\" \/>\n<meta property=\"og:site_name\" content=\"PrismaTibro\" \/>\n<meta property=\"article:modified_time\" content=\"2024-05-28T06:45:54+00:00\" \/>\n<meta property=\"og:image\" content=\"https:\/\/www.prismatibro.se\/wp-content\/uploads\/2022\/09\/Prisma-DI-Ovality-Kit_488-8100_800x504_220920-01.jpg\" \/>\n\t<meta property=\"og:image:width\" content=\"800\" \/>\n\t<meta property=\"og:image:height\" content=\"504\" \/>\n\t<meta property=\"og:image:type\" content=\"image\/jpeg\" \/>\n<meta name=\"twitter:card\" content=\"summary_large_image\" \/>\n<meta name=\"twitter:label1\" content=\"Estimeret l\u00e6setid\" \/>\n\t<meta name=\"twitter:data1\" content=\"2 minutter\" \/>\n<script type=\"application\/ld+json\" class=\"yoast-schema-graph\">{\"@context\":\"https:\\\/\\\/schema.org\",\"@graph\":[{\"@type\":\"WebPage\",\"@id\":\"https:\\\/\\\/www.prismatibro.se\\\/da\\\/prisma-di-ovality-kit-tilbehoer-til-instrumentet\\\/\",\"url\":\"https:\\\/\\\/www.prismatibro.se\\\/da\\\/prisma-di-ovality-kit-tilbehoer-til-instrumentet\\\/\",\"name\":\"Prisma DI Ovality Kit tilbeh\u00f8r til instrumentet\",\"isPartOf\":{\"@id\":\"https:\\\/\\\/www.prismatibro.se\\\/da\\\/#website\"},\"primaryImageOfPage\":{\"@id\":\"https:\\\/\\\/www.prismatibro.se\\\/da\\\/prisma-di-ovality-kit-tilbehoer-til-instrumentet\\\/#primaryimage\"},\"image\":{\"@id\":\"https:\\\/\\\/www.prismatibro.se\\\/da\\\/prisma-di-ovality-kit-tilbehoer-til-instrumentet\\\/#primaryimage\"},\"thumbnailUrl\":\"https:\\\/\\\/www.prismatibro.se\\\/wp-content\\\/uploads\\\/2022\\\/09\\\/Prisma-DI-Ovality-Kit_488-8100_800x504_220920-01.jpg\",\"datePublished\":\"2022-11-25T12:04:32+00:00\",\"dateModified\":\"2024-05-28T06:45:54+00:00\",\"description\":\"Prisma DI Ovality Kit tilbeh\u00f8r til instrumentet Prisma DI-5 som prim\u00e6rt er beregnet til at m\u00e5le ovalitet og slid i cylinderforinger.\",\"breadcrumb\":{\"@id\":\"https:\\\/\\\/www.prismatibro.se\\\/da\\\/prisma-di-ovality-kit-tilbehoer-til-instrumentet\\\/#breadcrumb\"},\"inLanguage\":\"da-DK\",\"potentialAction\":[{\"@type\":\"ReadAction\",\"target\":[\"https:\\\/\\\/www.prismatibro.se\\\/da\\\/prisma-di-ovality-kit-tilbehoer-til-instrumentet\\\/\"]}]},{\"@type\":\"ImageObject\",\"inLanguage\":\"da-DK\",\"@id\":\"https:\\\/\\\/www.prismatibro.se\\\/da\\\/prisma-di-ovality-kit-tilbehoer-til-instrumentet\\\/#primaryimage\",\"url\":\"https:\\\/\\\/www.prismatibro.se\\\/wp-content\\\/uploads\\\/2022\\\/09\\\/Prisma-DI-Ovality-Kit_488-8100_800x504_220920-01.jpg\",\"contentUrl\":\"https:\\\/\\\/www.prismatibro.se\\\/wp-content\\\/uploads\\\/2022\\\/09\\\/Prisma-DI-Ovality-Kit_488-8100_800x504_220920-01.jpg\",\"width\":800,\"height\":504,\"caption\":\"Prisma DI Ovality Kit\"},{\"@type\":\"BreadcrumbList\",\"@id\":\"https:\\\/\\\/www.prismatibro.se\\\/da\\\/prisma-di-ovality-kit-tilbehoer-til-instrumentet\\\/#breadcrumb\",\"itemListElement\":[{\"@type\":\"ListItem\",\"position\":1,\"name\":\"Hem\",\"item\":\"https:\\\/\\\/www.prismatibro.se\\\/da\\\/\"},{\"@type\":\"ListItem\",\"position\":2,\"name\":\"Prisma DI Ovality Kit tilbeh\u00f8r til instrumentet\"}]},{\"@type\":\"WebSite\",\"@id\":\"https:\\\/\\\/www.prismatibro.se\\\/da\\\/#website\",\"url\":\"https:\\\/\\\/www.prismatibro.se\\\/da\\\/\",\"name\":\"PrismaTibro Sweden\",\"description\":\"Pedestrian Signal, \u00d6verg\u00e5ngssignal, D\u00f6rr\u00f6ppnare, Deflection Indikator, LED gatubelysning\",\"publisher\":{\"@id\":\"https:\\\/\\\/www.prismatibro.se\\\/da\\\/#organization\"},\"potentialAction\":[{\"@type\":\"SearchAction\",\"target\":{\"@type\":\"EntryPoint\",\"urlTemplate\":\"https:\\\/\\\/www.prismatibro.se\\\/da\\\/?s={search_term_string}\"},\"query-input\":{\"@type\":\"PropertyValueSpecification\",\"valueRequired\":true,\"valueName\":\"search_term_string\"}}],\"inLanguage\":\"da-DK\"},{\"@type\":\"Organization\",\"@id\":\"https:\\\/\\\/www.prismatibro.se\\\/da\\\/#organization\",\"name\":\"PrismaTibro\",\"url\":\"https:\\\/\\\/www.prismatibro.se\\\/da\\\/\",\"logo\":{\"@type\":\"ImageObject\",\"inLanguage\":\"da-DK\",\"@id\":\"https:\\\/\\\/www.prismatibro.se\\\/da\\\/#\\\/schema\\\/logo\\\/image\\\/\",\"url\":\"https:\\\/\\\/www.prismatibro.se\\\/wp-content\\\/uploads\\\/2017\\\/08\\\/PrismaTibro_logo_207x52_170807-01@2x.png\",\"contentUrl\":\"https:\\\/\\\/www.prismatibro.se\\\/wp-content\\\/uploads\\\/2017\\\/08\\\/PrismaTibro_logo_207x52_170807-01@2x.png\",\"width\":414,\"height\":104,\"caption\":\"PrismaTibro\"},\"image\":{\"@id\":\"https:\\\/\\\/www.prismatibro.se\\\/da\\\/#\\\/schema\\\/logo\\\/image\\\/\"},\"sameAs\":[\"https:\\\/\\\/www.linkedin.com\\\/company\\\/prismatibro\"]}]}<\/script>\n<!-- \/ Yoast SEO plugin. -->","yoast_head_json":{"title":"Prisma DI Ovality Kit tilbeh\u00f8r til instrumentet","description":"Prisma DI Ovality Kit tilbeh\u00f8r til instrumentet Prisma DI-5 som prim\u00e6rt er beregnet til at m\u00e5le ovalitet og slid i cylinderforinger.","robots":{"index":"index","follow":"follow","max-snippet":"max-snippet:-1","max-image-preview":"max-image-preview:large","max-video-preview":"max-video-preview:-1"},"canonical":"https:\/\/www.prismatibro.se\/da\/prisma-di-ovality-kit-tilbehoer-til-instrumentet\/","og_locale":"da_DK","og_type":"article","og_title":"Prisma DI Ovality Kit tilbeh\u00f8r til instrumentet","og_description":"Prisma DI Ovality Kit tilbeh\u00f8r til instrumentet Prisma DI-5 som prim\u00e6rt er beregnet til at m\u00e5le ovalitet og slid i cylinderforinger.","og_url":"https:\/\/www.prismatibro.se\/da\/prisma-di-ovality-kit-tilbehoer-til-instrumentet\/","og_site_name":"PrismaTibro","article_modified_time":"2024-05-28T06:45:54+00:00","og_image":[{"width":800,"height":504,"url":"https:\/\/www.prismatibro.se\/wp-content\/uploads\/2022\/09\/Prisma-DI-Ovality-Kit_488-8100_800x504_220920-01.jpg","type":"image\/jpeg"}],"twitter_card":"summary_large_image","twitter_misc":{"Estimeret l\u00e6setid":"2 minutter"},"schema":{"@context":"https:\/\/schema.org","@graph":[{"@type":"WebPage","@id":"https:\/\/www.prismatibro.se\/da\/prisma-di-ovality-kit-tilbehoer-til-instrumentet\/","url":"https:\/\/www.prismatibro.se\/da\/prisma-di-ovality-kit-tilbehoer-til-instrumentet\/","name":"Prisma DI Ovality Kit tilbeh\u00f8r til instrumentet","isPartOf":{"@id":"https:\/\/www.prismatibro.se\/da\/#website"},"primaryImageOfPage":{"@id":"https:\/\/www.prismatibro.se\/da\/prisma-di-ovality-kit-tilbehoer-til-instrumentet\/#primaryimage"},"image":{"@id":"https:\/\/www.prismatibro.se\/da\/prisma-di-ovality-kit-tilbehoer-til-instrumentet\/#primaryimage"},"thumbnailUrl":"https:\/\/www.prismatibro.se\/wp-content\/uploads\/2022\/09\/Prisma-DI-Ovality-Kit_488-8100_800x504_220920-01.jpg","datePublished":"2022-11-25T12:04:32+00:00","dateModified":"2024-05-28T06:45:54+00:00","description":"Prisma DI Ovality Kit tilbeh\u00f8r til instrumentet Prisma DI-5 som prim\u00e6rt er beregnet til at m\u00e5le ovalitet og slid i cylinderforinger.","breadcrumb":{"@id":"https:\/\/www.prismatibro.se\/da\/prisma-di-ovality-kit-tilbehoer-til-instrumentet\/#breadcrumb"},"inLanguage":"da-DK","potentialAction":[{"@type":"ReadAction","target":["https:\/\/www.prismatibro.se\/da\/prisma-di-ovality-kit-tilbehoer-til-instrumentet\/"]}]},{"@type":"ImageObject","inLanguage":"da-DK","@id":"https:\/\/www.prismatibro.se\/da\/prisma-di-ovality-kit-tilbehoer-til-instrumentet\/#primaryimage","url":"https:\/\/www.prismatibro.se\/wp-content\/uploads\/2022\/09\/Prisma-DI-Ovality-Kit_488-8100_800x504_220920-01.jpg","contentUrl":"https:\/\/www.prismatibro.se\/wp-content\/uploads\/2022\/09\/Prisma-DI-Ovality-Kit_488-8100_800x504_220920-01.jpg","width":800,"height":504,"caption":"Prisma DI Ovality Kit"},{"@type":"BreadcrumbList","@id":"https:\/\/www.prismatibro.se\/da\/prisma-di-ovality-kit-tilbehoer-til-instrumentet\/#breadcrumb","itemListElement":[{"@type":"ListItem","position":1,"name":"Hem","item":"https:\/\/www.prismatibro.se\/da\/"},{"@type":"ListItem","position":2,"name":"Prisma DI Ovality Kit tilbeh\u00f8r til instrumentet"}]},{"@type":"WebSite","@id":"https:\/\/www.prismatibro.se\/da\/#website","url":"https:\/\/www.prismatibro.se\/da\/","name":"PrismaTibro Sweden","description":"Pedestrian Signal, \u00d6verg\u00e5ngssignal, D\u00f6rr\u00f6ppnare, Deflection Indikator, LED gatubelysning","publisher":{"@id":"https:\/\/www.prismatibro.se\/da\/#organization"},"potentialAction":[{"@type":"SearchAction","target":{"@type":"EntryPoint","urlTemplate":"https:\/\/www.prismatibro.se\/da\/?s={search_term_string}"},"query-input":{"@type":"PropertyValueSpecification","valueRequired":true,"valueName":"search_term_string"}}],"inLanguage":"da-DK"},{"@type":"Organization","@id":"https:\/\/www.prismatibro.se\/da\/#organization","name":"PrismaTibro","url":"https:\/\/www.prismatibro.se\/da\/","logo":{"@type":"ImageObject","inLanguage":"da-DK","@id":"https:\/\/www.prismatibro.se\/da\/#\/schema\/logo\/image\/","url":"https:\/\/www.prismatibro.se\/wp-content\/uploads\/2017\/08\/PrismaTibro_logo_207x52_170807-01@2x.png","contentUrl":"https:\/\/www.prismatibro.se\/wp-content\/uploads\/2017\/08\/PrismaTibro_logo_207x52_170807-01@2x.png","width":414,"height":104,"caption":"PrismaTibro"},"image":{"@id":"https:\/\/www.prismatibro.se\/da\/#\/schema\/logo\/image\/"},"sameAs":["https:\/\/www.linkedin.com\/company\/prismatibro"]}]}},"_links":{"self":[{"href":"https:\/\/www.prismatibro.se\/da\/wp-json\/wp\/v2\/pages\/45246","targetHints":{"allow":["GET"]}}],"collection":[{"href":"https:\/\/www.prismatibro.se\/da\/wp-json\/wp\/v2\/pages"}],"about":[{"href":"https:\/\/www.prismatibro.se\/da\/wp-json\/wp\/v2\/types\/page"}],"author":[{"embeddable":true,"href":"https:\/\/www.prismatibro.se\/da\/wp-json\/wp\/v2\/users\/18"}],"replies":[{"embeddable":true,"href":"https:\/\/www.prismatibro.se\/da\/wp-json\/wp\/v2\/comments?post=45246"}],"version-history":[{"count":11,"href":"https:\/\/www.prismatibro.se\/da\/wp-json\/wp\/v2\/pages\/45246\/revisions"}],"predecessor-version":[{"id":61924,"href":"https:\/\/www.prismatibro.se\/da\/wp-json\/wp\/v2\/pages\/45246\/revisions\/61924"}],"wp:featuredmedia":[{"embeddable":true,"href":"https:\/\/www.prismatibro.se\/da\/wp-json\/wp\/v2\/media\/40297"}],"wp:attachment":[{"href":"https:\/\/www.prismatibro.se\/da\/wp-json\/wp\/v2\/media?parent=45246"}],"curies":[{"name":"wp","href":"https:\/\/api.w.org\/{rel}","templated":true}]}}