{"id":45235,"date":"2022-11-25T12:19:11","date_gmt":"2022-11-25T11:19:11","guid":{"rendered":"https:\/\/www.prismatibro.se\/produkter-prisma-di-5c\/"},"modified":"2024-05-28T08:45:42","modified_gmt":"2024-05-28T06:45:42","slug":"produkter-prisma-di-5c","status":"publish","type":"page","link":"https:\/\/www.prismatibro.se\/da\/produkter-prisma-di-5c\/","title":{"rendered":"Produkter Prisma DI-5C"},"content":{"rendered":"<div class=\"fusion-fullwidth fullwidth-box fusion-builder-row-1 fusion-flex-container hundred-percent-fullwidth non-hundred-percent-height-scrolling\" style=\"--awb-border-radius-top-left:0px;--awb-border-radius-top-right:0px;--awb-border-radius-bottom-right:0px;--awb-border-radius-bottom-left:0px;--awb-overflow:visible;--awb-flex-wrap:wrap;\" ><div class=\"fusion-builder-row fusion-row fusion-flex-align-items-flex-start fusion-flex-content-wrap\" style=\"width:104% !important;max-width:104% !important;margin-left: calc(-4% \/ 2 );margin-right: calc(-4% \/ 2 );\"><div class=\"fusion-layout-column fusion_builder_column fusion-builder-column-0 fusion_builder_column_1_3 1_3 fusion-flex-column\" style=\"--awb-bg-size:cover;--awb-width-large:33.333333333333%;--awb-margin-top-large:0px;--awb-spacing-right-large:3.84%;--awb-margin-bottom-large:20px;--awb-spacing-left-large:5.76%;--awb-width-medium:100%;--awb-spacing-right-medium:1.92%;--awb-spacing-left-medium:1.92%;--awb-width-small:100%;--awb-spacing-right-small:1.92%;--awb-spacing-left-small:1.92%;\"><div class=\"fusion-column-wrapper fusion-flex-justify-content-flex-start fusion-content-layout-column\"><div class=\"fusion-image-element \" style=\"--awb-caption-title-font-family:var(--h2_typography-font-family);--awb-caption-title-font-weight:var(--h2_typography-font-weight);--awb-caption-title-font-style:var(--h2_typography-font-style);--awb-caption-title-size:var(--h2_typography-font-size);--awb-caption-title-transform:var(--h2_typography-text-transform);--awb-caption-title-line-height:var(--h2_typography-line-height);--awb-caption-title-letter-spacing:var(--h2_typography-letter-spacing);\"><span class=\" fusion-imageframe imageframe-none imageframe-1 hover-type-none\"><img decoding=\"async\" width=\"200\" height=\"200\" alt=\"Prisma DI-5C\" title=\"Prisma-DI-5C_200x200_180809-01\" src=\"data:image\/svg+xml,%3Csvg%20xmlns%3D%27http%3A%2F%2Fwww.w3.org%2F2000%2Fsvg%27%20width%3D%27200%27%20height%3D%27200%27%20viewBox%3D%270%200%20200%20200%27%3E%3Crect%20width%3D%27200%27%20height%3D%27200%27%20fill-opacity%3D%220%22%2F%3E%3C%2Fsvg%3E\" data-orig-src=\"https:\/\/www.prismatibro.se\/wp-content\/uploads\/2018\/08\/Prisma-DI-5C_200x200_180809-01.png\" class=\"lazyload img-responsive wp-image-22837\"\/><\/span><\/div><div class=\"fusion-text fusion-text-1\"><h3>Egenskaber DI-5C<\/h3>\n<\/div><ul style=\"--awb-line-height:20.4px;--awb-icon-width:20.4px;--awb-icon-height:20.4px;--awb-icon-margin:8.4px;--awb-content-margin:28.8px;--awb-circlecolor:#273482;--awb-circle-yes-font-size:10.56px;\" class=\"fusion-checklist fusion-checklist-1 fusion-checklist-default type-icons\"><li class=\"fusion-li-item\" style=\"\"><span class=\"icon-wrapper circle-yes\"><i class=\"fusion-li-icon fa fa-check\" aria-hidden=\"true\"><\/i><\/span><div class=\"fusion-li-item-content\">\n<p>P\u00e5lidelig og enkel at anvende<\/p>\n<\/div><\/li><li class=\"fusion-li-item\" style=\"\"><span class=\"icon-wrapper circle-yes\"><i class=\"fusion-li-icon fa fa-check\" aria-hidden=\"true\"><\/i><\/span><div class=\"fusion-li-item-content\">\n<p>Smidig konstruktion<\/p>\n<\/div><\/li><li class=\"fusion-li-item\" style=\"\"><span class=\"icon-wrapper circle-yes\"><i class=\"fusion-li-icon fa fa-check\" aria-hidden=\"true\"><\/i><\/span><div class=\"fusion-li-item-content\">\n<p>Fleksibel<\/p>\n<\/div><\/li><li class=\"fusion-li-item\" style=\"\"><span class=\"icon-wrapper circle-yes\"><i class=\"fusion-li-icon fa fa-check\" aria-hidden=\"true\"><\/i><\/span><div class=\"fusion-li-item-content\">\n<p>Bredt m\u00e5leomr\u00e5de<\/p>\n<\/div><\/li><li class=\"fusion-li-item\" style=\"\"><span class=\"icon-wrapper circle-yes\"><i class=\"fusion-li-icon fa fa-check\" aria-hidden=\"true\"><\/i><\/span><div class=\"fusion-li-item-content\">\n<p>Enkel at nulstille<\/p>\n<\/div><\/li><li class=\"fusion-li-item\" style=\"\"><span class=\"icon-wrapper circle-yes\"><i class=\"fusion-li-icon fa fa-check\" aria-hidden=\"true\"><\/i><\/span><div class=\"fusion-li-item-content\">\n<p>Baggrundsbelyst display<\/p>\n<\/div><\/li><li class=\"fusion-li-item\" style=\"\"><span class=\"icon-wrapper circle-yes\"><i class=\"fusion-li-icon fa fa-check\" aria-hidden=\"true\"><\/i><\/span><div class=\"fusion-li-item-content\">\n<p>Automatisk slukning, 45 min<\/p>\n<\/div><\/li><li class=\"fusion-li-item\" style=\"\"><span class=\"icon-wrapper circle-yes\"><i class=\"fusion-li-icon fa fa-check\" aria-hidden=\"true\"><\/i><\/span><div class=\"fusion-li-item-content\">\n<p>Batteriindikator<\/p>\n<\/div><\/li><li class=\"fusion-li-item\" style=\"\"><span class=\"icon-wrapper circle-yes\"><i class=\"fusion-li-icon fa fa-check\" aria-hidden=\"true\"><\/i><\/span><div class=\"fusion-li-item-content\">\n<p>Exporter resultater til Windows-PC<\/p>\n<\/div><\/li><li class=\"fusion-li-item\" style=\"\"><span class=\"icon-wrapper circle-yes\"><i class=\"fusion-li-icon fa fa-check\" aria-hidden=\"true\"><\/i><\/span><div class=\"fusion-li-item-content\">\n<p>Exporter resultater til Excel<\/p>\n<\/div><\/li><\/ul><\/div><\/div><div class=\"fusion-layout-column fusion_builder_column fusion-builder-column-1 fusion_builder_column_2_3 2_3 fusion-flex-column\" style=\"--awb-bg-size:cover;--awb-width-large:66.666666666667%;--awb-margin-top-large:0px;--awb-spacing-right-large:2.88%;--awb-margin-bottom-large:20px;--awb-spacing-left-large:3.84%;--awb-width-medium:100%;--awb-spacing-right-medium:1.92%;--awb-spacing-left-medium:1.92%;--awb-width-small:100%;--awb-spacing-right-small:1.92%;--awb-spacing-left-small:1.92%;\"><div class=\"fusion-column-wrapper fusion-flex-justify-content-flex-start fusion-content-layout-column\"><div class=\"fusion-text fusion-text-2 fusion-text-no-margin\" style=\"--awb-margin-bottom:0px;\"><h1 data-fontsize=\"21\" data-lineheight=\"22\">Prisma DI-5C\u00a0Deflection Indicator<\/h1>\n<p><strong>Opdager sk\u00e6vheder i krumtapaksler<br \/>\n<\/strong>Ekstremt h\u00f8j n\u00f8jagtighed. Anvendes af et stort antal ingeni\u00f8rer i mere end 90 lande. Instrumentet bruges til at m\u00e5le sk\u00e6vheder i \u200b\u200bkrumtapaksler b\u00e5de p\u00e5 skibe og p\u00e5 kraftv\u00e6rker. Prisma DI-5C giver mulighed for at overf\u00f8re m\u00e5lingerne til en computer med Windows-operativsystem til videre bearbejdning i beregningsprogrammer.<br \/>\nPrisma DI-5C er fremstillet i Sverige og har 5 \u00e5rs garanti.<\/p>\n<p><div class=\"fusion-button-wrapper fusion-align-block\"><a class=\"fusion-button button-flat button-small button-default fusion-button-default button-1 fusion-button-span-yes \" style=\"--button-border-radius-top-left:0px;--button-border-radius-top-right:0px;--button-border-radius-bottom-right:0px;--button-border-radius-bottom-left:0px;\" target=\"_self\" href=\"https:\/\/www.prismatibro.se\/da\/prisma-di-tilbudsforesporgsel\/\"><span class=\"fusion-button-text awb-button__text awb-button__text--default\">Tilbud<\/span><\/a><\/div><div class=\"fusion-button-wrapper fusion-align-block\"><a class=\"fusion-button button-flat button-small button-custom fusion-button-default button-2 fusion-button-span-yes \" style=\"--button_accent_color:#ffffff;--button_accent_hover_color:#ffffff;--button_border_hover_color:#ffffff;--button_gradient_top_color:#273482;--button_gradient_bottom_color:#273482;--button_gradient_top_color_hover:#273482;--button_gradient_bottom_color_hover:#273482;\" target=\"_self\" href=\"https:\/\/www.prismatibro.se\/dl-di\/\"><span class=\"fusion-button-text awb-button__text awb-button__text--default\">Dokumenter<\/span><\/a><\/div><div class=\"fusion-button-wrapper fusion-align-block\"><a class=\"fusion-button button-flat button-small button-custom fusion-button-default button-3 fusion-button-span-yes \" style=\"--button_accent_color:#ffffff;--button_accent_hover_color:#ffffff;--button_border_hover_color:#ffffff;--button-border-radius-top-left:0px;--button-border-radius-top-right:0px;--button-border-radius-bottom-right:0px;--button-border-radius-bottom-left:0px;--button_gradient_top_color:#000000;--button_gradient_bottom_color:#000000;--button_gradient_top_color_hover:#000000;--button_gradient_bottom_color_hover:#000000;\" target=\"_self\" href=\"https:\/\/www.prismatibro.se\/da\/kontakt-med-personalen-paa-prismatibro\/?PrismaTibroSelect=.saelger-prisma-di\"><span class=\"fusion-button-text awb-button__text awb-button__text--default\">Kontakt s\u00e6lger<\/span><\/a><\/div><\/p>\n<\/div><div class=\"fusion-text fusion-text-3\" style=\"--awb-margin-top:0px;\"><h2>Egenskaber Generelt<\/h2>\n<\/div><div class=\"accordian fusion-accordian\" style=\"--awb-border-size:1px;--awb-icon-size:13px;--awb-content-font-size:16px;--awb-icon-alignment:left;--awb-hover-color:#f9f9f9;--awb-border-color:#cccccc;--awb-background-color:#ffffff;--awb-divider-color:#e0dede;--awb-divider-hover-color:#e0dede;--awb-icon-color:#ffffff;--awb-title-color:#333333;--awb-content-color:#000000;--awb-icon-box-color:#273482;--awb-toggle-hover-accent-color:#273482;--awb-title-font-family:&quot;ABeeZee&quot;;--awb-title-font-weight:400;--awb-title-font-style:normal;--awb-title-font-size:16px;--awb-content-font-family:&quot;ABeeZee&quot;;--awb-content-font-style:normal;--awb-content-font-weight:400;\"><div class=\"panel-group fusion-toggle-icon-boxed\" id=\"accordion-45235-1\"><div class=\"fusion-panel panel-default panel-c1f4047997a16cac6 fusion-toggle-no-divider\" style=\"--awb-title-color:#333333;--awb-content-color:#000000;\"><div class=\"panel-heading\"><h4 class=\"panel-title toggle\" id=\"toggle_c1f4047997a16cac6\"><a aria-expanded=\"false\" aria-controls=\"c1f4047997a16cac6\" role=\"button\" data-toggle=\"collapse\" data-parent=\"#accordion-45235-1\" data-target=\"#c1f4047997a16cac6\" href=\"#c1f4047997a16cac6\"><span class=\"fusion-toggle-icon-wrapper\" aria-hidden=\"true\"><i class=\"fa-fusion-box active-icon awb-icon-minus\" aria-hidden=\"true\"><\/i><i class=\"fa-fusion-box inactive-icon awb-icon-plus\" aria-hidden=\"true\"><\/i><\/span><span class=\"fusion-toggle-heading\">Tekniske specifikationer<\/span><\/a><\/h4><\/div><div id=\"c1f4047997a16cac6\" class=\"panel-collapse collapse \" aria-labelledby=\"toggle_c1f4047997a16cac6\"><div class=\"panel-body toggle-content fusion-clearfix\">\n<ul>\n<li><strong>M\u00e5leafstand<\/strong><br \/>\n89-565 mm<\/li>\n<li><strong>M\u00e5leomfang<\/strong><br \/>\n+\/- 2.048 mm<\/li>\n<li><strong>N\u00f8jagtighed<\/strong><br \/>\n0,001 mm inden for omr\u00e5det +\/- 0,10 mm, maks. 1% inden for omr\u00e5det +\/- 1,000 mm og maks. 2% inden for omr\u00e5det 1000-2000 mm<\/li>\n<li><strong>Nulbalanceinterval<\/strong><br \/>\n+\/- 2.048 mm<\/li>\n<li><strong>Nul drift op til<\/strong><br \/>\n0.001 mm \/ 5 minuter<\/li>\n<li><strong>Temperatur, instrument<\/strong><br \/>\n0-55 \u00b0C \/32-130 \u00b0 F<\/li>\n<li><strong>Temperatur, f\u00f8ler<\/strong><br \/>\n0-80 \u00b0C \/ 32-175\u00b0 F<\/li>\n<li><strong>Batteri<\/strong><br \/>\n3.6 V Litium Ion, genopladeligt<br \/>\n10 timer\/opladning<br \/>\nLivsl\u00e6ngde 5 \u00e5r<\/li>\n<li><strong>Forl\u00e6ngning, f\u00f8lere<\/strong><br \/>\n10, 20, 40, 80 and 2 x 160 mm<\/li>\n<li><strong>Kabel<br \/>\n<\/strong>L\u00e6ngde 7 meter<\/li>\n<\/ul>\n<\/div><\/div><\/div><div class=\"fusion-panel panel-default panel-071da54f2126584a8 fusion-toggle-no-divider\"><div class=\"panel-heading\"><h4 class=\"panel-title toggle\" id=\"toggle_071da54f2126584a8\"><a aria-expanded=\"false\" aria-controls=\"071da54f2126584a8\" role=\"button\" data-toggle=\"collapse\" data-parent=\"#accordion-45235-1\" data-target=\"#071da54f2126584a8\" href=\"#071da54f2126584a8\"><span class=\"fusion-toggle-icon-wrapper\" aria-hidden=\"true\"><i class=\"fa-fusion-box active-icon awb-icon-minus\" aria-hidden=\"true\"><\/i><i class=\"fa-fusion-box inactive-icon awb-icon-plus\" aria-hidden=\"true\"><\/i><\/span><span class=\"fusion-toggle-heading\">Dimensioner &amp; amp; V\u00e6gt<\/span><\/a><\/h4><\/div><div id=\"071da54f2126584a8\" class=\"panel-collapse collapse \" aria-labelledby=\"toggle_071da54f2126584a8\"><div class=\"panel-body toggle-content fusion-clearfix\">\n<ul>\n<li><strong>Instrument\u00a0<\/strong><br \/>\n190 x 167 x 50 mm<\/li>\n<li><strong>F\u00f8lere<\/strong><br \/>\n\u00d831 x 81 mm<\/li>\n<li><strong>Taske<\/strong><br \/>\n300 x 280 x 140 mm<\/li>\n<li><strong>V\u00e6gt<\/strong><br \/>\n3.3 kg<\/li>\n<\/ul>\n<\/div><\/div><\/div><div class=\"fusion-panel panel-default panel-ccb47972bd29591eb fusion-toggle-no-divider\" style=\"--awb-title-color:#333333;--awb-content-color:#000000;\"><div class=\"panel-heading\"><h4 class=\"panel-title toggle\" id=\"toggle_ccb47972bd29591eb\"><a aria-expanded=\"false\" aria-controls=\"ccb47972bd29591eb\" role=\"button\" data-toggle=\"collapse\" data-parent=\"#accordion-45235-1\" data-target=\"#ccb47972bd29591eb\" href=\"#ccb47972bd29591eb\"><span class=\"fusion-toggle-icon-wrapper\" aria-hidden=\"true\"><i class=\"fa-fusion-box active-icon awb-icon-minus\" aria-hidden=\"true\"><\/i><i class=\"fa-fusion-box inactive-icon awb-icon-plus\" aria-hidden=\"true\"><\/i><\/span><span class=\"fusion-toggle-heading\">Software<\/span><\/a><\/h4><\/div><div id=\"ccb47972bd29591eb\" class=\"panel-collapse collapse \" aria-labelledby=\"toggle_ccb47972bd29591eb\"><div class=\"panel-body toggle-content fusion-clearfix\">\n<p>Aktuel version: 4.0.3<br \/>\n<a href=\"https:\/\/www.prismatibro.se\/da\/prisma-di-bestil-software\/\"><strong>KLIK HER for software<\/strong>\u00a0til Prisma DI-5C er udviklet til computere med Windows operativsystem<\/a> og den er tilg\u00e6ngelig for alle indehavere af Prisma DI-5C som udfylder f\u00f8lgende formular.<\/p>\n<p><a href=\"mailto:support@prismatibro.se?subject=Prisma DI mjukvara - id\u00e9, synpunkt\"><strong>Vi modtager gerne dine synspunkter og erfaringer p\u00e5 adressen support@prismatibro.se<\/strong><\/a><br \/>\nKlik p\u00e5 billedet nedenfor for at se en st\u00f8rre version.<\/p>\n<p><a href=\"https:\/\/www.prismatibro.se\/wp-content\/uploads\/2014\/02\/Prisma_Tibro_PC-software_1024x634_Prisma_DI_Ovality_140225.jpg\" rel=\"prettyPhoto\"><img decoding=\"async\" class=\"lazyload alignnone wp-image-5232\" src=\"https:\/\/www.prismatibro.se\/wp-content\/uploads\/2014\/02\/Prisma_Tibro_PC-software_1024x634_Prisma_DI_Ovality_140225.jpg\" data-orig-src=\"https:\/\/www.prismatibro.se\/wp-content\/uploads\/2014\/02\/Prisma_Tibro_PC-software_1024x634_Prisma_DI_Ovality_140225.jpg\" alt=\"Prisma DI Software, Prisma DI Ovality Kit\" width=\"468\" height=\"290\" srcset=\"data:image\/svg+xml,%3Csvg%20xmlns%3D%27http%3A%2F%2Fwww.w3.org%2F2000%2Fsvg%27%20width%3D%27468%27%20height%3D%27290%27%20viewBox%3D%270%200%20468%20290%27%3E%3Crect%20width%3D%27468%27%20height%3D%27290%27%20fill-opacity%3D%220%22%2F%3E%3C%2Fsvg%3E\" data-srcset=\"https:\/\/www.prismatibro.se\/wp-content\/uploads\/2014\/02\/Prisma_Tibro_PC-software_1024x634_Prisma_DI_Ovality_140225-300x185.jpg 300w, https:\/\/www.prismatibro.se\/wp-content\/uploads\/2014\/02\/Prisma_Tibro_PC-software_1024x634_Prisma_DI_Ovality_140225.jpg 1024w\" data-sizes=\"auto\" data-orig-sizes=\"(max-width: 468px) 100vw, 468px\" \/><\/a><\/p>\n<\/div><\/div><\/div><div class=\"fusion-panel panel-default panel-33818405309d7cb49 fusion-toggle-no-divider\"><div class=\"panel-heading\"><h4 class=\"panel-title toggle\" id=\"toggle_33818405309d7cb49\"><a aria-expanded=\"false\" aria-controls=\"33818405309d7cb49\" role=\"button\" data-toggle=\"collapse\" data-parent=\"#accordion-45235-1\" data-target=\"#33818405309d7cb49\" href=\"#33818405309d7cb49\"><span class=\"fusion-toggle-icon-wrapper\" aria-hidden=\"true\"><i class=\"fa-fusion-box active-icon awb-icon-minus\" aria-hidden=\"true\"><\/i><i class=\"fa-fusion-box inactive-icon awb-icon-plus\" aria-hidden=\"true\"><\/i><\/span><span class=\"fusion-toggle-heading\">Bestil software<\/span><\/a><\/h4><\/div><div id=\"33818405309d7cb49\" class=\"panel-collapse collapse \" aria-labelledby=\"toggle_33818405309d7cb49\"><div class=\"panel-body toggle-content fusion-clearfix\">\n<p>Udfyld formularen &#8211; vi sender et link til installationsfilen og manualer.<br \/>\nHelt gratis.[contact-form-7 id=&#8221;5376&#8243;]<\/div><\/div><\/div><\/div><\/div><\/div><\/div><\/div><\/div>\n","protected":false},"excerpt":{"rendered":"","protected":false},"author":18,"featured_media":40283,"parent":0,"menu_order":0,"comment_status":"closed","ping_status":"open","template":"","meta":{"footnotes":""},"class_list":["post-45235","page","type-page","status-publish","has-post-thumbnail","hentry"],"yoast_head":"<!-- This site is optimized with the Yoast SEO plugin v27.4 - https:\/\/yoast.com\/product\/yoast-seo-wordpress\/ -->\n<title>Produkter Prisma DI-5C | PrismaTibro<\/title>\n<meta name=\"description\" content=\"Produkter Prisma DI-5C. Opdager sk\u00e6vheder i krumtapaksler. Ekstremt h\u00f8j n\u00f8jagtighed. Anvendes af ingeni\u00f8rer i over 90 lande.\" \/>\n<meta name=\"robots\" content=\"index, follow, max-snippet:-1, max-image-preview:large, max-video-preview:-1\" \/>\n<link rel=\"canonical\" href=\"https:\/\/www.prismatibro.se\/da\/produkter-prisma-di-5c\/\" \/>\n<meta property=\"og:locale\" content=\"da_DK\" \/>\n<meta property=\"og:type\" content=\"article\" \/>\n<meta property=\"og:title\" content=\"Produkter Prisma DI-5C | PrismaTibro\" \/>\n<meta property=\"og:description\" content=\"Produkter Prisma DI-5C. Opdager sk\u00e6vheder i krumtapaksler. Ekstremt h\u00f8j n\u00f8jagtighed. Anvendes af ingeni\u00f8rer i over 90 lande.\" \/>\n<meta property=\"og:url\" content=\"https:\/\/www.prismatibro.se\/da\/produkter-prisma-di-5c\/\" \/>\n<meta property=\"og:site_name\" content=\"PrismaTibro\" \/>\n<meta property=\"article:modified_time\" content=\"2024-05-28T06:45:42+00:00\" \/>\n<meta property=\"og:image\" content=\"https:\/\/www.prismatibro.se\/wp-content\/uploads\/2022\/09\/DI-5C_800x504_220920-01.jpg\" \/>\n\t<meta property=\"og:image:width\" content=\"800\" \/>\n\t<meta property=\"og:image:height\" content=\"504\" \/>\n\t<meta property=\"og:image:type\" content=\"image\/jpeg\" \/>\n<meta name=\"twitter:card\" content=\"summary_large_image\" \/>\n<meta name=\"twitter:label1\" content=\"Estimeret l\u00e6setid\" \/>\n\t<meta name=\"twitter:data1\" content=\"3 minutter\" \/>\n<script type=\"application\/ld+json\" class=\"yoast-schema-graph\">{\"@context\":\"https:\\\/\\\/schema.org\",\"@graph\":[{\"@type\":\"WebPage\",\"@id\":\"https:\\\/\\\/www.prismatibro.se\\\/da\\\/produkter-prisma-di-5c\\\/\",\"url\":\"https:\\\/\\\/www.prismatibro.se\\\/da\\\/produkter-prisma-di-5c\\\/\",\"name\":\"Produkter Prisma DI-5C | PrismaTibro\",\"isPartOf\":{\"@id\":\"https:\\\/\\\/www.prismatibro.se\\\/da\\\/#website\"},\"primaryImageOfPage\":{\"@id\":\"https:\\\/\\\/www.prismatibro.se\\\/da\\\/produkter-prisma-di-5c\\\/#primaryimage\"},\"image\":{\"@id\":\"https:\\\/\\\/www.prismatibro.se\\\/da\\\/produkter-prisma-di-5c\\\/#primaryimage\"},\"thumbnailUrl\":\"https:\\\/\\\/www.prismatibro.se\\\/wp-content\\\/uploads\\\/2022\\\/09\\\/DI-5C_800x504_220920-01.jpg\",\"datePublished\":\"2022-11-25T11:19:11+00:00\",\"dateModified\":\"2024-05-28T06:45:42+00:00\",\"description\":\"Produkter Prisma DI-5C. Opdager sk\u00e6vheder i krumtapaksler. Ekstremt h\u00f8j n\u00f8jagtighed. Anvendes af ingeni\u00f8rer i over 90 lande.\",\"breadcrumb\":{\"@id\":\"https:\\\/\\\/www.prismatibro.se\\\/da\\\/produkter-prisma-di-5c\\\/#breadcrumb\"},\"inLanguage\":\"da-DK\",\"potentialAction\":[{\"@type\":\"ReadAction\",\"target\":[\"https:\\\/\\\/www.prismatibro.se\\\/da\\\/produkter-prisma-di-5c\\\/\"]}]},{\"@type\":\"ImageObject\",\"inLanguage\":\"da-DK\",\"@id\":\"https:\\\/\\\/www.prismatibro.se\\\/da\\\/produkter-prisma-di-5c\\\/#primaryimage\",\"url\":\"https:\\\/\\\/www.prismatibro.se\\\/wp-content\\\/uploads\\\/2022\\\/09\\\/DI-5C_800x504_220920-01.jpg\",\"contentUrl\":\"https:\\\/\\\/www.prismatibro.se\\\/wp-content\\\/uploads\\\/2022\\\/09\\\/DI-5C_800x504_220920-01.jpg\",\"width\":800,\"height\":504,\"caption\":\"Prisma DI\"},{\"@type\":\"BreadcrumbList\",\"@id\":\"https:\\\/\\\/www.prismatibro.se\\\/da\\\/produkter-prisma-di-5c\\\/#breadcrumb\",\"itemListElement\":[{\"@type\":\"ListItem\",\"position\":1,\"name\":\"Hem\",\"item\":\"https:\\\/\\\/www.prismatibro.se\\\/da\\\/\"},{\"@type\":\"ListItem\",\"position\":2,\"name\":\"Produkter Prisma DI-5C\"}]},{\"@type\":\"WebSite\",\"@id\":\"https:\\\/\\\/www.prismatibro.se\\\/da\\\/#website\",\"url\":\"https:\\\/\\\/www.prismatibro.se\\\/da\\\/\",\"name\":\"PrismaTibro Sweden\",\"description\":\"Pedestrian Signal, \u00d6verg\u00e5ngssignal, D\u00f6rr\u00f6ppnare, Deflection Indikator, LED gatubelysning\",\"publisher\":{\"@id\":\"https:\\\/\\\/www.prismatibro.se\\\/da\\\/#organization\"},\"potentialAction\":[{\"@type\":\"SearchAction\",\"target\":{\"@type\":\"EntryPoint\",\"urlTemplate\":\"https:\\\/\\\/www.prismatibro.se\\\/da\\\/?s={search_term_string}\"},\"query-input\":{\"@type\":\"PropertyValueSpecification\",\"valueRequired\":true,\"valueName\":\"search_term_string\"}}],\"inLanguage\":\"da-DK\"},{\"@type\":\"Organization\",\"@id\":\"https:\\\/\\\/www.prismatibro.se\\\/da\\\/#organization\",\"name\":\"PrismaTibro\",\"url\":\"https:\\\/\\\/www.prismatibro.se\\\/da\\\/\",\"logo\":{\"@type\":\"ImageObject\",\"inLanguage\":\"da-DK\",\"@id\":\"https:\\\/\\\/www.prismatibro.se\\\/da\\\/#\\\/schema\\\/logo\\\/image\\\/\",\"url\":\"https:\\\/\\\/www.prismatibro.se\\\/wp-content\\\/uploads\\\/2017\\\/08\\\/PrismaTibro_logo_207x52_170807-01@2x.png\",\"contentUrl\":\"https:\\\/\\\/www.prismatibro.se\\\/wp-content\\\/uploads\\\/2017\\\/08\\\/PrismaTibro_logo_207x52_170807-01@2x.png\",\"width\":414,\"height\":104,\"caption\":\"PrismaTibro\"},\"image\":{\"@id\":\"https:\\\/\\\/www.prismatibro.se\\\/da\\\/#\\\/schema\\\/logo\\\/image\\\/\"},\"sameAs\":[\"https:\\\/\\\/www.linkedin.com\\\/company\\\/prismatibro\"]}]}<\/script>\n<!-- \/ Yoast SEO plugin. -->","yoast_head_json":{"title":"Produkter Prisma DI-5C | PrismaTibro","description":"Produkter Prisma DI-5C. Opdager sk\u00e6vheder i krumtapaksler. Ekstremt h\u00f8j n\u00f8jagtighed. Anvendes af ingeni\u00f8rer i over 90 lande.","robots":{"index":"index","follow":"follow","max-snippet":"max-snippet:-1","max-image-preview":"max-image-preview:large","max-video-preview":"max-video-preview:-1"},"canonical":"https:\/\/www.prismatibro.se\/da\/produkter-prisma-di-5c\/","og_locale":"da_DK","og_type":"article","og_title":"Produkter Prisma DI-5C | PrismaTibro","og_description":"Produkter Prisma DI-5C. Opdager sk\u00e6vheder i krumtapaksler. Ekstremt h\u00f8j n\u00f8jagtighed. Anvendes af ingeni\u00f8rer i over 90 lande.","og_url":"https:\/\/www.prismatibro.se\/da\/produkter-prisma-di-5c\/","og_site_name":"PrismaTibro","article_modified_time":"2024-05-28T06:45:42+00:00","og_image":[{"width":800,"height":504,"url":"https:\/\/www.prismatibro.se\/wp-content\/uploads\/2022\/09\/DI-5C_800x504_220920-01.jpg","type":"image\/jpeg"}],"twitter_card":"summary_large_image","twitter_misc":{"Estimeret l\u00e6setid":"3 minutter"},"schema":{"@context":"https:\/\/schema.org","@graph":[{"@type":"WebPage","@id":"https:\/\/www.prismatibro.se\/da\/produkter-prisma-di-5c\/","url":"https:\/\/www.prismatibro.se\/da\/produkter-prisma-di-5c\/","name":"Produkter Prisma DI-5C | PrismaTibro","isPartOf":{"@id":"https:\/\/www.prismatibro.se\/da\/#website"},"primaryImageOfPage":{"@id":"https:\/\/www.prismatibro.se\/da\/produkter-prisma-di-5c\/#primaryimage"},"image":{"@id":"https:\/\/www.prismatibro.se\/da\/produkter-prisma-di-5c\/#primaryimage"},"thumbnailUrl":"https:\/\/www.prismatibro.se\/wp-content\/uploads\/2022\/09\/DI-5C_800x504_220920-01.jpg","datePublished":"2022-11-25T11:19:11+00:00","dateModified":"2024-05-28T06:45:42+00:00","description":"Produkter Prisma DI-5C. Opdager sk\u00e6vheder i krumtapaksler. Ekstremt h\u00f8j n\u00f8jagtighed. Anvendes af ingeni\u00f8rer i over 90 lande.","breadcrumb":{"@id":"https:\/\/www.prismatibro.se\/da\/produkter-prisma-di-5c\/#breadcrumb"},"inLanguage":"da-DK","potentialAction":[{"@type":"ReadAction","target":["https:\/\/www.prismatibro.se\/da\/produkter-prisma-di-5c\/"]}]},{"@type":"ImageObject","inLanguage":"da-DK","@id":"https:\/\/www.prismatibro.se\/da\/produkter-prisma-di-5c\/#primaryimage","url":"https:\/\/www.prismatibro.se\/wp-content\/uploads\/2022\/09\/DI-5C_800x504_220920-01.jpg","contentUrl":"https:\/\/www.prismatibro.se\/wp-content\/uploads\/2022\/09\/DI-5C_800x504_220920-01.jpg","width":800,"height":504,"caption":"Prisma DI"},{"@type":"BreadcrumbList","@id":"https:\/\/www.prismatibro.se\/da\/produkter-prisma-di-5c\/#breadcrumb","itemListElement":[{"@type":"ListItem","position":1,"name":"Hem","item":"https:\/\/www.prismatibro.se\/da\/"},{"@type":"ListItem","position":2,"name":"Produkter Prisma DI-5C"}]},{"@type":"WebSite","@id":"https:\/\/www.prismatibro.se\/da\/#website","url":"https:\/\/www.prismatibro.se\/da\/","name":"PrismaTibro Sweden","description":"Pedestrian Signal, \u00d6verg\u00e5ngssignal, D\u00f6rr\u00f6ppnare, Deflection Indikator, LED gatubelysning","publisher":{"@id":"https:\/\/www.prismatibro.se\/da\/#organization"},"potentialAction":[{"@type":"SearchAction","target":{"@type":"EntryPoint","urlTemplate":"https:\/\/www.prismatibro.se\/da\/?s={search_term_string}"},"query-input":{"@type":"PropertyValueSpecification","valueRequired":true,"valueName":"search_term_string"}}],"inLanguage":"da-DK"},{"@type":"Organization","@id":"https:\/\/www.prismatibro.se\/da\/#organization","name":"PrismaTibro","url":"https:\/\/www.prismatibro.se\/da\/","logo":{"@type":"ImageObject","inLanguage":"da-DK","@id":"https:\/\/www.prismatibro.se\/da\/#\/schema\/logo\/image\/","url":"https:\/\/www.prismatibro.se\/wp-content\/uploads\/2017\/08\/PrismaTibro_logo_207x52_170807-01@2x.png","contentUrl":"https:\/\/www.prismatibro.se\/wp-content\/uploads\/2017\/08\/PrismaTibro_logo_207x52_170807-01@2x.png","width":414,"height":104,"caption":"PrismaTibro"},"image":{"@id":"https:\/\/www.prismatibro.se\/da\/#\/schema\/logo\/image\/"},"sameAs":["https:\/\/www.linkedin.com\/company\/prismatibro"]}]}},"_links":{"self":[{"href":"https:\/\/www.prismatibro.se\/da\/wp-json\/wp\/v2\/pages\/45235","targetHints":{"allow":["GET"]}}],"collection":[{"href":"https:\/\/www.prismatibro.se\/da\/wp-json\/wp\/v2\/pages"}],"about":[{"href":"https:\/\/www.prismatibro.se\/da\/wp-json\/wp\/v2\/types\/page"}],"author":[{"embeddable":true,"href":"https:\/\/www.prismatibro.se\/da\/wp-json\/wp\/v2\/users\/18"}],"replies":[{"embeddable":true,"href":"https:\/\/www.prismatibro.se\/da\/wp-json\/wp\/v2\/comments?post=45235"}],"version-history":[{"count":16,"href":"https:\/\/www.prismatibro.se\/da\/wp-json\/wp\/v2\/pages\/45235\/revisions"}],"predecessor-version":[{"id":61923,"href":"https:\/\/www.prismatibro.se\/da\/wp-json\/wp\/v2\/pages\/45235\/revisions\/61923"}],"wp:featuredmedia":[{"embeddable":true,"href":"https:\/\/www.prismatibro.se\/da\/wp-json\/wp\/v2\/media\/40283"}],"wp:attachment":[{"href":"https:\/\/www.prismatibro.se\/da\/wp-json\/wp\/v2\/media?parent=45235"}],"curies":[{"name":"wp","href":"https:\/\/api.w.org\/{rel}","templated":true}]}}