{"id":45194,"date":"2022-11-25T11:51:59","date_gmt":"2022-11-25T10:51:59","guid":{"rendered":"https:\/\/www.prismatibro.se\/prisma-daps-billede-og-video\/"},"modified":"2025-01-29T15:27:11","modified_gmt":"2025-01-29T14:27:11","slug":"prisma-daps-billede-og-video","status":"publish","type":"page","link":"https:\/\/www.prismatibro.se\/da\/prisma-daps-billede-og-video\/","title":{"rendered":"Prisma Daps Billede og Video"},"content":{"rendered":"<div class=\"fusion-fullwidth fullwidth-box fusion-builder-row-1 fusion-flex-container hundred-percent-fullwidth non-hundred-percent-height-scrolling\" style=\"--awb-border-radius-top-left:0px;--awb-border-radius-top-right:0px;--awb-border-radius-bottom-right:0px;--awb-border-radius-bottom-left:0px;--awb-overflow:visible;--awb-flex-wrap:wrap;\" ><div class=\"fusion-builder-row fusion-row fusion-flex-align-items-flex-start fusion-flex-content-wrap\" style=\"width:104% !important;max-width:104% !important;margin-left: calc(-4% \/ 2 );margin-right: calc(-4% \/ 2 );\"><div class=\"fusion-layout-column fusion_builder_column fusion-builder-column-0 fusion_builder_column_1_1 1_1 fusion-flex-column fusion-flex-align-self-flex-start fusion-column-no-min-height\" style=\"--awb-bg-size:cover;--awb-width-large:100%;--awb-margin-top-large:0px;--awb-spacing-right-large:1.92%;--awb-margin-bottom-large:0px;--awb-spacing-left-large:1.92%;--awb-width-medium:100%;--awb-spacing-right-medium:1.92%;--awb-spacing-left-medium:1.92%;--awb-width-small:100%;--awb-spacing-right-small:1.92%;--awb-spacing-left-small:1.92%;\"><div class=\"fusion-column-wrapper fusion-flex-justify-content-flex-start fusion-content-layout-column\"><div class=\"fusion-text fusion-text-1\"><h1>Billede &amp; Video<\/h1>\n<p>Klik p\u00e5 billedet for at downloade eller afspille.<\/p>\n<\/div><div class=\"fusion-separator fusion-full-width-sep\" style=\"align-self: center;margin-left: auto;margin-right: auto;width:100%;\"><div class=\"fusion-separator-border sep-double\" style=\"--awb-height:20px;--awb-amount:20px;--awb-sep-color:#ffffff;border-color:#ffffff;border-top-width:1px;border-bottom-width:1px;\"><\/div><\/div><div class=\"fusion-recent-works fusion-portfolio-element fusion-portfolio fusion-portfolio-1 fusion-portfolio-grid fusion-portfolio-paging-pagination fusion-portfolio-four fusion-portfolio-no_text fusion-portfolio-rollover\" data-id=\"-rw-1\" data-columns=\"four\"><div><ul class=\"fusion-filters\" role=\"menu\" aria-label=\"Portfolio Filters\"><li role=\"presentation\" class=\"fusion-filter fusion-filter-all fusion-active\"><a href=\"#\" data-filter=\"*\" role=\"menuitem\">alle<\/a><\/li><li role=\"presentation\" class=\"fusion-filter fusion-hidden\"><a href=\"#\" data-filter=\".bilde\" role=\"menuitem\">Billeder<\/a><\/li><\/ul><\/div><style type=\"text\/css\">.fusion-portfolio-1 .fusion-portfolio-wrapper .fusion-col-spacing{padding:6px;}<\/style><div class=\"fusion-portfolio-wrapper\" id=\"fusion-portfolio-1\" data-picturesize=\"fixed\" data-pages=\"0\" style=\"margin:-6px;\"><article id=\"portfolio-1-post-63810\" class=\"fusion-portfolio-post bilde fusion-col-spacing post-63810\"><div class=\"fusion-portfolio-content-wrapper\" style=\"border:none;\"><span class=\"entry-title rich-snippet-hidden\">Prisma Daps ES-410 1090&#215;958<\/span><span class=\"updated rich-snippet-hidden\">2025-01-29T15:37:34+01:00<\/span><div  class=\"fusion-image-wrapper fusion-image-size-fixed\" aria-haspopup=\"true\">\n\t\t\t\t<img decoding=\"async\" width=\"300\" height=\"214\" src=\"data:image\/svg+xml,%3Csvg%20xmlns%3D%27http%3A%2F%2Fwww.w3.org%2F2000%2Fsvg%27%20width%3D%27300%27%20height%3D%27214%27%20viewBox%3D%270%200%20300%20214%27%3E%3Crect%20width%3D%27300%27%20height%3D%27214%27%20fill-opacity%3D%220%22%2F%3E%3C%2Fsvg%3E\" data-orig-src=\"https:\/\/www.prismatibro.se\/wp-content\/uploads\/2020\/10\/DA_ES-410_1920x1080_250129-01-300x214.jpg\" class=\"lazyload attachment-portfolio-three size-portfolio-three wp-post-image\" alt=\"Prisma Daps ES-410\" \/><div class=\"fusion-rollover\">\n\t<div class=\"fusion-rollover-content\">\n\n\t\t\t\t\t\t\t\t\t\t\t\t\t\t<a class=\"fusion-rollover-link\" href=\"https:\/\/www.prismatibro.se\/dl\/da\/image_high\/Prisma-Daps-ES-410_1090x958_250129-01.jpg\" target=\"_blank\">https:\/\/www.prismatibro.se\/dl\/da\/image_high\/Prisma-Daps-ES-410_1090x958_250129-01.jpg<\/a>\n\t\t\t\n\t\t\t\t\t\t\t\t\n\t\t\n\t\t\t\t\t\t\t\t\t\t\t\t<h4 class=\"fusion-rollover-title\">\n\t\t\t\t\t<a class=\"fusion-rollover-title-link\" href=\"https:\/\/www.prismatibro.se\/dl\/da\/image_high\/Prisma-Daps-ES-410_1090x958_250129-01.jpg\" target=\"_blank\">\n\t\t\t\t\t\tPrisma Daps ES-410 1090&#215;958\t\t\t\t\t<\/a>\n\t\t\t\t<\/h4>\n\t\t\t\n\t\t\t\t\t\t\t\t\n\t\t\n\t\t\t\t\t\t<a class=\"fusion-link-wrapper\" href=\"https:\/\/www.prismatibro.se\/dl\/da\/image_high\/Prisma-Daps-ES-410_1090x958_250129-01.jpg\" target=\"_blank\" aria-label=\"Prisma Daps ES-410 1090&#215;958\"><\/a>\n\t<\/div>\n<\/div>\n<\/div>\n<\/div><\/article><article id=\"portfolio-1-post-63828\" class=\"fusion-portfolio-post bilde fusion-col-spacing post-63828\"><div class=\"fusion-portfolio-content-wrapper\" style=\"border:none;\"><span class=\"entry-title rich-snippet-hidden\">Prisma Daps ES-411 1090&#215;958<\/span><span class=\"updated rich-snippet-hidden\">2025-01-29T15:37:59+01:00<\/span><div  class=\"fusion-image-wrapper fusion-image-size-fixed\" aria-haspopup=\"true\">\n\t\t\t\t<img decoding=\"async\" width=\"300\" height=\"214\" src=\"data:image\/svg+xml,%3Csvg%20xmlns%3D%27http%3A%2F%2Fwww.w3.org%2F2000%2Fsvg%27%20width%3D%27300%27%20height%3D%27214%27%20viewBox%3D%270%200%20300%20214%27%3E%3Crect%20width%3D%27300%27%20height%3D%27214%27%20fill-opacity%3D%220%22%2F%3E%3C%2Fsvg%3E\" data-orig-src=\"https:\/\/www.prismatibro.se\/wp-content\/uploads\/2020\/10\/DA_ES-411_1920x1080_250129-01-300x214.jpg\" class=\"lazyload attachment-portfolio-three size-portfolio-three wp-post-image\" alt=\"Prisma Daps ES-412\" \/><div class=\"fusion-rollover\">\n\t<div class=\"fusion-rollover-content\">\n\n\t\t\t\t\t\t\t\t\t\t\t\t\t\t<a class=\"fusion-rollover-link\" href=\"https:\/\/www.prismatibro.se\/dl\/da\/image_high\/Prisma-Daps-ES-411_1090x958_250129-01.jpg\" target=\"_blank\">https:\/\/www.prismatibro.se\/dl\/da\/image_high\/Prisma-Daps-ES-411_1090x958_250129-01.jpg<\/a>\n\t\t\t\n\t\t\t\t\t\t\t\t\n\t\t\n\t\t\t\t\t\t\t\t\t\t\t\t<h4 class=\"fusion-rollover-title\">\n\t\t\t\t\t<a class=\"fusion-rollover-title-link\" href=\"https:\/\/www.prismatibro.se\/dl\/da\/image_high\/Prisma-Daps-ES-411_1090x958_250129-01.jpg\" target=\"_blank\">\n\t\t\t\t\t\tPrisma Daps ES-411 1090&#215;958\t\t\t\t\t<\/a>\n\t\t\t\t<\/h4>\n\t\t\t\n\t\t\t\t\t\t\t\t\n\t\t\n\t\t\t\t\t\t<a class=\"fusion-link-wrapper\" href=\"https:\/\/www.prismatibro.se\/dl\/da\/image_high\/Prisma-Daps-ES-411_1090x958_250129-01.jpg\" target=\"_blank\" aria-label=\"Prisma Daps ES-411 1090&#215;958\"><\/a>\n\t<\/div>\n<\/div>\n<\/div>\n<\/div><\/article><article id=\"portfolio-1-post-63823\" class=\"fusion-portfolio-post bilde fusion-col-spacing post-63823\"><div class=\"fusion-portfolio-content-wrapper\" style=\"border:none;\"><span class=\"entry-title rich-snippet-hidden\">Prisma Daps ES-412 1090&#215;958<\/span><span class=\"updated rich-snippet-hidden\">2025-02-07T11:02:38+01:00<\/span><div  class=\"fusion-image-wrapper fusion-image-size-fixed\" aria-haspopup=\"true\">\n\t\t\t\t<img decoding=\"async\" width=\"300\" height=\"214\" src=\"data:image\/svg+xml,%3Csvg%20xmlns%3D%27http%3A%2F%2Fwww.w3.org%2F2000%2Fsvg%27%20width%3D%27300%27%20height%3D%27214%27%20viewBox%3D%270%200%20300%20214%27%3E%3Crect%20width%3D%27300%27%20height%3D%27214%27%20fill-opacity%3D%220%22%2F%3E%3C%2Fsvg%3E\" data-orig-src=\"https:\/\/www.prismatibro.se\/wp-content\/uploads\/2020\/10\/DA_ES-412_1920x1080_250129-01-300x214.jpg\" class=\"lazyload attachment-portfolio-three size-portfolio-three wp-post-image\" alt=\"Prisma Daps ES-411\" \/><div class=\"fusion-rollover\">\n\t<div class=\"fusion-rollover-content\">\n\n\t\t\t\t\t\t\t\t\t\t\t\t\t\t<a class=\"fusion-rollover-link\" href=\"https:\/\/www.prismatibro.se\/dl\/da\/image_high\/Prisma-Daps-ES-412_1090x958_250207-01.jpg\" target=\"_blank\">https:\/\/www.prismatibro.se\/dl\/da\/image_high\/Prisma-Daps-ES-412_1090x958_250207-01.jpg<\/a>\n\t\t\t\n\t\t\t\t\t\t\t\t\n\t\t\n\t\t\t\t\t\t\t\t\t\t\t\t<h4 class=\"fusion-rollover-title\">\n\t\t\t\t\t<a class=\"fusion-rollover-title-link\" href=\"https:\/\/www.prismatibro.se\/dl\/da\/image_high\/Prisma-Daps-ES-412_1090x958_250207-01.jpg\" target=\"_blank\">\n\t\t\t\t\t\tPrisma Daps ES-412 1090&#215;958\t\t\t\t\t<\/a>\n\t\t\t\t<\/h4>\n\t\t\t\n\t\t\t\t\t\t\t\t\n\t\t\n\t\t\t\t\t\t<a class=\"fusion-link-wrapper\" href=\"https:\/\/www.prismatibro.se\/dl\/da\/image_high\/Prisma-Daps-ES-412_1090x958_250207-01.jpg\" target=\"_blank\" aria-label=\"Prisma Daps ES-412 1090&#215;958\"><\/a>\n\t<\/div>\n<\/div>\n<\/div>\n<\/div><\/article><\/div><\/div><\/div><\/div><\/div><\/div>\n","protected":false},"excerpt":{"rendered":"","protected":false},"author":18,"featured_media":0,"parent":0,"menu_order":0,"comment_status":"closed","ping_status":"open","template":"","meta":{"footnotes":""},"class_list":["post-45194","page","type-page","status-publish","hentry"],"yoast_head":"<!-- This site is optimized with the Yoast SEO plugin v27.4 - https:\/\/yoast.com\/product\/yoast-seo-wordpress\/ -->\n<title>Prisma Daps Billede og Video | PrismaTibro<\/title>\n<meta name=\"description\" content=\"Prisma Daps Billede og video. Find interessant information, produktbilleder og videoer p\u00e5 Prisma Daps. Hvad leder du efter?\" \/>\n<meta name=\"robots\" content=\"index, follow, max-snippet:-1, max-image-preview:large, max-video-preview:-1\" \/>\n<link rel=\"canonical\" href=\"https:\/\/www.prismatibro.se\/da\/prisma-daps-billede-og-video\/\" \/>\n<meta property=\"og:locale\" content=\"da_DK\" \/>\n<meta property=\"og:type\" content=\"article\" \/>\n<meta property=\"og:title\" content=\"Prisma Daps Billede og Video | PrismaTibro\" \/>\n<meta property=\"og:description\" content=\"Prisma Daps Billede og video. Find interessant information, produktbilleder og videoer p\u00e5 Prisma Daps. Hvad leder du efter?\" \/>\n<meta property=\"og:url\" content=\"https:\/\/www.prismatibro.se\/da\/prisma-daps-billede-og-video\/\" \/>\n<meta property=\"og:site_name\" content=\"PrismaTibro\" \/>\n<meta property=\"article:modified_time\" content=\"2025-01-29T14:27:11+00:00\" \/>\n<meta name=\"twitter:card\" content=\"summary_large_image\" \/>\n<meta name=\"twitter:label1\" content=\"Estimeret l\u00e6setid\" \/>\n\t<meta name=\"twitter:data1\" content=\"1 minut\" \/>\n<script type=\"application\/ld+json\" class=\"yoast-schema-graph\">{\"@context\":\"https:\\\/\\\/schema.org\",\"@graph\":[{\"@type\":\"WebPage\",\"@id\":\"https:\\\/\\\/www.prismatibro.se\\\/da\\\/prisma-daps-billede-og-video\\\/\",\"url\":\"https:\\\/\\\/www.prismatibro.se\\\/da\\\/prisma-daps-billede-og-video\\\/\",\"name\":\"Prisma Daps Billede og Video | PrismaTibro\",\"isPartOf\":{\"@id\":\"https:\\\/\\\/www.prismatibro.se\\\/da\\\/#website\"},\"datePublished\":\"2022-11-25T10:51:59+00:00\",\"dateModified\":\"2025-01-29T14:27:11+00:00\",\"description\":\"Prisma Daps Billede og video. Find interessant information, produktbilleder og videoer p\u00e5 Prisma Daps. Hvad leder du efter?\",\"breadcrumb\":{\"@id\":\"https:\\\/\\\/www.prismatibro.se\\\/da\\\/prisma-daps-billede-og-video\\\/#breadcrumb\"},\"inLanguage\":\"da-DK\",\"potentialAction\":[{\"@type\":\"ReadAction\",\"target\":[\"https:\\\/\\\/www.prismatibro.se\\\/da\\\/prisma-daps-billede-og-video\\\/\"]}]},{\"@type\":\"BreadcrumbList\",\"@id\":\"https:\\\/\\\/www.prismatibro.se\\\/da\\\/prisma-daps-billede-og-video\\\/#breadcrumb\",\"itemListElement\":[{\"@type\":\"ListItem\",\"position\":1,\"name\":\"Hem\",\"item\":\"https:\\\/\\\/www.prismatibro.se\\\/da\\\/\"},{\"@type\":\"ListItem\",\"position\":2,\"name\":\"Prisma Daps Billede og Video\"}]},{\"@type\":\"WebSite\",\"@id\":\"https:\\\/\\\/www.prismatibro.se\\\/da\\\/#website\",\"url\":\"https:\\\/\\\/www.prismatibro.se\\\/da\\\/\",\"name\":\"PrismaTibro Sweden\",\"description\":\"Pedestrian Signal, \u00d6verg\u00e5ngssignal, D\u00f6rr\u00f6ppnare, Deflection Indikator, LED gatubelysning\",\"publisher\":{\"@id\":\"https:\\\/\\\/www.prismatibro.se\\\/da\\\/#organization\"},\"potentialAction\":[{\"@type\":\"SearchAction\",\"target\":{\"@type\":\"EntryPoint\",\"urlTemplate\":\"https:\\\/\\\/www.prismatibro.se\\\/da\\\/?s={search_term_string}\"},\"query-input\":{\"@type\":\"PropertyValueSpecification\",\"valueRequired\":true,\"valueName\":\"search_term_string\"}}],\"inLanguage\":\"da-DK\"},{\"@type\":\"Organization\",\"@id\":\"https:\\\/\\\/www.prismatibro.se\\\/da\\\/#organization\",\"name\":\"PrismaTibro\",\"url\":\"https:\\\/\\\/www.prismatibro.se\\\/da\\\/\",\"logo\":{\"@type\":\"ImageObject\",\"inLanguage\":\"da-DK\",\"@id\":\"https:\\\/\\\/www.prismatibro.se\\\/da\\\/#\\\/schema\\\/logo\\\/image\\\/\",\"url\":\"https:\\\/\\\/www.prismatibro.se\\\/wp-content\\\/uploads\\\/2017\\\/08\\\/PrismaTibro_logo_207x52_170807-01@2x.png\",\"contentUrl\":\"https:\\\/\\\/www.prismatibro.se\\\/wp-content\\\/uploads\\\/2017\\\/08\\\/PrismaTibro_logo_207x52_170807-01@2x.png\",\"width\":414,\"height\":104,\"caption\":\"PrismaTibro\"},\"image\":{\"@id\":\"https:\\\/\\\/www.prismatibro.se\\\/da\\\/#\\\/schema\\\/logo\\\/image\\\/\"},\"sameAs\":[\"https:\\\/\\\/www.linkedin.com\\\/company\\\/prismatibro\"]}]}<\/script>\n<!-- \/ Yoast SEO plugin. -->","yoast_head_json":{"title":"Prisma Daps Billede og Video | PrismaTibro","description":"Prisma Daps Billede og video. Find interessant information, produktbilleder og videoer p\u00e5 Prisma Daps. Hvad leder du efter?","robots":{"index":"index","follow":"follow","max-snippet":"max-snippet:-1","max-image-preview":"max-image-preview:large","max-video-preview":"max-video-preview:-1"},"canonical":"https:\/\/www.prismatibro.se\/da\/prisma-daps-billede-og-video\/","og_locale":"da_DK","og_type":"article","og_title":"Prisma Daps Billede og Video | PrismaTibro","og_description":"Prisma Daps Billede og video. Find interessant information, produktbilleder og videoer p\u00e5 Prisma Daps. Hvad leder du efter?","og_url":"https:\/\/www.prismatibro.se\/da\/prisma-daps-billede-og-video\/","og_site_name":"PrismaTibro","article_modified_time":"2025-01-29T14:27:11+00:00","twitter_card":"summary_large_image","twitter_misc":{"Estimeret l\u00e6setid":"1 minut"},"schema":{"@context":"https:\/\/schema.org","@graph":[{"@type":"WebPage","@id":"https:\/\/www.prismatibro.se\/da\/prisma-daps-billede-og-video\/","url":"https:\/\/www.prismatibro.se\/da\/prisma-daps-billede-og-video\/","name":"Prisma Daps Billede og Video | PrismaTibro","isPartOf":{"@id":"https:\/\/www.prismatibro.se\/da\/#website"},"datePublished":"2022-11-25T10:51:59+00:00","dateModified":"2025-01-29T14:27:11+00:00","description":"Prisma Daps Billede og video. Find interessant information, produktbilleder og videoer p\u00e5 Prisma Daps. Hvad leder du efter?","breadcrumb":{"@id":"https:\/\/www.prismatibro.se\/da\/prisma-daps-billede-og-video\/#breadcrumb"},"inLanguage":"da-DK","potentialAction":[{"@type":"ReadAction","target":["https:\/\/www.prismatibro.se\/da\/prisma-daps-billede-og-video\/"]}]},{"@type":"BreadcrumbList","@id":"https:\/\/www.prismatibro.se\/da\/prisma-daps-billede-og-video\/#breadcrumb","itemListElement":[{"@type":"ListItem","position":1,"name":"Hem","item":"https:\/\/www.prismatibro.se\/da\/"},{"@type":"ListItem","position":2,"name":"Prisma Daps Billede og Video"}]},{"@type":"WebSite","@id":"https:\/\/www.prismatibro.se\/da\/#website","url":"https:\/\/www.prismatibro.se\/da\/","name":"PrismaTibro Sweden","description":"Pedestrian Signal, \u00d6verg\u00e5ngssignal, D\u00f6rr\u00f6ppnare, Deflection Indikator, LED gatubelysning","publisher":{"@id":"https:\/\/www.prismatibro.se\/da\/#organization"},"potentialAction":[{"@type":"SearchAction","target":{"@type":"EntryPoint","urlTemplate":"https:\/\/www.prismatibro.se\/da\/?s={search_term_string}"},"query-input":{"@type":"PropertyValueSpecification","valueRequired":true,"valueName":"search_term_string"}}],"inLanguage":"da-DK"},{"@type":"Organization","@id":"https:\/\/www.prismatibro.se\/da\/#organization","name":"PrismaTibro","url":"https:\/\/www.prismatibro.se\/da\/","logo":{"@type":"ImageObject","inLanguage":"da-DK","@id":"https:\/\/www.prismatibro.se\/da\/#\/schema\/logo\/image\/","url":"https:\/\/www.prismatibro.se\/wp-content\/uploads\/2017\/08\/PrismaTibro_logo_207x52_170807-01@2x.png","contentUrl":"https:\/\/www.prismatibro.se\/wp-content\/uploads\/2017\/08\/PrismaTibro_logo_207x52_170807-01@2x.png","width":414,"height":104,"caption":"PrismaTibro"},"image":{"@id":"https:\/\/www.prismatibro.se\/da\/#\/schema\/logo\/image\/"},"sameAs":["https:\/\/www.linkedin.com\/company\/prismatibro"]}]}},"_links":{"self":[{"href":"https:\/\/www.prismatibro.se\/da\/wp-json\/wp\/v2\/pages\/45194","targetHints":{"allow":["GET"]}}],"collection":[{"href":"https:\/\/www.prismatibro.se\/da\/wp-json\/wp\/v2\/pages"}],"about":[{"href":"https:\/\/www.prismatibro.se\/da\/wp-json\/wp\/v2\/types\/page"}],"author":[{"embeddable":true,"href":"https:\/\/www.prismatibro.se\/da\/wp-json\/wp\/v2\/users\/18"}],"replies":[{"embeddable":true,"href":"https:\/\/www.prismatibro.se\/da\/wp-json\/wp\/v2\/comments?post=45194"}],"version-history":[{"count":5,"href":"https:\/\/www.prismatibro.se\/da\/wp-json\/wp\/v2\/pages\/45194\/revisions"}],"predecessor-version":[{"id":63826,"href":"https:\/\/www.prismatibro.se\/da\/wp-json\/wp\/v2\/pages\/45194\/revisions\/63826"}],"wp:attachment":[{"href":"https:\/\/www.prismatibro.se\/da\/wp-json\/wp\/v2\/media?parent=45194"}],"curies":[{"name":"wp","href":"https:\/\/api.w.org\/{rel}","templated":true}]}}