{"id":43785,"date":"2022-11-08T14:29:08","date_gmt":"2022-11-08T13:29:08","guid":{"rendered":"https:\/\/www.prismatibro.se\/prismatibro-logo\/"},"modified":"2024-07-09T16:26:07","modified_gmt":"2024-07-09T14:26:07","slug":"prismatibro-logo","status":"publish","type":"page","link":"https:\/\/www.prismatibro.se\/da\/prismatibro-logo\/","title":{"rendered":"PrismaTibro logo"},"content":{"rendered":"<div class=\"fusion-fullwidth fullwidth-box fusion-builder-row-1 fusion-flex-container hundred-percent-fullwidth non-hundred-percent-height-scrolling\" style=\"--awb-border-radius-top-left:0px;--awb-border-radius-top-right:0px;--awb-border-radius-bottom-right:0px;--awb-border-radius-bottom-left:0px;--awb-overflow:visible;--awb-flex-wrap:wrap;\" ><div class=\"fusion-builder-row fusion-row fusion-flex-align-items-flex-start fusion-flex-content-wrap\" style=\"width:104% !important;max-width:104% !important;margin-left: calc(-4% \/ 2 );margin-right: calc(-4% \/ 2 );\"><div class=\"fusion-layout-column fusion_builder_column fusion-builder-column-0 fusion_builder_column_1_3 1_3 fusion-flex-column\" style=\"--awb-bg-size:cover;--awb-width-large:33.333333333333%;--awb-margin-top-large:0px;--awb-spacing-right-large:3.84%;--awb-margin-bottom-large:20px;--awb-spacing-left-large:5.76%;--awb-width-medium:100%;--awb-spacing-right-medium:1.92%;--awb-spacing-left-medium:1.92%;--awb-width-small:100%;--awb-spacing-right-small:1.92%;--awb-spacing-left-small:1.92%;\"><div class=\"fusion-column-wrapper fusion-flex-justify-content-flex-start fusion-content-layout-column\"><div class=\"fusion-text fusion-text-1\"><h3>Logo til Office<\/h3>\n<p><strong>Gr\u00e5 baggrund viser att<br \/>\nbilledet er transparent.<\/strong><\/p>\n<p>Anvendelsesom\u00e5rder<br \/>\nUdskrifter, pdf-filer fra i t ex<br \/>\nWord, Excel, Powerpoint etc<br \/>\n<strong>Anvendes ikke til<\/strong><br \/>\nTrykproduktion, se formular<\/p>\n<p><strong>St\u00f8rrelse<\/strong>\u00a01024 x 180\u00a0pixles<br \/>\n<strong>Filformat<\/strong> .png, transparent<br \/>\n<strong>KLIK p\u00e5 billedet<br \/>\n<\/strong>s\u00e5 \u00e5bnes billedet i egen<br \/>\nmappe \u2013 h\u00f8jreklik og<br \/>\ngem p\u00e5 s\u00e6dvanlig plads.<\/p>\n<\/div><\/div><\/div><div class=\"fusion-layout-column fusion_builder_column fusion-builder-column-1 fusion_builder_column_2_3 2_3 fusion-flex-column\" style=\"--awb-bg-color:#e0e0e0;--awb-bg-color-hover:#e0e0e0;--awb-bg-size:cover;--awb-width-large:66.666666666667%;--awb-margin-top-large:0px;--awb-spacing-right-large:2.88%;--awb-margin-bottom-large:20px;--awb-spacing-left-large:3.84%;--awb-width-medium:100%;--awb-spacing-right-medium:1.92%;--awb-spacing-left-medium:1.92%;--awb-width-small:100%;--awb-spacing-right-small:1.92%;--awb-spacing-left-small:1.92%;\"><div class=\"fusion-column-wrapper fusion-flex-justify-content-flex-start fusion-content-layout-column\"><div class=\"fusion-image-element \" style=\"--awb-caption-title-font-family:var(--h2_typography-font-family);--awb-caption-title-font-weight:var(--h2_typography-font-weight);--awb-caption-title-font-style:var(--h2_typography-font-style);--awb-caption-title-size:var(--h2_typography-font-size);--awb-caption-title-transform:var(--h2_typography-text-transform);--awb-caption-title-line-height:var(--h2_typography-line-height);--awb-caption-title-letter-spacing:var(--h2_typography-letter-spacing);\"><span class=\" fusion-imageframe imageframe-none imageframe-1 hover-type-none fusion-animated\" data-animationType=\"bounceInDown\" data-animationDuration=\"0.1\" data-animationOffset=\"top-into-view\"><a class=\"fusion-no-lightbox\" href=\"https:\/\/www.prismatibro.se\/wp-content\/uploads\/2015\/09\/PrismaTibro-Side_RGB_1024x257p_170804.png\" target=\"_blank\" aria-label=\"PrismaTibro-Side_RGB_1024x257p_170804\" rel=\"noopener noreferrer\"><img decoding=\"async\" width=\"1024\" height=\"257\" alt=\"PrismaTibro Logo Blue\" src=\"https:\/\/www.prismatibro.se\/wp-content\/uploads\/2015\/09\/PrismaTibro-Side_RGB_1024x257p_170804.png\" data-orig-src=\"https:\/\/www.prismatibro.se\/wp-content\/uploads\/2015\/09\/PrismaTibro-Side_RGB_1024x257p_170804.png\" class=\"lazyload img-responsive wp-image-21690\" srcset=\"data:image\/svg+xml,%3Csvg%20xmlns%3D%27http%3A%2F%2Fwww.w3.org%2F2000%2Fsvg%27%20width%3D%271024%27%20height%3D%27257%27%20viewBox%3D%270%200%201024%20257%27%3E%3Crect%20width%3D%271024%27%20height%3D%27257%27%20fill-opacity%3D%220%22%2F%3E%3C%2Fsvg%3E\" data-srcset=\"https:\/\/www.prismatibro.se\/wp-content\/uploads\/2015\/09\/PrismaTibro-Side_RGB_1024x257p_170804-200x50.png 200w, https:\/\/www.prismatibro.se\/wp-content\/uploads\/2015\/09\/PrismaTibro-Side_RGB_1024x257p_170804-400x100.png 400w, https:\/\/www.prismatibro.se\/wp-content\/uploads\/2015\/09\/PrismaTibro-Side_RGB_1024x257p_170804-600x151.png 600w, https:\/\/www.prismatibro.se\/wp-content\/uploads\/2015\/09\/PrismaTibro-Side_RGB_1024x257p_170804-800x201.png 800w, https:\/\/www.prismatibro.se\/wp-content\/uploads\/2015\/09\/PrismaTibro-Side_RGB_1024x257p_170804.png 1024w\" data-sizes=\"auto\" data-orig-sizes=\"(max-width: 1024px) 100vw, (max-width: 640px) 100vw, 1024px\" \/><\/a><\/span><\/div><div class=\"fusion-image-element \" style=\"--awb-caption-title-font-family:var(--h2_typography-font-family);--awb-caption-title-font-weight:var(--h2_typography-font-weight);--awb-caption-title-font-style:var(--h2_typography-font-style);--awb-caption-title-size:var(--h2_typography-font-size);--awb-caption-title-transform:var(--h2_typography-text-transform);--awb-caption-title-line-height:var(--h2_typography-line-height);--awb-caption-title-letter-spacing:var(--h2_typography-letter-spacing);\"><span class=\" fusion-imageframe imageframe-none imageframe-2 hover-type-none\"><a class=\"fusion-no-lightbox\" href=\"https:\/\/www.prismatibro.se\/wp-content\/uploads\/2015\/09\/PrismaTibro-Side_Black_1024x257p_170804.png\" target=\"_blank\" aria-label=\"PrismaTibro-Side_Black_1024x257p_170804\" rel=\"noopener noreferrer\"><img decoding=\"async\" width=\"1024\" height=\"257\" alt=\"PrismaTibro Logo Black\" src=\"https:\/\/www.prismatibro.se\/wp-content\/uploads\/2015\/09\/PrismaTibro-Side_Black_1024x257p_170804.png\" data-orig-src=\"https:\/\/www.prismatibro.se\/wp-content\/uploads\/2015\/09\/PrismaTibro-Side_Black_1024x257p_170804.png\" class=\"lazyload img-responsive wp-image-21688\" srcset=\"data:image\/svg+xml,%3Csvg%20xmlns%3D%27http%3A%2F%2Fwww.w3.org%2F2000%2Fsvg%27%20width%3D%271024%27%20height%3D%27257%27%20viewBox%3D%270%200%201024%20257%27%3E%3Crect%20width%3D%271024%27%20height%3D%27257%27%20fill-opacity%3D%220%22%2F%3E%3C%2Fsvg%3E\" data-srcset=\"https:\/\/www.prismatibro.se\/wp-content\/uploads\/2015\/09\/PrismaTibro-Side_Black_1024x257p_170804-200x50.png 200w, https:\/\/www.prismatibro.se\/wp-content\/uploads\/2015\/09\/PrismaTibro-Side_Black_1024x257p_170804-400x100.png 400w, https:\/\/www.prismatibro.se\/wp-content\/uploads\/2015\/09\/PrismaTibro-Side_Black_1024x257p_170804-600x151.png 600w, https:\/\/www.prismatibro.se\/wp-content\/uploads\/2015\/09\/PrismaTibro-Side_Black_1024x257p_170804-800x201.png 800w, https:\/\/www.prismatibro.se\/wp-content\/uploads\/2015\/09\/PrismaTibro-Side_Black_1024x257p_170804.png 1024w\" data-sizes=\"auto\" data-orig-sizes=\"(max-width: 1024px) 100vw, (max-width: 640px) 100vw, 1024px\" \/><\/a><\/span><\/div><div class=\"fusion-image-element \" style=\"--awb-caption-title-font-family:var(--h2_typography-font-family);--awb-caption-title-font-weight:var(--h2_typography-font-weight);--awb-caption-title-font-style:var(--h2_typography-font-style);--awb-caption-title-size:var(--h2_typography-font-size);--awb-caption-title-transform:var(--h2_typography-text-transform);--awb-caption-title-line-height:var(--h2_typography-line-height);--awb-caption-title-letter-spacing:var(--h2_typography-letter-spacing);\"><span class=\" fusion-imageframe imageframe-none imageframe-3 hover-type-none fusion-animated\" data-animationType=\"bounceInDown\" data-animationDuration=\"0.1\" data-animationOffset=\"top-into-view\"><a class=\"fusion-no-lightbox\" href=\"https:\/\/www.prismatibro.se\/wp-content\/uploads\/2015\/09\/PrismaTibro-Side_White_1024x257p_170804.png\" target=\"_blank\" aria-label=\"PrismaTibro-Side_White_1024x257p_170804\" rel=\"noopener noreferrer\"><img decoding=\"async\" width=\"1024\" height=\"257\" alt=\"PrismaTibro Logo White\" src=\"https:\/\/www.prismatibro.se\/wp-content\/uploads\/2015\/09\/PrismaTibro-Side_White_1024x257p_170804.png\" data-orig-src=\"https:\/\/www.prismatibro.se\/wp-content\/uploads\/2015\/09\/PrismaTibro-Side_White_1024x257p_170804.png\" class=\"lazyload img-responsive wp-image-21686\" srcset=\"data:image\/svg+xml,%3Csvg%20xmlns%3D%27http%3A%2F%2Fwww.w3.org%2F2000%2Fsvg%27%20width%3D%271024%27%20height%3D%27257%27%20viewBox%3D%270%200%201024%20257%27%3E%3Crect%20width%3D%271024%27%20height%3D%27257%27%20fill-opacity%3D%220%22%2F%3E%3C%2Fsvg%3E\" data-srcset=\"https:\/\/www.prismatibro.se\/wp-content\/uploads\/2015\/09\/PrismaTibro-Side_White_1024x257p_170804-200x50.png 200w, https:\/\/www.prismatibro.se\/wp-content\/uploads\/2015\/09\/PrismaTibro-Side_White_1024x257p_170804-400x100.png 400w, https:\/\/www.prismatibro.se\/wp-content\/uploads\/2015\/09\/PrismaTibro-Side_White_1024x257p_170804-600x151.png 600w, https:\/\/www.prismatibro.se\/wp-content\/uploads\/2015\/09\/PrismaTibro-Side_White_1024x257p_170804-800x201.png 800w, https:\/\/www.prismatibro.se\/wp-content\/uploads\/2015\/09\/PrismaTibro-Side_White_1024x257p_170804.png 1024w\" data-sizes=\"auto\" data-orig-sizes=\"(max-width: 1024px) 100vw, (max-width: 640px) 100vw, 1024px\" \/><\/a><\/span><\/div><\/div><\/div><div class=\"fusion-layout-column fusion_builder_column fusion-builder-column-2 fusion_builder_column_1_1 1_1 fusion-flex-column fusion-flex-align-self-flex-start fusion-column-no-min-height\" style=\"--awb-bg-size:cover;--awb-width-large:100%;--awb-margin-top-large:0px;--awb-spacing-right-large:1.92%;--awb-margin-bottom-large:0px;--awb-spacing-left-large:1.92%;--awb-width-medium:100%;--awb-spacing-right-medium:1.92%;--awb-spacing-left-medium:1.92%;--awb-width-small:100%;--awb-spacing-right-small:1.92%;--awb-spacing-left-small:1.92%;\"><div class=\"fusion-column-wrapper fusion-flex-justify-content-flex-start fusion-content-layout-column\"><div class=\"fusion-separator fusion-full-width-sep\" style=\"align-self: center;margin-left: auto;margin-right: auto;margin-top:0px;margin-bottom:10px;width:100%;\"><div class=\"fusion-separator-border sep-single sep-dotted\" style=\"--awb-height:20px;--awb-amount:20px;--awb-sep-color:#000000;border-color:#000000;border-top-width:1px;\"><\/div><\/div><\/div><\/div><div class=\"fusion-layout-column fusion_builder_column fusion-builder-column-3 fusion_builder_column_1_3 1_3 fusion-flex-column\" style=\"--awb-bg-size:cover;--awb-width-large:33.333333333333%;--awb-margin-top-large:0px;--awb-spacing-right-large:3.84%;--awb-margin-bottom-large:20px;--awb-spacing-left-large:5.76%;--awb-width-medium:100%;--awb-spacing-right-medium:1.92%;--awb-spacing-left-medium:1.92%;--awb-width-small:100%;--awb-spacing-right-small:1.92%;--awb-spacing-left-small:1.92%;\"><div class=\"fusion-column-wrapper fusion-flex-justify-content-flex-start fusion-content-layout-column\"><div class=\"fusion-text fusion-text-2\"><p><strong>St\u00f8rrelsee<\/strong>\u00a01024 x 180\u00a0pixels<br \/>\n<strong>Filformat<\/strong>\u00a0.jpg<br \/>\n<strong>KLIK p\u00e5 billedet<\/strong><br \/>\ns\u00e5 \u00e5bnes billedet i egen<br \/>\nmappe \u2013 h\u00f8jreklik og<br \/>\ngem p\u00e5 valgfri plads.<\/p>\n<\/div><\/div><\/div><div class=\"fusion-layout-column fusion_builder_column fusion-builder-column-4 fusion_builder_column_2_3 2_3 fusion-flex-column\" style=\"--awb-bg-color:#e0e0e0;--awb-bg-color-hover:#e0e0e0;--awb-bg-size:cover;--awb-width-large:66.666666666667%;--awb-margin-top-large:0px;--awb-spacing-right-large:2.88%;--awb-margin-bottom-large:20px;--awb-spacing-left-large:3.84%;--awb-width-medium:100%;--awb-spacing-right-medium:1.92%;--awb-spacing-left-medium:1.92%;--awb-width-small:100%;--awb-spacing-right-small:1.92%;--awb-spacing-left-small:1.92%;\"><div class=\"fusion-column-wrapper fusion-flex-justify-content-flex-start fusion-content-layout-column\"><div class=\"fusion-image-element \" style=\"--awb-caption-title-font-family:var(--h2_typography-font-family);--awb-caption-title-font-weight:var(--h2_typography-font-weight);--awb-caption-title-font-style:var(--h2_typography-font-style);--awb-caption-title-size:var(--h2_typography-font-size);--awb-caption-title-transform:var(--h2_typography-text-transform);--awb-caption-title-line-height:var(--h2_typography-line-height);--awb-caption-title-letter-spacing:var(--h2_typography-letter-spacing);\"><span class=\" fusion-imageframe imageframe-none imageframe-4 hover-type-none\"><a class=\"fusion-no-lightbox\" href=\"https:\/\/www.prismatibro.se\/wp-content\/uploads\/2015\/09\/PrismaTibro-Side_RGB_1024x257p_170804.jpg\" target=\"_blank\" aria-label=\"PrismaTibro-Side_RGB_1024x257p_170804\" rel=\"noopener noreferrer\"><img decoding=\"async\" width=\"1024\" height=\"257\" src=\"https:\/\/www.prismatibro.se\/wp-content\/uploads\/2015\/09\/PrismaTibro-Side_RGB_1024x257p_170804.jpg\" data-orig-src=\"https:\/\/www.prismatibro.se\/wp-content\/uploads\/2015\/09\/PrismaTibro-Side_RGB_1024x257p_170804.jpg\" alt class=\"lazyload img-responsive wp-image-21692\" srcset=\"data:image\/svg+xml,%3Csvg%20xmlns%3D%27http%3A%2F%2Fwww.w3.org%2F2000%2Fsvg%27%20width%3D%271024%27%20height%3D%27257%27%20viewBox%3D%270%200%201024%20257%27%3E%3Crect%20width%3D%271024%27%20height%3D%27257%27%20fill-opacity%3D%220%22%2F%3E%3C%2Fsvg%3E\" data-srcset=\"https:\/\/www.prismatibro.se\/wp-content\/uploads\/2015\/09\/PrismaTibro-Side_RGB_1024x257p_170804-200x50.jpg 200w, https:\/\/www.prismatibro.se\/wp-content\/uploads\/2015\/09\/PrismaTibro-Side_RGB_1024x257p_170804-400x100.jpg 400w, https:\/\/www.prismatibro.se\/wp-content\/uploads\/2015\/09\/PrismaTibro-Side_RGB_1024x257p_170804-600x151.jpg 600w, https:\/\/www.prismatibro.se\/wp-content\/uploads\/2015\/09\/PrismaTibro-Side_RGB_1024x257p_170804-800x201.jpg 800w, https:\/\/www.prismatibro.se\/wp-content\/uploads\/2015\/09\/PrismaTibro-Side_RGB_1024x257p_170804.jpg 1024w\" data-sizes=\"auto\" data-orig-sizes=\"(max-width: 1024px) 100vw, (max-width: 640px) 100vw, 1024px\" \/><\/a><\/span><\/div><div class=\"fusion-image-element \" style=\"--awb-caption-title-font-family:var(--h2_typography-font-family);--awb-caption-title-font-weight:var(--h2_typography-font-weight);--awb-caption-title-font-style:var(--h2_typography-font-style);--awb-caption-title-size:var(--h2_typography-font-size);--awb-caption-title-transform:var(--h2_typography-text-transform);--awb-caption-title-line-height:var(--h2_typography-line-height);--awb-caption-title-letter-spacing:var(--h2_typography-letter-spacing);\"><span class=\" fusion-imageframe imageframe-none imageframe-5 hover-type-none\"><a class=\"fusion-no-lightbox\" href=\"https:\/\/www.prismatibro.se\/wp-content\/uploads\/2021\/12\/PrismaTibro-Side_Black_1023x256p_211213-01.jpg\" target=\"_blank\" aria-label=\"PrismaTibro-Side_Black_1023x256p_211213-01\" rel=\"noopener noreferrer\"><img decoding=\"async\" width=\"1023\" height=\"256\" src=\"https:\/\/www.prismatibro.se\/wp-content\/uploads\/2021\/12\/PrismaTibro-Side_Black_1023x256p_211213-01.jpg\" data-orig-src=\"https:\/\/www.prismatibro.se\/wp-content\/uploads\/2021\/12\/PrismaTibro-Side_Black_1023x256p_211213-01.jpg\" alt class=\"lazyload img-responsive wp-image-36588\" srcset=\"data:image\/svg+xml,%3Csvg%20xmlns%3D%27http%3A%2F%2Fwww.w3.org%2F2000%2Fsvg%27%20width%3D%271023%27%20height%3D%27256%27%20viewBox%3D%270%200%201023%20256%27%3E%3Crect%20width%3D%271023%27%20height%3D%27256%27%20fill-opacity%3D%220%22%2F%3E%3C%2Fsvg%3E\" data-srcset=\"https:\/\/www.prismatibro.se\/wp-content\/uploads\/2021\/12\/PrismaTibro-Side_Black_1023x256p_211213-01-200x50.jpg 200w, https:\/\/www.prismatibro.se\/wp-content\/uploads\/2021\/12\/PrismaTibro-Side_Black_1023x256p_211213-01-400x100.jpg 400w, https:\/\/www.prismatibro.se\/wp-content\/uploads\/2021\/12\/PrismaTibro-Side_Black_1023x256p_211213-01-600x150.jpg 600w, https:\/\/www.prismatibro.se\/wp-content\/uploads\/2021\/12\/PrismaTibro-Side_Black_1023x256p_211213-01-800x200.jpg 800w, https:\/\/www.prismatibro.se\/wp-content\/uploads\/2021\/12\/PrismaTibro-Side_Black_1023x256p_211213-01.jpg 1023w\" data-sizes=\"auto\" data-orig-sizes=\"(max-width: 1024px) 100vw, (max-width: 640px) 100vw, 1023px\" \/><\/a><\/span><\/div><\/div><\/div><div class=\"fusion-layout-column fusion_builder_column fusion-builder-column-5 fusion_builder_column_1_1 1_1 fusion-flex-column fusion-flex-align-self-flex-start fusion-column-no-min-height\" style=\"--awb-bg-size:cover;--awb-width-large:100%;--awb-margin-top-large:0px;--awb-spacing-right-large:1.92%;--awb-margin-bottom-large:0px;--awb-spacing-left-large:1.92%;--awb-width-medium:100%;--awb-spacing-right-medium:1.92%;--awb-spacing-left-medium:1.92%;--awb-width-small:100%;--awb-spacing-right-small:1.92%;--awb-spacing-left-small:1.92%;\"><div class=\"fusion-column-wrapper fusion-flex-justify-content-flex-start fusion-content-layout-column\"><div class=\"fusion-separator fusion-full-width-sep\" style=\"align-self: center;margin-left: auto;margin-right: auto;margin-top:0px;margin-bottom:10px;width:100%;\"><div class=\"fusion-separator-border sep-single sep-dotted\" style=\"--awb-height:20px;--awb-amount:20px;--awb-sep-color:#000000;border-color:#000000;border-top-width:1px;\"><\/div><\/div><\/div><\/div><div class=\"fusion-layout-column fusion_builder_column fusion-builder-column-6 fusion_builder_column_1_3 1_3 fusion-flex-column\" style=\"--awb-bg-size:cover;--awb-width-large:33.333333333333%;--awb-margin-top-large:0px;--awb-spacing-right-large:3.84%;--awb-margin-bottom-large:20px;--awb-spacing-left-large:5.76%;--awb-width-medium:100%;--awb-spacing-right-medium:1.92%;--awb-spacing-left-medium:1.92%;--awb-width-small:100%;--awb-spacing-right-small:1.92%;--awb-spacing-left-small:1.92%;\"><div class=\"fusion-column-wrapper fusion-flex-justify-content-flex-start fusion-content-layout-column\"><div class=\"fusion-text fusion-text-3\"><h3>Logo for tryk<\/h3>\n<p>Anvend formularen her ved siden af for at f\u00e5<br \/>\ntadgang til \u00f8nsket filformat &#8211; f.eks:<br \/>\nIllustrator .ai\/.eps\/.pdf<strong><br \/>\n<\/strong><\/p>\n<\/div><\/div><\/div><div class=\"fusion-layout-column fusion_builder_column fusion-builder-column-7 fusion_builder_column_2_3 2_3 fusion-flex-column\" style=\"--awb-bg-size:cover;--awb-width-large:66.666666666667%;--awb-margin-top-large:0px;--awb-spacing-right-large:2.88%;--awb-margin-bottom-large:20px;--awb-spacing-left-large:3.84%;--awb-width-medium:100%;--awb-spacing-right-medium:1.92%;--awb-spacing-left-medium:1.92%;--awb-width-small:100%;--awb-spacing-right-small:1.92%;--awb-spacing-left-small:1.92%;\"><div class=\"fusion-column-wrapper fusion-flex-justify-content-flex-start fusion-content-layout-column\"><div class=\"fusion-text fusion-text-4\"><h3>Send mail til Mac<\/h3>\n<p>[contact-form-7 id=&#8221;4490&#8243;]<\/p>\n<\/div><\/div><\/div><\/div><\/div>\n","protected":false},"excerpt":{"rendered":"","protected":false},"author":18,"featured_media":0,"parent":0,"menu_order":0,"comment_status":"closed","ping_status":"closed","template":"","meta":{"footnotes":""},"class_list":["post-43785","page","type-page","status-publish","hentry"],"yoast_head":"<!-- This site is optimized with the Yoast SEO plugin v27.3 - https:\/\/yoast.com\/product\/yoast-seo-wordpress\/ -->\n<title>PrismaTibro logo | PrismaTibro<\/title>\n<meta name=\"description\" content=\"PrismaTibro logo. Gr\u00e5 baggrund viser att billedet er transparent. Anvendelsesom\u00e5rder: Udskrifter, pdf-filer fra i fx...\" \/>\n<meta name=\"robots\" content=\"index, follow, max-snippet:-1, max-image-preview:large, max-video-preview:-1\" \/>\n<link rel=\"canonical\" href=\"https:\/\/www.prismatibro.se\/da\/prismatibro-logo\/\" \/>\n<meta property=\"og:locale\" content=\"da_DK\" \/>\n<meta property=\"og:type\" content=\"article\" \/>\n<meta property=\"og:title\" content=\"PrismaTibro logo | PrismaTibro\" \/>\n<meta property=\"og:description\" content=\"PrismaTibro logo. Gr\u00e5 baggrund viser att billedet er transparent. Anvendelsesom\u00e5rder: Udskrifter, pdf-filer fra i fx...\" \/>\n<meta property=\"og:url\" content=\"https:\/\/www.prismatibro.se\/da\/prismatibro-logo\/\" \/>\n<meta property=\"og:site_name\" content=\"PrismaTibro\" \/>\n<meta property=\"article:modified_time\" content=\"2024-07-09T14:26:07+00:00\" \/>\n<meta name=\"twitter:card\" content=\"summary_large_image\" \/>\n<meta name=\"twitter:label1\" content=\"Estimeret l\u00e6setid\" \/>\n\t<meta name=\"twitter:data1\" content=\"2 minutter\" \/>\n<script type=\"application\/ld+json\" class=\"yoast-schema-graph\">{\"@context\":\"https:\\\/\\\/schema.org\",\"@graph\":[{\"@type\":\"WebPage\",\"@id\":\"https:\\\/\\\/www.prismatibro.se\\\/da\\\/prismatibro-logo\\\/\",\"url\":\"https:\\\/\\\/www.prismatibro.se\\\/da\\\/prismatibro-logo\\\/\",\"name\":\"PrismaTibro logo | PrismaTibro\",\"isPartOf\":{\"@id\":\"https:\\\/\\\/www.prismatibro.se\\\/da\\\/#website\"},\"datePublished\":\"2022-11-08T13:29:08+00:00\",\"dateModified\":\"2024-07-09T14:26:07+00:00\",\"description\":\"PrismaTibro logo. Gr\u00e5 baggrund viser att billedet er transparent. Anvendelsesom\u00e5rder: Udskrifter, pdf-filer fra i fx...\",\"breadcrumb\":{\"@id\":\"https:\\\/\\\/www.prismatibro.se\\\/da\\\/prismatibro-logo\\\/#breadcrumb\"},\"inLanguage\":\"da-DK\",\"potentialAction\":[{\"@type\":\"ReadAction\",\"target\":[\"https:\\\/\\\/www.prismatibro.se\\\/da\\\/prismatibro-logo\\\/\"]}]},{\"@type\":\"BreadcrumbList\",\"@id\":\"https:\\\/\\\/www.prismatibro.se\\\/da\\\/prismatibro-logo\\\/#breadcrumb\",\"itemListElement\":[{\"@type\":\"ListItem\",\"position\":1,\"name\":\"Hem\",\"item\":\"https:\\\/\\\/www.prismatibro.se\\\/da\\\/\"},{\"@type\":\"ListItem\",\"position\":2,\"name\":\"PrismaTibro logo\"}]},{\"@type\":\"WebSite\",\"@id\":\"https:\\\/\\\/www.prismatibro.se\\\/da\\\/#website\",\"url\":\"https:\\\/\\\/www.prismatibro.se\\\/da\\\/\",\"name\":\"PrismaTibro Sweden\",\"description\":\"Pedestrian Signal, \u00d6verg\u00e5ngssignal, D\u00f6rr\u00f6ppnare, Deflection Indikator, LED gatubelysning\",\"publisher\":{\"@id\":\"https:\\\/\\\/www.prismatibro.se\\\/da\\\/#organization\"},\"potentialAction\":[{\"@type\":\"SearchAction\",\"target\":{\"@type\":\"EntryPoint\",\"urlTemplate\":\"https:\\\/\\\/www.prismatibro.se\\\/da\\\/?s={search_term_string}\"},\"query-input\":{\"@type\":\"PropertyValueSpecification\",\"valueRequired\":true,\"valueName\":\"search_term_string\"}}],\"inLanguage\":\"da-DK\"},{\"@type\":\"Organization\",\"@id\":\"https:\\\/\\\/www.prismatibro.se\\\/da\\\/#organization\",\"name\":\"PrismaTibro\",\"url\":\"https:\\\/\\\/www.prismatibro.se\\\/da\\\/\",\"logo\":{\"@type\":\"ImageObject\",\"inLanguage\":\"da-DK\",\"@id\":\"https:\\\/\\\/www.prismatibro.se\\\/da\\\/#\\\/schema\\\/logo\\\/image\\\/\",\"url\":\"https:\\\/\\\/www.prismatibro.se\\\/wp-content\\\/uploads\\\/2017\\\/08\\\/PrismaTibro_logo_207x52_170807-01@2x.png\",\"contentUrl\":\"https:\\\/\\\/www.prismatibro.se\\\/wp-content\\\/uploads\\\/2017\\\/08\\\/PrismaTibro_logo_207x52_170807-01@2x.png\",\"width\":414,\"height\":104,\"caption\":\"PrismaTibro\"},\"image\":{\"@id\":\"https:\\\/\\\/www.prismatibro.se\\\/da\\\/#\\\/schema\\\/logo\\\/image\\\/\"},\"sameAs\":[\"https:\\\/\\\/www.linkedin.com\\\/company\\\/prismatibro\"]}]}<\/script>\n<!-- \/ Yoast SEO plugin. -->","yoast_head_json":{"title":"PrismaTibro logo | PrismaTibro","description":"PrismaTibro logo. Gr\u00e5 baggrund viser att billedet er transparent. Anvendelsesom\u00e5rder: Udskrifter, pdf-filer fra i fx...","robots":{"index":"index","follow":"follow","max-snippet":"max-snippet:-1","max-image-preview":"max-image-preview:large","max-video-preview":"max-video-preview:-1"},"canonical":"https:\/\/www.prismatibro.se\/da\/prismatibro-logo\/","og_locale":"da_DK","og_type":"article","og_title":"PrismaTibro logo | PrismaTibro","og_description":"PrismaTibro logo. Gr\u00e5 baggrund viser att billedet er transparent. Anvendelsesom\u00e5rder: Udskrifter, pdf-filer fra i fx...","og_url":"https:\/\/www.prismatibro.se\/da\/prismatibro-logo\/","og_site_name":"PrismaTibro","article_modified_time":"2024-07-09T14:26:07+00:00","twitter_card":"summary_large_image","twitter_misc":{"Estimeret l\u00e6setid":"2 minutter"},"schema":{"@context":"https:\/\/schema.org","@graph":[{"@type":"WebPage","@id":"https:\/\/www.prismatibro.se\/da\/prismatibro-logo\/","url":"https:\/\/www.prismatibro.se\/da\/prismatibro-logo\/","name":"PrismaTibro logo | PrismaTibro","isPartOf":{"@id":"https:\/\/www.prismatibro.se\/da\/#website"},"datePublished":"2022-11-08T13:29:08+00:00","dateModified":"2024-07-09T14:26:07+00:00","description":"PrismaTibro logo. Gr\u00e5 baggrund viser att billedet er transparent. Anvendelsesom\u00e5rder: Udskrifter, pdf-filer fra i fx...","breadcrumb":{"@id":"https:\/\/www.prismatibro.se\/da\/prismatibro-logo\/#breadcrumb"},"inLanguage":"da-DK","potentialAction":[{"@type":"ReadAction","target":["https:\/\/www.prismatibro.se\/da\/prismatibro-logo\/"]}]},{"@type":"BreadcrumbList","@id":"https:\/\/www.prismatibro.se\/da\/prismatibro-logo\/#breadcrumb","itemListElement":[{"@type":"ListItem","position":1,"name":"Hem","item":"https:\/\/www.prismatibro.se\/da\/"},{"@type":"ListItem","position":2,"name":"PrismaTibro logo"}]},{"@type":"WebSite","@id":"https:\/\/www.prismatibro.se\/da\/#website","url":"https:\/\/www.prismatibro.se\/da\/","name":"PrismaTibro Sweden","description":"Pedestrian Signal, \u00d6verg\u00e5ngssignal, D\u00f6rr\u00f6ppnare, Deflection Indikator, LED gatubelysning","publisher":{"@id":"https:\/\/www.prismatibro.se\/da\/#organization"},"potentialAction":[{"@type":"SearchAction","target":{"@type":"EntryPoint","urlTemplate":"https:\/\/www.prismatibro.se\/da\/?s={search_term_string}"},"query-input":{"@type":"PropertyValueSpecification","valueRequired":true,"valueName":"search_term_string"}}],"inLanguage":"da-DK"},{"@type":"Organization","@id":"https:\/\/www.prismatibro.se\/da\/#organization","name":"PrismaTibro","url":"https:\/\/www.prismatibro.se\/da\/","logo":{"@type":"ImageObject","inLanguage":"da-DK","@id":"https:\/\/www.prismatibro.se\/da\/#\/schema\/logo\/image\/","url":"https:\/\/www.prismatibro.se\/wp-content\/uploads\/2017\/08\/PrismaTibro_logo_207x52_170807-01@2x.png","contentUrl":"https:\/\/www.prismatibro.se\/wp-content\/uploads\/2017\/08\/PrismaTibro_logo_207x52_170807-01@2x.png","width":414,"height":104,"caption":"PrismaTibro"},"image":{"@id":"https:\/\/www.prismatibro.se\/da\/#\/schema\/logo\/image\/"},"sameAs":["https:\/\/www.linkedin.com\/company\/prismatibro"]}]}},"_links":{"self":[{"href":"https:\/\/www.prismatibro.se\/da\/wp-json\/wp\/v2\/pages\/43785","targetHints":{"allow":["GET"]}}],"collection":[{"href":"https:\/\/www.prismatibro.se\/da\/wp-json\/wp\/v2\/pages"}],"about":[{"href":"https:\/\/www.prismatibro.se\/da\/wp-json\/wp\/v2\/types\/page"}],"author":[{"embeddable":true,"href":"https:\/\/www.prismatibro.se\/da\/wp-json\/wp\/v2\/users\/18"}],"replies":[{"embeddable":true,"href":"https:\/\/www.prismatibro.se\/da\/wp-json\/wp\/v2\/comments?post=43785"}],"version-history":[{"count":4,"href":"https:\/\/www.prismatibro.se\/da\/wp-json\/wp\/v2\/pages\/43785\/revisions"}],"predecessor-version":[{"id":52334,"href":"https:\/\/www.prismatibro.se\/da\/wp-json\/wp\/v2\/pages\/43785\/revisions\/52334"}],"wp:attachment":[{"href":"https:\/\/www.prismatibro.se\/da\/wp-json\/wp\/v2\/media?parent=43785"}],"curies":[{"name":"wp","href":"https:\/\/api.w.org\/{rel}","templated":true}]}}