{"id":39774,"date":"2022-08-31T13:37:55","date_gmt":"2022-08-31T11:37:55","guid":{"rendered":"https:\/\/www.prismatibro.se\/prisma-di-sammenlign-modeller\/"},"modified":"2024-05-24T14:26:16","modified_gmt":"2024-05-24T12:26:16","slug":"prisma-di-sammenlign-modeller","status":"publish","type":"page","link":"https:\/\/www.prismatibro.se\/da\/prisma-di-sammenlign-modeller\/","title":{"rendered":"Prisma DI Sammenlign modeller"},"content":{"rendered":"<div class=\"fusion-fullwidth fullwidth-box fusion-builder-row-1 fusion-flex-container nonhundred-percent-fullwidth non-hundred-percent-height-scrolling\" style=\"--awb-border-radius-top-left:0px;--awb-border-radius-top-right:0px;--awb-border-radius-bottom-right:0px;--awb-border-radius-bottom-left:0px;--awb-flex-wrap:wrap;\" ><div class=\"fusion-builder-row fusion-row fusion-flex-align-items-flex-start fusion-flex-content-wrap\" style=\"max-width:1996.8px;margin-left: calc(-4% \/ 2 );margin-right: calc(-4% \/ 2 );\"><div class=\"fusion-layout-column fusion_builder_column fusion-builder-column-0 fusion_builder_column_1_1 1_1 fusion-flex-column\" style=\"--awb-bg-size:cover;--awb-width-large:100%;--awb-margin-top-large:0px;--awb-spacing-right-large:1.92%;--awb-margin-bottom-large:20px;--awb-spacing-left-large:1.92%;--awb-width-medium:100%;--awb-spacing-right-medium:1.92%;--awb-spacing-left-medium:1.92%;--awb-width-small:100%;--awb-spacing-right-small:1.92%;--awb-spacing-left-small:1.92%;\"><div class=\"fusion-column-wrapper fusion-flex-justify-content-flex-start fusion-content-layout-column\"><div class=\"fusion-text fusion-text-1\"><h1>Sammenlign modeller<\/h1>\n<\/div>\n<div class=\"table-2\">\n<table width=\"100%\">\n<thead>\n<tr>\n<th align=\"left\"><\/th>\n<th align=\"left\"><img decoding=\"async\" class=\"lazyload alignleft wp-image-22838 size-full\" src=\"https:\/\/www.prismatibro.se\/wp-content\/uploads\/2018\/08\/Prisma-DI-5C_200x200_180809-01.png\" data-orig-src=\"https:\/\/www.prismatibro.se\/wp-content\/uploads\/2018\/08\/Prisma-DI-5C_200x200_180809-01.png\" alt=\"Prisma DI-5C\" width=\"200\" height=\"200\" srcset=\"data:image\/svg+xml,%3Csvg%20xmlns%3D%27http%3A%2F%2Fwww.w3.org%2F2000%2Fsvg%27%20width%3D%27200%27%20height%3D%27200%27%20viewBox%3D%270%200%20200%20200%27%3E%3Crect%20width%3D%27200%27%20height%3D%27200%27%20fill-opacity%3D%220%22%2F%3E%3C%2Fsvg%3E\" data-srcset=\"https:\/\/www.prismatibro.se\/wp-content\/uploads\/2018\/08\/Prisma-DI-5C_200x200_180809-01-66x66.png 66w, https:\/\/www.prismatibro.se\/wp-content\/uploads\/2018\/08\/Prisma-DI-5C_200x200_180809-01.png 200w\" data-sizes=\"auto\" data-orig-sizes=\"(max-width: 200px) 100vw, 200px\" \/><br \/>\nPrisma DI-5C<\/th>\n<th align=\"left\"><img decoding=\"async\" class=\"lazyload alignleft wp-image-22838 size-full\" src=\"https:\/\/www.prismatibro.se\/wp-content\/uploads\/2018\/08\/Prisma-DI-5C_200x200_180809-01.png\" data-orig-src=\"https:\/\/www.prismatibro.se\/wp-content\/uploads\/2018\/08\/Prisma-DI-5C_200x200_180809-01.png\" alt=\"Prisma DI-5C\" width=\"200\" height=\"200\" srcset=\"data:image\/svg+xml,%3Csvg%20xmlns%3D%27http%3A%2F%2Fwww.w3.org%2F2000%2Fsvg%27%20width%3D%27200%27%20height%3D%27200%27%20viewBox%3D%270%200%20200%20200%27%3E%3Crect%20width%3D%27200%27%20height%3D%27200%27%20fill-opacity%3D%220%22%2F%3E%3C%2Fsvg%3E\" data-srcset=\"https:\/\/www.prismatibro.se\/wp-content\/uploads\/2018\/08\/Prisma-DI-5C_200x200_180809-01-66x66.png 66w, https:\/\/www.prismatibro.se\/wp-content\/uploads\/2018\/08\/Prisma-DI-5C_200x200_180809-01.png 200w\" data-sizes=\"auto\" data-orig-sizes=\"(max-width: 200px) 100vw, 200px\" \/><br \/>\nPrisma DI-5C<br \/>\nSmall<\/th>\n<th align=\"left\"><img decoding=\"async\" class=\"lazyload alignleft wp-image-22835 size-full\" src=\"https:\/\/www.prismatibro.se\/wp-content\/uploads\/2018\/08\/Prisma-DI-5_200x200_180809-01.png\" data-orig-src=\"https:\/\/www.prismatibro.se\/wp-content\/uploads\/2018\/08\/Prisma-DI-5_200x200_180809-01.png\" alt=\"Prisma DI-5\" width=\"200\" height=\"200\" srcset=\"data:image\/svg+xml,%3Csvg%20xmlns%3D%27http%3A%2F%2Fwww.w3.org%2F2000%2Fsvg%27%20width%3D%27200%27%20height%3D%27200%27%20viewBox%3D%270%200%20200%20200%27%3E%3Crect%20width%3D%27200%27%20height%3D%27200%27%20fill-opacity%3D%220%22%2F%3E%3C%2Fsvg%3E\" data-srcset=\"https:\/\/www.prismatibro.se\/wp-content\/uploads\/2018\/08\/Prisma-DI-5_200x200_180809-01-66x66.png 66w, https:\/\/www.prismatibro.se\/wp-content\/uploads\/2018\/08\/Prisma-DI-5_200x200_180809-01.png 200w\" data-sizes=\"auto\" data-orig-sizes=\"(max-width: 200px) 100vw, 200px\" \/><br \/>\nPrisma DI-5<\/th>\n<th align=\"left\"><img decoding=\"async\" class=\"lazyload alignleft wp-image-22835 size-full\" src=\"https:\/\/www.prismatibro.se\/wp-content\/uploads\/2018\/08\/Prisma-DI-5_200x200_180809-01.png\" data-orig-src=\"https:\/\/www.prismatibro.se\/wp-content\/uploads\/2018\/08\/Prisma-DI-5_200x200_180809-01.png\" alt=\"Prisma DI-5\" width=\"200\" height=\"200\" srcset=\"data:image\/svg+xml,%3Csvg%20xmlns%3D%27http%3A%2F%2Fwww.w3.org%2F2000%2Fsvg%27%20width%3D%27200%27%20height%3D%27200%27%20viewBox%3D%270%200%20200%20200%27%3E%3Crect%20width%3D%27200%27%20height%3D%27200%27%20fill-opacity%3D%220%22%2F%3E%3C%2Fsvg%3E\" data-srcset=\"https:\/\/www.prismatibro.se\/wp-content\/uploads\/2018\/08\/Prisma-DI-5_200x200_180809-01-66x66.png 66w, https:\/\/www.prismatibro.se\/wp-content\/uploads\/2018\/08\/Prisma-DI-5_200x200_180809-01.png 200w\" data-sizes=\"auto\" data-orig-sizes=\"(max-width: 200px) 100vw, 200px\" \/><br \/>\nPrisma DI-5<br \/>\nSmall<\/th>\n<\/tr>\n<\/thead>\n<tbody>\n<tr>\n<td align=\"left\"><strong>F\u00f8ler<\/strong><\/td>\n<td align=\"left\">89 mm<\/td>\n<td align=\"left\">60 mm<\/td>\n<td align=\"left\">89 mm<\/td>\n<td align=\"left\">60 mm<\/td>\n<\/tr>\n<tr>\n<td align=\"left\"><strong>Hukommelse &amp; overf\u00f8ring<br \/>\ntil Windows-PC<\/strong><\/td>\n<td align=\"left\">Ja<\/td>\n<td align=\"left\">Ja<\/td>\n<td align=\"left\">Nej<\/td>\n<td align=\"left\">Nej<\/td>\n<\/tr>\n<tr>\n<td align=\"left\"><strong>Eksport til Excel<\/strong><\/td>\n<td align=\"left\">Ja<\/td>\n<td align=\"left\">Ja<\/td>\n<td align=\"left\">Nej<\/td>\n<td align=\"left\">Nej<\/td>\n<\/tr>\n<tr>\n<td align=\"left\"><strong>M\u00e5leafstand<\/strong><\/td>\n<td align=\"left\">89-565 mm<\/td>\n<td align=\"left\">60-536 mm<\/td>\n<td align=\"left\">89-565 mm<\/td>\n<td align=\"left\">60-536 mm<\/td>\n<\/tr>\n<tr>\n<td align=\"left\"><strong>M\u00e5leomr\u00e5de<\/strong><\/td>\n<td align=\"left\">+\/- 2.048 mm<\/td>\n<td align=\"left\">+\/- 1.000 mm<\/td>\n<td align=\"left\">+\/- 2.048 mm<\/td>\n<td align=\"left\">+\/- 1.000 mm<\/td>\n<\/tr>\n<tr>\n<td align=\"left\"><strong>Opl\u00f8sning<\/strong><\/td>\n<td align=\"left\">0.001 mm<\/td>\n<td align=\"left\">0.001 mm<\/td>\n<td align=\"left\">0.001 mm<\/td>\n<td align=\"left\">0.001 mm<\/td>\n<\/tr>\n<tr>\n<td align=\"left\"><strong> Nulbalanceinterval <\/strong><\/td>\n<td align=\"left\">+\/-2.048 mm<\/td>\n<td align=\"left\">+\/-1.000 mm<\/td>\n<td align=\"left\">+\/-2.048 mm<\/td>\n<td align=\"left\">+\/-1.000 mm<\/td>\n<\/tr>\n<tr>\n<td align=\"left\"><strong>Nul-drift<\/strong><\/td>\n<td align=\"left\">&lt;0.001 mm<br \/>\nunder 5 minuter<\/td>\n<td align=\"left\">&lt;0.001 mm<br \/>\nunder 5 minuter<\/td>\n<td align=\"left\">&lt;0.001 mm<br \/>\nunder 5 minuter<\/td>\n<td align=\"left\">&lt;0.001 mm<br \/>\nunder 5 minuter<\/td>\n<\/tr>\n<tr>\n<td align=\"left\"><strong>Driftstemperatur Instrument<\/strong><\/td>\n<td align=\"left\">0-55\u00b0C<br \/>\n32-130\u00b0F<\/td>\n<td align=\"left\">0-55\u00b0C<br \/>\n32-130\u00b0F<\/td>\n<td align=\"left\">0-55\u00b0C<br \/>\n32-130\u00b0F<\/td>\n<td align=\"left\">0-55\u00b0C<br \/>\n32-130\u00b0F<\/td>\n<\/tr>\n<tr>\n<td align=\"left\"><strong>Driftstemperatur f\u00f8lere<\/strong><\/td>\n<td align=\"left\">0-80\u00b0C<br \/>\n32-175\u00b0F<\/td>\n<td align=\"left\">0-80\u00b0C<br \/>\n32-175\u00b0F<\/td>\n<td align=\"left\">0-80\u00b0C<br \/>\n32-175\u00b0F<\/td>\n<td align=\"left\">0-80\u00b0C<br \/>\n32-175\u00b0F<\/td>\n<\/tr>\n<tr>\n<td align=\"left\"><strong>Batteri<\/strong><\/td>\n<td align=\"left\">3,6 V Litium-ion,<br \/>\ngenopladeligt<\/td>\n<td align=\"left\">3,6 V Litium-ion,<br \/>\ngenopladeligt<\/td>\n<td align=\"left\">3,6 V Litium-ion,<br \/>\ngenopladeligt<\/td>\n<td align=\"left\">3,6 V Litium-ion,<br \/>\ngenopladeligt<\/td>\n<\/tr>\n<tr>\n<td align=\"left\"><strong>Batteri, level\u00e6ngde<\/strong><\/td>\n<td align=\"left\">10 timer\/opladning,<br \/>\nlevetid 5 \u00e5r<\/td>\n<td align=\"left\">10 timer\/opladning,<br \/>\nlevetid 5 \u00e5r<\/td>\n<td align=\"left\">10 timer\/opladning,<br \/>\nlevetid 5 \u00e5r<\/td>\n<td align=\"left\">10 timer\/opladning,<br \/>\nlevetid 5 \u00e5r<\/td>\n<\/tr>\n<tr>\n<td align=\"left\"><strong>Forl\u00e6ngerst\u00e6nger<\/strong><\/td>\n<td align=\"left\">10, 20, 40, 80<br \/>\nog 2&#215;160 mm<\/td>\n<td align=\"left\">10, 20, 40, 80<br \/>\nog 2&#215;160 mm<\/td>\n<td align=\"left\">10, 20, 40, 80<br \/>\nog 2&#215;160 mm<\/td>\n<td align=\"left\">10, 20, 40, 80<br \/>\nog 2&#215;160 mm<\/td>\n<\/tr>\n<tr>\n<td align=\"left\"><strong>&#8220;Kabel&#8221;<\/strong><\/td>\n<td align=\"left\">7 meter<\/td>\n<td align=\"left\">7 meter<\/td>\n<td align=\"left\">7 meter<\/td>\n<td align=\"left\">7 meter<\/td>\n<\/tr>\n<tr>\n<td align=\"left\"><strong>V\u00e6gt<\/strong><\/td>\n<td align=\"left\">3.3 kg<\/td>\n<td align=\"left\">3.1 kg<\/td>\n<td align=\"left\">3.3 kg<\/td>\n<td align=\"left\">3.1 kg<\/td>\n<\/tr>\n<tr>\n<td align=\"left\"><strong>Dimensioner, mm<br \/>\nInstrument<br \/>\nF\u00f8lere<br \/>\nTaske<\/strong><\/td>\n<td align=\"left\">190 x 167 x 50<br \/>\n\u00d831 x 81<br \/>\n300 x 280 x 140<\/td>\n<td align=\"left\">190 x 167 x 50<br \/>\n\u00d822 x 56<br \/>\n300 x 280 x 140<\/td>\n<td align=\"left\">190 x 167 x 50<br \/>\n\u00d831 x 81<br \/>\n300 x 280 x 140<\/td>\n<td align=\"left\">190 x 167 x 50<br \/>\n\u00d822 x 56<br \/>\n300 x 280 x 140<\/td>\n<\/tr>\n<\/tbody>\n<\/table>\n<\/div>\n<\/div><\/div><\/div><\/div>\n","protected":false},"excerpt":{"rendered":"","protected":false},"author":18,"featured_media":40401,"parent":0,"menu_order":0,"comment_status":"closed","ping_status":"closed","template":"","meta":{"footnotes":""},"class_list":["post-39774","page","type-page","status-publish","has-post-thumbnail","hentry"],"yoast_head":"<!-- This site is optimized with the Yoast SEO plugin v27.5 - https:\/\/yoast.com\/product\/yoast-seo-wordpress\/ -->\n<title>Prisma DI Sammenlign modeller | PrismaTibro<\/title>\n<meta name=\"description\" content=\"Prisma DI Sammenlign modeller. Prisma DI-5C eller Prisma DI-5? Sammenligne modellerne med tabellen og finde den rigtige for dig.\" \/>\n<meta name=\"robots\" content=\"index, follow, max-snippet:-1, max-image-preview:large, max-video-preview:-1\" \/>\n<link rel=\"canonical\" href=\"https:\/\/www.prismatibro.se\/da\/prisma-di-sammenlign-modeller\/\" \/>\n<meta property=\"og:locale\" content=\"da_DK\" \/>\n<meta property=\"og:type\" content=\"article\" \/>\n<meta property=\"og:title\" content=\"Prisma DI Sammenlign modeller | PrismaTibro\" \/>\n<meta property=\"og:description\" content=\"Prisma DI Sammenlign modeller. Prisma DI-5C eller Prisma DI-5? Sammenligne modellerne med tabellen og finde den rigtige for dig.\" \/>\n<meta property=\"og:url\" content=\"https:\/\/www.prismatibro.se\/da\/prisma-di-sammenlign-modeller\/\" \/>\n<meta property=\"og:site_name\" content=\"PrismaTibro\" \/>\n<meta property=\"article:modified_time\" content=\"2024-05-24T12:26:16+00:00\" \/>\n<meta property=\"og:image\" content=\"https:\/\/www.prismatibro.se\/wp-content\/uploads\/2022\/09\/Prisma-DI_Energibesparing_500x281_220924-01.jpg\" \/>\n\t<meta property=\"og:image:width\" content=\"1530\" \/>\n\t<meta property=\"og:image:height\" content=\"860\" \/>\n\t<meta property=\"og:image:type\" content=\"image\/jpeg\" \/>\n<meta name=\"twitter:card\" content=\"summary_large_image\" \/>\n<meta name=\"twitter:label1\" content=\"Estimeret l\u00e6setid\" \/>\n\t<meta name=\"twitter:data1\" content=\"3 minutter\" \/>\n<script type=\"application\/ld+json\" class=\"yoast-schema-graph\">{\"@context\":\"https:\\\/\\\/schema.org\",\"@graph\":[{\"@type\":\"WebPage\",\"@id\":\"https:\\\/\\\/www.prismatibro.se\\\/da\\\/prisma-di-sammenlign-modeller\\\/\",\"url\":\"https:\\\/\\\/www.prismatibro.se\\\/da\\\/prisma-di-sammenlign-modeller\\\/\",\"name\":\"Prisma DI Sammenlign modeller | PrismaTibro\",\"isPartOf\":{\"@id\":\"https:\\\/\\\/www.prismatibro.se\\\/da\\\/#website\"},\"primaryImageOfPage\":{\"@id\":\"https:\\\/\\\/www.prismatibro.se\\\/da\\\/prisma-di-sammenlign-modeller\\\/#primaryimage\"},\"image\":{\"@id\":\"https:\\\/\\\/www.prismatibro.se\\\/da\\\/prisma-di-sammenlign-modeller\\\/#primaryimage\"},\"thumbnailUrl\":\"https:\\\/\\\/www.prismatibro.se\\\/wp-content\\\/uploads\\\/2022\\\/09\\\/Prisma-DI_Energibesparing_500x281_220924-01.jpg\",\"datePublished\":\"2022-08-31T11:37:55+00:00\",\"dateModified\":\"2024-05-24T12:26:16+00:00\",\"description\":\"Prisma DI Sammenlign modeller. Prisma DI-5C eller Prisma DI-5? Sammenligne modellerne med tabellen og finde den rigtige for dig.\",\"breadcrumb\":{\"@id\":\"https:\\\/\\\/www.prismatibro.se\\\/da\\\/prisma-di-sammenlign-modeller\\\/#breadcrumb\"},\"inLanguage\":\"da-DK\",\"potentialAction\":[{\"@type\":\"ReadAction\",\"target\":[\"https:\\\/\\\/www.prismatibro.se\\\/da\\\/prisma-di-sammenlign-modeller\\\/\"]}]},{\"@type\":\"ImageObject\",\"inLanguage\":\"da-DK\",\"@id\":\"https:\\\/\\\/www.prismatibro.se\\\/da\\\/prisma-di-sammenlign-modeller\\\/#primaryimage\",\"url\":\"https:\\\/\\\/www.prismatibro.se\\\/wp-content\\\/uploads\\\/2022\\\/09\\\/Prisma-DI_Energibesparing_500x281_220924-01.jpg\",\"contentUrl\":\"https:\\\/\\\/www.prismatibro.se\\\/wp-content\\\/uploads\\\/2022\\\/09\\\/Prisma-DI_Energibesparing_500x281_220924-01.jpg\",\"width\":1530,\"height\":860,\"caption\":\"Prisma DI Energibesparing\"},{\"@type\":\"BreadcrumbList\",\"@id\":\"https:\\\/\\\/www.prismatibro.se\\\/da\\\/prisma-di-sammenlign-modeller\\\/#breadcrumb\",\"itemListElement\":[{\"@type\":\"ListItem\",\"position\":1,\"name\":\"Hem\",\"item\":\"https:\\\/\\\/www.prismatibro.se\\\/da\\\/\"},{\"@type\":\"ListItem\",\"position\":2,\"name\":\"Prisma DI Sammenlign modeller\"}]},{\"@type\":\"WebSite\",\"@id\":\"https:\\\/\\\/www.prismatibro.se\\\/da\\\/#website\",\"url\":\"https:\\\/\\\/www.prismatibro.se\\\/da\\\/\",\"name\":\"PrismaTibro Sweden\",\"description\":\"Pedestrian Signal, \u00d6verg\u00e5ngssignal, D\u00f6rr\u00f6ppnare, Deflection Indikator, LED gatubelysning\",\"publisher\":{\"@id\":\"https:\\\/\\\/www.prismatibro.se\\\/da\\\/#organization\"},\"potentialAction\":[{\"@type\":\"SearchAction\",\"target\":{\"@type\":\"EntryPoint\",\"urlTemplate\":\"https:\\\/\\\/www.prismatibro.se\\\/da\\\/?s={search_term_string}\"},\"query-input\":{\"@type\":\"PropertyValueSpecification\",\"valueRequired\":true,\"valueName\":\"search_term_string\"}}],\"inLanguage\":\"da-DK\"},{\"@type\":\"Organization\",\"@id\":\"https:\\\/\\\/www.prismatibro.se\\\/da\\\/#organization\",\"name\":\"PrismaTibro\",\"url\":\"https:\\\/\\\/www.prismatibro.se\\\/da\\\/\",\"logo\":{\"@type\":\"ImageObject\",\"inLanguage\":\"da-DK\",\"@id\":\"https:\\\/\\\/www.prismatibro.se\\\/da\\\/#\\\/schema\\\/logo\\\/image\\\/\",\"url\":\"https:\\\/\\\/www.prismatibro.se\\\/wp-content\\\/uploads\\\/2017\\\/08\\\/PrismaTibro_logo_207x52_170807-01@2x.png\",\"contentUrl\":\"https:\\\/\\\/www.prismatibro.se\\\/wp-content\\\/uploads\\\/2017\\\/08\\\/PrismaTibro_logo_207x52_170807-01@2x.png\",\"width\":414,\"height\":104,\"caption\":\"PrismaTibro\"},\"image\":{\"@id\":\"https:\\\/\\\/www.prismatibro.se\\\/da\\\/#\\\/schema\\\/logo\\\/image\\\/\"},\"sameAs\":[\"https:\\\/\\\/www.linkedin.com\\\/company\\\/prismatibro\"]}]}<\/script>\n<!-- \/ Yoast SEO plugin. -->","yoast_head_json":{"title":"Prisma DI Sammenlign modeller | PrismaTibro","description":"Prisma DI Sammenlign modeller. Prisma DI-5C eller Prisma DI-5? Sammenligne modellerne med tabellen og finde den rigtige for dig.","robots":{"index":"index","follow":"follow","max-snippet":"max-snippet:-1","max-image-preview":"max-image-preview:large","max-video-preview":"max-video-preview:-1"},"canonical":"https:\/\/www.prismatibro.se\/da\/prisma-di-sammenlign-modeller\/","og_locale":"da_DK","og_type":"article","og_title":"Prisma DI Sammenlign modeller | PrismaTibro","og_description":"Prisma DI Sammenlign modeller. Prisma DI-5C eller Prisma DI-5? Sammenligne modellerne med tabellen og finde den rigtige for dig.","og_url":"https:\/\/www.prismatibro.se\/da\/prisma-di-sammenlign-modeller\/","og_site_name":"PrismaTibro","article_modified_time":"2024-05-24T12:26:16+00:00","og_image":[{"width":1530,"height":860,"url":"https:\/\/www.prismatibro.se\/wp-content\/uploads\/2022\/09\/Prisma-DI_Energibesparing_500x281_220924-01.jpg","type":"image\/jpeg"}],"twitter_card":"summary_large_image","twitter_misc":{"Estimeret l\u00e6setid":"3 minutter"},"schema":{"@context":"https:\/\/schema.org","@graph":[{"@type":"WebPage","@id":"https:\/\/www.prismatibro.se\/da\/prisma-di-sammenlign-modeller\/","url":"https:\/\/www.prismatibro.se\/da\/prisma-di-sammenlign-modeller\/","name":"Prisma DI Sammenlign modeller | PrismaTibro","isPartOf":{"@id":"https:\/\/www.prismatibro.se\/da\/#website"},"primaryImageOfPage":{"@id":"https:\/\/www.prismatibro.se\/da\/prisma-di-sammenlign-modeller\/#primaryimage"},"image":{"@id":"https:\/\/www.prismatibro.se\/da\/prisma-di-sammenlign-modeller\/#primaryimage"},"thumbnailUrl":"https:\/\/www.prismatibro.se\/wp-content\/uploads\/2022\/09\/Prisma-DI_Energibesparing_500x281_220924-01.jpg","datePublished":"2022-08-31T11:37:55+00:00","dateModified":"2024-05-24T12:26:16+00:00","description":"Prisma DI Sammenlign modeller. Prisma DI-5C eller Prisma DI-5? Sammenligne modellerne med tabellen og finde den rigtige for dig.","breadcrumb":{"@id":"https:\/\/www.prismatibro.se\/da\/prisma-di-sammenlign-modeller\/#breadcrumb"},"inLanguage":"da-DK","potentialAction":[{"@type":"ReadAction","target":["https:\/\/www.prismatibro.se\/da\/prisma-di-sammenlign-modeller\/"]}]},{"@type":"ImageObject","inLanguage":"da-DK","@id":"https:\/\/www.prismatibro.se\/da\/prisma-di-sammenlign-modeller\/#primaryimage","url":"https:\/\/www.prismatibro.se\/wp-content\/uploads\/2022\/09\/Prisma-DI_Energibesparing_500x281_220924-01.jpg","contentUrl":"https:\/\/www.prismatibro.se\/wp-content\/uploads\/2022\/09\/Prisma-DI_Energibesparing_500x281_220924-01.jpg","width":1530,"height":860,"caption":"Prisma DI Energibesparing"},{"@type":"BreadcrumbList","@id":"https:\/\/www.prismatibro.se\/da\/prisma-di-sammenlign-modeller\/#breadcrumb","itemListElement":[{"@type":"ListItem","position":1,"name":"Hem","item":"https:\/\/www.prismatibro.se\/da\/"},{"@type":"ListItem","position":2,"name":"Prisma DI Sammenlign modeller"}]},{"@type":"WebSite","@id":"https:\/\/www.prismatibro.se\/da\/#website","url":"https:\/\/www.prismatibro.se\/da\/","name":"PrismaTibro Sweden","description":"Pedestrian Signal, \u00d6verg\u00e5ngssignal, D\u00f6rr\u00f6ppnare, Deflection Indikator, LED gatubelysning","publisher":{"@id":"https:\/\/www.prismatibro.se\/da\/#organization"},"potentialAction":[{"@type":"SearchAction","target":{"@type":"EntryPoint","urlTemplate":"https:\/\/www.prismatibro.se\/da\/?s={search_term_string}"},"query-input":{"@type":"PropertyValueSpecification","valueRequired":true,"valueName":"search_term_string"}}],"inLanguage":"da-DK"},{"@type":"Organization","@id":"https:\/\/www.prismatibro.se\/da\/#organization","name":"PrismaTibro","url":"https:\/\/www.prismatibro.se\/da\/","logo":{"@type":"ImageObject","inLanguage":"da-DK","@id":"https:\/\/www.prismatibro.se\/da\/#\/schema\/logo\/image\/","url":"https:\/\/www.prismatibro.se\/wp-content\/uploads\/2017\/08\/PrismaTibro_logo_207x52_170807-01@2x.png","contentUrl":"https:\/\/www.prismatibro.se\/wp-content\/uploads\/2017\/08\/PrismaTibro_logo_207x52_170807-01@2x.png","width":414,"height":104,"caption":"PrismaTibro"},"image":{"@id":"https:\/\/www.prismatibro.se\/da\/#\/schema\/logo\/image\/"},"sameAs":["https:\/\/www.linkedin.com\/company\/prismatibro"]}]}},"_links":{"self":[{"href":"https:\/\/www.prismatibro.se\/da\/wp-json\/wp\/v2\/pages\/39774","targetHints":{"allow":["GET"]}}],"collection":[{"href":"https:\/\/www.prismatibro.se\/da\/wp-json\/wp\/v2\/pages"}],"about":[{"href":"https:\/\/www.prismatibro.se\/da\/wp-json\/wp\/v2\/types\/page"}],"author":[{"embeddable":true,"href":"https:\/\/www.prismatibro.se\/da\/wp-json\/wp\/v2\/users\/18"}],"replies":[{"embeddable":true,"href":"https:\/\/www.prismatibro.se\/da\/wp-json\/wp\/v2\/comments?post=39774"}],"version-history":[{"count":5,"href":"https:\/\/www.prismatibro.se\/da\/wp-json\/wp\/v2\/pages\/39774\/revisions"}],"predecessor-version":[{"id":61875,"href":"https:\/\/www.prismatibro.se\/da\/wp-json\/wp\/v2\/pages\/39774\/revisions\/61875"}],"wp:featuredmedia":[{"embeddable":true,"href":"https:\/\/www.prismatibro.se\/da\/wp-json\/wp\/v2\/media\/40401"}],"wp:attachment":[{"href":"https:\/\/www.prismatibro.se\/da\/wp-json\/wp\/v2\/media?parent=39774"}],"curies":[{"name":"wp","href":"https:\/\/api.w.org\/{rel}","templated":true}]}}