{"id":39770,"date":"2022-08-31T13:30:58","date_gmt":"2022-08-31T11:30:58","guid":{"rendered":"https:\/\/www.prismatibro.se\/prisma-di-5\/"},"modified":"2024-05-28T08:45:18","modified_gmt":"2024-05-28T06:45:18","slug":"prisma-di-5","status":"publish","type":"page","link":"https:\/\/www.prismatibro.se\/da\/prisma-di-5\/","title":{"rendered":"Prisma DI-5, Deflection Indicator"},"content":{"rendered":"<div class=\"fusion-fullwidth fullwidth-box fusion-builder-row-1 fusion-flex-container hundred-percent-fullwidth non-hundred-percent-height-scrolling\" style=\"--awb-border-radius-top-left:0px;--awb-border-radius-top-right:0px;--awb-border-radius-bottom-right:0px;--awb-border-radius-bottom-left:0px;--awb-overflow:visible;--awb-flex-wrap:wrap;\" ><div class=\"fusion-builder-row fusion-row fusion-flex-align-items-flex-start fusion-flex-content-wrap\" style=\"width:104% !important;max-width:104% !important;margin-left: calc(-4% \/ 2 );margin-right: calc(-4% \/ 2 );\"><div class=\"fusion-layout-column fusion_builder_column fusion-builder-column-0 fusion_builder_column_1_3 1_3 fusion-flex-column\" style=\"--awb-bg-size:cover;--awb-width-large:33.333333333333%;--awb-margin-top-large:0px;--awb-spacing-right-large:3.84%;--awb-margin-bottom-large:20px;--awb-spacing-left-large:5.76%;--awb-width-medium:100%;--awb-spacing-right-medium:1.92%;--awb-spacing-left-medium:1.92%;--awb-width-small:100%;--awb-spacing-right-small:1.92%;--awb-spacing-left-small:1.92%;\"><div class=\"fusion-column-wrapper fusion-flex-justify-content-flex-start fusion-content-layout-column\"><div class=\"fusion-image-element \" style=\"--awb-caption-title-font-family:var(--h2_typography-font-family);--awb-caption-title-font-weight:var(--h2_typography-font-weight);--awb-caption-title-font-style:var(--h2_typography-font-style);--awb-caption-title-size:var(--h2_typography-font-size);--awb-caption-title-transform:var(--h2_typography-text-transform);--awb-caption-title-line-height:var(--h2_typography-line-height);--awb-caption-title-letter-spacing:var(--h2_typography-letter-spacing);\"><span class=\" fusion-imageframe imageframe-none imageframe-1 hover-type-none\"><img decoding=\"async\" width=\"200\" height=\"200\" alt=\"Prisma DI-5C\" title=\"Prisma-DI-5C_200x200_180809-01\" src=\"data:image\/svg+xml,%3Csvg%20xmlns%3D%27http%3A%2F%2Fwww.w3.org%2F2000%2Fsvg%27%20width%3D%27200%27%20height%3D%27200%27%20viewBox%3D%270%200%20200%20200%27%3E%3Crect%20width%3D%27200%27%20height%3D%27200%27%20fill-opacity%3D%220%22%2F%3E%3C%2Fsvg%3E\" data-orig-src=\"https:\/\/www.prismatibro.se\/wp-content\/uploads\/2018\/08\/Prisma-DI-5C_200x200_180809-01.png\" class=\"lazyload img-responsive wp-image-22837\"\/><\/span><\/div><div class=\"fusion-text fusion-text-1\"><h3>Egenskaber DI-5<\/h3>\n<\/div><ul style=\"--awb-line-height:20.4px;--awb-icon-width:20.4px;--awb-icon-height:20.4px;--awb-icon-margin:8.4px;--awb-content-margin:28.8px;--awb-circlecolor:#273482;--awb-circle-yes-font-size:10.56px;\" class=\"fusion-checklist fusion-checklist-1 fusion-checklist-default type-icons\"><li class=\"fusion-li-item\" style=\"\"><span class=\"icon-wrapper circle-yes\"><i class=\"fusion-li-icon fa fa-check\" aria-hidden=\"true\"><\/i><\/span><div class=\"fusion-li-item-content\">\n<p>P\u00e5lidelig og enkel at anvende<\/p>\n<\/div><\/li><li class=\"fusion-li-item\" style=\"\"><span class=\"icon-wrapper circle-yes\"><i class=\"fusion-li-icon fa fa-check\" aria-hidden=\"true\"><\/i><\/span><div class=\"fusion-li-item-content\">\n<p>Smidig konstruktion<\/p>\n<\/div><\/li><li class=\"fusion-li-item\" style=\"\"><span class=\"icon-wrapper circle-yes\"><i class=\"fusion-li-icon fa fa-check\" aria-hidden=\"true\"><\/i><\/span><div class=\"fusion-li-item-content\">\n<p>Fleksibel<\/p>\n<\/div><\/li><li class=\"fusion-li-item\" style=\"\"><span class=\"icon-wrapper circle-yes\"><i class=\"fusion-li-icon fa fa-check\" aria-hidden=\"true\"><\/i><\/span><div class=\"fusion-li-item-content\">\n<p>Bredt m\u00e5leomr\u00e5de<\/p>\n<\/div><\/li><li class=\"fusion-li-item\" style=\"\"><span class=\"icon-wrapper circle-yes\"><i class=\"fusion-li-icon fa fa-check\" aria-hidden=\"true\"><\/i><\/span><div class=\"fusion-li-item-content\">\n<p>Enkel at nulstille<\/p>\n<\/div><\/li><li class=\"fusion-li-item\" style=\"\"><span class=\"icon-wrapper circle-yes\"><i class=\"fusion-li-icon fa fa-check\" aria-hidden=\"true\"><\/i><\/span><div class=\"fusion-li-item-content\">\n<p>Baggrundsbelyst display<\/p>\n<\/div><\/li><li class=\"fusion-li-item\" style=\"\"><span class=\"icon-wrapper circle-yes\"><i class=\"fusion-li-icon fa fa-check\" aria-hidden=\"true\"><\/i><\/span><div class=\"fusion-li-item-content\">\n<p>Automatisk slukning, 45 min<\/p>\n<\/div><\/li><li class=\"fusion-li-item\" style=\"\"><span class=\"icon-wrapper circle-yes\"><i class=\"fusion-li-icon fa fa-check\" aria-hidden=\"true\"><\/i><\/span><div class=\"fusion-li-item-content\">\n<p>Batteriindikator<\/p>\n<\/div><\/li><\/ul><\/div><\/div><div class=\"fusion-layout-column fusion_builder_column fusion-builder-column-1 fusion_builder_column_2_3 2_3 fusion-flex-column\" style=\"--awb-bg-size:cover;--awb-width-large:66.666666666667%;--awb-margin-top-large:0px;--awb-spacing-right-large:2.88%;--awb-margin-bottom-large:20px;--awb-spacing-left-large:3.84%;--awb-width-medium:100%;--awb-spacing-right-medium:1.92%;--awb-spacing-left-medium:1.92%;--awb-width-small:100%;--awb-spacing-right-small:1.92%;--awb-spacing-left-small:1.92%;\"><div class=\"fusion-column-wrapper fusion-flex-justify-content-flex-start fusion-content-layout-column\"><div class=\"fusion-text fusion-text-2 fusion-text-no-margin\" style=\"--awb-margin-bottom:0px;\"><h1 data-fontsize=\"21\" data-lineheight=\"22\">Prisma DI-5 Deflection Indicator<\/h1>\n<p><strong>Registrerer sk\u00e6vhed i krumtapaksler\u00a0<\/strong><\/p>\n<p>Ekstremt h\u00f8j n\u00f8jagtighed. Anvendes af et stort antal ingeni\u00f8rer i mere end 90 lande. Instrumentet anvendes til m\u00e5ling af krumtapakslers sk\u00e6vhed p\u00e5 b\u00e5de p\u00e5 skibe og ved kraftv\u00e6rker.<br \/>\nPrisma DI-5 fremstilles i Sverige og den har 5 \u00e5rs garanti.<\/p>\n<p><strong>Bem\u00e6rk: <a href=\"https:\/\/www.prismatibro.se\/di-5c\/\">Prisma DI-5C<\/a><\/strong> giver mulighed for at overf\u00f8re m\u00e5lingerne til en computer for videre bearbejdning i regneark.<\/p>\n<p><div class=\"fusion-button-wrapper fusion-align-block\"><a class=\"fusion-button button-flat button-small button-default fusion-button-default button-1 fusion-button-span-yes \" style=\"--button-border-radius-top-left:0px;--button-border-radius-top-right:0px;--button-border-radius-bottom-right:0px;--button-border-radius-bottom-left:0px;\" target=\"_self\" href=\"https:\/\/www.prismatibro.se\/da\/prisma-di-tilbudsforesporgsel\/\"><span class=\"fusion-button-text awb-button__text awb-button__text--default\">Tilbud<\/span><\/a><\/div><div class=\"fusion-button-wrapper fusion-align-block\"><a class=\"fusion-button button-flat button-small button-custom fusion-button-default button-2 fusion-button-span-yes \" style=\"--button_accent_color:#ffffff;--button_accent_hover_color:#ffffff;--button_border_hover_color:#ffffff;--button_gradient_top_color:#273482;--button_gradient_bottom_color:#273482;--button_gradient_top_color_hover:#273482;--button_gradient_bottom_color_hover:#273482;\" target=\"_self\" href=\"https:\/\/www.prismatibro.se\/dl-di\/\"><span class=\"fusion-button-text awb-button__text awb-button__text--default\">Dokumenter<\/span><\/a><\/div><div class=\"fusion-button-wrapper fusion-align-block\"><a class=\"fusion-button button-flat button-small button-custom fusion-button-default button-3 fusion-button-span-yes \" style=\"--button_accent_color:#ffffff;--button_accent_hover_color:#ffffff;--button_border_hover_color:#ffffff;--button-border-radius-top-left:0px;--button-border-radius-top-right:0px;--button-border-radius-bottom-right:0px;--button-border-radius-bottom-left:0px;--button_gradient_top_color:#000000;--button_gradient_bottom_color:#000000;--button_gradient_top_color_hover:#000000;--button_gradient_bottom_color_hover:#000000;\" target=\"_self\" href=\"https:\/\/www.prismatibro.se\/da\/kontakt-med-personalen-paa-prismatibro\/?PrismaTibroSelect=.saelger-prisma-di\"><span class=\"fusion-button-text awb-button__text awb-button__text--default\">Kontakt s\u00e6lger<\/span><\/a><\/div><\/p>\n<\/div><div class=\"fusion-text fusion-text-3\" style=\"--awb-margin-top:0px;\"><h2>Egenskaber Generelt<\/h2>\n<\/div><div class=\"accordian fusion-accordian\" style=\"--awb-border-size:1px;--awb-icon-size:13px;--awb-content-font-size:16px;--awb-icon-alignment:left;--awb-hover-color:#f9f9f9;--awb-border-color:#cccccc;--awb-background-color:#ffffff;--awb-divider-color:#e0dede;--awb-divider-hover-color:#e0dede;--awb-icon-color:#ffffff;--awb-title-color:#333333;--awb-content-color:#000000;--awb-icon-box-color:#273482;--awb-toggle-hover-accent-color:#273482;--awb-title-font-family:&quot;ABeeZee&quot;;--awb-title-font-weight:400;--awb-title-font-style:normal;--awb-title-font-size:16px;--awb-content-font-family:&quot;ABeeZee&quot;;--awb-content-font-style:normal;--awb-content-font-weight:400;\"><div class=\"panel-group fusion-toggle-icon-boxed\" id=\"accordion-39770-1\"><div class=\"fusion-panel panel-default panel-dc489059f7d5991d2 fusion-toggle-no-divider\" style=\"--awb-title-color:#333333;--awb-content-color:#000000;\"><div class=\"panel-heading\"><h4 class=\"panel-title toggle\" id=\"toggle_dc489059f7d5991d2\"><a aria-expanded=\"false\" aria-controls=\"dc489059f7d5991d2\" role=\"button\" data-toggle=\"collapse\" data-parent=\"#accordion-39770-1\" data-target=\"#dc489059f7d5991d2\" href=\"#dc489059f7d5991d2\"><span class=\"fusion-toggle-icon-wrapper\" aria-hidden=\"true\"><i class=\"fa-fusion-box active-icon awb-icon-minus\" aria-hidden=\"true\"><\/i><i class=\"fa-fusion-box inactive-icon awb-icon-plus\" aria-hidden=\"true\"><\/i><\/span><span class=\"fusion-toggle-heading\">Tekniske specifikationer<\/span><\/a><\/h4><\/div><div id=\"dc489059f7d5991d2\" class=\"panel-collapse collapse \" aria-labelledby=\"toggle_dc489059f7d5991d2\"><div class=\"panel-body toggle-content fusion-clearfix\">\n<ul>\n<li><strong>M\u00e5leafstand<\/strong><br \/>\n89-565 mm<\/li>\n<li><strong>M\u00e5leomfang<\/strong><br \/>\n+\/- 2.048 mm<\/li>\n<li><strong>N\u00f8jagtighed<\/strong><br \/>\n0,001 mm inden for omr\u00e5det +\/- 0,10 mm, maks. 1% inden for omr\u00e5det +\/- 1,000 mm og maks. 2% inden for omr\u00e5det 1000-2000 mm<\/li>\n<li><strong>Nulbalanceinterval<\/strong><br \/>\n+\/- 2.048 mm<\/li>\n<li><strong>Nuldrift<\/strong><br \/>\nOp til 0.001 mm \/ 5 minuter<\/li>\n<li><strong>Temperatur, instrument<\/strong><br \/>\n0-55 \u00b0C<br \/>\n32-130 \u00b0 F<\/li>\n<li><strong>Temperatur, f\u00f8ler<\/strong><br \/>\n0-80 \u00b0C<br \/>\n32-175\u00b0 F<\/li>\n<li><strong>Batteri<\/strong><br \/>\n3.6 V Litium-ion, genopladeligt<br \/>\n10 timer\/ladning<br \/>\nLevetid 5 \u00e5r<\/li>\n<li><strong>Forl\u00e6ngerstang, f\u00f8ler<\/strong><br \/>\n10, 20, 40, 80 och 2 x 160 mm<\/li>\n<li><strong>Kabel<\/strong><br \/>\nL\u00e6ngde 7 meter<\/li>\n<\/ul>\n<\/div><\/div><\/div><div class=\"fusion-panel panel-default panel-23859b0f14bdb5ad9 fusion-toggle-no-divider\"><div class=\"panel-heading\"><h4 class=\"panel-title toggle\" id=\"toggle_23859b0f14bdb5ad9\"><a aria-expanded=\"false\" aria-controls=\"23859b0f14bdb5ad9\" role=\"button\" data-toggle=\"collapse\" data-parent=\"#accordion-39770-1\" data-target=\"#23859b0f14bdb5ad9\" href=\"#23859b0f14bdb5ad9\"><span class=\"fusion-toggle-icon-wrapper\" aria-hidden=\"true\"><i class=\"fa-fusion-box active-icon awb-icon-minus\" aria-hidden=\"true\"><\/i><i class=\"fa-fusion-box inactive-icon awb-icon-plus\" aria-hidden=\"true\"><\/i><\/span><span class=\"fusion-toggle-heading\">Dimensioner &amp; v\u00e6gt<\/span><\/a><\/h4><\/div><div id=\"23859b0f14bdb5ad9\" class=\"panel-collapse collapse \" aria-labelledby=\"toggle_23859b0f14bdb5ad9\"><div class=\"panel-body toggle-content fusion-clearfix\">\n<ul>\n<li><strong>Instrument<\/strong><br \/>\n190 x 167 x 50 mm<\/li>\n<li><strong>F\u00f8ler<\/strong><br \/>\n\u00d831 x 81 mm<\/li>\n<li><strong>Taske<\/strong><br \/>\n300 x 280 x 140 mm<\/li>\n<li><strong>V\u00e6gt<\/strong><br \/>\n3.1 kg<\/li>\n<\/ul>\n<\/div><\/div><\/div><\/div><\/div><\/div><\/div><\/div><\/div>\n","protected":false},"excerpt":{"rendered":"<p>Prisma DI Crankshaft deflection instrument. Registrerer sk\u00e6vhed i krumtapaksler\u00a0Ekstremt h\u00f8j n\u00f8jagtighed. Anvendes af et stort antal ingeni\u00f8rer i mere end 90 lande.<\/p>\n","protected":false},"author":18,"featured_media":43364,"parent":0,"menu_order":0,"comment_status":"closed","ping_status":"closed","template":"","meta":{"footnotes":""},"class_list":["post-39770","page","type-page","status-publish","has-post-thumbnail","hentry"],"yoast_head":"<!-- This site is optimized with the Yoast SEO plugin v27.5 - https:\/\/yoast.com\/product\/yoast-seo-wordpress\/ -->\n<title>Prisma DI-5, Deflection Indicator | PrismaTibro<\/title>\n<meta name=\"description\" content=\"Prisma DI, Deflection Indicator. Crankshaft deflection instrument. Registrerer sk\u00e6vhed i krumtapaksler\u00a0Ekstremt h\u00f8j n\u00f8jagtighed...\" \/>\n<meta name=\"robots\" content=\"index, follow, max-snippet:-1, max-image-preview:large, max-video-preview:-1\" \/>\n<link rel=\"canonical\" href=\"https:\/\/www.prismatibro.se\/da\/prisma-di-5\/\" \/>\n<meta property=\"og:locale\" content=\"da_DK\" \/>\n<meta property=\"og:type\" content=\"article\" \/>\n<meta property=\"og:title\" content=\"Prisma DI-5, Deflection Indicator | PrismaTibro\" \/>\n<meta property=\"og:description\" content=\"Prisma DI, Deflection Indicator. Crankshaft deflection instrument. Registrerer sk\u00e6vhed i krumtapaksler\u00a0Ekstremt h\u00f8j n\u00f8jagtighed...\" \/>\n<meta property=\"og:url\" content=\"https:\/\/www.prismatibro.se\/da\/prisma-di-5\/\" \/>\n<meta property=\"og:site_name\" content=\"PrismaTibro\" \/>\n<meta property=\"article:modified_time\" content=\"2024-05-28T06:45:18+00:00\" \/>\n<meta property=\"og:image\" content=\"https:\/\/www.prismatibro.se\/wp-content\/uploads\/2022\/10\/DI-5_Left_340x340_221031-01.jpg\" \/>\n\t<meta property=\"og:image:width\" content=\"340\" \/>\n\t<meta property=\"og:image:height\" content=\"340\" \/>\n\t<meta property=\"og:image:type\" content=\"image\/jpeg\" \/>\n<meta name=\"twitter:card\" content=\"summary_large_image\" \/>\n<meta name=\"twitter:label1\" content=\"Estimeret l\u00e6setid\" \/>\n\t<meta name=\"twitter:data1\" content=\"2 minutter\" \/>\n<script type=\"application\/ld+json\" class=\"yoast-schema-graph\">{\"@context\":\"https:\\\/\\\/schema.org\",\"@graph\":[{\"@type\":\"WebPage\",\"@id\":\"https:\\\/\\\/www.prismatibro.se\\\/da\\\/prisma-di-5\\\/\",\"url\":\"https:\\\/\\\/www.prismatibro.se\\\/da\\\/prisma-di-5\\\/\",\"name\":\"Prisma DI-5, Deflection Indicator | PrismaTibro\",\"isPartOf\":{\"@id\":\"https:\\\/\\\/www.prismatibro.se\\\/da\\\/#website\"},\"primaryImageOfPage\":{\"@id\":\"https:\\\/\\\/www.prismatibro.se\\\/da\\\/prisma-di-5\\\/#primaryimage\"},\"image\":{\"@id\":\"https:\\\/\\\/www.prismatibro.se\\\/da\\\/prisma-di-5\\\/#primaryimage\"},\"thumbnailUrl\":\"https:\\\/\\\/www.prismatibro.se\\\/wp-content\\\/uploads\\\/2022\\\/10\\\/DI-5_Left_340x340_221031-01.jpg\",\"datePublished\":\"2022-08-31T11:30:58+00:00\",\"dateModified\":\"2024-05-28T06:45:18+00:00\",\"description\":\"Prisma DI, Deflection Indicator. Crankshaft deflection instrument. Registrerer sk\u00e6vhed i krumtapaksler\u00a0Ekstremt h\u00f8j n\u00f8jagtighed...\",\"breadcrumb\":{\"@id\":\"https:\\\/\\\/www.prismatibro.se\\\/da\\\/prisma-di-5\\\/#breadcrumb\"},\"inLanguage\":\"da-DK\",\"potentialAction\":[{\"@type\":\"ReadAction\",\"target\":[\"https:\\\/\\\/www.prismatibro.se\\\/da\\\/prisma-di-5\\\/\"]}]},{\"@type\":\"ImageObject\",\"inLanguage\":\"da-DK\",\"@id\":\"https:\\\/\\\/www.prismatibro.se\\\/da\\\/prisma-di-5\\\/#primaryimage\",\"url\":\"https:\\\/\\\/www.prismatibro.se\\\/wp-content\\\/uploads\\\/2022\\\/10\\\/DI-5_Left_340x340_221031-01.jpg\",\"contentUrl\":\"https:\\\/\\\/www.prismatibro.se\\\/wp-content\\\/uploads\\\/2022\\\/10\\\/DI-5_Left_340x340_221031-01.jpg\",\"width\":340,\"height\":340,\"caption\":\"Prisma DI-5\"},{\"@type\":\"BreadcrumbList\",\"@id\":\"https:\\\/\\\/www.prismatibro.se\\\/da\\\/prisma-di-5\\\/#breadcrumb\",\"itemListElement\":[{\"@type\":\"ListItem\",\"position\":1,\"name\":\"Hem\",\"item\":\"https:\\\/\\\/www.prismatibro.se\\\/da\\\/\"},{\"@type\":\"ListItem\",\"position\":2,\"name\":\"Prisma DI-5, Deflection Indicator\"}]},{\"@type\":\"WebSite\",\"@id\":\"https:\\\/\\\/www.prismatibro.se\\\/da\\\/#website\",\"url\":\"https:\\\/\\\/www.prismatibro.se\\\/da\\\/\",\"name\":\"PrismaTibro Sweden\",\"description\":\"Pedestrian Signal, \u00d6verg\u00e5ngssignal, D\u00f6rr\u00f6ppnare, Deflection Indikator, LED gatubelysning\",\"publisher\":{\"@id\":\"https:\\\/\\\/www.prismatibro.se\\\/da\\\/#organization\"},\"potentialAction\":[{\"@type\":\"SearchAction\",\"target\":{\"@type\":\"EntryPoint\",\"urlTemplate\":\"https:\\\/\\\/www.prismatibro.se\\\/da\\\/?s={search_term_string}\"},\"query-input\":{\"@type\":\"PropertyValueSpecification\",\"valueRequired\":true,\"valueName\":\"search_term_string\"}}],\"inLanguage\":\"da-DK\"},{\"@type\":\"Organization\",\"@id\":\"https:\\\/\\\/www.prismatibro.se\\\/da\\\/#organization\",\"name\":\"PrismaTibro\",\"url\":\"https:\\\/\\\/www.prismatibro.se\\\/da\\\/\",\"logo\":{\"@type\":\"ImageObject\",\"inLanguage\":\"da-DK\",\"@id\":\"https:\\\/\\\/www.prismatibro.se\\\/da\\\/#\\\/schema\\\/logo\\\/image\\\/\",\"url\":\"https:\\\/\\\/www.prismatibro.se\\\/wp-content\\\/uploads\\\/2017\\\/08\\\/PrismaTibro_logo_207x52_170807-01@2x.png\",\"contentUrl\":\"https:\\\/\\\/www.prismatibro.se\\\/wp-content\\\/uploads\\\/2017\\\/08\\\/PrismaTibro_logo_207x52_170807-01@2x.png\",\"width\":414,\"height\":104,\"caption\":\"PrismaTibro\"},\"image\":{\"@id\":\"https:\\\/\\\/www.prismatibro.se\\\/da\\\/#\\\/schema\\\/logo\\\/image\\\/\"},\"sameAs\":[\"https:\\\/\\\/www.linkedin.com\\\/company\\\/prismatibro\"]}]}<\/script>\n<!-- \/ Yoast SEO plugin. -->","yoast_head_json":{"title":"Prisma DI-5, Deflection Indicator | PrismaTibro","description":"Prisma DI, Deflection Indicator. Crankshaft deflection instrument. Registrerer sk\u00e6vhed i krumtapaksler\u00a0Ekstremt h\u00f8j n\u00f8jagtighed...","robots":{"index":"index","follow":"follow","max-snippet":"max-snippet:-1","max-image-preview":"max-image-preview:large","max-video-preview":"max-video-preview:-1"},"canonical":"https:\/\/www.prismatibro.se\/da\/prisma-di-5\/","og_locale":"da_DK","og_type":"article","og_title":"Prisma DI-5, Deflection Indicator | PrismaTibro","og_description":"Prisma DI, Deflection Indicator. Crankshaft deflection instrument. Registrerer sk\u00e6vhed i krumtapaksler\u00a0Ekstremt h\u00f8j n\u00f8jagtighed...","og_url":"https:\/\/www.prismatibro.se\/da\/prisma-di-5\/","og_site_name":"PrismaTibro","article_modified_time":"2024-05-28T06:45:18+00:00","og_image":[{"width":340,"height":340,"url":"https:\/\/www.prismatibro.se\/wp-content\/uploads\/2022\/10\/DI-5_Left_340x340_221031-01.jpg","type":"image\/jpeg"}],"twitter_card":"summary_large_image","twitter_misc":{"Estimeret l\u00e6setid":"2 minutter"},"schema":{"@context":"https:\/\/schema.org","@graph":[{"@type":"WebPage","@id":"https:\/\/www.prismatibro.se\/da\/prisma-di-5\/","url":"https:\/\/www.prismatibro.se\/da\/prisma-di-5\/","name":"Prisma DI-5, Deflection Indicator | PrismaTibro","isPartOf":{"@id":"https:\/\/www.prismatibro.se\/da\/#website"},"primaryImageOfPage":{"@id":"https:\/\/www.prismatibro.se\/da\/prisma-di-5\/#primaryimage"},"image":{"@id":"https:\/\/www.prismatibro.se\/da\/prisma-di-5\/#primaryimage"},"thumbnailUrl":"https:\/\/www.prismatibro.se\/wp-content\/uploads\/2022\/10\/DI-5_Left_340x340_221031-01.jpg","datePublished":"2022-08-31T11:30:58+00:00","dateModified":"2024-05-28T06:45:18+00:00","description":"Prisma DI, Deflection Indicator. Crankshaft deflection instrument. Registrerer sk\u00e6vhed i krumtapaksler\u00a0Ekstremt h\u00f8j n\u00f8jagtighed...","breadcrumb":{"@id":"https:\/\/www.prismatibro.se\/da\/prisma-di-5\/#breadcrumb"},"inLanguage":"da-DK","potentialAction":[{"@type":"ReadAction","target":["https:\/\/www.prismatibro.se\/da\/prisma-di-5\/"]}]},{"@type":"ImageObject","inLanguage":"da-DK","@id":"https:\/\/www.prismatibro.se\/da\/prisma-di-5\/#primaryimage","url":"https:\/\/www.prismatibro.se\/wp-content\/uploads\/2022\/10\/DI-5_Left_340x340_221031-01.jpg","contentUrl":"https:\/\/www.prismatibro.se\/wp-content\/uploads\/2022\/10\/DI-5_Left_340x340_221031-01.jpg","width":340,"height":340,"caption":"Prisma DI-5"},{"@type":"BreadcrumbList","@id":"https:\/\/www.prismatibro.se\/da\/prisma-di-5\/#breadcrumb","itemListElement":[{"@type":"ListItem","position":1,"name":"Hem","item":"https:\/\/www.prismatibro.se\/da\/"},{"@type":"ListItem","position":2,"name":"Prisma DI-5, Deflection Indicator"}]},{"@type":"WebSite","@id":"https:\/\/www.prismatibro.se\/da\/#website","url":"https:\/\/www.prismatibro.se\/da\/","name":"PrismaTibro Sweden","description":"Pedestrian Signal, \u00d6verg\u00e5ngssignal, D\u00f6rr\u00f6ppnare, Deflection Indikator, LED gatubelysning","publisher":{"@id":"https:\/\/www.prismatibro.se\/da\/#organization"},"potentialAction":[{"@type":"SearchAction","target":{"@type":"EntryPoint","urlTemplate":"https:\/\/www.prismatibro.se\/da\/?s={search_term_string}"},"query-input":{"@type":"PropertyValueSpecification","valueRequired":true,"valueName":"search_term_string"}}],"inLanguage":"da-DK"},{"@type":"Organization","@id":"https:\/\/www.prismatibro.se\/da\/#organization","name":"PrismaTibro","url":"https:\/\/www.prismatibro.se\/da\/","logo":{"@type":"ImageObject","inLanguage":"da-DK","@id":"https:\/\/www.prismatibro.se\/da\/#\/schema\/logo\/image\/","url":"https:\/\/www.prismatibro.se\/wp-content\/uploads\/2017\/08\/PrismaTibro_logo_207x52_170807-01@2x.png","contentUrl":"https:\/\/www.prismatibro.se\/wp-content\/uploads\/2017\/08\/PrismaTibro_logo_207x52_170807-01@2x.png","width":414,"height":104,"caption":"PrismaTibro"},"image":{"@id":"https:\/\/www.prismatibro.se\/da\/#\/schema\/logo\/image\/"},"sameAs":["https:\/\/www.linkedin.com\/company\/prismatibro"]}]}},"_links":{"self":[{"href":"https:\/\/www.prismatibro.se\/da\/wp-json\/wp\/v2\/pages\/39770","targetHints":{"allow":["GET"]}}],"collection":[{"href":"https:\/\/www.prismatibro.se\/da\/wp-json\/wp\/v2\/pages"}],"about":[{"href":"https:\/\/www.prismatibro.se\/da\/wp-json\/wp\/v2\/types\/page"}],"author":[{"embeddable":true,"href":"https:\/\/www.prismatibro.se\/da\/wp-json\/wp\/v2\/users\/18"}],"replies":[{"embeddable":true,"href":"https:\/\/www.prismatibro.se\/da\/wp-json\/wp\/v2\/comments?post=39770"}],"version-history":[{"count":17,"href":"https:\/\/www.prismatibro.se\/da\/wp-json\/wp\/v2\/pages\/39770\/revisions"}],"predecessor-version":[{"id":61922,"href":"https:\/\/www.prismatibro.se\/da\/wp-json\/wp\/v2\/pages\/39770\/revisions\/61922"}],"wp:featuredmedia":[{"embeddable":true,"href":"https:\/\/www.prismatibro.se\/da\/wp-json\/wp\/v2\/media\/43364"}],"wp:attachment":[{"href":"https:\/\/www.prismatibro.se\/da\/wp-json\/wp\/v2\/media?parent=39770"}],"curies":[{"name":"wp","href":"https:\/\/api.w.org\/{rel}","templated":true}]}}