{"id":39551,"date":"2022-08-26T13:21:17","date_gmt":"2022-08-26T11:21:17","guid":{"rendered":"https:\/\/www.prismatibro.se\/billede-video-prisma-button\/"},"modified":"2023-01-31T13:39:03","modified_gmt":"2023-01-31T12:39:03","slug":"billede-video-prisma-button","status":"publish","type":"page","link":"https:\/\/www.prismatibro.se\/da\/billede-video-prisma-button\/","title":{"rendered":"Billeder &#038; Videoer Prisma Button"},"content":{"rendered":"<div class=\"fusion-fullwidth fullwidth-box fusion-builder-row-1 fusion-flex-container hundred-percent-fullwidth non-hundred-percent-height-scrolling\" style=\"--awb-border-radius-top-left:0px;--awb-border-radius-top-right:0px;--awb-border-radius-bottom-right:0px;--awb-border-radius-bottom-left:0px;--awb-overflow:visible;--awb-flex-wrap:wrap;\" ><div class=\"fusion-builder-row fusion-row fusion-flex-align-items-flex-start fusion-flex-content-wrap\" style=\"width:104% !important;max-width:104% !important;margin-left: calc(-4% \/ 2 );margin-right: calc(-4% \/ 2 );\"><div class=\"fusion-layout-column fusion_builder_column fusion-builder-column-0 fusion_builder_column_1_1 1_1 fusion-flex-column fusion-flex-align-self-flex-start fusion-column-no-min-height\" style=\"--awb-bg-size:cover;--awb-width-large:100%;--awb-margin-top-large:0px;--awb-spacing-right-large:1.92%;--awb-margin-bottom-large:0px;--awb-spacing-left-large:1.92%;--awb-width-medium:100%;--awb-spacing-right-medium:1.92%;--awb-spacing-left-medium:1.92%;--awb-width-small:100%;--awb-spacing-right-small:1.92%;--awb-spacing-left-small:1.92%;\"><div class=\"fusion-column-wrapper fusion-flex-justify-content-flex-start fusion-content-layout-column\"><div class=\"fusion-text fusion-text-1\"><h1>Billeder &amp; Videoer<\/h1>\n<\/div><div class=\"fusion-recent-works fusion-portfolio-element fusion-portfolio fusion-portfolio-1 fusion-portfolio-grid fusion-portfolio-paging-pagination fusion-portfolio-three fusion-portfolio-no_text fusion-portfolio-rollover\" data-id=\"-rw-1\" data-columns=\"three\"><div><ul class=\"fusion-filters\" role=\"menu\" aria-label=\"Portfolio Filters\"><li role=\"presentation\" class=\"fusion-filter fusion-filter-all fusion-active\"><a href=\"#\" data-filter=\"*\" role=\"menuitem\">alle<\/a><\/li><li role=\"presentation\" class=\"fusion-filter fusion-hidden\"><a href=\"#\" data-filter=\".bild-bv-button-da\" role=\"menuitem\">Billeder<\/a><\/li><\/ul><\/div><style type=\"text\/css\">.fusion-portfolio-1 .fusion-portfolio-wrapper .fusion-col-spacing{padding:6px;}<\/style><div class=\"fusion-portfolio-wrapper\" id=\"fusion-portfolio-1\" data-picturesize=\"fixed\" data-pages=\"0\" style=\"margin:-6px;\"><article id=\"portfolio-1-post-49647\" class=\"fusion-portfolio-post bild-bv-button-da fusion-col-spacing post-49647\"><div class=\"fusion-portfolio-content-wrapper\" style=\"border:none;\"><span class=\"entry-title rich-snippet-hidden\">Prisma Button Softfront-m\u00e6rkat Push &#038; Hold Tryk og hold<\/span><span class=\"updated rich-snippet-hidden\">2023-10-30T13:46:32+01:00<\/span><div  class=\"fusion-image-wrapper fusion-image-size-fixed\" aria-haspopup=\"true\">\n\t\t\t\t<img decoding=\"async\" width=\"300\" height=\"214\" src=\"data:image\/svg+xml,%3Csvg%20xmlns%3D%27http%3A%2F%2Fwww.w3.org%2F2000%2Fsvg%27%20width%3D%27300%27%20height%3D%27214%27%20viewBox%3D%270%200%20300%20214%27%3E%3Crect%20width%3D%27300%27%20height%3D%27214%27%20fill-opacity%3D%220%22%2F%3E%3C%2Fsvg%3E\" data-orig-src=\"https:\/\/www.prismatibro.se\/wp-content\/uploads\/2022\/09\/BU_PushAndHold_800x504_220920-01-300x214.jpg\" class=\"lazyload attachment-portfolio-three size-portfolio-three wp-post-image\" alt=\"Prisma Button Softfront dekal Push &amp; Hold Tryck och h\u00e5ll kvar\" \/><div class=\"fusion-rollover\">\n\t<div class=\"fusion-rollover-content\">\n\n\t\t\t\t\t\t\t\t\t\t\t\t\t\t<a class=\"fusion-rollover-link\" href=\"https:\/\/www.prismatibro.se\/wp-content\/uploads\/2022\/09\/BU_PushAndHold_800x504_220920-01.jpg\" target=\"_blank\">https:\/\/www.prismatibro.se\/wp-content\/uploads\/2022\/09\/BU_PushAndHold_800x504_220920-01.jpg<\/a>\n\t\t\t\n\t\t\t\t\t\t\t\t\n\t\t\n\t\t\t\t\t\t\t\t\t\t\t\t<h4 class=\"fusion-rollover-title\">\n\t\t\t\t\t<a class=\"fusion-rollover-title-link\" href=\"https:\/\/www.prismatibro.se\/wp-content\/uploads\/2022\/09\/BU_PushAndHold_800x504_220920-01.jpg\" target=\"_blank\">\n\t\t\t\t\t\tPrisma Button Softfront-m\u00e6rkat Push &#038; Hold Tryk og hold\t\t\t\t\t<\/a>\n\t\t\t\t<\/h4>\n\t\t\t\n\t\t\t\t\t\t\t\t\n\t\t\n\t\t\t\t\t\t<a class=\"fusion-link-wrapper\" href=\"https:\/\/www.prismatibro.se\/wp-content\/uploads\/2022\/09\/BU_PushAndHold_800x504_220920-01.jpg\" target=\"_blank\" aria-label=\"Prisma Button Softfront-m\u00e6rkat Push &#038; Hold Tryk og hold\"><\/a>\n\t<\/div>\n<\/div>\n<\/div>\n<\/div><\/article><article id=\"portfolio-1-post-49646\" class=\"fusion-portfolio-post bild-bv-button-da fusion-col-spacing post-49646\"><div class=\"fusion-portfolio-content-wrapper\" style=\"border:none;\"><span class=\"entry-title rich-snippet-hidden\">Mulighed for Prisma Button 300: Softfront med k\u00f8restol<\/span><span class=\"updated rich-snippet-hidden\">2023-10-30T13:46:11+01:00<\/span><div  class=\"fusion-image-wrapper fusion-image-size-fixed\" aria-haspopup=\"true\">\n\t\t\t\t<img decoding=\"async\" width=\"300\" height=\"214\" src=\"data:image\/svg+xml,%3Csvg%20xmlns%3D%27http%3A%2F%2Fwww.w3.org%2F2000%2Fsvg%27%20width%3D%27300%27%20height%3D%27214%27%20viewBox%3D%270%200%20300%20214%27%3E%3Crect%20width%3D%27300%27%20height%3D%27214%27%20fill-opacity%3D%220%22%2F%3E%3C%2Fsvg%3E\" data-orig-src=\"https:\/\/www.prismatibro.se\/wp-content\/uploads\/2022\/10\/BU-760-301-1A-800x504-1-300x214.jpg\" class=\"lazyload attachment-portfolio-three size-portfolio-three wp-post-image\" alt=\"Prisma Button 300 med Softfront Rullstol\" \/><div class=\"fusion-rollover\">\n\t<div class=\"fusion-rollover-content\">\n\n\t\t\t\t\t\t\t\t\t\t\t\t\t\t<a class=\"fusion-rollover-link\" href=\"https:\/\/www.prismatibro.se\/dl\/bu\/image_high\/Prisma-Button-300_760-301-1A_407x1210_200526-01.jpg\" target=\"_blank\">https:\/\/www.prismatibro.se\/dl\/bu\/image_high\/Prisma-Button-300_760-301-1A_407x1210_200526-01.jpg<\/a>\n\t\t\t\n\t\t\t\t\t\t\t\t\n\t\t\n\t\t\t\t\t\t\t\t\t\t\t\t<h4 class=\"fusion-rollover-title\">\n\t\t\t\t\t<a class=\"fusion-rollover-title-link\" href=\"https:\/\/www.prismatibro.se\/dl\/bu\/image_high\/Prisma-Button-300_760-301-1A_407x1210_200526-01.jpg\" target=\"_blank\">\n\t\t\t\t\t\tMulighed for Prisma Button 300: Softfront med k\u00f8restol\t\t\t\t\t<\/a>\n\t\t\t\t<\/h4>\n\t\t\t\n\t\t\t\t\t\t\t\t\n\t\t\n\t\t\t\t\t\t<a class=\"fusion-link-wrapper\" href=\"https:\/\/www.prismatibro.se\/dl\/bu\/image_high\/Prisma-Button-300_760-301-1A_407x1210_200526-01.jpg\" target=\"_blank\" aria-label=\"Mulighed for Prisma Button 300: Softfront med k\u00f8restol\"><\/a>\n\t<\/div>\n<\/div>\n<\/div>\n<\/div><\/article><article id=\"portfolio-1-post-49645\" class=\"fusion-portfolio-post bild-bv-button-da fusion-col-spacing post-49645\"><div class=\"fusion-portfolio-content-wrapper\" style=\"border:none;\"><span class=\"entry-title rich-snippet-hidden\">Mulighed for Prisma Button 1200: Softfront med k\u00f8restol<\/span><span class=\"updated rich-snippet-hidden\">2023-10-30T13:46:04+01:00<\/span><div  class=\"fusion-image-wrapper fusion-image-size-fixed\" aria-haspopup=\"true\">\n\t\t\t\t<img decoding=\"async\" width=\"300\" height=\"214\" src=\"data:image\/svg+xml,%3Csvg%20xmlns%3D%27http%3A%2F%2Fwww.w3.org%2F2000%2Fsvg%27%20width%3D%27300%27%20height%3D%27214%27%20viewBox%3D%270%200%20300%20214%27%3E%3Crect%20width%3D%27300%27%20height%3D%27214%27%20fill-opacity%3D%220%22%2F%3E%3C%2Fsvg%3E\" data-orig-src=\"https:\/\/www.prismatibro.se\/wp-content\/uploads\/2022\/10\/BU-760-1201-1A-800x504-1-300x214.jpg\" class=\"lazyload attachment-portfolio-three size-portfolio-three wp-post-image\" alt=\"Prisma Button 1200 med Softfront Rullstol\" \/><div class=\"fusion-rollover\">\n\t<div class=\"fusion-rollover-content\">\n\n\t\t\t\t\t\t\t\t\t\t\t\t\t\t<a class=\"fusion-rollover-link\" href=\"https:\/\/www.prismatibro.se\/dl\/bu\/image_high\/Prisma-Button-1200_760-1201-1A_407x4937_200526-01.jpg\" target=\"_blank\">https:\/\/www.prismatibro.se\/dl\/bu\/image_high\/Prisma-Button-1200_760-1201-1A_407x4937_200526-01.jpg<\/a>\n\t\t\t\n\t\t\t\t\t\t\t\t\n\t\t\n\t\t\t\t\t\t\t\t\t\t\t\t<h4 class=\"fusion-rollover-title\">\n\t\t\t\t\t<a class=\"fusion-rollover-title-link\" href=\"https:\/\/www.prismatibro.se\/dl\/bu\/image_high\/Prisma-Button-1200_760-1201-1A_407x4937_200526-01.jpg\" target=\"_blank\">\n\t\t\t\t\t\tMulighed for Prisma Button 1200: Softfront med k\u00f8restol\t\t\t\t\t<\/a>\n\t\t\t\t<\/h4>\n\t\t\t\n\t\t\t\t\t\t\t\t\n\t\t\n\t\t\t\t\t\t<a class=\"fusion-link-wrapper\" href=\"https:\/\/www.prismatibro.se\/dl\/bu\/image_high\/Prisma-Button-1200_760-1201-1A_407x4937_200526-01.jpg\" target=\"_blank\" aria-label=\"Mulighed for Prisma Button 1200: Softfront med k\u00f8restol\"><\/a>\n\t<\/div>\n<\/div>\n<\/div>\n<\/div><\/article><article id=\"portfolio-1-post-49653\" class=\"fusion-portfolio-post bild-bv-button-da fusion-col-spacing post-49653\"><div class=\"fusion-portfolio-content-wrapper\" style=\"border:none;\"><span class=\"entry-title rich-snippet-hidden\">Prisma Button med l\u00e5g: Uden skruer, der er fastsp\u00e6ndt<\/span><span class=\"updated rich-snippet-hidden\">2023-10-30T13:45:50+01:00<\/span><div  class=\"fusion-image-wrapper fusion-image-size-fixed\" aria-haspopup=\"true\">\n\t\t\t\t<img decoding=\"async\" width=\"300\" height=\"214\" src=\"data:image\/svg+xml,%3Csvg%20xmlns%3D%27http%3A%2F%2Fwww.w3.org%2F2000%2Fsvg%27%20width%3D%27300%27%20height%3D%27214%27%20viewBox%3D%270%200%20300%20214%27%3E%3Crect%20width%3D%27300%27%20height%3D%27214%27%20fill-opacity%3D%220%22%2F%3E%3C%2Fsvg%3E\" data-orig-src=\"https:\/\/www.prismatibro.se\/wp-content\/uploads\/2022\/10\/BU-760-0070-800x504-1-300x214.jpg\" class=\"lazyload attachment-portfolio-three size-portfolio-three wp-post-image\" alt=\"Prisma Button - Lock utan skruva som kl\u00e4ms fast\" \/><div class=\"fusion-rollover\">\n\t<div class=\"fusion-rollover-content\">\n\n\t\t\t\t\t\t\t\t\t\t\t\t\t\t<a class=\"fusion-rollover-link\" href=\"https:\/\/www.prismatibro.se\/dl\/bu\/image_high\/Prisma-Button_760-0070_4539x1883_200603-01.jpg\" target=\"_blank\">https:\/\/www.prismatibro.se\/dl\/bu\/image_high\/Prisma-Button_760-0070_4539x1883_200603-01.jpg<\/a>\n\t\t\t\n\t\t\t\t\t\t\t\t\n\t\t\n\t\t\t\t\t\t\t\t\t\t\t\t<h4 class=\"fusion-rollover-title\">\n\t\t\t\t\t<a class=\"fusion-rollover-title-link\" href=\"https:\/\/www.prismatibro.se\/dl\/bu\/image_high\/Prisma-Button_760-0070_4539x1883_200603-01.jpg\" target=\"_blank\">\n\t\t\t\t\t\tPrisma Button med l\u00e5g: Uden skruer, der er fastsp\u00e6ndt\t\t\t\t\t<\/a>\n\t\t\t\t<\/h4>\n\t\t\t\n\t\t\t\t\t\t\t\t\n\t\t\n\t\t\t\t\t\t<a class=\"fusion-link-wrapper\" href=\"https:\/\/www.prismatibro.se\/dl\/bu\/image_high\/Prisma-Button_760-0070_4539x1883_200603-01.jpg\" target=\"_blank\" aria-label=\"Prisma Button med l\u00e5g: Uden skruer, der er fastsp\u00e6ndt\"><\/a>\n\t<\/div>\n<\/div>\n<\/div>\n<\/div><\/article><article id=\"portfolio-1-post-49643\" class=\"fusion-portfolio-post bild-bv-button-da fusion-col-spacing post-49643\"><div class=\"fusion-portfolio-content-wrapper\" style=\"border:none;\"><span class=\"entry-title rich-snippet-hidden\">L\u00e5g til Prisma Button: Med skrue<\/span><span class=\"updated rich-snippet-hidden\">2023-10-30T14:49:44+01:00<\/span><div  class=\"fusion-image-wrapper fusion-image-size-fixed\" aria-haspopup=\"true\">\n\t\t\t\t<img decoding=\"async\" width=\"300\" height=\"214\" src=\"data:image\/svg+xml,%3Csvg%20xmlns%3D%27http%3A%2F%2Fwww.w3.org%2F2000%2Fsvg%27%20width%3D%27300%27%20height%3D%27214%27%20viewBox%3D%270%200%20300%20214%27%3E%3Crect%20width%3D%27300%27%20height%3D%27214%27%20fill-opacity%3D%220%22%2F%3E%3C%2Fsvg%3E\" data-orig-src=\"https:\/\/www.prismatibro.se\/wp-content\/uploads\/2022\/10\/BU-760-0301-800x504-1-300x214.jpg\" class=\"lazyload attachment-portfolio-three size-portfolio-three wp-post-image\" alt=\"Prisma Button - Lock med skruv\" \/><div class=\"fusion-rollover\">\n\t<div class=\"fusion-rollover-content\">\n\n\t\t\t\t\t\t\t\t\t\t\t\t\t\t<a class=\"fusion-rollover-link\" href=\"https:\/\/www.prismatibro.se\/dl\/bu\/image_high\/Prisma-Button_760-0301_4535x1498_221026-01.jpg\" target=\"_blank\">https:\/\/www.prismatibro.se\/dl\/bu\/image_high\/Prisma-Button_760-0301_4535x1498_221026-01.jpg<\/a>\n\t\t\t\n\t\t\t\t\t\t\t\t\n\t\t\n\t\t\t\t\t\t\t\t\t\t\t\t<h4 class=\"fusion-rollover-title\">\n\t\t\t\t\t<a class=\"fusion-rollover-title-link\" href=\"https:\/\/www.prismatibro.se\/dl\/bu\/image_high\/Prisma-Button_760-0301_4535x1498_221026-01.jpg\" target=\"_blank\">\n\t\t\t\t\t\tL\u00e5g til Prisma Button: Med skrue\t\t\t\t\t<\/a>\n\t\t\t\t<\/h4>\n\t\t\t\n\t\t\t\t\t\t\t\t\n\t\t\n\t\t\t\t\t\t<a class=\"fusion-link-wrapper\" href=\"https:\/\/www.prismatibro.se\/dl\/bu\/image_high\/Prisma-Button_760-0301_4535x1498_221026-01.jpg\" target=\"_blank\" aria-label=\"L\u00e5g til Prisma Button: Med skrue\"><\/a>\n\t<\/div>\n<\/div>\n<\/div>\n<\/div><\/article><\/div><\/div><\/div><\/div><\/div><\/div>\n","protected":false},"excerpt":{"rendered":"","protected":false},"author":18,"featured_media":34864,"parent":0,"menu_order":0,"comment_status":"closed","ping_status":"closed","template":"","meta":{"footnotes":""},"class_list":["post-39551","page","type-page","status-publish","has-post-thumbnail","hentry"],"yoast_head":"<!-- This site is optimized with the Yoast SEO plugin v27.5 - https:\/\/yoast.com\/product\/yoast-seo-wordpress\/ -->\n<title>Billeder &amp; Videoer Prisma Button | PrismaTibro<\/title>\n<meta name=\"description\" content=\"Billeder &amp; Videoed Prisma Button. Prisma Button 300, Prisma Button 800, Prisma Button 802, Prisma Button 1200\" \/>\n<meta name=\"robots\" content=\"index, follow, max-snippet:-1, max-image-preview:large, max-video-preview:-1\" \/>\n<link rel=\"canonical\" href=\"https:\/\/www.prismatibro.se\/da\/billede-video-prisma-button\/\" \/>\n<meta property=\"og:locale\" content=\"da_DK\" \/>\n<meta property=\"og:type\" content=\"article\" \/>\n<meta property=\"og:title\" content=\"Billeder &amp; Videoer Prisma Button | PrismaTibro\" \/>\n<meta property=\"og:description\" content=\"Billeder &amp; Videoed Prisma Button. Prisma Button 300, Prisma Button 800, Prisma Button 802, Prisma Button 1200\" \/>\n<meta property=\"og:url\" content=\"https:\/\/www.prismatibro.se\/da\/billede-video-prisma-button\/\" \/>\n<meta property=\"og:site_name\" content=\"PrismaTibro\" \/>\n<meta property=\"article:modified_time\" content=\"2023-01-31T12:39:03+00:00\" \/>\n<meta property=\"og:image\" content=\"https:\/\/www.prismatibro.se\/wp-content\/uploads\/2021\/08\/PT_Bild-Video_800x504_210820-01.jpg\" \/>\n\t<meta property=\"og:image:width\" content=\"800\" \/>\n\t<meta property=\"og:image:height\" content=\"504\" \/>\n\t<meta property=\"og:image:type\" content=\"image\/jpeg\" \/>\n<meta name=\"twitter:card\" content=\"summary_large_image\" \/>\n<meta name=\"twitter:label1\" content=\"Estimeret l\u00e6setid\" \/>\n\t<meta name=\"twitter:data1\" content=\"1 minut\" \/>\n<script type=\"application\/ld+json\" class=\"yoast-schema-graph\">{\"@context\":\"https:\\\/\\\/schema.org\",\"@graph\":[{\"@type\":\"WebPage\",\"@id\":\"https:\\\/\\\/www.prismatibro.se\\\/da\\\/billede-video-prisma-button\\\/\",\"url\":\"https:\\\/\\\/www.prismatibro.se\\\/da\\\/billede-video-prisma-button\\\/\",\"name\":\"Billeder & Videoer Prisma Button | PrismaTibro\",\"isPartOf\":{\"@id\":\"https:\\\/\\\/www.prismatibro.se\\\/da\\\/#website\"},\"primaryImageOfPage\":{\"@id\":\"https:\\\/\\\/www.prismatibro.se\\\/da\\\/billede-video-prisma-button\\\/#primaryimage\"},\"image\":{\"@id\":\"https:\\\/\\\/www.prismatibro.se\\\/da\\\/billede-video-prisma-button\\\/#primaryimage\"},\"thumbnailUrl\":\"https:\\\/\\\/www.prismatibro.se\\\/wp-content\\\/uploads\\\/2021\\\/08\\\/PT_Bild-Video_800x504_210820-01.jpg\",\"datePublished\":\"2022-08-26T11:21:17+00:00\",\"dateModified\":\"2023-01-31T12:39:03+00:00\",\"description\":\"Billeder & Videoed Prisma Button. Prisma Button 300, Prisma Button 800, Prisma Button 802, Prisma Button 1200\",\"breadcrumb\":{\"@id\":\"https:\\\/\\\/www.prismatibro.se\\\/da\\\/billede-video-prisma-button\\\/#breadcrumb\"},\"inLanguage\":\"da-DK\",\"potentialAction\":[{\"@type\":\"ReadAction\",\"target\":[\"https:\\\/\\\/www.prismatibro.se\\\/da\\\/billede-video-prisma-button\\\/\"]}]},{\"@type\":\"ImageObject\",\"inLanguage\":\"da-DK\",\"@id\":\"https:\\\/\\\/www.prismatibro.se\\\/da\\\/billede-video-prisma-button\\\/#primaryimage\",\"url\":\"https:\\\/\\\/www.prismatibro.se\\\/wp-content\\\/uploads\\\/2021\\\/08\\\/PT_Bild-Video_800x504_210820-01.jpg\",\"contentUrl\":\"https:\\\/\\\/www.prismatibro.se\\\/wp-content\\\/uploads\\\/2021\\\/08\\\/PT_Bild-Video_800x504_210820-01.jpg\",\"width\":800,\"height\":504,\"caption\":\"Prisma Button\"},{\"@type\":\"BreadcrumbList\",\"@id\":\"https:\\\/\\\/www.prismatibro.se\\\/da\\\/billede-video-prisma-button\\\/#breadcrumb\",\"itemListElement\":[{\"@type\":\"ListItem\",\"position\":1,\"name\":\"Hem\",\"item\":\"https:\\\/\\\/www.prismatibro.se\\\/da\\\/\"},{\"@type\":\"ListItem\",\"position\":2,\"name\":\"Billeder &#038; Videoer Prisma Button\"}]},{\"@type\":\"WebSite\",\"@id\":\"https:\\\/\\\/www.prismatibro.se\\\/da\\\/#website\",\"url\":\"https:\\\/\\\/www.prismatibro.se\\\/da\\\/\",\"name\":\"PrismaTibro Sweden\",\"description\":\"Pedestrian Signal, \u00d6verg\u00e5ngssignal, D\u00f6rr\u00f6ppnare, Deflection Indikator, LED gatubelysning\",\"publisher\":{\"@id\":\"https:\\\/\\\/www.prismatibro.se\\\/da\\\/#organization\"},\"potentialAction\":[{\"@type\":\"SearchAction\",\"target\":{\"@type\":\"EntryPoint\",\"urlTemplate\":\"https:\\\/\\\/www.prismatibro.se\\\/da\\\/?s={search_term_string}\"},\"query-input\":{\"@type\":\"PropertyValueSpecification\",\"valueRequired\":true,\"valueName\":\"search_term_string\"}}],\"inLanguage\":\"da-DK\"},{\"@type\":\"Organization\",\"@id\":\"https:\\\/\\\/www.prismatibro.se\\\/da\\\/#organization\",\"name\":\"PrismaTibro\",\"url\":\"https:\\\/\\\/www.prismatibro.se\\\/da\\\/\",\"logo\":{\"@type\":\"ImageObject\",\"inLanguage\":\"da-DK\",\"@id\":\"https:\\\/\\\/www.prismatibro.se\\\/da\\\/#\\\/schema\\\/logo\\\/image\\\/\",\"url\":\"https:\\\/\\\/www.prismatibro.se\\\/wp-content\\\/uploads\\\/2017\\\/08\\\/PrismaTibro_logo_207x52_170807-01@2x.png\",\"contentUrl\":\"https:\\\/\\\/www.prismatibro.se\\\/wp-content\\\/uploads\\\/2017\\\/08\\\/PrismaTibro_logo_207x52_170807-01@2x.png\",\"width\":414,\"height\":104,\"caption\":\"PrismaTibro\"},\"image\":{\"@id\":\"https:\\\/\\\/www.prismatibro.se\\\/da\\\/#\\\/schema\\\/logo\\\/image\\\/\"},\"sameAs\":[\"https:\\\/\\\/www.linkedin.com\\\/company\\\/prismatibro\"]}]}<\/script>\n<!-- \/ Yoast SEO plugin. -->","yoast_head_json":{"title":"Billeder & Videoer Prisma Button | PrismaTibro","description":"Billeder & Videoed Prisma Button. Prisma Button 300, Prisma Button 800, Prisma Button 802, Prisma Button 1200","robots":{"index":"index","follow":"follow","max-snippet":"max-snippet:-1","max-image-preview":"max-image-preview:large","max-video-preview":"max-video-preview:-1"},"canonical":"https:\/\/www.prismatibro.se\/da\/billede-video-prisma-button\/","og_locale":"da_DK","og_type":"article","og_title":"Billeder & Videoer Prisma Button | PrismaTibro","og_description":"Billeder & Videoed Prisma Button. Prisma Button 300, Prisma Button 800, Prisma Button 802, Prisma Button 1200","og_url":"https:\/\/www.prismatibro.se\/da\/billede-video-prisma-button\/","og_site_name":"PrismaTibro","article_modified_time":"2023-01-31T12:39:03+00:00","og_image":[{"width":800,"height":504,"url":"https:\/\/www.prismatibro.se\/wp-content\/uploads\/2021\/08\/PT_Bild-Video_800x504_210820-01.jpg","type":"image\/jpeg"}],"twitter_card":"summary_large_image","twitter_misc":{"Estimeret l\u00e6setid":"1 minut"},"schema":{"@context":"https:\/\/schema.org","@graph":[{"@type":"WebPage","@id":"https:\/\/www.prismatibro.se\/da\/billede-video-prisma-button\/","url":"https:\/\/www.prismatibro.se\/da\/billede-video-prisma-button\/","name":"Billeder & Videoer Prisma Button | PrismaTibro","isPartOf":{"@id":"https:\/\/www.prismatibro.se\/da\/#website"},"primaryImageOfPage":{"@id":"https:\/\/www.prismatibro.se\/da\/billede-video-prisma-button\/#primaryimage"},"image":{"@id":"https:\/\/www.prismatibro.se\/da\/billede-video-prisma-button\/#primaryimage"},"thumbnailUrl":"https:\/\/www.prismatibro.se\/wp-content\/uploads\/2021\/08\/PT_Bild-Video_800x504_210820-01.jpg","datePublished":"2022-08-26T11:21:17+00:00","dateModified":"2023-01-31T12:39:03+00:00","description":"Billeder & Videoed Prisma Button. Prisma Button 300, Prisma Button 800, Prisma Button 802, Prisma Button 1200","breadcrumb":{"@id":"https:\/\/www.prismatibro.se\/da\/billede-video-prisma-button\/#breadcrumb"},"inLanguage":"da-DK","potentialAction":[{"@type":"ReadAction","target":["https:\/\/www.prismatibro.se\/da\/billede-video-prisma-button\/"]}]},{"@type":"ImageObject","inLanguage":"da-DK","@id":"https:\/\/www.prismatibro.se\/da\/billede-video-prisma-button\/#primaryimage","url":"https:\/\/www.prismatibro.se\/wp-content\/uploads\/2021\/08\/PT_Bild-Video_800x504_210820-01.jpg","contentUrl":"https:\/\/www.prismatibro.se\/wp-content\/uploads\/2021\/08\/PT_Bild-Video_800x504_210820-01.jpg","width":800,"height":504,"caption":"Prisma Button"},{"@type":"BreadcrumbList","@id":"https:\/\/www.prismatibro.se\/da\/billede-video-prisma-button\/#breadcrumb","itemListElement":[{"@type":"ListItem","position":1,"name":"Hem","item":"https:\/\/www.prismatibro.se\/da\/"},{"@type":"ListItem","position":2,"name":"Billeder &#038; Videoer Prisma Button"}]},{"@type":"WebSite","@id":"https:\/\/www.prismatibro.se\/da\/#website","url":"https:\/\/www.prismatibro.se\/da\/","name":"PrismaTibro Sweden","description":"Pedestrian Signal, \u00d6verg\u00e5ngssignal, D\u00f6rr\u00f6ppnare, Deflection Indikator, LED gatubelysning","publisher":{"@id":"https:\/\/www.prismatibro.se\/da\/#organization"},"potentialAction":[{"@type":"SearchAction","target":{"@type":"EntryPoint","urlTemplate":"https:\/\/www.prismatibro.se\/da\/?s={search_term_string}"},"query-input":{"@type":"PropertyValueSpecification","valueRequired":true,"valueName":"search_term_string"}}],"inLanguage":"da-DK"},{"@type":"Organization","@id":"https:\/\/www.prismatibro.se\/da\/#organization","name":"PrismaTibro","url":"https:\/\/www.prismatibro.se\/da\/","logo":{"@type":"ImageObject","inLanguage":"da-DK","@id":"https:\/\/www.prismatibro.se\/da\/#\/schema\/logo\/image\/","url":"https:\/\/www.prismatibro.se\/wp-content\/uploads\/2017\/08\/PrismaTibro_logo_207x52_170807-01@2x.png","contentUrl":"https:\/\/www.prismatibro.se\/wp-content\/uploads\/2017\/08\/PrismaTibro_logo_207x52_170807-01@2x.png","width":414,"height":104,"caption":"PrismaTibro"},"image":{"@id":"https:\/\/www.prismatibro.se\/da\/#\/schema\/logo\/image\/"},"sameAs":["https:\/\/www.linkedin.com\/company\/prismatibro"]}]}},"_links":{"self":[{"href":"https:\/\/www.prismatibro.se\/da\/wp-json\/wp\/v2\/pages\/39551","targetHints":{"allow":["GET"]}}],"collection":[{"href":"https:\/\/www.prismatibro.se\/da\/wp-json\/wp\/v2\/pages"}],"about":[{"href":"https:\/\/www.prismatibro.se\/da\/wp-json\/wp\/v2\/types\/page"}],"author":[{"embeddable":true,"href":"https:\/\/www.prismatibro.se\/da\/wp-json\/wp\/v2\/users\/18"}],"replies":[{"embeddable":true,"href":"https:\/\/www.prismatibro.se\/da\/wp-json\/wp\/v2\/comments?post=39551"}],"version-history":[{"count":9,"href":"https:\/\/www.prismatibro.se\/da\/wp-json\/wp\/v2\/pages\/39551\/revisions"}],"predecessor-version":[{"id":49710,"href":"https:\/\/www.prismatibro.se\/da\/wp-json\/wp\/v2\/pages\/39551\/revisions\/49710"}],"wp:featuredmedia":[{"embeddable":true,"href":"https:\/\/www.prismatibro.se\/da\/wp-json\/wp\/v2\/media\/34864"}],"wp:attachment":[{"href":"https:\/\/www.prismatibro.se\/da\/wp-json\/wp\/v2\/media?parent=39551"}],"curies":[{"name":"wp","href":"https:\/\/api.w.org\/{rel}","templated":true}]}}