{"id":38920,"date":"2022-08-11T10:47:07","date_gmt":"2022-08-11T08:47:07","guid":{"rendered":"https:\/\/www.prismatibro.se\/prisma-daps-detect-hallo-er-der-nogen\/"},"modified":"2023-09-11T08:51:14","modified_gmt":"2023-09-11T06:51:14","slug":"prisma-daps-detect-hallo-er-der-nogen","status":"publish","type":"page","link":"https:\/\/www.prismatibro.se\/da\/prisma-daps-detect-hallo-er-der-nogen\/","title":{"rendered":"Prisma Daps Detect &#8211; Hallo, er der nogen?"},"content":{"rendered":"<div class=\"fusion-fullwidth fullwidth-box fusion-builder-row-1 fusion-flex-container nonhundred-percent-fullwidth non-hundred-percent-height-scrolling\" style=\"--awb-border-radius-top-left:0px;--awb-border-radius-top-right:0px;--awb-border-radius-bottom-right:0px;--awb-border-radius-bottom-left:0px;--awb-flex-wrap:wrap;\" ><div class=\"fusion-builder-row fusion-row fusion-flex-align-items-flex-start fusion-flex-content-wrap\" style=\"max-width:1996.8px;margin-left: calc(-4% \/ 2 );margin-right: calc(-4% \/ 2 );\"><div class=\"fusion-layout-column fusion_builder_column fusion-builder-column-0 fusion_builder_column_1_1 1_1 fusion-flex-column\" style=\"--awb-bg-size:cover;--awb-width-large:100%;--awb-margin-top-large:0px;--awb-spacing-right-large:1.92%;--awb-margin-bottom-large:20px;--awb-spacing-left-large:1.92%;--awb-width-medium:100%;--awb-order-medium:0;--awb-spacing-right-medium:1.92%;--awb-spacing-left-medium:1.92%;--awb-width-small:100%;--awb-order-small:0;--awb-spacing-right-small:1.92%;--awb-spacing-left-small:1.92%;\"><div class=\"fusion-column-wrapper fusion-column-has-shadow fusion-flex-justify-content-flex-start fusion-content-layout-column\"><div class=\"fusion-video fusion-youtube\" style=\"--awb-max-width:800px;--awb-max-height:450px;\" data-autoplay=\"1\"><div class=\"video-shortcode\"><lite-youtube videoid=\"STWs_ntn5P4\" class=\"landscape\" params=\"wmode=transparent&autoplay=1&amp;rel=0&amp;enablejsapi=1\" title=\"YouTube video player 1\" data-button-label=\"Play Video\" width=\"800\" height=\"450\" data-thumbnail-size=\"auto\" data-no-cookie=\"on\"><\/lite-youtube><\/div><\/div><div class=\"fusion-text fusion-text-1\" style=\"--awb-text-transform:none;\"><h1>N\u00e6rv\u00e6rsdetektering<\/h1>\n<p>Overv\u00e5ger, at den som anmeldte sin ankomst virkelig st\u00e5r og venter til det bliver gr\u00f8nt.<br \/>\nHvis den, der anmeldte sin ankomst, g\u00e5r, checkes hele krydset &#8211; er der andre, der st\u00e5r venter p\u00e5 gr\u00f8nt?<br \/>\nHvis nogen g\u00f8r det &#8211; bevares anmeldelsen.<br \/>\nHvis ingen venter &#8211; fjernes anmeldelsen, og trafikken glider uden afbrydelser.<\/p>\n<h2>Anmeld med tryk eller ber\u00f8ringsfrit<\/h2>\n<p>Anmeldelse kan g\u00f8res uden at ber\u00f8re Prisma Daps, men det er muligt at have b\u00e5de tryk-funktion og Detect aktivt samtidigt.<\/p>\n<h3>Kontakt med s\u00e6lger?<\/h3>\n<p><a href=\"https:\/\/www.prismatibro.se\/kontakt\/?PrismaTibroSelect=.saljare\"><strong>KLIK HER<\/strong> for at finde kontaktoplysninger<\/a><\/p>\n<\/div><\/div><\/div><\/div><\/div>\n","protected":false},"excerpt":{"rendered":"","protected":false},"author":18,"featured_media":37264,"parent":0,"menu_order":0,"comment_status":"closed","ping_status":"closed","template":"","meta":{"footnotes":""},"class_list":["post-38920","page","type-page","status-publish","has-post-thumbnail","hentry"],"yoast_head":"<!-- This site is optimized with the Yoast SEO plugin v27.4 - https:\/\/yoast.com\/product\/yoast-seo-wordpress\/ -->\n<title>Prisma Daps Detect - Hallo, er der nogen? | PrismaTibro<\/title>\n<meta name=\"description\" content=\"Prisma Daps Detect - Hallo, er der nogen? N\u00e6rv\u00e6rsdetektering - er, n\u00e5r en person meldte fra eller en anden i krydset, som stadig venter.\" \/>\n<meta name=\"robots\" content=\"index, follow, max-snippet:-1, max-image-preview:large, max-video-preview:-1\" \/>\n<link rel=\"canonical\" href=\"https:\/\/www.prismatibro.se\/da\/prisma-daps-detect-hallo-er-der-nogen\/\" \/>\n<meta property=\"og:locale\" content=\"da_DK\" \/>\n<meta property=\"og:type\" content=\"article\" \/>\n<meta property=\"og:title\" content=\"Prisma Daps Detect - Hallo, er der nogen? | PrismaTibro\" \/>\n<meta property=\"og:description\" content=\"Prisma Daps Detect - Hallo, er der nogen? N\u00e6rv\u00e6rsdetektering - er, n\u00e5r en person meldte fra eller en anden i krydset, som stadig venter.\" \/>\n<meta property=\"og:url\" content=\"https:\/\/www.prismatibro.se\/da\/prisma-daps-detect-hallo-er-der-nogen\/\" \/>\n<meta property=\"og:site_name\" content=\"PrismaTibro\" \/>\n<meta property=\"article:modified_time\" content=\"2023-09-11T06:51:14+00:00\" \/>\n<meta property=\"og:image\" content=\"https:\/\/www.prismatibro.se\/wp-content\/uploads\/2022\/03\/DA_Detect_800x300_220314-01.jpg\" \/>\n\t<meta property=\"og:image:width\" content=\"800\" \/>\n\t<meta property=\"og:image:height\" content=\"300\" \/>\n\t<meta property=\"og:image:type\" content=\"image\/jpeg\" \/>\n<meta name=\"twitter:card\" content=\"summary_large_image\" \/>\n<meta name=\"twitter:label1\" content=\"Estimeret l\u00e6setid\" \/>\n\t<meta name=\"twitter:data1\" content=\"2 minutter\" \/>\n<script type=\"application\/ld+json\" class=\"yoast-schema-graph\">{\"@context\":\"https:\\\/\\\/schema.org\",\"@graph\":[{\"@type\":\"WebPage\",\"@id\":\"https:\\\/\\\/www.prismatibro.se\\\/da\\\/prisma-daps-detect-hallo-er-der-nogen\\\/\",\"url\":\"https:\\\/\\\/www.prismatibro.se\\\/da\\\/prisma-daps-detect-hallo-er-der-nogen\\\/\",\"name\":\"Prisma Daps Detect - Hallo, er der nogen? | PrismaTibro\",\"isPartOf\":{\"@id\":\"https:\\\/\\\/www.prismatibro.se\\\/da\\\/#website\"},\"primaryImageOfPage\":{\"@id\":\"https:\\\/\\\/www.prismatibro.se\\\/da\\\/prisma-daps-detect-hallo-er-der-nogen\\\/#primaryimage\"},\"image\":{\"@id\":\"https:\\\/\\\/www.prismatibro.se\\\/da\\\/prisma-daps-detect-hallo-er-der-nogen\\\/#primaryimage\"},\"thumbnailUrl\":\"https:\\\/\\\/www.prismatibro.se\\\/wp-content\\\/uploads\\\/2022\\\/03\\\/DA_Detect_800x300_220314-01.jpg\",\"datePublished\":\"2022-08-11T08:47:07+00:00\",\"dateModified\":\"2023-09-11T06:51:14+00:00\",\"description\":\"Prisma Daps Detect - Hallo, er der nogen? N\u00e6rv\u00e6rsdetektering - er, n\u00e5r en person meldte fra eller en anden i krydset, som stadig venter.\",\"breadcrumb\":{\"@id\":\"https:\\\/\\\/www.prismatibro.se\\\/da\\\/prisma-daps-detect-hallo-er-der-nogen\\\/#breadcrumb\"},\"inLanguage\":\"da-DK\",\"potentialAction\":[{\"@type\":\"ReadAction\",\"target\":[\"https:\\\/\\\/www.prismatibro.se\\\/da\\\/prisma-daps-detect-hallo-er-der-nogen\\\/\"]}]},{\"@type\":\"ImageObject\",\"inLanguage\":\"da-DK\",\"@id\":\"https:\\\/\\\/www.prismatibro.se\\\/da\\\/prisma-daps-detect-hallo-er-der-nogen\\\/#primaryimage\",\"url\":\"https:\\\/\\\/www.prismatibro.se\\\/wp-content\\\/uploads\\\/2022\\\/03\\\/DA_Detect_800x300_220314-01.jpg\",\"contentUrl\":\"https:\\\/\\\/www.prismatibro.se\\\/wp-content\\\/uploads\\\/2022\\\/03\\\/DA_Detect_800x300_220314-01.jpg\",\"width\":800,\"height\":300,\"caption\":\"Prisma Daps\"},{\"@type\":\"BreadcrumbList\",\"@id\":\"https:\\\/\\\/www.prismatibro.se\\\/da\\\/prisma-daps-detect-hallo-er-der-nogen\\\/#breadcrumb\",\"itemListElement\":[{\"@type\":\"ListItem\",\"position\":1,\"name\":\"Hem\",\"item\":\"https:\\\/\\\/www.prismatibro.se\\\/da\\\/\"},{\"@type\":\"ListItem\",\"position\":2,\"name\":\"Prisma Daps Detect &#8211; Hallo, er der nogen?\"}]},{\"@type\":\"WebSite\",\"@id\":\"https:\\\/\\\/www.prismatibro.se\\\/da\\\/#website\",\"url\":\"https:\\\/\\\/www.prismatibro.se\\\/da\\\/\",\"name\":\"PrismaTibro Sweden\",\"description\":\"Pedestrian Signal, \u00d6verg\u00e5ngssignal, D\u00f6rr\u00f6ppnare, Deflection Indikator, LED gatubelysning\",\"publisher\":{\"@id\":\"https:\\\/\\\/www.prismatibro.se\\\/da\\\/#organization\"},\"potentialAction\":[{\"@type\":\"SearchAction\",\"target\":{\"@type\":\"EntryPoint\",\"urlTemplate\":\"https:\\\/\\\/www.prismatibro.se\\\/da\\\/?s={search_term_string}\"},\"query-input\":{\"@type\":\"PropertyValueSpecification\",\"valueRequired\":true,\"valueName\":\"search_term_string\"}}],\"inLanguage\":\"da-DK\"},{\"@type\":\"Organization\",\"@id\":\"https:\\\/\\\/www.prismatibro.se\\\/da\\\/#organization\",\"name\":\"PrismaTibro\",\"url\":\"https:\\\/\\\/www.prismatibro.se\\\/da\\\/\",\"logo\":{\"@type\":\"ImageObject\",\"inLanguage\":\"da-DK\",\"@id\":\"https:\\\/\\\/www.prismatibro.se\\\/da\\\/#\\\/schema\\\/logo\\\/image\\\/\",\"url\":\"https:\\\/\\\/www.prismatibro.se\\\/wp-content\\\/uploads\\\/2017\\\/08\\\/PrismaTibro_logo_207x52_170807-01@2x.png\",\"contentUrl\":\"https:\\\/\\\/www.prismatibro.se\\\/wp-content\\\/uploads\\\/2017\\\/08\\\/PrismaTibro_logo_207x52_170807-01@2x.png\",\"width\":414,\"height\":104,\"caption\":\"PrismaTibro\"},\"image\":{\"@id\":\"https:\\\/\\\/www.prismatibro.se\\\/da\\\/#\\\/schema\\\/logo\\\/image\\\/\"},\"sameAs\":[\"https:\\\/\\\/www.linkedin.com\\\/company\\\/prismatibro\"]}]}<\/script>\n<!-- \/ Yoast SEO plugin. -->","yoast_head_json":{"title":"Prisma Daps Detect - Hallo, er der nogen? | PrismaTibro","description":"Prisma Daps Detect - Hallo, er der nogen? N\u00e6rv\u00e6rsdetektering - er, n\u00e5r en person meldte fra eller en anden i krydset, som stadig venter.","robots":{"index":"index","follow":"follow","max-snippet":"max-snippet:-1","max-image-preview":"max-image-preview:large","max-video-preview":"max-video-preview:-1"},"canonical":"https:\/\/www.prismatibro.se\/da\/prisma-daps-detect-hallo-er-der-nogen\/","og_locale":"da_DK","og_type":"article","og_title":"Prisma Daps Detect - Hallo, er der nogen? | PrismaTibro","og_description":"Prisma Daps Detect - Hallo, er der nogen? N\u00e6rv\u00e6rsdetektering - er, n\u00e5r en person meldte fra eller en anden i krydset, som stadig venter.","og_url":"https:\/\/www.prismatibro.se\/da\/prisma-daps-detect-hallo-er-der-nogen\/","og_site_name":"PrismaTibro","article_modified_time":"2023-09-11T06:51:14+00:00","og_image":[{"width":800,"height":300,"url":"https:\/\/www.prismatibro.se\/wp-content\/uploads\/2022\/03\/DA_Detect_800x300_220314-01.jpg","type":"image\/jpeg"}],"twitter_card":"summary_large_image","twitter_misc":{"Estimeret l\u00e6setid":"2 minutter"},"schema":{"@context":"https:\/\/schema.org","@graph":[{"@type":"WebPage","@id":"https:\/\/www.prismatibro.se\/da\/prisma-daps-detect-hallo-er-der-nogen\/","url":"https:\/\/www.prismatibro.se\/da\/prisma-daps-detect-hallo-er-der-nogen\/","name":"Prisma Daps Detect - Hallo, er der nogen? | PrismaTibro","isPartOf":{"@id":"https:\/\/www.prismatibro.se\/da\/#website"},"primaryImageOfPage":{"@id":"https:\/\/www.prismatibro.se\/da\/prisma-daps-detect-hallo-er-der-nogen\/#primaryimage"},"image":{"@id":"https:\/\/www.prismatibro.se\/da\/prisma-daps-detect-hallo-er-der-nogen\/#primaryimage"},"thumbnailUrl":"https:\/\/www.prismatibro.se\/wp-content\/uploads\/2022\/03\/DA_Detect_800x300_220314-01.jpg","datePublished":"2022-08-11T08:47:07+00:00","dateModified":"2023-09-11T06:51:14+00:00","description":"Prisma Daps Detect - Hallo, er der nogen? N\u00e6rv\u00e6rsdetektering - er, n\u00e5r en person meldte fra eller en anden i krydset, som stadig venter.","breadcrumb":{"@id":"https:\/\/www.prismatibro.se\/da\/prisma-daps-detect-hallo-er-der-nogen\/#breadcrumb"},"inLanguage":"da-DK","potentialAction":[{"@type":"ReadAction","target":["https:\/\/www.prismatibro.se\/da\/prisma-daps-detect-hallo-er-der-nogen\/"]}]},{"@type":"ImageObject","inLanguage":"da-DK","@id":"https:\/\/www.prismatibro.se\/da\/prisma-daps-detect-hallo-er-der-nogen\/#primaryimage","url":"https:\/\/www.prismatibro.se\/wp-content\/uploads\/2022\/03\/DA_Detect_800x300_220314-01.jpg","contentUrl":"https:\/\/www.prismatibro.se\/wp-content\/uploads\/2022\/03\/DA_Detect_800x300_220314-01.jpg","width":800,"height":300,"caption":"Prisma Daps"},{"@type":"BreadcrumbList","@id":"https:\/\/www.prismatibro.se\/da\/prisma-daps-detect-hallo-er-der-nogen\/#breadcrumb","itemListElement":[{"@type":"ListItem","position":1,"name":"Hem","item":"https:\/\/www.prismatibro.se\/da\/"},{"@type":"ListItem","position":2,"name":"Prisma Daps Detect &#8211; Hallo, er der nogen?"}]},{"@type":"WebSite","@id":"https:\/\/www.prismatibro.se\/da\/#website","url":"https:\/\/www.prismatibro.se\/da\/","name":"PrismaTibro Sweden","description":"Pedestrian Signal, \u00d6verg\u00e5ngssignal, D\u00f6rr\u00f6ppnare, Deflection Indikator, LED gatubelysning","publisher":{"@id":"https:\/\/www.prismatibro.se\/da\/#organization"},"potentialAction":[{"@type":"SearchAction","target":{"@type":"EntryPoint","urlTemplate":"https:\/\/www.prismatibro.se\/da\/?s={search_term_string}"},"query-input":{"@type":"PropertyValueSpecification","valueRequired":true,"valueName":"search_term_string"}}],"inLanguage":"da-DK"},{"@type":"Organization","@id":"https:\/\/www.prismatibro.se\/da\/#organization","name":"PrismaTibro","url":"https:\/\/www.prismatibro.se\/da\/","logo":{"@type":"ImageObject","inLanguage":"da-DK","@id":"https:\/\/www.prismatibro.se\/da\/#\/schema\/logo\/image\/","url":"https:\/\/www.prismatibro.se\/wp-content\/uploads\/2017\/08\/PrismaTibro_logo_207x52_170807-01@2x.png","contentUrl":"https:\/\/www.prismatibro.se\/wp-content\/uploads\/2017\/08\/PrismaTibro_logo_207x52_170807-01@2x.png","width":414,"height":104,"caption":"PrismaTibro"},"image":{"@id":"https:\/\/www.prismatibro.se\/da\/#\/schema\/logo\/image\/"},"sameAs":["https:\/\/www.linkedin.com\/company\/prismatibro"]}]}},"_links":{"self":[{"href":"https:\/\/www.prismatibro.se\/da\/wp-json\/wp\/v2\/pages\/38920","targetHints":{"allow":["GET"]}}],"collection":[{"href":"https:\/\/www.prismatibro.se\/da\/wp-json\/wp\/v2\/pages"}],"about":[{"href":"https:\/\/www.prismatibro.se\/da\/wp-json\/wp\/v2\/types\/page"}],"author":[{"embeddable":true,"href":"https:\/\/www.prismatibro.se\/da\/wp-json\/wp\/v2\/users\/18"}],"replies":[{"embeddable":true,"href":"https:\/\/www.prismatibro.se\/da\/wp-json\/wp\/v2\/comments?post=38920"}],"version-history":[{"count":2,"href":"https:\/\/www.prismatibro.se\/da\/wp-json\/wp\/v2\/pages\/38920\/revisions"}],"predecessor-version":[{"id":38922,"href":"https:\/\/www.prismatibro.se\/da\/wp-json\/wp\/v2\/pages\/38920\/revisions\/38922"}],"wp:featuredmedia":[{"embeddable":true,"href":"https:\/\/www.prismatibro.se\/da\/wp-json\/wp\/v2\/media\/37264"}],"wp:attachment":[{"href":"https:\/\/www.prismatibro.se\/da\/wp-json\/wp\/v2\/media?parent=38920"}],"curies":[{"name":"wp","href":"https:\/\/api.w.org\/{rel}","templated":true}]}}