{"id":38859,"date":"2022-08-10T10:45:59","date_gmt":"2022-08-10T08:45:59","guid":{"rendered":"https:\/\/www.prismatibro.se\/leder-du-efter-en-linse\/"},"modified":"2023-01-23T07:43:48","modified_gmt":"2023-01-23T06:43:48","slug":"leder-du-efter-en-linse","status":"publish","type":"page","link":"https:\/\/www.prismatibro.se\/da\/leder-du-efter-en-linse\/","title":{"rendered":"Leder du efter en linse?"},"content":{"rendered":"<div class=\"fusion-fullwidth fullwidth-box fusion-builder-row-1 fusion-flex-container nonhundred-percent-fullwidth non-hundred-percent-height-scrolling\" style=\"--awb-border-radius-top-left:0px;--awb-border-radius-top-right:0px;--awb-border-radius-bottom-right:0px;--awb-border-radius-bottom-left:0px;--awb-flex-wrap:wrap;\" ><div class=\"fusion-builder-row fusion-row fusion-flex-align-items-flex-start fusion-flex-content-wrap\" style=\"max-width:1996.8px;margin-left: calc(-4% \/ 2 );margin-right: calc(-4% \/ 2 );\"><div class=\"fusion-layout-column fusion_builder_column fusion-builder-column-0 fusion_builder_column_1_1 1_1 fusion-flex-column\" style=\"--awb-bg-size:cover;--awb-width-large:100%;--awb-margin-top-large:0px;--awb-spacing-right-large:1.92%;--awb-margin-bottom-large:20px;--awb-spacing-left-large:1.92%;--awb-width-medium:100%;--awb-order-medium:0;--awb-spacing-right-medium:1.92%;--awb-spacing-left-medium:1.92%;--awb-width-small:100%;--awb-order-small:0;--awb-spacing-right-small:1.92%;--awb-spacing-left-small:1.92%;\"><div class=\"fusion-column-wrapper fusion-column-has-shadow fusion-flex-justify-content-flex-start fusion-content-layout-column\"><div class=\"fusion-text fusion-text-1\"><h1>Der findes mange at v\u00e6lge i mellem<\/h1>\n<p>Der findes tusindvis af linser p\u00e5 markedet.<br \/>\nAlle med det form\u00e5l at sprede lyset fra effektive dioder optimalt.<\/p>\n<h2>Vi har udvalgt en samling<\/h2>\n<p>Vi udvalgt et antal, som kan beh\u00f8ve en n\u00e6rmere pr\u00e6sentation, hvor linsens navn sj\u00e6ldent afsl\u00f8rer s\u00e6rligt meget.<br \/>\n<a href=\"https:\/\/www.prismatibro.se\/da\/prisma-light-ljusbilder-linser\/\"><strong>KLIK HER<\/strong> for at l\u00e6se mere om linser.<\/a><\/p>\n<h3>Kontakt os<\/h3>\n<p><a href=\"https:\/\/www.prismatibro.se\/kontakt\/?PrismaTibroSelect=.saljare\"><strong>KLIK HER<\/strong> for at tale med kyndig person om linser til en af Prisma Lights modeller, som vil oplyse tilv\u00e6relsen.<\/a><\/p>\n<\/div><\/div><\/div><\/div><\/div>\n","protected":false},"excerpt":{"rendered":"<p>Der findes mange at v\u00e6lge i mellem. Der findes tusindvis af linser p\u00e5 markedet. Alle med det form\u00e5l at sprede lyset fra effektive dioder optimalt. Vi har udvalgt et antal som&#8230;<\/p>\n","protected":false},"author":18,"featured_media":38005,"parent":0,"menu_order":0,"comment_status":"closed","ping_status":"closed","template":"","meta":{"footnotes":""},"class_list":["post-38859","page","type-page","status-publish","has-post-thumbnail","hentry"],"yoast_head":"<!-- This site is optimized with the Yoast SEO plugin v27.5 - https:\/\/yoast.com\/product\/yoast-seo-wordpress\/ -->\n<title>Leder du efter en linse? | PrismaTibro<\/title>\n<meta name=\"description\" content=\"Leder du efter en linse? Vi hj\u00e6lper gerne. Udfyld formularen eller ring til en af os - s\u00e5 hj\u00e6lper vi dig med dit belysningsprojekt.\" \/>\n<meta name=\"robots\" content=\"index, follow, max-snippet:-1, max-image-preview:large, max-video-preview:-1\" \/>\n<link rel=\"canonical\" href=\"https:\/\/www.prismatibro.se\/da\/leder-du-efter-en-linse\/\" \/>\n<meta property=\"og:locale\" content=\"da_DK\" \/>\n<meta property=\"og:type\" content=\"article\" \/>\n<meta property=\"og:title\" content=\"Leder du efter en linse? | PrismaTibro\" \/>\n<meta property=\"og:description\" content=\"Leder du efter en linse? Vi hj\u00e6lper gerne. Udfyld formularen eller ring til en af os - s\u00e5 hj\u00e6lper vi dig med dit belysningsprojekt.\" \/>\n<meta property=\"og:url\" content=\"https:\/\/www.prismatibro.se\/da\/leder-du-efter-en-linse\/\" \/>\n<meta property=\"og:site_name\" content=\"PrismaTibro\" \/>\n<meta property=\"article:modified_time\" content=\"2023-01-23T06:43:48+00:00\" \/>\n<meta property=\"og:image\" content=\"https:\/\/www.prismatibro.se\/wp-content\/uploads\/2022\/05\/EL_sok-lins-effekt_800x504_220504-01.jpg\" \/>\n\t<meta property=\"og:image:width\" content=\"800\" \/>\n\t<meta property=\"og:image:height\" content=\"504\" \/>\n\t<meta property=\"og:image:type\" content=\"image\/jpeg\" \/>\n<meta name=\"twitter:card\" content=\"summary_large_image\" \/>\n<meta name=\"twitter:label1\" content=\"Estimeret l\u00e6setid\" \/>\n\t<meta name=\"twitter:data1\" content=\"2 minutter\" \/>\n<script type=\"application\/ld+json\" class=\"yoast-schema-graph\">{\"@context\":\"https:\\\/\\\/schema.org\",\"@graph\":[{\"@type\":\"WebPage\",\"@id\":\"https:\\\/\\\/www.prismatibro.se\\\/da\\\/leder-du-efter-en-linse\\\/\",\"url\":\"https:\\\/\\\/www.prismatibro.se\\\/da\\\/leder-du-efter-en-linse\\\/\",\"name\":\"Leder du efter en linse? | PrismaTibro\",\"isPartOf\":{\"@id\":\"https:\\\/\\\/www.prismatibro.se\\\/da\\\/#website\"},\"primaryImageOfPage\":{\"@id\":\"https:\\\/\\\/www.prismatibro.se\\\/da\\\/leder-du-efter-en-linse\\\/#primaryimage\"},\"image\":{\"@id\":\"https:\\\/\\\/www.prismatibro.se\\\/da\\\/leder-du-efter-en-linse\\\/#primaryimage\"},\"thumbnailUrl\":\"https:\\\/\\\/www.prismatibro.se\\\/wp-content\\\/uploads\\\/2022\\\/05\\\/EL_sok-lins-effekt_800x504_220504-01.jpg\",\"datePublished\":\"2022-08-10T08:45:59+00:00\",\"dateModified\":\"2023-01-23T06:43:48+00:00\",\"description\":\"Leder du efter en linse? Vi hj\u00e6lper gerne. Udfyld formularen eller ring til en af os - s\u00e5 hj\u00e6lper vi dig med dit belysningsprojekt.\",\"breadcrumb\":{\"@id\":\"https:\\\/\\\/www.prismatibro.se\\\/da\\\/leder-du-efter-en-linse\\\/#breadcrumb\"},\"inLanguage\":\"da-DK\",\"potentialAction\":[{\"@type\":\"ReadAction\",\"target\":[\"https:\\\/\\\/www.prismatibro.se\\\/da\\\/leder-du-efter-en-linse\\\/\"]}]},{\"@type\":\"ImageObject\",\"inLanguage\":\"da-DK\",\"@id\":\"https:\\\/\\\/www.prismatibro.se\\\/da\\\/leder-du-efter-en-linse\\\/#primaryimage\",\"url\":\"https:\\\/\\\/www.prismatibro.se\\\/wp-content\\\/uploads\\\/2022\\\/05\\\/EL_sok-lins-effekt_800x504_220504-01.jpg\",\"contentUrl\":\"https:\\\/\\\/www.prismatibro.se\\\/wp-content\\\/uploads\\\/2022\\\/05\\\/EL_sok-lins-effekt_800x504_220504-01.jpg\",\"width\":800,\"height\":504,\"caption\":\"Leder du efter en linse?\"},{\"@type\":\"BreadcrumbList\",\"@id\":\"https:\\\/\\\/www.prismatibro.se\\\/da\\\/leder-du-efter-en-linse\\\/#breadcrumb\",\"itemListElement\":[{\"@type\":\"ListItem\",\"position\":1,\"name\":\"Hem\",\"item\":\"https:\\\/\\\/www.prismatibro.se\\\/da\\\/\"},{\"@type\":\"ListItem\",\"position\":2,\"name\":\"Leder du efter en linse?\"}]},{\"@type\":\"WebSite\",\"@id\":\"https:\\\/\\\/www.prismatibro.se\\\/da\\\/#website\",\"url\":\"https:\\\/\\\/www.prismatibro.se\\\/da\\\/\",\"name\":\"PrismaTibro Sweden\",\"description\":\"Pedestrian Signal, \u00d6verg\u00e5ngssignal, D\u00f6rr\u00f6ppnare, Deflection Indikator, LED gatubelysning\",\"publisher\":{\"@id\":\"https:\\\/\\\/www.prismatibro.se\\\/da\\\/#organization\"},\"potentialAction\":[{\"@type\":\"SearchAction\",\"target\":{\"@type\":\"EntryPoint\",\"urlTemplate\":\"https:\\\/\\\/www.prismatibro.se\\\/da\\\/?s={search_term_string}\"},\"query-input\":{\"@type\":\"PropertyValueSpecification\",\"valueRequired\":true,\"valueName\":\"search_term_string\"}}],\"inLanguage\":\"da-DK\"},{\"@type\":\"Organization\",\"@id\":\"https:\\\/\\\/www.prismatibro.se\\\/da\\\/#organization\",\"name\":\"PrismaTibro\",\"url\":\"https:\\\/\\\/www.prismatibro.se\\\/da\\\/\",\"logo\":{\"@type\":\"ImageObject\",\"inLanguage\":\"da-DK\",\"@id\":\"https:\\\/\\\/www.prismatibro.se\\\/da\\\/#\\\/schema\\\/logo\\\/image\\\/\",\"url\":\"https:\\\/\\\/www.prismatibro.se\\\/wp-content\\\/uploads\\\/2017\\\/08\\\/PrismaTibro_logo_207x52_170807-01@2x.png\",\"contentUrl\":\"https:\\\/\\\/www.prismatibro.se\\\/wp-content\\\/uploads\\\/2017\\\/08\\\/PrismaTibro_logo_207x52_170807-01@2x.png\",\"width\":414,\"height\":104,\"caption\":\"PrismaTibro\"},\"image\":{\"@id\":\"https:\\\/\\\/www.prismatibro.se\\\/da\\\/#\\\/schema\\\/logo\\\/image\\\/\"},\"sameAs\":[\"https:\\\/\\\/www.linkedin.com\\\/company\\\/prismatibro\"]}]}<\/script>\n<!-- \/ Yoast SEO plugin. -->","yoast_head_json":{"title":"Leder du efter en linse? | PrismaTibro","description":"Leder du efter en linse? Vi hj\u00e6lper gerne. Udfyld formularen eller ring til en af os - s\u00e5 hj\u00e6lper vi dig med dit belysningsprojekt.","robots":{"index":"index","follow":"follow","max-snippet":"max-snippet:-1","max-image-preview":"max-image-preview:large","max-video-preview":"max-video-preview:-1"},"canonical":"https:\/\/www.prismatibro.se\/da\/leder-du-efter-en-linse\/","og_locale":"da_DK","og_type":"article","og_title":"Leder du efter en linse? | PrismaTibro","og_description":"Leder du efter en linse? Vi hj\u00e6lper gerne. Udfyld formularen eller ring til en af os - s\u00e5 hj\u00e6lper vi dig med dit belysningsprojekt.","og_url":"https:\/\/www.prismatibro.se\/da\/leder-du-efter-en-linse\/","og_site_name":"PrismaTibro","article_modified_time":"2023-01-23T06:43:48+00:00","og_image":[{"width":800,"height":504,"url":"https:\/\/www.prismatibro.se\/wp-content\/uploads\/2022\/05\/EL_sok-lins-effekt_800x504_220504-01.jpg","type":"image\/jpeg"}],"twitter_card":"summary_large_image","twitter_misc":{"Estimeret l\u00e6setid":"2 minutter"},"schema":{"@context":"https:\/\/schema.org","@graph":[{"@type":"WebPage","@id":"https:\/\/www.prismatibro.se\/da\/leder-du-efter-en-linse\/","url":"https:\/\/www.prismatibro.se\/da\/leder-du-efter-en-linse\/","name":"Leder du efter en linse? | PrismaTibro","isPartOf":{"@id":"https:\/\/www.prismatibro.se\/da\/#website"},"primaryImageOfPage":{"@id":"https:\/\/www.prismatibro.se\/da\/leder-du-efter-en-linse\/#primaryimage"},"image":{"@id":"https:\/\/www.prismatibro.se\/da\/leder-du-efter-en-linse\/#primaryimage"},"thumbnailUrl":"https:\/\/www.prismatibro.se\/wp-content\/uploads\/2022\/05\/EL_sok-lins-effekt_800x504_220504-01.jpg","datePublished":"2022-08-10T08:45:59+00:00","dateModified":"2023-01-23T06:43:48+00:00","description":"Leder du efter en linse? Vi hj\u00e6lper gerne. Udfyld formularen eller ring til en af os - s\u00e5 hj\u00e6lper vi dig med dit belysningsprojekt.","breadcrumb":{"@id":"https:\/\/www.prismatibro.se\/da\/leder-du-efter-en-linse\/#breadcrumb"},"inLanguage":"da-DK","potentialAction":[{"@type":"ReadAction","target":["https:\/\/www.prismatibro.se\/da\/leder-du-efter-en-linse\/"]}]},{"@type":"ImageObject","inLanguage":"da-DK","@id":"https:\/\/www.prismatibro.se\/da\/leder-du-efter-en-linse\/#primaryimage","url":"https:\/\/www.prismatibro.se\/wp-content\/uploads\/2022\/05\/EL_sok-lins-effekt_800x504_220504-01.jpg","contentUrl":"https:\/\/www.prismatibro.se\/wp-content\/uploads\/2022\/05\/EL_sok-lins-effekt_800x504_220504-01.jpg","width":800,"height":504,"caption":"Leder du efter en linse?"},{"@type":"BreadcrumbList","@id":"https:\/\/www.prismatibro.se\/da\/leder-du-efter-en-linse\/#breadcrumb","itemListElement":[{"@type":"ListItem","position":1,"name":"Hem","item":"https:\/\/www.prismatibro.se\/da\/"},{"@type":"ListItem","position":2,"name":"Leder du efter en linse?"}]},{"@type":"WebSite","@id":"https:\/\/www.prismatibro.se\/da\/#website","url":"https:\/\/www.prismatibro.se\/da\/","name":"PrismaTibro Sweden","description":"Pedestrian Signal, \u00d6verg\u00e5ngssignal, D\u00f6rr\u00f6ppnare, Deflection Indikator, LED gatubelysning","publisher":{"@id":"https:\/\/www.prismatibro.se\/da\/#organization"},"potentialAction":[{"@type":"SearchAction","target":{"@type":"EntryPoint","urlTemplate":"https:\/\/www.prismatibro.se\/da\/?s={search_term_string}"},"query-input":{"@type":"PropertyValueSpecification","valueRequired":true,"valueName":"search_term_string"}}],"inLanguage":"da-DK"},{"@type":"Organization","@id":"https:\/\/www.prismatibro.se\/da\/#organization","name":"PrismaTibro","url":"https:\/\/www.prismatibro.se\/da\/","logo":{"@type":"ImageObject","inLanguage":"da-DK","@id":"https:\/\/www.prismatibro.se\/da\/#\/schema\/logo\/image\/","url":"https:\/\/www.prismatibro.se\/wp-content\/uploads\/2017\/08\/PrismaTibro_logo_207x52_170807-01@2x.png","contentUrl":"https:\/\/www.prismatibro.se\/wp-content\/uploads\/2017\/08\/PrismaTibro_logo_207x52_170807-01@2x.png","width":414,"height":104,"caption":"PrismaTibro"},"image":{"@id":"https:\/\/www.prismatibro.se\/da\/#\/schema\/logo\/image\/"},"sameAs":["https:\/\/www.linkedin.com\/company\/prismatibro"]}]}},"_links":{"self":[{"href":"https:\/\/www.prismatibro.se\/da\/wp-json\/wp\/v2\/pages\/38859","targetHints":{"allow":["GET"]}}],"collection":[{"href":"https:\/\/www.prismatibro.se\/da\/wp-json\/wp\/v2\/pages"}],"about":[{"href":"https:\/\/www.prismatibro.se\/da\/wp-json\/wp\/v2\/types\/page"}],"author":[{"embeddable":true,"href":"https:\/\/www.prismatibro.se\/da\/wp-json\/wp\/v2\/users\/18"}],"replies":[{"embeddable":true,"href":"https:\/\/www.prismatibro.se\/da\/wp-json\/wp\/v2\/comments?post=38859"}],"version-history":[{"count":2,"href":"https:\/\/www.prismatibro.se\/da\/wp-json\/wp\/v2\/pages\/38859\/revisions"}],"predecessor-version":[{"id":38861,"href":"https:\/\/www.prismatibro.se\/da\/wp-json\/wp\/v2\/pages\/38859\/revisions\/38861"}],"wp:featuredmedia":[{"embeddable":true,"href":"https:\/\/www.prismatibro.se\/da\/wp-json\/wp\/v2\/media\/38005"}],"wp:attachment":[{"href":"https:\/\/www.prismatibro.se\/da\/wp-json\/wp\/v2\/media?parent=38859"}],"curies":[{"name":"wp","href":"https:\/\/api.w.org\/{rel}","templated":true}]}}