{"id":26739,"date":"2019-11-18T09:36:30","date_gmt":"2019-11-18T08:36:30","guid":{"rendered":"http:\/\/www.prismatibro.se\/?page_id=26739"},"modified":"2024-05-28T09:06:18","modified_gmt":"2024-05-28T07:06:18","slug":"prisma-light-ella","status":"publish","type":"page","link":"https:\/\/www.prismatibro.se\/da\/prisma-light-ella\/","title":{"rendered":"Prisma Light Ella"},"content":{"rendered":"<div class=\"fusion-fullwidth fullwidth-box fusion-builder-row-1 fusion-flex-container nonhundred-percent-fullwidth non-hundred-percent-height-scrolling\" style=\"--awb-border-radius-top-left:0px;--awb-border-radius-top-right:0px;--awb-border-radius-bottom-right:0px;--awb-border-radius-bottom-left:0px;--awb-flex-wrap:wrap;\" ><div class=\"fusion-builder-row fusion-row fusion-flex-align-items-flex-start fusion-flex-content-wrap\" style=\"max-width:1996.8px;margin-left: calc(-4% \/ 2 );margin-right: calc(-4% \/ 2 );\"><div class=\"fusion-layout-column fusion_builder_column fusion-builder-column-0 fusion_builder_column_1_1 1_1 fusion-flex-column\" style=\"--awb-bg-size:cover;--awb-width-large:100%;--awb-margin-top-large:0px;--awb-spacing-right-large:1.92%;--awb-margin-bottom-large:20px;--awb-spacing-left-large:1.92%;--awb-width-medium:100%;--awb-spacing-right-medium:1.92%;--awb-spacing-left-medium:1.92%;--awb-width-small:100%;--awb-spacing-right-small:1.92%;--awb-spacing-left-small:1.92%;\"><div class=\"fusion-column-wrapper fusion-flex-justify-content-flex-start fusion-content-layout-column\"><div class=\"fusion-image-element \" style=\"--awb-caption-title-font-family:var(--h2_typography-font-family);--awb-caption-title-font-weight:var(--h2_typography-font-weight);--awb-caption-title-font-style:var(--h2_typography-font-style);--awb-caption-title-size:var(--h2_typography-font-size);--awb-caption-title-transform:var(--h2_typography-text-transform);--awb-caption-title-line-height:var(--h2_typography-line-height);--awb-caption-title-letter-spacing:var(--h2_typography-letter-spacing);\"><span class=\" fusion-imageframe imageframe-none imageframe-1 hover-type-none\"><img decoding=\"async\" width=\"760\" height=\"210\" alt=\"Prisma Light Ella\" title=\"EL_Ella-Element_760x210_231002-01\" src=\"https:\/\/www.prismatibro.se\/wp-content\/uploads\/2023\/10\/EL_Ella-Element_760x210_231002-01.png\" data-orig-src=\"https:\/\/www.prismatibro.se\/wp-content\/uploads\/2023\/10\/EL_Ella-Element_760x210_231002-01.png\" class=\"lazyload img-responsive wp-image-55981\" srcset=\"data:image\/svg+xml,%3Csvg%20xmlns%3D%27http%3A%2F%2Fwww.w3.org%2F2000%2Fsvg%27%20width%3D%27760%27%20height%3D%27210%27%20viewBox%3D%270%200%20760%20210%27%3E%3Crect%20width%3D%27760%27%20height%3D%27210%27%20fill-opacity%3D%220%22%2F%3E%3C%2Fsvg%3E\" data-srcset=\"https:\/\/www.prismatibro.se\/wp-content\/uploads\/2023\/10\/EL_Ella-Element_760x210_231002-01-200x55.png 200w, https:\/\/www.prismatibro.se\/wp-content\/uploads\/2023\/10\/EL_Ella-Element_760x210_231002-01-400x111.png 400w, https:\/\/www.prismatibro.se\/wp-content\/uploads\/2023\/10\/EL_Ella-Element_760x210_231002-01-600x166.png 600w, https:\/\/www.prismatibro.se\/wp-content\/uploads\/2023\/10\/EL_Ella-Element_760x210_231002-01.png 760w\" data-sizes=\"auto\" data-orig-sizes=\"(max-width: 1024px) 100vw, (max-width: 640px) 100vw, 760px\" \/><\/span><\/div><\/div><\/div><div class=\"fusion-layout-column fusion_builder_column fusion-builder-column-1 fusion_builder_column_3_4 3_4 fusion-flex-column\" style=\"--awb-bg-size:cover;--awb-width-large:75%;--awb-margin-top-large:0px;--awb-spacing-right-large:2.56%;--awb-margin-bottom-large:20px;--awb-spacing-left-large:2.56%;--awb-width-medium:100%;--awb-spacing-right-medium:1.92%;--awb-spacing-left-medium:1.92%;--awb-width-small:100%;--awb-spacing-right-small:1.92%;--awb-spacing-left-small:1.92%;\"><div class=\"fusion-column-wrapper fusion-flex-justify-content-flex-start fusion-content-layout-column\"><div class=\"fusion-text fusion-text-1\"><h1>Pullert som kammerat<\/h1>\n<p><b>Lige s\u00e5 lysende som resten af Prisma Light<br \/>\n<\/b>Et supplement til hendes s\u00f8ster Prisma Light Ellie eller br\u00f8drene\u00a0Prisma Light Eliott og Prisma Light Elton, og hun lykkes med at\u00a0skabe den stemning som spadsereturen kr\u00e6ver.<\/p>\n<p>Ogs\u00e5 Prisma Light Ella er udviklet sammen med den\u00a0danske designer Morten Lyhne.<\/p>\n<p>Fungerer fint p\u00e5 promenader, som indramning ved parkeringer p\u00e5 stier o.lign. Prisma Light Ella kan h\u00e5ndtere livet t\u00e6t p\u00e5 jorden, og t\u00e5le h\u00e5rd behandling uanset, om det kommer fra vejr, vind eller vilde unge.<\/p>\n<h2>En ny generation lanceres<\/h2>\n<p><strong>2023 lanceres den nye generation af Prisma Light Ella: 2-16.<\/strong><br \/>\nNedenfor f\u00f8lger et udvalg af forbedringer:<br \/>\n\u2022 Styring: fra Constant til DALI<br \/>\n\u2022 \u00d8get energieffektivitet<br \/>\n\u2022 L\u00e6ngere levetid<\/p>\n<\/div><\/div><\/div><div class=\"fusion-layout-column fusion_builder_column fusion-builder-column-2 fusion_builder_column_1_4 1_4 fusion-flex-column\" style=\"--awb-bg-size:cover;--awb-width-large:25%;--awb-margin-top-large:0px;--awb-spacing-right-large:7.68%;--awb-margin-bottom-large:20px;--awb-spacing-left-large:7.68%;--awb-width-medium:100%;--awb-spacing-right-medium:1.92%;--awb-spacing-left-medium:1.92%;--awb-width-small:100%;--awb-spacing-right-small:1.92%;--awb-spacing-left-small:1.92%;\"><div class=\"fusion-column-wrapper fusion-flex-justify-content-flex-start fusion-content-layout-column\"><div style=\"text-align:center;\"><a class=\"fusion-button button-flat button-small button-default fusion-button-default button-1 fusion-button-span-yes \" target=\"_self\" href=\"https:\/\/www.prismatibro.se\/dl\/el\/dk\/Prisma-Light_Ella_Produkt-Presentation_DK.pdf\"><span class=\"fusion-button-text awb-button__text awb-button__text--default\">Brochure Produkt<\/span><\/a><\/div><div style=\"text-align:center;\"><a class=\"fusion-button button-flat button-small button-default fusion-button-default button-2 fusion-button-span-yes \" target=\"_self\" href=\"https:\/\/www.prismatibro.se\/dl\/el\/dk\/Prisma-Light_Styrning-Presentation_DK.pdf\"><span class=\"fusion-button-text awb-button__text awb-button__text--default\">Brochure Styring<\/span><\/a><\/div><div style=\"text-align:center;\"><a class=\"fusion-button button-flat button-small button-default fusion-button-default button-3 fusion-button-span-yes \" target=\"_self\" href=\"https:\/\/www.prismatibro.se\/da\/prisma-light-aerinde\/\"><span class=\"fusion-button-text awb-button__text awb-button__text--default\">Lysberegning<\/span><\/a><\/div><div style=\"text-align:center;\"><a class=\"fusion-button button-flat button-small button-default fusion-button-default button-4 fusion-button-span-yes \" target=\"_self\" href=\"https:\/\/www.prismatibro.se\/da\/prisma-light-aerinde\/\"><span class=\"fusion-button-text awb-button__text awb-button__text--default\">Tilbud<\/span><\/a><\/div><\/div><\/div><\/div><\/div>\n","protected":false},"excerpt":{"rendered":"","protected":false},"author":18,"featured_media":55981,"parent":0,"menu_order":0,"comment_status":"closed","ping_status":"closed","template":"","meta":{"footnotes":""},"class_list":["post-26739","page","type-page","status-publish","has-post-thumbnail","hentry"],"yoast_head":"<!-- This site is optimized with the Yoast SEO plugin v27.5 - https:\/\/yoast.com\/product\/yoast-seo-wordpress\/ -->\n<title>Prisma Light Ella | PrismaTibro<\/title>\n<meta name=\"description\" content=\"Prisma Light Ella. Lige s\u00e5 lysende som resten af Prisma Light. Et supplement til hendes s\u00f8ster Prisma Light Ellie eller br\u00f8drene...\" \/>\n<meta name=\"robots\" content=\"index, follow, max-snippet:-1, max-image-preview:large, max-video-preview:-1\" \/>\n<link rel=\"canonical\" href=\"https:\/\/www.prismatibro.se\/da\/prisma-light-ella\/\" \/>\n<meta property=\"og:locale\" content=\"da_DK\" \/>\n<meta property=\"og:type\" content=\"article\" \/>\n<meta property=\"og:title\" content=\"Prisma Light Ella | PrismaTibro\" \/>\n<meta property=\"og:description\" content=\"Prisma Light Ella. Lige s\u00e5 lysende som resten af Prisma Light. Et supplement til hendes s\u00f8ster Prisma Light Ellie eller br\u00f8drene...\" \/>\n<meta property=\"og:url\" content=\"https:\/\/www.prismatibro.se\/da\/prisma-light-ella\/\" \/>\n<meta property=\"og:site_name\" content=\"PrismaTibro\" \/>\n<meta property=\"article:modified_time\" content=\"2024-05-28T07:06:18+00:00\" \/>\n<meta property=\"og:image\" content=\"https:\/\/www.prismatibro.se\/wp-content\/uploads\/2023\/10\/EL_Ella-Element_760x210_231002-01.png\" \/>\n\t<meta property=\"og:image:width\" content=\"760\" \/>\n\t<meta property=\"og:image:height\" content=\"210\" \/>\n\t<meta property=\"og:image:type\" content=\"image\/png\" \/>\n<meta name=\"twitter:card\" content=\"summary_large_image\" \/>\n<meta name=\"twitter:label1\" content=\"Estimeret l\u00e6setid\" \/>\n\t<meta name=\"twitter:data1\" content=\"2 minutter\" \/>\n<script type=\"application\/ld+json\" class=\"yoast-schema-graph\">{\"@context\":\"https:\\\/\\\/schema.org\",\"@graph\":[{\"@type\":\"WebPage\",\"@id\":\"https:\\\/\\\/www.prismatibro.se\\\/da\\\/prisma-light-ella\\\/\",\"url\":\"https:\\\/\\\/www.prismatibro.se\\\/da\\\/prisma-light-ella\\\/\",\"name\":\"Prisma Light Ella | PrismaTibro\",\"isPartOf\":{\"@id\":\"https:\\\/\\\/www.prismatibro.se\\\/da\\\/#website\"},\"primaryImageOfPage\":{\"@id\":\"https:\\\/\\\/www.prismatibro.se\\\/da\\\/prisma-light-ella\\\/#primaryimage\"},\"image\":{\"@id\":\"https:\\\/\\\/www.prismatibro.se\\\/da\\\/prisma-light-ella\\\/#primaryimage\"},\"thumbnailUrl\":\"https:\\\/\\\/www.prismatibro.se\\\/wp-content\\\/uploads\\\/2023\\\/10\\\/EL_Ella-Element_760x210_231002-01.png\",\"datePublished\":\"2019-11-18T08:36:30+00:00\",\"dateModified\":\"2024-05-28T07:06:18+00:00\",\"description\":\"Prisma Light Ella. Lige s\u00e5 lysende som resten af Prisma Light. Et supplement til hendes s\u00f8ster Prisma Light Ellie eller br\u00f8drene...\",\"breadcrumb\":{\"@id\":\"https:\\\/\\\/www.prismatibro.se\\\/da\\\/prisma-light-ella\\\/#breadcrumb\"},\"inLanguage\":\"da-DK\",\"potentialAction\":[{\"@type\":\"ReadAction\",\"target\":[\"https:\\\/\\\/www.prismatibro.se\\\/da\\\/prisma-light-ella\\\/\"]}]},{\"@type\":\"ImageObject\",\"inLanguage\":\"da-DK\",\"@id\":\"https:\\\/\\\/www.prismatibro.se\\\/da\\\/prisma-light-ella\\\/#primaryimage\",\"url\":\"https:\\\/\\\/www.prismatibro.se\\\/wp-content\\\/uploads\\\/2023\\\/10\\\/EL_Ella-Element_760x210_231002-01.png\",\"contentUrl\":\"https:\\\/\\\/www.prismatibro.se\\\/wp-content\\\/uploads\\\/2023\\\/10\\\/EL_Ella-Element_760x210_231002-01.png\",\"width\":760,\"height\":210,\"caption\":\"Prisma Light Ella\"},{\"@type\":\"BreadcrumbList\",\"@id\":\"https:\\\/\\\/www.prismatibro.se\\\/da\\\/prisma-light-ella\\\/#breadcrumb\",\"itemListElement\":[{\"@type\":\"ListItem\",\"position\":1,\"name\":\"Hem\",\"item\":\"https:\\\/\\\/www.prismatibro.se\\\/da\\\/\"},{\"@type\":\"ListItem\",\"position\":2,\"name\":\"Prisma Light Ella\"}]},{\"@type\":\"WebSite\",\"@id\":\"https:\\\/\\\/www.prismatibro.se\\\/da\\\/#website\",\"url\":\"https:\\\/\\\/www.prismatibro.se\\\/da\\\/\",\"name\":\"PrismaTibro Sweden\",\"description\":\"Pedestrian Signal, \u00d6verg\u00e5ngssignal, D\u00f6rr\u00f6ppnare, Deflection Indikator, LED gatubelysning\",\"publisher\":{\"@id\":\"https:\\\/\\\/www.prismatibro.se\\\/da\\\/#organization\"},\"potentialAction\":[{\"@type\":\"SearchAction\",\"target\":{\"@type\":\"EntryPoint\",\"urlTemplate\":\"https:\\\/\\\/www.prismatibro.se\\\/da\\\/?s={search_term_string}\"},\"query-input\":{\"@type\":\"PropertyValueSpecification\",\"valueRequired\":true,\"valueName\":\"search_term_string\"}}],\"inLanguage\":\"da-DK\"},{\"@type\":\"Organization\",\"@id\":\"https:\\\/\\\/www.prismatibro.se\\\/da\\\/#organization\",\"name\":\"PrismaTibro\",\"url\":\"https:\\\/\\\/www.prismatibro.se\\\/da\\\/\",\"logo\":{\"@type\":\"ImageObject\",\"inLanguage\":\"da-DK\",\"@id\":\"https:\\\/\\\/www.prismatibro.se\\\/da\\\/#\\\/schema\\\/logo\\\/image\\\/\",\"url\":\"https:\\\/\\\/www.prismatibro.se\\\/wp-content\\\/uploads\\\/2017\\\/08\\\/PrismaTibro_logo_207x52_170807-01@2x.png\",\"contentUrl\":\"https:\\\/\\\/www.prismatibro.se\\\/wp-content\\\/uploads\\\/2017\\\/08\\\/PrismaTibro_logo_207x52_170807-01@2x.png\",\"width\":414,\"height\":104,\"caption\":\"PrismaTibro\"},\"image\":{\"@id\":\"https:\\\/\\\/www.prismatibro.se\\\/da\\\/#\\\/schema\\\/logo\\\/image\\\/\"},\"sameAs\":[\"https:\\\/\\\/www.linkedin.com\\\/company\\\/prismatibro\"]}]}<\/script>\n<!-- \/ Yoast SEO plugin. -->","yoast_head_json":{"title":"Prisma Light Ella | PrismaTibro","description":"Prisma Light Ella. Lige s\u00e5 lysende som resten af Prisma Light. Et supplement til hendes s\u00f8ster Prisma Light Ellie eller br\u00f8drene...","robots":{"index":"index","follow":"follow","max-snippet":"max-snippet:-1","max-image-preview":"max-image-preview:large","max-video-preview":"max-video-preview:-1"},"canonical":"https:\/\/www.prismatibro.se\/da\/prisma-light-ella\/","og_locale":"da_DK","og_type":"article","og_title":"Prisma Light Ella | PrismaTibro","og_description":"Prisma Light Ella. Lige s\u00e5 lysende som resten af Prisma Light. Et supplement til hendes s\u00f8ster Prisma Light Ellie eller br\u00f8drene...","og_url":"https:\/\/www.prismatibro.se\/da\/prisma-light-ella\/","og_site_name":"PrismaTibro","article_modified_time":"2024-05-28T07:06:18+00:00","og_image":[{"width":760,"height":210,"url":"https:\/\/www.prismatibro.se\/wp-content\/uploads\/2023\/10\/EL_Ella-Element_760x210_231002-01.png","type":"image\/png"}],"twitter_card":"summary_large_image","twitter_misc":{"Estimeret l\u00e6setid":"2 minutter"},"schema":{"@context":"https:\/\/schema.org","@graph":[{"@type":"WebPage","@id":"https:\/\/www.prismatibro.se\/da\/prisma-light-ella\/","url":"https:\/\/www.prismatibro.se\/da\/prisma-light-ella\/","name":"Prisma Light Ella | PrismaTibro","isPartOf":{"@id":"https:\/\/www.prismatibro.se\/da\/#website"},"primaryImageOfPage":{"@id":"https:\/\/www.prismatibro.se\/da\/prisma-light-ella\/#primaryimage"},"image":{"@id":"https:\/\/www.prismatibro.se\/da\/prisma-light-ella\/#primaryimage"},"thumbnailUrl":"https:\/\/www.prismatibro.se\/wp-content\/uploads\/2023\/10\/EL_Ella-Element_760x210_231002-01.png","datePublished":"2019-11-18T08:36:30+00:00","dateModified":"2024-05-28T07:06:18+00:00","description":"Prisma Light Ella. Lige s\u00e5 lysende som resten af Prisma Light. Et supplement til hendes s\u00f8ster Prisma Light Ellie eller br\u00f8drene...","breadcrumb":{"@id":"https:\/\/www.prismatibro.se\/da\/prisma-light-ella\/#breadcrumb"},"inLanguage":"da-DK","potentialAction":[{"@type":"ReadAction","target":["https:\/\/www.prismatibro.se\/da\/prisma-light-ella\/"]}]},{"@type":"ImageObject","inLanguage":"da-DK","@id":"https:\/\/www.prismatibro.se\/da\/prisma-light-ella\/#primaryimage","url":"https:\/\/www.prismatibro.se\/wp-content\/uploads\/2023\/10\/EL_Ella-Element_760x210_231002-01.png","contentUrl":"https:\/\/www.prismatibro.se\/wp-content\/uploads\/2023\/10\/EL_Ella-Element_760x210_231002-01.png","width":760,"height":210,"caption":"Prisma Light Ella"},{"@type":"BreadcrumbList","@id":"https:\/\/www.prismatibro.se\/da\/prisma-light-ella\/#breadcrumb","itemListElement":[{"@type":"ListItem","position":1,"name":"Hem","item":"https:\/\/www.prismatibro.se\/da\/"},{"@type":"ListItem","position":2,"name":"Prisma Light Ella"}]},{"@type":"WebSite","@id":"https:\/\/www.prismatibro.se\/da\/#website","url":"https:\/\/www.prismatibro.se\/da\/","name":"PrismaTibro Sweden","description":"Pedestrian Signal, \u00d6verg\u00e5ngssignal, D\u00f6rr\u00f6ppnare, Deflection Indikator, LED gatubelysning","publisher":{"@id":"https:\/\/www.prismatibro.se\/da\/#organization"},"potentialAction":[{"@type":"SearchAction","target":{"@type":"EntryPoint","urlTemplate":"https:\/\/www.prismatibro.se\/da\/?s={search_term_string}"},"query-input":{"@type":"PropertyValueSpecification","valueRequired":true,"valueName":"search_term_string"}}],"inLanguage":"da-DK"},{"@type":"Organization","@id":"https:\/\/www.prismatibro.se\/da\/#organization","name":"PrismaTibro","url":"https:\/\/www.prismatibro.se\/da\/","logo":{"@type":"ImageObject","inLanguage":"da-DK","@id":"https:\/\/www.prismatibro.se\/da\/#\/schema\/logo\/image\/","url":"https:\/\/www.prismatibro.se\/wp-content\/uploads\/2017\/08\/PrismaTibro_logo_207x52_170807-01@2x.png","contentUrl":"https:\/\/www.prismatibro.se\/wp-content\/uploads\/2017\/08\/PrismaTibro_logo_207x52_170807-01@2x.png","width":414,"height":104,"caption":"PrismaTibro"},"image":{"@id":"https:\/\/www.prismatibro.se\/da\/#\/schema\/logo\/image\/"},"sameAs":["https:\/\/www.linkedin.com\/company\/prismatibro"]}]}},"_links":{"self":[{"href":"https:\/\/www.prismatibro.se\/da\/wp-json\/wp\/v2\/pages\/26739","targetHints":{"allow":["GET"]}}],"collection":[{"href":"https:\/\/www.prismatibro.se\/da\/wp-json\/wp\/v2\/pages"}],"about":[{"href":"https:\/\/www.prismatibro.se\/da\/wp-json\/wp\/v2\/types\/page"}],"author":[{"embeddable":true,"href":"https:\/\/www.prismatibro.se\/da\/wp-json\/wp\/v2\/users\/18"}],"replies":[{"embeddable":true,"href":"https:\/\/www.prismatibro.se\/da\/wp-json\/wp\/v2\/comments?post=26739"}],"version-history":[{"count":16,"href":"https:\/\/www.prismatibro.se\/da\/wp-json\/wp\/v2\/pages\/26739\/revisions"}],"predecessor-version":[{"id":61931,"href":"https:\/\/www.prismatibro.se\/da\/wp-json\/wp\/v2\/pages\/26739\/revisions\/61931"}],"wp:featuredmedia":[{"embeddable":true,"href":"https:\/\/www.prismatibro.se\/da\/wp-json\/wp\/v2\/media\/55981"}],"wp:attachment":[{"href":"https:\/\/www.prismatibro.se\/da\/wp-json\/wp\/v2\/media?parent=26739"}],"curies":[{"name":"wp","href":"https:\/\/api.w.org\/{rel}","templated":true}]}}