{"id":23108,"date":"2018-08-24T09:08:14","date_gmt":"2018-08-24T07:08:14","guid":{"rendered":"http:\/\/www.prismatibro.se\/?page_id=23108"},"modified":"2023-12-20T13:58:19","modified_gmt":"2023-12-20T12:58:19","slug":"ingaar-i-addtech-ab","status":"publish","type":"page","link":"https:\/\/www.prismatibro.se\/da\/ingaar-i-addtech-ab\/","title":{"rendered":"Addtech AB er siden juli 2018 vor nye ejer"},"content":{"rendered":"<div class=\"fusion-fullwidth fullwidth-box fusion-builder-row-1 fusion-flex-container nonhundred-percent-fullwidth non-hundred-percent-height-scrolling\" style=\"--awb-border-radius-top-left:0px;--awb-border-radius-top-right:0px;--awb-border-radius-bottom-right:0px;--awb-border-radius-bottom-left:0px;--awb-flex-wrap:wrap;\" ><div class=\"fusion-builder-row fusion-row fusion-flex-align-items-flex-start fusion-flex-content-wrap\" style=\"max-width:1996.8px;margin-left: calc(-4% \/ 2 );margin-right: calc(-4% \/ 2 );\"><div class=\"fusion-layout-column fusion_builder_column fusion-builder-column-0 fusion_builder_column_1_1 1_1 fusion-flex-column\" style=\"--awb-bg-size:cover;--awb-width-large:100%;--awb-margin-top-large:0px;--awb-spacing-right-large:1.92%;--awb-margin-bottom-large:20px;--awb-spacing-left-large:1.92%;--awb-width-medium:100%;--awb-spacing-right-medium:1.92%;--awb-spacing-left-medium:1.92%;--awb-width-small:100%;--awb-spacing-right-small:1.92%;--awb-spacing-left-small:1.92%;\"><div class=\"fusion-column-wrapper fusion-flex-justify-content-flex-start fusion-content-layout-column\"><div class=\"fusion-image-element \" style=\"--awb-caption-title-font-family:var(--h2_typography-font-family);--awb-caption-title-font-weight:var(--h2_typography-font-weight);--awb-caption-title-font-style:var(--h2_typography-font-style);--awb-caption-title-size:var(--h2_typography-font-size);--awb-caption-title-transform:var(--h2_typography-text-transform);--awb-caption-title-line-height:var(--h2_typography-line-height);--awb-caption-title-letter-spacing:var(--h2_typography-letter-spacing);\"><span class=\" fusion-imageframe imageframe-none imageframe-1 hover-type-none\"><img decoding=\"async\" width=\"800\" height=\"150\" alt=\"PrismaTibro Addtech\" title=\"PrismaTibro_Addtech-DK_800x150_180824-01\" src=\"https:\/\/www.prismatibro.se\/wp-content\/uploads\/2018\/08\/PrismaTibro_Addtech-DK_800x150_180824-01.jpg\" data-orig-src=\"https:\/\/www.prismatibro.se\/wp-content\/uploads\/2018\/08\/PrismaTibro_Addtech-DK_800x150_180824-01.jpg\" class=\"lazyload img-responsive wp-image-23110\" srcset=\"data:image\/svg+xml,%3Csvg%20xmlns%3D%27http%3A%2F%2Fwww.w3.org%2F2000%2Fsvg%27%20width%3D%27800%27%20height%3D%27150%27%20viewBox%3D%270%200%20800%20150%27%3E%3Crect%20width%3D%27800%27%20height%3D%27150%27%20fill-opacity%3D%220%22%2F%3E%3C%2Fsvg%3E\" data-srcset=\"https:\/\/www.prismatibro.se\/wp-content\/uploads\/2018\/08\/PrismaTibro_Addtech-DK_800x150_180824-01-200x38.jpg 200w, https:\/\/www.prismatibro.se\/wp-content\/uploads\/2018\/08\/PrismaTibro_Addtech-DK_800x150_180824-01-400x75.jpg 400w, https:\/\/www.prismatibro.se\/wp-content\/uploads\/2018\/08\/PrismaTibro_Addtech-DK_800x150_180824-01-600x113.jpg 600w, https:\/\/www.prismatibro.se\/wp-content\/uploads\/2018\/08\/PrismaTibro_Addtech-DK_800x150_180824-01.jpg 800w\" data-sizes=\"auto\" data-orig-sizes=\"(max-width: 1024px) 100vw, (max-width: 640px) 100vw, 800px\" \/><\/span><\/div><div class=\"fusion-text fusion-text-1\"><h1>Addtech AB er siden juli 2018 vor nye ejer<\/h1>\n<p><a href=\"https:\/\/www.addtech.com\"><strong>Addtech AB<\/strong><\/a> har erhvervet samtlige aktier i Prisma Teknik AB og Prisma Light AB fra og med juli 2018.<\/p>\n<p>Addtech AB er en svensk b\u00f8rsnoteret teknikhandelskoncern. Virksomheden best\u00e5r af ca 150 selvst\u00e6ndige selskaber, som s\u00e6lger h\u00f8jteknologiske produkter og l\u00f8sninger til kunder overvejende indenfor producerende industri og infrastruktur i ca 25 lande.<br \/>\nAddtech AB skaber optimale foruds\u00e6tninger for sine datterselskabers l\u00f8nsomhed og v\u00e6kst.<\/p>\n<h2>PrismaTibro bliver i Tibro<\/h2>\n<p>PrismaTibro h\u00f8rer hjemme i Tibro. Addtechs filosofi kan beskrives som sm\u00e5- og mellemstore virksomheder i stor skala.<br \/>\nDerfor skaber det nye tilh\u00f8rsforhold optimale betingelser for vor fremtidige udvikling, produktion og salg i Tibro. For os alle som arbejder p\u00e5 PrismaTibro, for vore kunder og leverand\u00f8rer, er det med andre ord: Business as usual!<\/p>\n<h3>B\u00e6redygtig udvikling<\/h3>\n<p>B\u00e6redygtighed er en af \u200b\u200bAddtechs vigtigste aspekter. Koncernen arbejder ud fra de globale m\u00e5l og er medlem af UN Global Compact. Addtech analyserer risici og muligheder for at st\u00f8tte datterselskaberne i deres forretningsudvikling, s\u00e5ledes at de kan bidrage til en overgang til et mere b\u00e6redygtigt samfund og industri.<\/p>\n<h3>Addtechs m\u00e5l inden 2030<\/h3>\n<ul>\n<li>100 % af oms\u00e6tningen bidrage til b\u00e6redygtig udvikling.<\/li>\n<li>40 % af alle ledende stillinger bes\u00e6ttes af kvinder.<\/li>\n<li>Kuldioxidintensiteten skal reduceres med 50 %.<\/li>\n<li>80 % af indk\u00f8bsvolumen skal evalueres i henhold til adf\u00e6rdskoden.<\/li>\n<\/ul>\n<\/div><\/div><\/div><\/div><\/div>\n","protected":false},"excerpt":{"rendered":"<p>Addtech AB er siden juli 2018 vor nye ejer. Addtech AB er en svensk b\u00f8rsnoteret teknikhandelskoncern.<\/p>\n","protected":false},"author":18,"featured_media":25142,"parent":0,"menu_order":0,"comment_status":"closed","ping_status":"closed","template":"","meta":{"footnotes":""},"class_list":["post-23108","page","type-page","status-publish","has-post-thumbnail","hentry"],"yoast_head":"<!-- This site is optimized with the Yoast SEO plugin v27.5 - https:\/\/yoast.com\/product\/yoast-seo-wordpress\/ -->\n<title>Addtech AB er siden juli 2018 vor nye ejer | PrismaTibro<\/title>\n<meta name=\"description\" content=\"Addtech AB er siden juli 2018 vor nye ejer. Addtech AB er en svensk b\u00f8rsnoteret teknikhandelskoncern.. Virksomheden best\u00e5r af...\" \/>\n<meta name=\"robots\" content=\"index, follow, max-snippet:-1, max-image-preview:large, max-video-preview:-1\" \/>\n<link rel=\"canonical\" href=\"https:\/\/www.prismatibro.se\/da\/ingaar-i-addtech-ab\/\" \/>\n<meta property=\"og:locale\" content=\"da_DK\" \/>\n<meta property=\"og:type\" content=\"article\" \/>\n<meta property=\"og:title\" content=\"Addtech AB er siden juli 2018 vor nye ejer | PrismaTibro\" \/>\n<meta property=\"og:description\" content=\"Addtech AB er siden juli 2018 vor nye ejer. Addtech AB er en svensk b\u00f8rsnoteret teknikhandelskoncern.. Virksomheden best\u00e5r af...\" \/>\n<meta property=\"og:url\" content=\"https:\/\/www.prismatibro.se\/da\/ingaar-i-addtech-ab\/\" \/>\n<meta property=\"og:site_name\" content=\"PrismaTibro\" \/>\n<meta property=\"article:modified_time\" content=\"2023-12-20T12:58:19+00:00\" \/>\n<meta property=\"og:image\" content=\"https:\/\/www.prismatibro.se\/wp-content\/uploads\/2019\/03\/prismatibro_fusion_800x504_190329-01.jpg\" \/>\n\t<meta property=\"og:image:width\" content=\"800\" \/>\n\t<meta property=\"og:image:height\" content=\"504\" \/>\n\t<meta property=\"og:image:type\" content=\"image\/jpeg\" \/>\n<meta name=\"twitter:card\" content=\"summary_large_image\" \/>\n<meta name=\"twitter:label1\" content=\"Estimeret l\u00e6setid\" \/>\n\t<meta name=\"twitter:data1\" content=\"2 minutter\" \/>\n<script type=\"application\/ld+json\" class=\"yoast-schema-graph\">{\"@context\":\"https:\\\/\\\/schema.org\",\"@graph\":[{\"@type\":\"WebPage\",\"@id\":\"https:\\\/\\\/www.prismatibro.se\\\/da\\\/ingaar-i-addtech-ab\\\/\",\"url\":\"https:\\\/\\\/www.prismatibro.se\\\/da\\\/ingaar-i-addtech-ab\\\/\",\"name\":\"Addtech AB er siden juli 2018 vor nye ejer | PrismaTibro\",\"isPartOf\":{\"@id\":\"https:\\\/\\\/www.prismatibro.se\\\/da\\\/#website\"},\"primaryImageOfPage\":{\"@id\":\"https:\\\/\\\/www.prismatibro.se\\\/da\\\/ingaar-i-addtech-ab\\\/#primaryimage\"},\"image\":{\"@id\":\"https:\\\/\\\/www.prismatibro.se\\\/da\\\/ingaar-i-addtech-ab\\\/#primaryimage\"},\"thumbnailUrl\":\"https:\\\/\\\/www.prismatibro.se\\\/wp-content\\\/uploads\\\/2019\\\/03\\\/prismatibro_fusion_800x504_190329-01.jpg\",\"datePublished\":\"2018-08-24T07:08:14+00:00\",\"dateModified\":\"2023-12-20T12:58:19+00:00\",\"description\":\"Addtech AB er siden juli 2018 vor nye ejer. Addtech AB er en svensk b\u00f8rsnoteret teknikhandelskoncern.. Virksomheden best\u00e5r af...\",\"breadcrumb\":{\"@id\":\"https:\\\/\\\/www.prismatibro.se\\\/da\\\/ingaar-i-addtech-ab\\\/#breadcrumb\"},\"inLanguage\":\"da-DK\",\"potentialAction\":[{\"@type\":\"ReadAction\",\"target\":[\"https:\\\/\\\/www.prismatibro.se\\\/da\\\/ingaar-i-addtech-ab\\\/\"]}]},{\"@type\":\"ImageObject\",\"inLanguage\":\"da-DK\",\"@id\":\"https:\\\/\\\/www.prismatibro.se\\\/da\\\/ingaar-i-addtech-ab\\\/#primaryimage\",\"url\":\"https:\\\/\\\/www.prismatibro.se\\\/wp-content\\\/uploads\\\/2019\\\/03\\\/prismatibro_fusion_800x504_190329-01.jpg\",\"contentUrl\":\"https:\\\/\\\/www.prismatibro.se\\\/wp-content\\\/uploads\\\/2019\\\/03\\\/prismatibro_fusion_800x504_190329-01.jpg\",\"width\":800,\"height\":504,\"caption\":\"PrismaTibro Addtech\"},{\"@type\":\"BreadcrumbList\",\"@id\":\"https:\\\/\\\/www.prismatibro.se\\\/da\\\/ingaar-i-addtech-ab\\\/#breadcrumb\",\"itemListElement\":[{\"@type\":\"ListItem\",\"position\":1,\"name\":\"Hem\",\"item\":\"https:\\\/\\\/www.prismatibro.se\\\/da\\\/\"},{\"@type\":\"ListItem\",\"position\":2,\"name\":\"Addtech AB er siden juli 2018 vor nye ejer\"}]},{\"@type\":\"WebSite\",\"@id\":\"https:\\\/\\\/www.prismatibro.se\\\/da\\\/#website\",\"url\":\"https:\\\/\\\/www.prismatibro.se\\\/da\\\/\",\"name\":\"PrismaTibro Sweden\",\"description\":\"Pedestrian Signal, \u00d6verg\u00e5ngssignal, D\u00f6rr\u00f6ppnare, Deflection Indikator, LED gatubelysning\",\"publisher\":{\"@id\":\"https:\\\/\\\/www.prismatibro.se\\\/da\\\/#organization\"},\"potentialAction\":[{\"@type\":\"SearchAction\",\"target\":{\"@type\":\"EntryPoint\",\"urlTemplate\":\"https:\\\/\\\/www.prismatibro.se\\\/da\\\/?s={search_term_string}\"},\"query-input\":{\"@type\":\"PropertyValueSpecification\",\"valueRequired\":true,\"valueName\":\"search_term_string\"}}],\"inLanguage\":\"da-DK\"},{\"@type\":\"Organization\",\"@id\":\"https:\\\/\\\/www.prismatibro.se\\\/da\\\/#organization\",\"name\":\"PrismaTibro\",\"url\":\"https:\\\/\\\/www.prismatibro.se\\\/da\\\/\",\"logo\":{\"@type\":\"ImageObject\",\"inLanguage\":\"da-DK\",\"@id\":\"https:\\\/\\\/www.prismatibro.se\\\/da\\\/#\\\/schema\\\/logo\\\/image\\\/\",\"url\":\"https:\\\/\\\/www.prismatibro.se\\\/wp-content\\\/uploads\\\/2017\\\/08\\\/PrismaTibro_logo_207x52_170807-01@2x.png\",\"contentUrl\":\"https:\\\/\\\/www.prismatibro.se\\\/wp-content\\\/uploads\\\/2017\\\/08\\\/PrismaTibro_logo_207x52_170807-01@2x.png\",\"width\":414,\"height\":104,\"caption\":\"PrismaTibro\"},\"image\":{\"@id\":\"https:\\\/\\\/www.prismatibro.se\\\/da\\\/#\\\/schema\\\/logo\\\/image\\\/\"},\"sameAs\":[\"https:\\\/\\\/www.linkedin.com\\\/company\\\/prismatibro\"]}]}<\/script>\n<!-- \/ Yoast SEO plugin. -->","yoast_head_json":{"title":"Addtech AB er siden juli 2018 vor nye ejer | PrismaTibro","description":"Addtech AB er siden juli 2018 vor nye ejer. Addtech AB er en svensk b\u00f8rsnoteret teknikhandelskoncern.. Virksomheden best\u00e5r af...","robots":{"index":"index","follow":"follow","max-snippet":"max-snippet:-1","max-image-preview":"max-image-preview:large","max-video-preview":"max-video-preview:-1"},"canonical":"https:\/\/www.prismatibro.se\/da\/ingaar-i-addtech-ab\/","og_locale":"da_DK","og_type":"article","og_title":"Addtech AB er siden juli 2018 vor nye ejer | PrismaTibro","og_description":"Addtech AB er siden juli 2018 vor nye ejer. Addtech AB er en svensk b\u00f8rsnoteret teknikhandelskoncern.. Virksomheden best\u00e5r af...","og_url":"https:\/\/www.prismatibro.se\/da\/ingaar-i-addtech-ab\/","og_site_name":"PrismaTibro","article_modified_time":"2023-12-20T12:58:19+00:00","og_image":[{"width":800,"height":504,"url":"https:\/\/www.prismatibro.se\/wp-content\/uploads\/2019\/03\/prismatibro_fusion_800x504_190329-01.jpg","type":"image\/jpeg"}],"twitter_card":"summary_large_image","twitter_misc":{"Estimeret l\u00e6setid":"2 minutter"},"schema":{"@context":"https:\/\/schema.org","@graph":[{"@type":"WebPage","@id":"https:\/\/www.prismatibro.se\/da\/ingaar-i-addtech-ab\/","url":"https:\/\/www.prismatibro.se\/da\/ingaar-i-addtech-ab\/","name":"Addtech AB er siden juli 2018 vor nye ejer | PrismaTibro","isPartOf":{"@id":"https:\/\/www.prismatibro.se\/da\/#website"},"primaryImageOfPage":{"@id":"https:\/\/www.prismatibro.se\/da\/ingaar-i-addtech-ab\/#primaryimage"},"image":{"@id":"https:\/\/www.prismatibro.se\/da\/ingaar-i-addtech-ab\/#primaryimage"},"thumbnailUrl":"https:\/\/www.prismatibro.se\/wp-content\/uploads\/2019\/03\/prismatibro_fusion_800x504_190329-01.jpg","datePublished":"2018-08-24T07:08:14+00:00","dateModified":"2023-12-20T12:58:19+00:00","description":"Addtech AB er siden juli 2018 vor nye ejer. Addtech AB er en svensk b\u00f8rsnoteret teknikhandelskoncern.. Virksomheden best\u00e5r af...","breadcrumb":{"@id":"https:\/\/www.prismatibro.se\/da\/ingaar-i-addtech-ab\/#breadcrumb"},"inLanguage":"da-DK","potentialAction":[{"@type":"ReadAction","target":["https:\/\/www.prismatibro.se\/da\/ingaar-i-addtech-ab\/"]}]},{"@type":"ImageObject","inLanguage":"da-DK","@id":"https:\/\/www.prismatibro.se\/da\/ingaar-i-addtech-ab\/#primaryimage","url":"https:\/\/www.prismatibro.se\/wp-content\/uploads\/2019\/03\/prismatibro_fusion_800x504_190329-01.jpg","contentUrl":"https:\/\/www.prismatibro.se\/wp-content\/uploads\/2019\/03\/prismatibro_fusion_800x504_190329-01.jpg","width":800,"height":504,"caption":"PrismaTibro Addtech"},{"@type":"BreadcrumbList","@id":"https:\/\/www.prismatibro.se\/da\/ingaar-i-addtech-ab\/#breadcrumb","itemListElement":[{"@type":"ListItem","position":1,"name":"Hem","item":"https:\/\/www.prismatibro.se\/da\/"},{"@type":"ListItem","position":2,"name":"Addtech AB er siden juli 2018 vor nye ejer"}]},{"@type":"WebSite","@id":"https:\/\/www.prismatibro.se\/da\/#website","url":"https:\/\/www.prismatibro.se\/da\/","name":"PrismaTibro Sweden","description":"Pedestrian Signal, \u00d6verg\u00e5ngssignal, D\u00f6rr\u00f6ppnare, Deflection Indikator, LED gatubelysning","publisher":{"@id":"https:\/\/www.prismatibro.se\/da\/#organization"},"potentialAction":[{"@type":"SearchAction","target":{"@type":"EntryPoint","urlTemplate":"https:\/\/www.prismatibro.se\/da\/?s={search_term_string}"},"query-input":{"@type":"PropertyValueSpecification","valueRequired":true,"valueName":"search_term_string"}}],"inLanguage":"da-DK"},{"@type":"Organization","@id":"https:\/\/www.prismatibro.se\/da\/#organization","name":"PrismaTibro","url":"https:\/\/www.prismatibro.se\/da\/","logo":{"@type":"ImageObject","inLanguage":"da-DK","@id":"https:\/\/www.prismatibro.se\/da\/#\/schema\/logo\/image\/","url":"https:\/\/www.prismatibro.se\/wp-content\/uploads\/2017\/08\/PrismaTibro_logo_207x52_170807-01@2x.png","contentUrl":"https:\/\/www.prismatibro.se\/wp-content\/uploads\/2017\/08\/PrismaTibro_logo_207x52_170807-01@2x.png","width":414,"height":104,"caption":"PrismaTibro"},"image":{"@id":"https:\/\/www.prismatibro.se\/da\/#\/schema\/logo\/image\/"},"sameAs":["https:\/\/www.linkedin.com\/company\/prismatibro"]}]}},"_links":{"self":[{"href":"https:\/\/www.prismatibro.se\/da\/wp-json\/wp\/v2\/pages\/23108","targetHints":{"allow":["GET"]}}],"collection":[{"href":"https:\/\/www.prismatibro.se\/da\/wp-json\/wp\/v2\/pages"}],"about":[{"href":"https:\/\/www.prismatibro.se\/da\/wp-json\/wp\/v2\/types\/page"}],"author":[{"embeddable":true,"href":"https:\/\/www.prismatibro.se\/da\/wp-json\/wp\/v2\/users\/18"}],"replies":[{"embeddable":true,"href":"https:\/\/www.prismatibro.se\/da\/wp-json\/wp\/v2\/comments?post=23108"}],"version-history":[{"count":20,"href":"https:\/\/www.prismatibro.se\/da\/wp-json\/wp\/v2\/pages\/23108\/revisions"}],"predecessor-version":[{"id":57751,"href":"https:\/\/www.prismatibro.se\/da\/wp-json\/wp\/v2\/pages\/23108\/revisions\/57751"}],"wp:featuredmedia":[{"embeddable":true,"href":"https:\/\/www.prismatibro.se\/da\/wp-json\/wp\/v2\/media\/25142"}],"wp:attachment":[{"href":"https:\/\/www.prismatibro.se\/da\/wp-json\/wp\/v2\/media?parent=23108"}],"curies":[{"name":"wp","href":"https:\/\/api.w.org\/{rel}","templated":true}]}}