{"id":15342,"date":"2017-04-08T13:59:35","date_gmt":"2017-04-08T11:59:35","guid":{"rendered":"http:\/\/www.prismatibro.se\/?page_id=15342\/"},"modified":"2024-05-28T09:06:11","modified_gmt":"2024-05-28T07:06:11","slug":"el-eliott","status":"publish","type":"page","link":"https:\/\/www.prismatibro.se\/da\/el-eliott\/","title":{"rendered":"Prisma Light Eliott"},"content":{"rendered":"<div class=\"fusion-fullwidth fullwidth-box fusion-builder-row-1 fusion-flex-container nonhundred-percent-fullwidth non-hundred-percent-height-scrolling\" style=\"--awb-border-radius-top-left:0px;--awb-border-radius-top-right:0px;--awb-border-radius-bottom-right:0px;--awb-border-radius-bottom-left:0px;--awb-flex-wrap:wrap;\" ><div class=\"fusion-builder-row fusion-row fusion-flex-align-items-flex-start fusion-flex-content-wrap\" style=\"max-width:1996.8px;margin-left: calc(-4% \/ 2 );margin-right: calc(-4% \/ 2 );\"><div class=\"fusion-layout-column fusion_builder_column fusion-builder-column-0 fusion_builder_column_1_1 1_1 fusion-flex-column\" style=\"--awb-bg-size:cover;--awb-width-large:100%;--awb-margin-top-large:0px;--awb-spacing-right-large:1.92%;--awb-margin-bottom-large:20px;--awb-spacing-left-large:1.92%;--awb-width-medium:100%;--awb-spacing-right-medium:1.92%;--awb-spacing-left-medium:1.92%;--awb-width-small:100%;--awb-spacing-right-small:1.92%;--awb-spacing-left-small:1.92%;\"><div class=\"fusion-column-wrapper fusion-flex-justify-content-flex-start fusion-content-layout-column\"><div class=\"fusion-image-element \" style=\"--awb-caption-title-font-family:var(--h2_typography-font-family);--awb-caption-title-font-weight:var(--h2_typography-font-weight);--awb-caption-title-font-style:var(--h2_typography-font-style);--awb-caption-title-size:var(--h2_typography-font-size);--awb-caption-title-transform:var(--h2_typography-text-transform);--awb-caption-title-line-height:var(--h2_typography-line-height);--awb-caption-title-letter-spacing:var(--h2_typography-letter-spacing);\"><span class=\" fusion-imageframe imageframe-none imageframe-1 hover-type-none\"><img decoding=\"async\" width=\"760\" height=\"210\" alt=\"Prisma Light Eliott\" title=\"EL_Eliott-DK-Element_760x210_231002-01\" src=\"https:\/\/www.prismatibro.se\/wp-content\/uploads\/2023\/10\/EL_Eliott-DK-Element_760x210_231002-01.png\" data-orig-src=\"https:\/\/www.prismatibro.se\/wp-content\/uploads\/2023\/10\/EL_Eliott-DK-Element_760x210_231002-01.png\" class=\"lazyload img-responsive wp-image-55973\" srcset=\"data:image\/svg+xml,%3Csvg%20xmlns%3D%27http%3A%2F%2Fwww.w3.org%2F2000%2Fsvg%27%20width%3D%27760%27%20height%3D%27210%27%20viewBox%3D%270%200%20760%20210%27%3E%3Crect%20width%3D%27760%27%20height%3D%27210%27%20fill-opacity%3D%220%22%2F%3E%3C%2Fsvg%3E\" data-srcset=\"https:\/\/www.prismatibro.se\/wp-content\/uploads\/2023\/10\/EL_Eliott-DK-Element_760x210_231002-01-200x55.png 200w, https:\/\/www.prismatibro.se\/wp-content\/uploads\/2023\/10\/EL_Eliott-DK-Element_760x210_231002-01-400x111.png 400w, https:\/\/www.prismatibro.se\/wp-content\/uploads\/2023\/10\/EL_Eliott-DK-Element_760x210_231002-01-600x166.png 600w, https:\/\/www.prismatibro.se\/wp-content\/uploads\/2023\/10\/EL_Eliott-DK-Element_760x210_231002-01.png 760w\" data-sizes=\"auto\" data-orig-sizes=\"(max-width: 1024px) 100vw, (max-width: 640px) 100vw, 760px\" \/><\/span><\/div><\/div><\/div><div class=\"fusion-layout-column fusion_builder_column fusion-builder-column-1 fusion_builder_column_3_4 3_4 fusion-flex-column\" style=\"--awb-bg-size:cover;--awb-width-large:75%;--awb-margin-top-large:0px;--awb-spacing-right-large:2.56%;--awb-margin-bottom-large:20px;--awb-spacing-left-large:2.56%;--awb-width-medium:100%;--awb-spacing-right-medium:1.92%;--awb-spacing-left-medium:1.92%;--awb-width-small:100%;--awb-spacing-right-small:1.92%;--awb-spacing-left-small:1.92%;\"><div class=\"fusion-column-wrapper fusion-flex-justify-content-flex-start fusion-content-layout-column\"><div class=\"fusion-text fusion-text-1\"><h1>Klassisk gadearmatur udviklet over 10 \u00e5r<span class=\"Apple-converted-space\">\u00a0<\/span><\/h1>\n<p><b>Klassisk gadebelysning udviklet og produceret af PrismaTibro<br \/>\n<\/b>I l\u00f8bet af de f\u00f8rste, snart 15 \u00e5r har vi samlet os m\u00e6ngder af viden og erfaring.<br \/>\nPrisma Light Eliotts profil er blevet bevaret, men udseendet kan varieres med hensyn til farve, fuglebeskyttelse (- eller ikke), buet glas eller plant glas. Mange kunder har kunnet tilk\u00f8be over \u00e5rene og er glade for at udseendet ikke er blevet radikalt forandret. De store \u00e6ndringer er sket under l\u00e5get \u2013 st\u00f8rre effektivitet, smartere og endnu mere sikker teknik.\u00a0Prisma Light Eliott tilbyder avancerede funktioner, enkle at h\u00e5ndtere. H\u00f8j leverancekapacitet er v\u00e6rdsat af kunderne.<\/p>\n<h2>Nye generationer 2023<\/h2>\n<p><strong>Begge modeller<\/strong><br \/>\n\u2022 Prisma Light Eliott 4-16<br \/>\n\u2022 Prisma Light Eliott 4-32<br \/>\n<strong>Forbedringer, et udvalg<\/strong><br \/>\n\u2022 Styring: nu med Zhaga, DALI og Citygrid<br \/>\n\u2022 Nemmere at bestille, fra 5 til 2 enheder<br \/>\n\u2022 \u00d8get energieffektivitet<br \/>\n\u2022 L\u00e6ngere levetid<\/p>\n<h3>Historie<\/h3>\n<p><strong>2009<\/strong> F\u00f8rste prototyper, 3 stk blev fremvist for<span class=\"Apple-converted-space\">\u00a0<\/span>kunder, som ville k\u00f8be straks<span class=\"Apple-converted-space\">\u00a0<\/span>\u2013 alts\u00e5 prototyperne!<br \/>\n<strong>2012<\/strong> Den f\u00f8rste store volumen blev leveret til<span class=\"Apple-converted-space\">\u00a0<\/span>individuelle kunder i Sverige og Danmark.<br \/>\n<strong>2017<\/strong> For\u00f8gelse af familien:<span class=\"Apple-converted-space\">\u00a0<\/span>Parkarmaturet Prisma Light Ellie<br \/>\n<strong>2018<\/strong> Ekspanderende udviklingsarbejde<br \/>\n<strong>2019<\/strong> Elton slutter sig til familien Prisma Light<br \/>\n<b>2023 <\/b>En ny energieffektiv generation lanceres med mulighed for Zhaga, DALI og Citygrid.<\/p>\n<\/div><\/div><\/div><div class=\"fusion-layout-column fusion_builder_column fusion-builder-column-2 fusion_builder_column_1_4 1_4 fusion-flex-column\" style=\"--awb-bg-size:cover;--awb-width-large:25%;--awb-margin-top-large:0px;--awb-spacing-right-large:7.68%;--awb-margin-bottom-large:20px;--awb-spacing-left-large:7.68%;--awb-width-medium:100%;--awb-spacing-right-medium:1.92%;--awb-spacing-left-medium:1.92%;--awb-width-small:100%;--awb-spacing-right-small:1.92%;--awb-spacing-left-small:1.92%;\"><div class=\"fusion-column-wrapper fusion-flex-justify-content-flex-start fusion-content-layout-column\"><div style=\"text-align:center;\"><a class=\"fusion-button button-flat button-small button-default fusion-button-default button-1 fusion-button-span-yes \" target=\"_self\" href=\"https:\/\/www.prismatibro.se\/dl\/el\/dk\/Prisma-Light_Eliott_Produkt-Presentation_DK.pdf\"><span class=\"fusion-button-text awb-button__text awb-button__text--default\">Brochure Produkt<\/span><\/a><\/div><div style=\"text-align:right;\"><a class=\"fusion-button button-flat button-small button-default fusion-button-default button-2 fusion-button-span-yes \" target=\"_self\" href=\"https:\/\/www.prismatibro.se\/dl\/el\/dk\/Prisma-Light_Styrning-Presentation_DK.pdf\"><span class=\"fusion-button-text awb-button__text awb-button__text--default\">Brochure Styring<\/span><\/a><\/div><div style=\"text-align:right;\"><a class=\"fusion-button button-flat button-small button-default fusion-button-default button-3 fusion-button-span-yes \" target=\"_self\" href=\"https:\/\/www.prismatibro.se\/da\/prisma-light-aerinde\/\"><span class=\"fusion-button-text awb-button__text awb-button__text--default\">Lysberegning<\/span><\/a><\/div><div style=\"text-align:right;\"><a class=\"fusion-button button-flat button-small button-default fusion-button-default button-4 fusion-button-span-yes \" target=\"_self\" href=\"https:\/\/www.prismatibro.se\/da\/prisma-light-aerinde\/\"><span class=\"fusion-button-text awb-button__text awb-button__text--default\">Tilbud<\/span><\/a><\/div><\/div><\/div><\/div><\/div>\n","protected":false},"excerpt":{"rendered":"","protected":false},"author":18,"featured_media":55973,"parent":0,"menu_order":0,"comment_status":"closed","ping_status":"closed","template":"","meta":{"footnotes":""},"class_list":["post-15342","page","type-page","status-publish","has-post-thumbnail","hentry"],"yoast_head":"<!-- This site is optimized with the Yoast SEO plugin v27.5 - https:\/\/yoast.com\/product\/yoast-seo-wordpress\/ -->\n<title>Prisma Light Eliott | PrismaTibro<\/title>\n<meta name=\"description\" content=\"Prisma Light Eliott. I det f\u00f8rste \u00e5rti har vi samlet os m\u00e6ngder af viden og erfaring. Prisma Light Eliotts profil er blevet bevaret, men...\" \/>\n<meta name=\"robots\" content=\"index, follow, max-snippet:-1, max-image-preview:large, max-video-preview:-1\" \/>\n<link rel=\"canonical\" href=\"https:\/\/www.prismatibro.se\/da\/el-eliott\/\" \/>\n<meta property=\"og:locale\" content=\"da_DK\" \/>\n<meta property=\"og:type\" content=\"article\" \/>\n<meta property=\"og:title\" content=\"Prisma Light Eliott | PrismaTibro\" \/>\n<meta property=\"og:description\" content=\"Prisma Light Eliott. I det f\u00f8rste \u00e5rti har vi samlet os m\u00e6ngder af viden og erfaring. Prisma Light Eliotts profil er blevet bevaret, men...\" \/>\n<meta property=\"og:url\" content=\"https:\/\/www.prismatibro.se\/da\/el-eliott\/\" \/>\n<meta property=\"og:site_name\" content=\"PrismaTibro\" \/>\n<meta property=\"article:modified_time\" content=\"2024-05-28T07:06:11+00:00\" \/>\n<meta property=\"og:image\" content=\"https:\/\/www.prismatibro.se\/wp-content\/uploads\/2023\/10\/EL_Eliott-DK-Element_760x210_231002-01.png\" \/>\n\t<meta property=\"og:image:width\" content=\"760\" \/>\n\t<meta property=\"og:image:height\" content=\"210\" \/>\n\t<meta property=\"og:image:type\" content=\"image\/png\" \/>\n<meta name=\"twitter:card\" content=\"summary_large_image\" \/>\n<meta name=\"twitter:label1\" content=\"Estimeret l\u00e6setid\" \/>\n\t<meta name=\"twitter:data1\" content=\"2 minutter\" \/>\n<script type=\"application\/ld+json\" class=\"yoast-schema-graph\">{\"@context\":\"https:\\\/\\\/schema.org\",\"@graph\":[{\"@type\":\"WebPage\",\"@id\":\"https:\\\/\\\/www.prismatibro.se\\\/da\\\/el-eliott\\\/\",\"url\":\"https:\\\/\\\/www.prismatibro.se\\\/da\\\/el-eliott\\\/\",\"name\":\"Prisma Light Eliott | PrismaTibro\",\"isPartOf\":{\"@id\":\"https:\\\/\\\/www.prismatibro.se\\\/da\\\/#website\"},\"primaryImageOfPage\":{\"@id\":\"https:\\\/\\\/www.prismatibro.se\\\/da\\\/el-eliott\\\/#primaryimage\"},\"image\":{\"@id\":\"https:\\\/\\\/www.prismatibro.se\\\/da\\\/el-eliott\\\/#primaryimage\"},\"thumbnailUrl\":\"https:\\\/\\\/www.prismatibro.se\\\/wp-content\\\/uploads\\\/2023\\\/10\\\/EL_Eliott-DK-Element_760x210_231002-01.png\",\"datePublished\":\"2017-04-08T11:59:35+00:00\",\"dateModified\":\"2024-05-28T07:06:11+00:00\",\"description\":\"Prisma Light Eliott. I det f\u00f8rste \u00e5rti har vi samlet os m\u00e6ngder af viden og erfaring. Prisma Light Eliotts profil er blevet bevaret, men...\",\"breadcrumb\":{\"@id\":\"https:\\\/\\\/www.prismatibro.se\\\/da\\\/el-eliott\\\/#breadcrumb\"},\"inLanguage\":\"da-DK\",\"potentialAction\":[{\"@type\":\"ReadAction\",\"target\":[\"https:\\\/\\\/www.prismatibro.se\\\/da\\\/el-eliott\\\/\"]}]},{\"@type\":\"ImageObject\",\"inLanguage\":\"da-DK\",\"@id\":\"https:\\\/\\\/www.prismatibro.se\\\/da\\\/el-eliott\\\/#primaryimage\",\"url\":\"https:\\\/\\\/www.prismatibro.se\\\/wp-content\\\/uploads\\\/2023\\\/10\\\/EL_Eliott-DK-Element_760x210_231002-01.png\",\"contentUrl\":\"https:\\\/\\\/www.prismatibro.se\\\/wp-content\\\/uploads\\\/2023\\\/10\\\/EL_Eliott-DK-Element_760x210_231002-01.png\",\"width\":760,\"height\":210,\"caption\":\"Prisma Light Eliott\"},{\"@type\":\"BreadcrumbList\",\"@id\":\"https:\\\/\\\/www.prismatibro.se\\\/da\\\/el-eliott\\\/#breadcrumb\",\"itemListElement\":[{\"@type\":\"ListItem\",\"position\":1,\"name\":\"Hem\",\"item\":\"https:\\\/\\\/www.prismatibro.se\\\/da\\\/\"},{\"@type\":\"ListItem\",\"position\":2,\"name\":\"Prisma Light Eliott\"}]},{\"@type\":\"WebSite\",\"@id\":\"https:\\\/\\\/www.prismatibro.se\\\/da\\\/#website\",\"url\":\"https:\\\/\\\/www.prismatibro.se\\\/da\\\/\",\"name\":\"PrismaTibro Sweden\",\"description\":\"Pedestrian Signal, \u00d6verg\u00e5ngssignal, D\u00f6rr\u00f6ppnare, Deflection Indikator, LED gatubelysning\",\"publisher\":{\"@id\":\"https:\\\/\\\/www.prismatibro.se\\\/da\\\/#organization\"},\"potentialAction\":[{\"@type\":\"SearchAction\",\"target\":{\"@type\":\"EntryPoint\",\"urlTemplate\":\"https:\\\/\\\/www.prismatibro.se\\\/da\\\/?s={search_term_string}\"},\"query-input\":{\"@type\":\"PropertyValueSpecification\",\"valueRequired\":true,\"valueName\":\"search_term_string\"}}],\"inLanguage\":\"da-DK\"},{\"@type\":\"Organization\",\"@id\":\"https:\\\/\\\/www.prismatibro.se\\\/da\\\/#organization\",\"name\":\"PrismaTibro\",\"url\":\"https:\\\/\\\/www.prismatibro.se\\\/da\\\/\",\"logo\":{\"@type\":\"ImageObject\",\"inLanguage\":\"da-DK\",\"@id\":\"https:\\\/\\\/www.prismatibro.se\\\/da\\\/#\\\/schema\\\/logo\\\/image\\\/\",\"url\":\"https:\\\/\\\/www.prismatibro.se\\\/wp-content\\\/uploads\\\/2017\\\/08\\\/PrismaTibro_logo_207x52_170807-01@2x.png\",\"contentUrl\":\"https:\\\/\\\/www.prismatibro.se\\\/wp-content\\\/uploads\\\/2017\\\/08\\\/PrismaTibro_logo_207x52_170807-01@2x.png\",\"width\":414,\"height\":104,\"caption\":\"PrismaTibro\"},\"image\":{\"@id\":\"https:\\\/\\\/www.prismatibro.se\\\/da\\\/#\\\/schema\\\/logo\\\/image\\\/\"},\"sameAs\":[\"https:\\\/\\\/www.linkedin.com\\\/company\\\/prismatibro\"]}]}<\/script>\n<!-- \/ Yoast SEO plugin. -->","yoast_head_json":{"title":"Prisma Light Eliott | PrismaTibro","description":"Prisma Light Eliott. I det f\u00f8rste \u00e5rti har vi samlet os m\u00e6ngder af viden og erfaring. Prisma Light Eliotts profil er blevet bevaret, men...","robots":{"index":"index","follow":"follow","max-snippet":"max-snippet:-1","max-image-preview":"max-image-preview:large","max-video-preview":"max-video-preview:-1"},"canonical":"https:\/\/www.prismatibro.se\/da\/el-eliott\/","og_locale":"da_DK","og_type":"article","og_title":"Prisma Light Eliott | PrismaTibro","og_description":"Prisma Light Eliott. I det f\u00f8rste \u00e5rti har vi samlet os m\u00e6ngder af viden og erfaring. Prisma Light Eliotts profil er blevet bevaret, men...","og_url":"https:\/\/www.prismatibro.se\/da\/el-eliott\/","og_site_name":"PrismaTibro","article_modified_time":"2024-05-28T07:06:11+00:00","og_image":[{"width":760,"height":210,"url":"https:\/\/www.prismatibro.se\/wp-content\/uploads\/2023\/10\/EL_Eliott-DK-Element_760x210_231002-01.png","type":"image\/png"}],"twitter_card":"summary_large_image","twitter_misc":{"Estimeret l\u00e6setid":"2 minutter"},"schema":{"@context":"https:\/\/schema.org","@graph":[{"@type":"WebPage","@id":"https:\/\/www.prismatibro.se\/da\/el-eliott\/","url":"https:\/\/www.prismatibro.se\/da\/el-eliott\/","name":"Prisma Light Eliott | PrismaTibro","isPartOf":{"@id":"https:\/\/www.prismatibro.se\/da\/#website"},"primaryImageOfPage":{"@id":"https:\/\/www.prismatibro.se\/da\/el-eliott\/#primaryimage"},"image":{"@id":"https:\/\/www.prismatibro.se\/da\/el-eliott\/#primaryimage"},"thumbnailUrl":"https:\/\/www.prismatibro.se\/wp-content\/uploads\/2023\/10\/EL_Eliott-DK-Element_760x210_231002-01.png","datePublished":"2017-04-08T11:59:35+00:00","dateModified":"2024-05-28T07:06:11+00:00","description":"Prisma Light Eliott. I det f\u00f8rste \u00e5rti har vi samlet os m\u00e6ngder af viden og erfaring. Prisma Light Eliotts profil er blevet bevaret, men...","breadcrumb":{"@id":"https:\/\/www.prismatibro.se\/da\/el-eliott\/#breadcrumb"},"inLanguage":"da-DK","potentialAction":[{"@type":"ReadAction","target":["https:\/\/www.prismatibro.se\/da\/el-eliott\/"]}]},{"@type":"ImageObject","inLanguage":"da-DK","@id":"https:\/\/www.prismatibro.se\/da\/el-eliott\/#primaryimage","url":"https:\/\/www.prismatibro.se\/wp-content\/uploads\/2023\/10\/EL_Eliott-DK-Element_760x210_231002-01.png","contentUrl":"https:\/\/www.prismatibro.se\/wp-content\/uploads\/2023\/10\/EL_Eliott-DK-Element_760x210_231002-01.png","width":760,"height":210,"caption":"Prisma Light Eliott"},{"@type":"BreadcrumbList","@id":"https:\/\/www.prismatibro.se\/da\/el-eliott\/#breadcrumb","itemListElement":[{"@type":"ListItem","position":1,"name":"Hem","item":"https:\/\/www.prismatibro.se\/da\/"},{"@type":"ListItem","position":2,"name":"Prisma Light Eliott"}]},{"@type":"WebSite","@id":"https:\/\/www.prismatibro.se\/da\/#website","url":"https:\/\/www.prismatibro.se\/da\/","name":"PrismaTibro Sweden","description":"Pedestrian Signal, \u00d6verg\u00e5ngssignal, D\u00f6rr\u00f6ppnare, Deflection Indikator, LED gatubelysning","publisher":{"@id":"https:\/\/www.prismatibro.se\/da\/#organization"},"potentialAction":[{"@type":"SearchAction","target":{"@type":"EntryPoint","urlTemplate":"https:\/\/www.prismatibro.se\/da\/?s={search_term_string}"},"query-input":{"@type":"PropertyValueSpecification","valueRequired":true,"valueName":"search_term_string"}}],"inLanguage":"da-DK"},{"@type":"Organization","@id":"https:\/\/www.prismatibro.se\/da\/#organization","name":"PrismaTibro","url":"https:\/\/www.prismatibro.se\/da\/","logo":{"@type":"ImageObject","inLanguage":"da-DK","@id":"https:\/\/www.prismatibro.se\/da\/#\/schema\/logo\/image\/","url":"https:\/\/www.prismatibro.se\/wp-content\/uploads\/2017\/08\/PrismaTibro_logo_207x52_170807-01@2x.png","contentUrl":"https:\/\/www.prismatibro.se\/wp-content\/uploads\/2017\/08\/PrismaTibro_logo_207x52_170807-01@2x.png","width":414,"height":104,"caption":"PrismaTibro"},"image":{"@id":"https:\/\/www.prismatibro.se\/da\/#\/schema\/logo\/image\/"},"sameAs":["https:\/\/www.linkedin.com\/company\/prismatibro"]}]}},"_links":{"self":[{"href":"https:\/\/www.prismatibro.se\/da\/wp-json\/wp\/v2\/pages\/15342","targetHints":{"allow":["GET"]}}],"collection":[{"href":"https:\/\/www.prismatibro.se\/da\/wp-json\/wp\/v2\/pages"}],"about":[{"href":"https:\/\/www.prismatibro.se\/da\/wp-json\/wp\/v2\/types\/page"}],"author":[{"embeddable":true,"href":"https:\/\/www.prismatibro.se\/da\/wp-json\/wp\/v2\/users\/18"}],"replies":[{"embeddable":true,"href":"https:\/\/www.prismatibro.se\/da\/wp-json\/wp\/v2\/comments?post=15342"}],"version-history":[{"count":20,"href":"https:\/\/www.prismatibro.se\/da\/wp-json\/wp\/v2\/pages\/15342\/revisions"}],"predecessor-version":[{"id":61930,"href":"https:\/\/www.prismatibro.se\/da\/wp-json\/wp\/v2\/pages\/15342\/revisions\/61930"}],"wp:featuredmedia":[{"embeddable":true,"href":"https:\/\/www.prismatibro.se\/da\/wp-json\/wp\/v2\/media\/55973"}],"wp:attachment":[{"href":"https:\/\/www.prismatibro.se\/da\/wp-json\/wp\/v2\/media?parent=15342"}],"curies":[{"name":"wp","href":"https:\/\/api.w.org\/{rel}","templated":true}]}}